{"id":281,"date":"2024-12-12T13:16:19","date_gmt":"2024-12-12T05:16:19","guid":{"rendered":"https:\/\/shuangy.gg12.globaldeepsea.site\/?post_type=product&#038;p=281"},"modified":"2024-12-12T13:16:20","modified_gmt":"2024-12-12T05:16:20","slug":"uk-indoor-extension-cord","status":"publish","type":"product","link":"https:\/\/www.soyang-group.com\/tr\/urun\/uk-indoor-extension-cord\/","title":{"rendered":"\u0130ngiltere kapal\u0131 uzatma kablosu"},"content":{"rendered":"<p><strong>Genel bak\u0131\u015f<\/strong><br \/>\n<strong>H\u0131zl\u0131 Detaylar<\/strong><br \/>\nMen\u015fe yeri: Zhejiang, \u00c7in<br \/>\nMarka Ad\u0131: Shunchi<br \/>\nModel Numaras\u0131: SY-28\/SY-CZ-28<br \/>\nT\u00fcr: Uzatma Kablosu<br \/>\nSertifika: CE ROHS PAH'lara Eri\u015fim<\/p>\n<p><strong>Tedarik Yetene\u011fi<\/strong><br \/>\nTedarik Yetene\u011fi: Ayda 9000000 Metre\/Metre Avrupa Uzatma Kablosu<\/p>\n<p><strong>Ambalaj ve Teslimat<\/strong><br \/>\nAmbalaj Detaylar\u0131: Kartl\u0131 PE \u00c7antas\u0131<br \/>\nLiman: Ningbo<br \/>\nKur\u015fun S\u00fcresi: Depoziti ald\u0131ktan 25 g\u00fcn sonra<br \/>\n\u0130ngiltere uzatma kablosu<br \/>\n<strong>Detay \u00dcr\u00fcn A\u00e7\u0131klamas\u0131<\/strong><br \/>\nMen\u015fe Yeri: Zhejiang China (Anakara)<br \/>\nMarka Ad\u0131: Shuangyang<br \/>\nModel Numaras\u0131: SY-28\/SY-CZ-28<br \/>\nT\u00fcr: Uzatma Kablosu<br \/>\nUygulama: Ev Cihaz\u0131<br \/>\n<strong>G\u00f6r\u00fc\u015f<\/strong><br \/>\nZhejiang Shuangyang Group Co., Ltd her zaman kalite ve hizmete sad\u0131k kal\u0131n, sadece y\u00fcksek kalite tedarik etmiyoruz,<br \/>\nayn\u0131 zamanda \u00e7evrenin ve insan g\u00fcvenli\u011finin korunmas\u0131na da dikkat edin.<br \/>\n\u0130nsan ya\u015fam\u0131n\u0131n kalitesini kesintisiz olarak iyile\u015ftirmek bizim son amac\u0131m\u0131zd\u0131r.<\/p>\n<p><img decoding=\"async\" src=\"https:\/\/sc01.alicdn.com\/kf\/He5ba632c74e44a68a587403dde671c5eH\/1942321\/He5ba632c74e44a68a587403dde671c5eH.png_.webp\" alt=\"\" \/><br \/>\n<strong>A\u00e7\u0131klama ve \u00d6zellikler<\/strong><br \/>\n1. Match Kablosu A\u015fa\u011f\u0131daki gibi: H05VV-F 3G1.0\/1.5, H05RN-F 3G1.0, H05RR-F 3G1.0\/1.5, H07RN-F 3G1.0\/1.5.<br \/>\n2. Kablonun uzunlu\u011fu m\u00fc\u015fterinin gereksinimine g\u00f6re olabilir. \u00d6rne\u011fin: 10m, 25m, 50m\u2026.<br \/>\n3. M\u00fc\u015fterinin paketleme gereksinimine g\u00f6re olabilir.<br \/>\n<strong>Pop\u00fcler pazar: Avrupa<\/strong><br \/>\n<strong><br \/>\n<\/strong><\/p>\n<p><img decoding=\"async\" src=\"https:\/\/sc01.alicdn.com\/kf\/HTB1.scCIFXXXXXVXpXXq6xXFXXX6\/1942321\/HTB1.scCIFXXXXXVXpXXq6xXFXXX6.jpg_.webp\" alt=\"\" \/><br \/>\n<strong>Temas etmek<\/strong><br \/>\nE -postan\u0131z\u0131 veya faks\u0131n\u0131z\u0131 24 saat i\u00e7inde yan\u0131tlayaca\u011f\u0131z<br \/>\n\u00dcretimimizle ilgili herhangi bir soru varsa bizi istedi\u011finiz zaman arayabilirsiniz<br \/>\n<strong>G\u00f6ndermek<\/strong><br \/>\nM\u00fc\u015fteri i\u00e7in atanan nakliye \u015firketini veya m\u00fcvekkil i\u00e7in rezervasyon gemisini kabul edebiliriz, m\u00fc\u015fteri mallar\u0131 alana kadar kaplar\u0131 izleyebiliriz<\/p>\n<p><img decoding=\"async\" src=\"https:\/\/sc01.alicdn.com\/kf\/HTB19FIlJFXXXXXkXVXXq6xXFXXXv\/1942321\/HTB19FIlJFXXXXXkXVXXq6xXFXXXv.jpg_.webp\" alt=\"\" \/><br \/>\n<strong><br \/>\n<\/strong><\/p>\n<p><strong>FAQ<\/strong><\/p>\n<p>\u00c7eyrek. Hangi nakliye \u015fartlar\u0131n\u0131 se\u00e7ebiliriz?<\/p>\n<p>C: Deniz yoluyla, hava ile, se\u00e7enekleriniz i\u00e7in ekspres teslimat ile vard\u0131r.<\/p>\n<p>&nbsp;<\/p>\n<p>S2. Teslimattan \u00f6nce t\u00fcm \u00fcr\u00fcnleri test ediyor musunuz?<\/p>\n<p>C: Evet, teslimattan \u00f6nce 100% \u00fcr\u00fcn test ediyoruz, 100% \u00fcr\u00fcnlerinin normal \u00e7al\u0131\u015fmas\u0131n\u0131 sa\u011flay\u0131n.<\/p>\n<p>S3. \u00dcr\u00fcnleriniz konuklar logosunu yazd\u0131rabilir mi?<\/p>\n<p>C: Evet, konuklar logo sa\u011flar, \u00fcr\u00fcne yazd\u0131rabiliriz.<\/p>","protected":false},"excerpt":{"rendered":"<p>IP20<br \/>\nKablonun uzunlu\u011fu m\u00fc\u015fterinin gereksinimine g\u00f6re olabilir.<br \/>\n\u0130ngiltere versiyonu<\/p>","protected":false},"featured_media":282,"template":"","meta":[],"product_cat":[25],"product_tag":[],"class_list":{"0":"post-281","1":"product","2":"type-product","3":"status-publish","4":"has-post-thumbnail","6":"product_cat-extension-cord","8":"first","9":"instock","10":"shipping-taxable","11":"product-type-simple"},"_links":{"self":[{"href":"https:\/\/www.soyang-group.com\/tr\/wp-json\/wp\/v2\/product\/281","targetHints":{"allow":["GET"]}}],"collection":[{"href":"https:\/\/www.soyang-group.com\/tr\/wp-json\/wp\/v2\/product"}],"about":[{"href":"https:\/\/www.soyang-group.com\/tr\/wp-json\/wp\/v2\/types\/product"}],"version-history":[{"count":0,"href":"https:\/\/www.soyang-group.com\/tr\/wp-json\/wp\/v2\/product\/281\/revisions"}],"wp:featuredmedia":[{"embeddable":true,"href":"https:\/\/www.soyang-group.com\/tr\/wp-json\/wp\/v2\/media\/282"}],"wp:attachment":[{"href":"https:\/\/www.soyang-group.com\/tr\/wp-json\/wp\/v2\/media?parent=281"}],"wp:term":[{"taxonomy":"product_cat","embeddable":true,"href":"https:\/\/www.soyang-group.com\/tr\/wp-json\/wp\/v2\/product_cat?post=281"},{"taxonomy":"product_tag","embeddable":true,"href":"https:\/\/www.soyang-group.com\/tr\/wp-json\/wp\/v2\/product_tag?post=281"}],"curies":[{"name":"wp","href":"https:\/\/api.w.org\/{rel}","templated":true}]}}