{"id":283,"date":"2024-12-12T13:18:03","date_gmt":"2024-12-12T05:18:03","guid":{"rendered":"https:\/\/shuangy.gg12.globaldeepsea.site\/?post_type=product&#038;p=283"},"modified":"2024-12-12T13:18:03","modified_gmt":"2024-12-12T05:18:03","slug":"rubber-extension-cord","status":"publish","type":"product","link":"https:\/\/www.soyang-group.com\/tr\/urun\/rubber-extension-cord\/","title":{"rendered":"Kau\u00e7uk uzatma kablosu"},"content":{"rendered":"<div class=\"fl-col-group fl-node-5ea003d5f3f3d\" data-node=\"5ea003d5f3f3d\">\n<div class=\"fl-col fl-node-5ea003d5f41dc\" data-node=\"5ea003d5f41dc\">\n<div class=\"fl-col-content fl-node-content\">\n<div class=\"fl-module fl-module-rich-text fl-node-5ea003abc3c1e\" data-node=\"5ea003abc3c1e\" data-animation-delay=\"0.0\">\n<div class=\"fl-module-content fl-node-content\">\n<div class=\"fl-rich-text\">\n<p><b>Temel Bilgi<\/b><br \/>\nModel No.: Kau\u00e7uk Uzatma Kablosu<br \/>\nMarka Ad\u0131: Shuangyang<br \/>\nKabuk malzemesi: kau\u00e7uk ve bak\u0131r<br \/>\nKullan\u0131m: elektrik kayna\u011f\u0131n\u0131n elektrikli cihazlara ba\u011flant\u0131s\u0131<br \/>\nSava\u015f\u00e7\u0131: 1 y\u0131l<br \/>\nSertifika: CE, GS, S, ROHS, Reach, PAHS<\/p>\n<\/div>\n<\/div>\n<\/div>\n<\/div>\n<\/div>\n<\/div>\n<div class=\"fl-col-group fl-node-5ea003f136eef\" data-node=\"5ea003f136eef\">\n<div class=\"fl-col fl-node-5ea003f1373e3 fl-col-small\" data-node=\"5ea003f1373e3\">\n<div class=\"fl-col-content fl-node-content\">\n<div class=\"fl-module fl-module-rich-text fl-node-5ea003fd57dd0\" data-node=\"5ea003fd57dd0\" data-animation-delay=\"0.0\">\n<div class=\"fl-module-content fl-node-content\">\n<div class=\"fl-rich-text\">\n<p><strong>\u00dcr\u00fcn detay\u0131:<\/strong><br \/>\n<strong>(1) IP44 Uzatma Kablosu<\/strong><br \/>\nModel Numaras\u0131: SY-11\/SY-CZ-05<br \/>\nBrandName: Shuangyang<br \/>\nKullan\u0131m: elektrik kayna\u011f\u0131n\u0131n elektrikli cihazlara ba\u011flant\u0131s\u0131<br \/>\nAlmanya S\u00fcr\u00fcm\u00fc<\/p>\n<\/div>\n<\/div>\n<\/div>\n<\/div>\n<\/div>\n<div class=\"fl-col fl-node-5ea003f137446 fl-col-small\" data-node=\"5ea003f137446\">\n<div class=\"fl-col-content fl-node-content\">\n<div class=\"fl-module fl-module-rich-text fl-node-5ea004625e75c\" data-node=\"5ea004625e75c\" data-animation-delay=\"0.0\">\n<div class=\"fl-module-content fl-node-content\">\n<div class=\"fl-rich-text\">\n<p><img decoding=\"async\" src=\"https:\/\/www.soyanggroup.com\/uploads\/1b330689.png\" alt=\"Kau\u00e7uk Uzatma Kablosu437\" \/><\/p>\n<\/div>\n<\/div>\n<\/div>\n<\/div>\n<\/div>\n<\/div>\n<div class=\"fl-col-group fl-node-5ea0046a2994e\" data-node=\"5ea0046a2994e\">\n<div class=\"fl-col fl-node-5ea0046a29d8c\" data-node=\"5ea0046a29d8c\">\n<div class=\"fl-col-content fl-node-content\">\n<div class=\"fl-module fl-module-rich-text fl-node-5ea0046a2976c\" data-node=\"5ea0046a2976c\" data-animation-delay=\"0.0\">\n<div class=\"fl-module-content fl-node-content\">\n<div class=\"fl-rich-text\">\n<p><b>A\u00e7\u0131klama ve \u00d6zellikler<\/b><b><\/b><br \/>\n1.Maximum power: 3,680W<br \/>\n2.Voltage: 250V AC<br \/>\n3.Frequency: 50Hz<br \/>\n4.Current: 16A<br \/>\n5.Water-proof:IP44<br \/>\n6.color:black<br \/>\n7. Match Kablosu A\u015fa\u011f\u0131daki gibi: H05RN-F 3G0.75\/1.0,<br \/>\nH05RR-F 3G0.75\/1.0\/1.5\/2.5<br \/>\nH07RN-F 3G1.0\/1.5\/2.5<br \/>\nH07BQ-F 3G1.5\/2.5,<br \/>\nAT-N05V3V3-F 3G1.0\/1.5\/2.5,<br \/>\nAT-N07V3V3-F 3G1.0\/1.5\/2.5<br \/>\n8. Kablonun uzunlu\u011fu m\u00fc\u015fterinin gereksinimine g\u00f6re olabilir. \u00d6rne\u011fin: 10m, 25m, 50m\u2026.<br \/>\n9. M\u00fc\u015fterinin paketleme gereksinimine g\u00f6re olabilir.<br \/>\n10. Tedarik yetene\u011fi: ayl\u0131k 9000000 metre\/metre Avrupa uzatma kablosu<\/p>\n<\/div>\n<\/div>\n<\/div>\n<\/div>\n<\/div>\n<\/div>\n<div class=\"fl-col-group fl-node-5ea004ce07bad\" data-node=\"5ea004ce07bad\">\n<div class=\"fl-col fl-node-5ea004ce07ff2\" data-node=\"5ea004ce07ff2\">\n<div class=\"fl-col-content fl-node-content\">\n<div class=\"fl-module fl-module-rich-text fl-node-5ea004d293e12\" data-node=\"5ea004d293e12\" data-animation-delay=\"0.0\">\n<div class=\"fl-module-content fl-node-content\">\n<div class=\"fl-rich-text\">\n<p><strong>Spesifikasyon<\/strong><br \/>\nPaket: Kartl\u0131 PE \u00c7antas\u0131<br \/>\nSertifikalar: S, N, GS, CE, ROHS, Reach, PAHS<br \/>\n<a class=\"fancybox\" href=\"https:\/\/www.soyanggroup.com\/uploads\/ec478681.png\" target=\"_blank\" rel=\"noopener\"><img decoding=\"async\" src=\"https:\/\/www.soyanggroup.com\/uploads\/ec478681.png\" alt=\"1586507530(1)\" \/><\/a><\/p>\n<\/div>\n<\/div>\n<\/div>\n<\/div>\n<\/div>\n<\/div>\n<div class=\"fl-col-group fl-node-5ea0056ab4686\" data-node=\"5ea0056ab4686\">\n<div class=\"fl-col fl-node-5ea0056ab4a44\" data-node=\"5ea0056ab4a44\">\n<div class=\"fl-col-content fl-node-content\">\n<div class=\"fl-module fl-module-rich-text fl-node-5ea005701d614\" data-node=\"5ea005701d614\" data-animation-delay=\"0.0\">\n<div class=\"fl-module-content fl-node-content\">\n<div class=\"fl-rich-text\">\n<p><strong>(2) Kau\u00e7uk Uzatma Kablosu<\/strong><br \/>\nModel Numaras\u0131: SY-11\/SY-CZ-12<br \/>\nMarka Ad\u0131: Shuangyang<br \/>\nKullan\u0131m: elektrik kayna\u011f\u0131n\u0131n elektrikli cihazlara ba\u011flant\u0131s\u0131<br \/>\nFransa versiyonu<\/p>\n<\/div>\n<\/div>\n<\/div>\n<\/div>\n<\/div>\n<div class=\"fl-col fl-node-5ea0056ab4a9c fl-col-small\" data-node=\"5ea0056ab4a9c\">\n<div class=\"fl-col-content fl-node-content\">\n<div class=\"fl-module fl-module-rich-text fl-node-5ea00593df23c\" data-node=\"5ea00593df23c\" data-animation-delay=\"0.0\">\n<div class=\"fl-module-content fl-node-content\">\n<div class=\"fl-rich-text\">\n<p><a class=\"fancybox\" href=\"https:\/\/www.soyanggroup.com\/uploads\/f172a324.png\" target=\"_blank\" rel=\"noopener\"><img decoding=\"async\" src=\"https:\/\/www.soyanggroup.com\/uploads\/f172a324.png\" alt=\"Kau\u00e7uk Uzatma Kablosu1589\" \/><\/a><\/p>\n<\/div>\n<\/div>\n<\/div>\n<\/div>\n<\/div>\n<\/div>\n<div class=\"fl-col-group fl-node-5ea005a88cbc4\" data-node=\"5ea005a88cbc4\">\n<div class=\"fl-col fl-node-5ea005a88cec8\" data-node=\"5ea005a88cec8\">\n<div class=\"fl-col-content fl-node-content\">\n<div class=\"fl-module fl-module-rich-text fl-node-5ea005a88c9b7\" data-node=\"5ea005a88c9b7\" data-animation-delay=\"0.0\">\n<div class=\"fl-module-content fl-node-content\">\n<div class=\"fl-rich-text\">\n<p><b>A\u00e7\u0131klama ve \u00d6zellikler<\/b><b><\/b><br \/>\n1.Maximum power: 3,680W<br \/>\n2.Voltage: 250V AC<br \/>\n3.Frequency: 50Hz<br \/>\n4.Current: 16A<br \/>\n5.Water-proof:IP44<br \/>\n6.color:black<br \/>\n7. Match kablosu a\u015fa\u011f\u0131daki gibi: H05RN-F 3G1.0,<br \/>\nH05RR-F 3G1.0\/1.5\u00a0,<br \/>\nH07RN-F 3G1.0\/1.5\/2.5.<br \/>\n8. Kablonun uzunlu\u011fu m\u00fc\u015fterinin gereksinimine g\u00f6re olabilir. \u00d6rne\u011fin: 10m, 25m, 50m\u2026.<br \/>\n9. M\u00fc\u015fterinin paketleme gereksinimine g\u00f6re olabilir.<br \/>\n10. Tedarik yetene\u011fi: ayl\u0131k 9000000 metre\/metre Avrupa uzatma kablosu<\/p>\n<\/div>\n<\/div>\n<\/div>\n<\/div>\n<\/div>\n<\/div>\n<div class=\"fl-col-group fl-node-5ea0068282c8d\" data-node=\"5ea0068282c8d\">\n<div class=\"fl-col fl-node-5ea0068282f9a\" data-node=\"5ea0068282f9a\">\n<div class=\"fl-col-content fl-node-content\">\n<div class=\"fl-module fl-module-rich-text fl-node-5ea0068282aaa\" data-node=\"5ea0068282aaa\" data-animation-delay=\"0.0\">\n<div class=\"fl-module-content fl-node-content\">\n<div class=\"fl-rich-text\">\n<p><strong>Spesifikasyon<\/strong><br \/>\nPackage: PE bag with card<br \/>\nSertifikalar: NF, CE, ROHS, Reach, PAHS<br \/>\n<a class=\"fancybox\" href=\"https:\/\/www.soyanggroup.com\/uploads\/38a0b9233.png\" target=\"_blank\" rel=\"noopener\"><img decoding=\"async\" src=\"https:\/\/www.soyanggroup.com\/uploads\/38a0b9233.png\" alt=\"1\" \/><\/a><\/p>\n<\/div>\n<\/div>\n<\/div>\n<\/div>\n<\/div>\n<\/div>\n<div class=\"fl-col-group fl-node-5ea006eed09a3\" data-node=\"5ea006eed09a3\">\n<div class=\"fl-col fl-node-5ea006eed0e51\" data-node=\"5ea006eed0e51\">\n<div class=\"fl-col-content fl-node-content\">\n<div class=\"fl-module fl-module-rich-text fl-node-5ea0071df16fd\" data-node=\"5ea0071df16fd\" data-animation-delay=\"0.0\">\n<div class=\"fl-module-content fl-node-content\">\n<div class=\"fl-rich-text\">\n<p><strong>(3) IP44 Uzatma Kablosu<\/strong><br \/>\nModel Numaras\u0131: SY-24\/SY-CZ-24<br \/>\nBrandName: Shuangyang<br \/>\nKullan\u0131m: elektrik kayna\u011f\u0131n\u0131n elektrikli cihazlara ba\u011flant\u0131s\u0131<br \/>\nDanmark versiyonu<\/p>\n<\/div>\n<\/div>\n<\/div>\n<\/div>\n<\/div>\n<div class=\"fl-col fl-node-5ea006eed0eba fl-col-small\" data-node=\"5ea006eed0eba\">\n<div class=\"fl-col-content fl-node-content\">\n<div class=\"fl-module fl-module-rich-text fl-node-5ea0076943955\" data-node=\"5ea0076943955\" data-animation-delay=\"0.0\">\n<div class=\"fl-module-content fl-node-content\">\n<div class=\"fl-rich-text\">\n<p><a class=\"fancybox\" href=\"https:\/\/www.soyanggroup.com\/uploads\/1df81614.png\" target=\"_blank\" rel=\"noopener\"><img decoding=\"async\" src=\"https:\/\/www.soyanggroup.com\/uploads\/1df81614.png\" alt=\"Kau\u00e7uk Uzatma Kablosu2634\" \/><\/a><\/p>\n<\/div>\n<\/div>\n<\/div>\n<\/div>\n<\/div>\n<\/div>\n<div class=\"fl-col-group fl-node-5ea00773115c7\" data-node=\"5ea00773115c7\">\n<div class=\"fl-col fl-node-5ea007731192d\" data-node=\"5ea007731192d\">\n<div class=\"fl-col-content fl-node-content\">\n<div class=\"fl-module fl-module-rich-text fl-node-5ea00773113b5\" data-node=\"5ea00773113b5\" data-animation-delay=\"0.0\">\n<div class=\"fl-module-content fl-node-content\">\n<div class=\"fl-rich-text\">\n<p><b>A\u00e7\u0131klama ve \u00d6zellikler<\/b><b><\/b><br \/>\n1.Maximum power: 3,680W<br \/>\n2.Voltage: 250V AC<br \/>\n3.Frequency: 50Hz<br \/>\n4.Current: 16A<br \/>\n5.Water-proof:IP44<br \/>\n6.color:black<br \/>\n7. Match kablosu a\u015fa\u011f\u0131daki gibi: H05VV-F 3G1.0\/1.5,<br \/>\nH05RN-F3G1.0,<br \/>\nH05RR-F3G1.0\/1.5,<br \/>\nH05RN-F3G1.0\/1.5<br \/>\n8. Kablonun uzunlu\u011fu m\u00fc\u015fterinin gereksinimine g\u00f6re olabilir. \u00d6rne\u011fin: 10m, 25m, 50m\u2026.<br \/>\n9. M\u00fc\u015fterinin paketleme gereksinimine g\u00f6re olabilir.<br \/>\n10. Tedarik yetene\u011fi: ayl\u0131k 9000000 metre\/metre Avrupa uzatma kablosu<\/p>\n<\/div>\n<\/div>\n<\/div>\n<\/div>\n<\/div>\n<\/div>\n<div class=\"fl-col-group fl-node-5ea007cdd7117\" data-node=\"5ea007cdd7117\">\n<div class=\"fl-col fl-node-5ea007cdd74f5\" data-node=\"5ea007cdd74f5\">\n<div class=\"fl-col-content fl-node-content\">\n<div class=\"fl-module fl-module-rich-text fl-node-5ea007cdd6eae\" data-node=\"5ea007cdd6eae\" data-animation-delay=\"0.0\">\n<div class=\"fl-module-content fl-node-content\">\n<div class=\"fl-rich-text\">\n<p><strong>Spesifikasyon<\/strong><br \/>\nPackage: PE bag with card<br \/>\nSertifikalar: D, CE, ROHS, Reach, PAHS<br \/>\n<a class=\"fancybox\" href=\"https:\/\/www.soyanggroup.com\/uploads\/8e6e3e60.png\" target=\"_blank\" rel=\"noopener\"><img decoding=\"async\" class=\"alignnone size-full wp-image-1811\" src=\"https:\/\/www.soyanggroup.com\/uploads\/8e6e3e60.png\" alt=\"4fdhgf\" \/><\/a><img decoding=\"async\" class=\"alignnone size-full wp-image-1692\" src=\"https:\/\/www.soyanggroup.com\/uploads\/a19d8a12.png\" alt=\"111\" \/><\/p>\n<\/div>\n<\/div>\n<\/div>\n<\/div>\n<\/div>\n<\/div>\n<div class=\"fl-col-group fl-node-5ea0082a9afcd\" data-node=\"5ea0082a9afcd\">\n<div class=\"fl-col fl-node-5ea0082a9b43a fl-col-small\" data-node=\"5ea0082a9b43a\">\n<div class=\"fl-col-content fl-node-content\">\n<div class=\"fl-module fl-module-rich-text fl-node-5ea00837126b2\" data-node=\"5ea00837126b2\" data-animation-delay=\"0.0\">\n<div class=\"fl-module-content fl-node-content\">\n<div class=\"fl-rich-text\">\n<p><b>(4) \u0130ki Yol\u00a0<\/b><b>Iv\u0131r z\u0131v\u0131r<\/b><b>44<\/b><b>\u00a0Uzatma kablosu<\/b><br \/>\nModel Numaras\u0131: SY-11\/SY-CZ-42<br \/>\nBrandName: Shuangyang<br \/>\nUsage:\u00a0Connection of power supply to electrical appliances<br \/>\n\u0130ki Yol Almanya Versiyonu<\/p>\n<\/div>\n<\/div>\n<\/div>\n<\/div>\n<\/div>\n<div class=\"fl-col fl-node-5ea0082a9b49b fl-col-small\" data-node=\"5ea0082a9b49b\">\n<div class=\"fl-col-content fl-node-content\">\n<div class=\"fl-module fl-module-rich-text fl-node-5ea0086e739f3\" data-node=\"5ea0086e739f3\" data-animation-delay=\"0.0\">\n<div class=\"fl-module-content fl-node-content\">\n<div class=\"fl-rich-text\">\n<p><a class=\"fancybox\" href=\"https:\/\/www.soyanggroup.com\/uploads\/902dc7d2.png\" target=\"_blank\" rel=\"noopener\"><img decoding=\"async\" src=\"https:\/\/www.soyanggroup.com\/uploads\/902dc7d2.png\" alt=\"Kau\u00e7uk Uzatma Kablosu3686\" \/><\/a><\/p>\n<\/div>\n<\/div>\n<\/div>\n<\/div>\n<\/div>\n<\/div>\n<div class=\"fl-col-group fl-node-5ea008813b52e\" data-node=\"5ea008813b52e\">\n<div class=\"fl-col fl-node-5ea008813b8ba\" data-node=\"5ea008813b8ba\">\n<div class=\"fl-col-content fl-node-content\">\n<div class=\"fl-module fl-module-rich-text fl-node-5ea008813b304\" data-node=\"5ea008813b304\" data-animation-delay=\"0.0\">\n<div class=\"fl-module-content fl-node-content\">\n<div class=\"fl-rich-text\">\n<p><b>A\u00e7\u0131klama ve \u00d6zellikler<\/b><b><\/b><br \/>\n1.Maximum power: 3,680W<br \/>\n2.Voltage: 250V AC<br \/>\n3.Frequency: 50Hz<br \/>\n4.Current: 16A<br \/>\n5.Water-proof:IP44<br \/>\n6.color:black<br \/>\n7. Match kablosu a\u015fa\u011f\u0131daki gibi: H05RR-F 3G1.5\/2.5,<br \/>\nH07RN-F3G1.5\/2.5,<br \/>\n8. Kablonun uzunlu\u011fu m\u00fc\u015fterinin gereksinimine g\u00f6re olabilir. \u00d6rne\u011fin: 10m, 25m, 50m\u2026.<br \/>\n9. M\u00fc\u015fterinin paketleme gereksinimine g\u00f6re olabilir.<br \/>\n10. Tedarik yetene\u011fi: ayl\u0131k 9000000 metre\/metre Avrupa uzatma kablosu<\/p>\n<\/div>\n<\/div>\n<\/div>\n<\/div>\n<\/div>\n<\/div>\n<div class=\"fl-col-group fl-node-5ea008c4c604b\" data-node=\"5ea008c4c604b\">\n<div class=\"fl-col fl-node-5ea008c4c646a\" data-node=\"5ea008c4c646a\">\n<div class=\"fl-col-content fl-node-content\">\n<div class=\"fl-module fl-module-rich-text fl-node-5ea008c4c5e05\" data-node=\"5ea008c4c5e05\" data-animation-delay=\"0.0\">\n<div class=\"fl-module-content fl-node-content\">\n<div class=\"fl-rich-text\">\n<p><strong>Spesifikasyon<\/strong><br \/>\nPackage: PE bag with card<br \/>\nSertifikalar: S, GS, CE, ROHS, Reach, PAHS<br \/>\n<a class=\"fancybox\" href=\"https:\/\/www.soyanggroup.com\/uploads\/8d9d4c2f3.png\" target=\"_blank\" rel=\"noopener\"><img decoding=\"async\" src=\"https:\/\/www.soyanggroup.com\/uploads\/8d9d4c2f3.png\" alt=\"2\" \/><\/a><\/p>\n<\/div>\n<\/div>\n<\/div>\n<\/div>\n<\/div>\n<\/div>\n<div class=\"fl-col-group fl-node-5ea009dae76a7\" data-node=\"5ea009dae76a7\">\n<div class=\"fl-col fl-node-5ea009dae7bf4\" data-node=\"5ea009dae7bf4\">\n<div class=\"fl-col-content fl-node-content\">\n<div class=\"fl-module fl-module-rich-text fl-node-5ea00a1e8319d\" data-node=\"5ea00a1e8319d\" data-animation-delay=\"0.0\">\n<div class=\"fl-module-content fl-node-content\">\n<div class=\"fl-rich-text\">\n<h3><b>\u00dcretim ak\u0131\u015f\u0131<\/b><b>:<\/b><\/h3>\n<\/div>\n<\/div>\n<\/div>\n<\/div>\n<\/div>\n<\/div>\n<div class=\"fl-col-group fl-node-5ea00a007b71c\" data-node=\"5ea00a007b71c\">\n<div class=\"fl-col fl-node-5ea00a007bc1f fl-col-small\" data-node=\"5ea00a007bc1f\">\n<div class=\"fl-col-content fl-node-content\">\n<div class=\"fl-module fl-module-rich-text fl-node-5ea00a490312f\" data-node=\"5ea00a490312f\" data-animation-delay=\"0.0\">\n<div class=\"fl-module-content fl-node-content\">\n<div class=\"fl-rich-text\">\n<div data-node=\"5e9fbed61f05c\" data-animation-delay=\"0.0\">\n<div>\n<div>\n<p>Winching(cables,cable reels)<\/p>\n<\/div>\n<\/div>\n<\/div>\n<div data-node=\"5e9fccd7af26e\" data-animation-delay=\"0.0\">\n<div>\n<div>\n<div><img decoding=\"async\" src=\"https:\/\/www.soyanggroup.com\/uploads\/60f9d174.png\" alt=\"ghgsssdf1\" \/><\/div>\n<\/div>\n<\/div>\n<\/div>\n<\/div>\n<\/div>\n<\/div>\n<\/div>\n<\/div>\n<div class=\"fl-col fl-node-5ea00a007bc79 fl-col-small\" data-node=\"5ea00a007bc79\">\n<div class=\"fl-col-content fl-node-content\">\n<div class=\"fl-module fl-module-rich-text fl-node-5ea00a58c4153\" data-node=\"5ea00a58c4153\" data-animation-delay=\"0.0\">\n<div class=\"fl-module-content fl-node-content\">\n<div class=\"fl-rich-text\">\n<div data-node=\"5e9fbf1740fb0\" data-animation-delay=\"0.0\">\n<div>\n<div>\n<p>Extruding<\/p>\n<\/div>\n<\/div>\n<\/div>\n<div data-node=\"5e9fcd0852b28\" data-animation-delay=\"0.0\">\n<div>\n<div>\n<div><img decoding=\"async\" src=\"https:\/\/www.soyanggroup.com\/uploads\/24ee4d75.png\" alt=\"dfgshghg\" \/><\/div>\n<\/div>\n<\/div>\n<\/div>\n<\/div>\n<\/div>\n<\/div>\n<\/div>\n<\/div>\n<div class=\"fl-col fl-node-5ea00a007bccd fl-col-small\" data-node=\"5ea00a007bccd\">\n<div class=\"fl-col-content fl-node-content\">\n<div class=\"fl-module fl-module-rich-text fl-node-5ea00a6e1347e\" data-node=\"5ea00a6e1347e\" data-animation-delay=\"0.0\">\n<div class=\"fl-module-content fl-node-content\">\n<div class=\"fl-rich-text\">\n<div data-node=\"5e9fbf3f1e188\" data-animation-delay=\"0.0\">\n<div>\n<div>\n<p>Hanging<\/p>\n<\/div>\n<\/div>\n<\/div>\n<div data-node=\"5e9fcd2e1e520\" data-animation-delay=\"0.0\">\n<div>\n<div>\n<div><img decoding=\"async\" src=\"https:\/\/www.soyanggroup.com\/uploads\/206e152b.png\" alt=\"adfdgagfddfgfh\" \/><\/div>\n<\/div>\n<\/div>\n<\/div>\n<\/div>\n<\/div>\n<\/div>\n<\/div>\n<\/div>\n<\/div>\n<div class=\"fl-col-group fl-node-5ea00a0604759\" data-node=\"5ea00a0604759\">\n<div class=\"fl-col fl-node-5ea00a0604c3a fl-col-small\" data-node=\"5ea00a0604c3a\">\n<div class=\"fl-col-content fl-node-content\">\n<div class=\"fl-module fl-module-rich-text fl-node-5ea00a8565aee\" data-node=\"5ea00a8565aee\" data-animation-delay=\"0.0\">\n<div class=\"fl-module-content fl-node-content\">\n<div class=\"fl-rich-text\">\n<div data-node=\"5e9fbf5d1cea7\" data-animation-delay=\"0.0\">\n<div>\n<div>\n<p>Riveting<\/p>\n<\/div>\n<\/div>\n<\/div>\n<div data-node=\"5e9fcd50178d1\" data-animation-delay=\"0.0\">\n<div>\n<div>\n<div><img decoding=\"async\" src=\"https:\/\/www.soyanggroup.com\/uploads\/b1c754db.png\" alt=\"dsgfhghgfh\" \/><\/div>\n<\/div>\n<\/div>\n<\/div>\n<\/div>\n<\/div>\n<\/div>\n<\/div>\n<\/div>\n<div class=\"fl-col fl-node-5ea00a0604c95 fl-col-small\" data-node=\"5ea00a0604c95\">\n<div class=\"fl-col-content fl-node-content\">\n<div class=\"fl-module fl-module-rich-text fl-node-5ea00aa31c2d5\" data-node=\"5ea00aa31c2d5\" data-animation-delay=\"0.0\">\n<div class=\"fl-module-content fl-node-content\">\n<div class=\"fl-rich-text\">\n<div data-node=\"5e9fbf5549745\" data-animation-delay=\"0.0\">\n<div>\n<div>\n<p>Plug injection<\/p>\n<\/div>\n<\/div>\n<\/div>\n<div data-node=\"5e9fcd69139bc\" data-animation-delay=\"0.0\">\n<div>\n<div>\n<div><img decoding=\"async\" src=\"https:\/\/www.soyanggroup.com\/uploads\/69323a26.png\" alt=\"afdfsdfds\" \/><\/div>\n<\/div>\n<\/div>\n<\/div>\n<\/div>\n<\/div>\n<\/div>\n<\/div>\n<\/div>\n<div class=\"fl-col fl-node-5ea00a0604ce9 fl-col-small\" data-node=\"5ea00a0604ce9\">\n<div class=\"fl-col-content fl-node-content\">\n<div class=\"fl-module fl-module-rich-text fl-node-5ea00ab852770\" data-node=\"5ea00ab852770\" data-animation-delay=\"0.0\">\n<div class=\"fl-module-content fl-node-content\">\n<div class=\"fl-rich-text\">\n<div data-node=\"5e9fbf5a19e43\" data-animation-delay=\"0.0\">\n<div>\n<div>\n<p>Assembling<\/p>\n<\/div>\n<\/div>\n<\/div>\n<div data-node=\"5e9fcd7a14001\" data-animation-delay=\"0.0\">\n<div>\n<div>\n<div><img decoding=\"async\" src=\"https:\/\/www.soyanggroup.com\/uploads\/f0374276.png\" alt=\"dgdfgdfh\" \/><\/div>\n<\/div>\n<\/div>\n<\/div>\n<\/div>\n<\/div>\n<\/div>\n<\/div>\n<\/div>\n<\/div>\n<div class=\"fl-col-group fl-node-5ea00a0e06883\" data-node=\"5ea00a0e06883\">\n<div class=\"fl-col fl-node-5ea00a0e06d8e fl-col-small\" data-node=\"5ea00a0e06d8e\">\n<div class=\"fl-col-content fl-node-content\">\n<div class=\"fl-module fl-module-rich-text fl-node-5ea00ad605348\" data-node=\"5ea00ad605348\" data-animation-delay=\"0.0\">\n<div class=\"fl-module-content fl-node-content\">\n<div class=\"fl-rich-text\">\n<div data-node=\"5e9fbf5b91d70\" data-animation-delay=\"0.0\">\n<div>\n<div>\n<p>Testing<\/p>\n<\/div>\n<\/div>\n<\/div>\n<div data-node=\"5e9fcd9359f7b\" data-animation-delay=\"0.0\">\n<div>\n<div>\n<div><img decoding=\"async\" src=\"https:\/\/www.soyanggroup.com\/uploads\/fb597fa3.png\" alt=\"adfagfg\" \/><\/div>\n<\/div>\n<\/div>\n<\/div>\n<\/div>\n<\/div>\n<\/div>\n<\/div>\n<\/div>\n<div class=\"fl-col fl-node-5ea00a0e06de9 fl-col-small\" data-node=\"5ea00a0e06de9\">\n<div class=\"fl-col-content fl-node-content\">\n<div class=\"fl-module fl-module-rich-text fl-node-5ea00af7c9ddc\" data-node=\"5ea00af7c9ddc\" data-animation-delay=\"0.0\">\n<div class=\"fl-module-content fl-node-content\">\n<div class=\"fl-rich-text\">\n<div data-node=\"5e9fbf588c875\" data-animation-delay=\"0.0\">\n<div>\n<div>\n<p>Ambalajlama<\/p>\n<\/div>\n<\/div>\n<\/div>\n<div data-node=\"5e9fcda981a7a\" data-animation-delay=\"0.0\">\n<div>\n<div>\n<div><img decoding=\"async\" src=\"https:\/\/www.soyanggroup.com\/uploads\/b0d9a9c0.png\" alt=\"fdgdfgfdhgf\" \/><\/div>\n<\/div>\n<\/div>\n<\/div>\n<\/div>\n<\/div>\n<\/div>\n<\/div>\n<\/div>\n<div class=\"fl-col fl-node-5ea00a0e06e39 fl-col-small\" data-node=\"5ea00a0e06e39\">\n<div class=\"fl-col-content fl-node-content\">\n<div class=\"fl-module fl-module-rich-text fl-node-5ea00b178fb41\" data-node=\"5ea00b178fb41\" data-animation-delay=\"0.0\">\n<div class=\"fl-module-content fl-node-content\">\n<div class=\"fl-rich-text\">\n<div data-node=\"5e9fbf571ae6e\" data-animation-delay=\"0.0\">\n<div>\n<div>\n<p>Warehouse<\/p>\n<\/div>\n<\/div>\n<\/div>\n<div data-node=\"5e9fcdba739ab\" data-animation-delay=\"0.0\">\n<div>\n<div>\n<div><img decoding=\"async\" src=\"https:\/\/www.soyanggroup.com\/uploads\/2497ad44.png\" alt=\"adfagdfsd\" \/><\/div>\n<\/div>\n<\/div>\n<\/div>\n<\/div>\n<\/div>\n<\/div>\n<\/div>\n<\/div>\n<\/div>\n<div class=\"fl-col-group fl-node-5ea0094753556\" data-node=\"5ea0094753556\">\n<div class=\"fl-col fl-node-5ea0094753901\" data-node=\"5ea0094753901\">\n<div class=\"fl-col-content fl-node-content\">\n<div class=\"fl-module fl-module-rich-text fl-node-5ea00947532de\" data-node=\"5ea00947532de\" data-animation-delay=\"0.0\">\n<div class=\"fl-module-content fl-node-content\">\n<div class=\"fl-rich-text\">\n<p><strong>Avantaj<\/strong><\/p>\n<p>\u25cf Marka par\u00e7alar\u0131<br \/>\n\u25cf Men\u015fei \u00fclke<br \/>\n\u25cf Sunulan distrib\u00fct\u00f6rl\u00fckler<br \/>\n\u25cf Deneyimli personel<br \/>\n\u25cf Bi\u00e7im A<br \/>\n\u25cf Ye\u015fil \u00fcr\u00fcn<br \/>\n\u25cf Garanti\/Garanti<br \/>\n\u25cf Uluslararas\u0131 Onaylar<br \/>\n\u25cf Ambalajlama<br \/>\n\u25cf Fiyat<br \/>\n\u25cf \u00dcr\u00fcn \u00f6zellikleri<br \/>\n\u25cf \u00dcr\u00fcn performans\u0131<br \/>\n\u25cf H\u0131zl\u0131 teslimat<br \/>\n\u25cf Kalite onaylar\u0131<br \/>\n\u25cf \u0130tibar<br \/>\n\u25cf Hizmet vermek<br \/>\n\u25cf Kabul edilen k\u00fc\u00e7\u00fck sipari\u015fler<br \/>\n\u25cf OEM ve ODM hizmeti<br \/>\n\u25cf Y\u00fcksek kalitede<\/p>\n<\/div>\n<\/div>\n<\/div>\n<\/div>\n<\/div>\n<\/div>\n<div class=\"fl-col-group fl-node-5ea009f1bf22b\" data-node=\"5ea009f1bf22b\">\n<div class=\"fl-col fl-node-5ea009f1bf76e\" data-node=\"5ea009f1bf76e\">\n<div class=\"fl-col-content fl-node-content\">\n<div class=\"fl-module fl-module-rich-text fl-node-5ea009dae7416\" data-node=\"5ea009dae7416\" data-animation-delay=\"0.0\">\n<div class=\"fl-module-content fl-node-content\">\n<div class=\"fl-rich-text\">\n<p><strong>Benzer \u00fcr\u00fcnler<\/strong><\/p>\n<p><a class=\"fancybox\" href=\"https:\/\/www.soyanggroup.com\/uploads\/7e4b5ce23.png\" target=\"_blank\" rel=\"noopener\"><img decoding=\"async\" src=\"https:\/\/www.soyanggroup.com\/uploads\/7e4b5ce23.png\" alt=\"3\" \/><\/a><\/p>\n<\/div>\n<\/div>\n<\/div>\n<\/div>\n<\/div>\n<\/div>\n<div class=\"fl-col-group fl-node-5ea0097513ca8\" data-node=\"5ea0097513ca8\">\n<div class=\"fl-col fl-node-5ea0097514218\" data-node=\"5ea0097514218\">\n<div class=\"fl-col-content fl-node-content\">\n<div class=\"fl-module fl-module-rich-text fl-node-5ea009751399a\" data-node=\"5ea009751399a\" data-animation-delay=\"0.0\">\n<div class=\"fl-module-content fl-node-content\">\n<div class=\"fl-rich-text\">\n<p><strong>Packaging&amp;Payment&amp;Shippment<\/strong><br \/>\n<strong>Ambalaj Detaylar\u0131: Renk Kutusu<\/strong><br \/>\n<strong>Payment Method:Advance TT, T\/T, L\/C<\/strong><br \/>\n<strong>Delivery:30-45 days after received the deposite<\/strong><br \/>\n<strong>Port:Ningbo or Shanghai<\/strong><\/p>\n<p><strong>Company Profile:<\/strong><br \/>\n1.Business Type:Manufacturer, Trading Company<br \/>\n2.Main products:Timer Sockets,Cable,Cable Reels,Lighting<br \/>\n3. Toplam \u00c7al\u0131\u015fanlar: 501 - 1000 ki\u015fi<br \/>\n4.Year Established:1994<br \/>\n5.Management System Certification: ISO9001, ISO14001, OHSAS18001<br \/>\n6. Country \/ Region:Zhejiang, China<br \/>\n7.Ownership:Private owner<br \/>\n8. Ana Piyasalar:<\/p>\n<p>Do\u011fu Avrupa 39.00%<br \/>\nKuzey Avrupa 30.00%<br \/>\nBat\u0131 Avrupa 16.00%<br \/>\nDomestic Market:7%<br \/>\nMid East:5%<br \/>\nSouth America:3%<\/p>\n<p><strong>SSS:<\/strong><br \/>\n1. \u00dcr\u00fcnleriniz konuklar logosunu yazd\u0131rabilir mi?<br \/>\nEvet, konuklar logoyu sa\u011flar, \u00fcr\u00fcne yazd\u0131rabiliriz.<br \/>\n2. Hangi sosyal sorumluluk denetimini ge\u00e7tiniz?<br \/>\nEvet, bsci var, sedex.<br \/>\n3. Fiyatlar\u0131n\u0131z nedir?<br \/>\nFiyatlar\u0131m\u0131z arz ve di\u011fer piyasa fakt\u00f6rlerine ba\u011fl\u0131 olarak de\u011fi\u015febilir. Conmany'nizden sonra size daha fazla bilgi i\u00e7in bize ula\u015f\u0131n.<\/p>\n<\/div>\n<\/div>\n<\/div>\n<\/div>\n<\/div>\n<\/div>","protected":false},"excerpt":{"rendered":"<p>Kau\u00e7uk uzatma kablosu<\/p>\n<p>IP44<\/p>\n<p>Kablonun uzunlu\u011fu m\u00fc\u015fterinin gereksinimine g\u00f6re olabilir.<\/p>\n<p>\u00d6rne\u011fin: 10m, 25m, 50m\u2026.<\/p>","protected":false},"featured_media":284,"template":"","meta":[],"product_cat":[25],"product_tag":[],"class_list":{"0":"post-283","1":"product","2":"type-product","3":"status-publish","4":"has-post-thumbnail","6":"product_cat-extension-cord","8":"first","9":"instock","10":"shipping-taxable","11":"product-type-simple"},"_links":{"self":[{"href":"https:\/\/www.soyang-group.com\/tr\/wp-json\/wp\/v2\/product\/283","targetHints":{"allow":["GET"]}}],"collection":[{"href":"https:\/\/www.soyang-group.com\/tr\/wp-json\/wp\/v2\/product"}],"about":[{"href":"https:\/\/www.soyang-group.com\/tr\/wp-json\/wp\/v2\/types\/product"}],"version-history":[{"count":0,"href":"https:\/\/www.soyang-group.com\/tr\/wp-json\/wp\/v2\/product\/283\/revisions"}],"wp:featuredmedia":[{"embeddable":true,"href":"https:\/\/www.soyang-group.com\/tr\/wp-json\/wp\/v2\/media\/284"}],"wp:attachment":[{"href":"https:\/\/www.soyang-group.com\/tr\/wp-json\/wp\/v2\/media?parent=283"}],"wp:term":[{"taxonomy":"product_cat","embeddable":true,"href":"https:\/\/www.soyang-group.com\/tr\/wp-json\/wp\/v2\/product_cat?post=283"},{"taxonomy":"product_tag","embeddable":true,"href":"https:\/\/www.soyang-group.com\/tr\/wp-json\/wp\/v2\/product_tag?post=283"}],"curies":[{"name":"wp","href":"https:\/\/api.w.org\/{rel}","templated":true}]}}