{"id":285,"date":"2024-12-12T13:29:04","date_gmt":"2024-12-12T05:29:04","guid":{"rendered":"https:\/\/shuangy.gg12.globaldeepsea.site\/?post_type=product&#038;p=285"},"modified":"2024-12-12T13:29:04","modified_gmt":"2024-12-12T05:29:04","slug":"steel-plate-indoor-50m-cable-reel","status":"publish","type":"product","link":"https:\/\/www.soyang-group.com\/tr\/urun\/steel-plate-indoor-50m-cable-reel\/","title":{"rendered":"\u00c7elik plaka kapal\u0131 50m kablo makaras\u0131"},"content":{"rendered":"<p><strong>(1) Temel bilgiler<\/strong><br \/>\nModel No.:steel 50m kablo makaras\u0131<br \/>\nMarka Ad\u0131: Shuangyang<br \/>\nKabuk Malzemesi: PVC ve Bak\u0131r<br \/>\nKullan\u0131m: elektrik kayna\u011f\u0131n\u0131n elektrikli cihazlara ba\u011flant\u0131s\u0131<br \/>\nSava\u015f\u00e7\u0131: 1 y\u0131l<\/p>\n<p><strong>(2) \u00dcr\u00fcn Detay\u0131:<\/strong><br \/>\nModel Numaras\u0131: XP17-D1<br \/>\nAlmanya S\u00fcr\u00fcm\u00fc<\/p>\n<p><strong>A\u00e7\u0131klama ve \u00d6zellikler<\/strong><br \/>\n1. voltaj: 230V AC<br \/>\n2. Frekans: 50Hz<br \/>\n3. Maksimum Nominal G\u00fc\u00e7: 1000W (tam makaral\u0131), 2300W (Deras\u0131z)<br \/>\nE\u015fle\u015fme Kablosu: H05VV-F 3G1.0mm2 (Maks 40 metreler)<\/p>\n<p>Maksimum Nominal G\u00fc\u00e7: 1000W (tam makaral\u0131), 3000W (Teknesiz)<br \/>\nE\u015fle\u015fme Kablosu: H05VV-F 3G1.5mm2 (maksimum 50 metre)<\/p>\n<p><a class=\"fancybox\" href=\"https:\/\/www.soyanggroup.com\/uploads\/H05VV-F%E5%89%AF%E6%9C%AC.jpg\" target=\"_blank\" rel=\"noopener\"><img fetchpriority=\"high\" decoding=\"async\" class=\"alignnone  wp-image-4757\" src=\"https:\/\/www.soyanggroup.com\/uploads\/H05VV-F%E5%89%AF%E6%9C%AC.jpg\" alt=\"H05VV-F Kopyas\u0131\" width=\"443\" height=\"170\" \/><\/a><\/p>\n<p>4.color:black<br \/>\n5.outer Dia. (Mm): \u03c6280<br \/>\n6. Is\u0131 g\u00fcvenli\u011fi<br \/>\n7. Kablonun uzunlu\u011fu m\u00fc\u015fterinin gereksinimine g\u00f6re olabilir. \u00d6rne\u011fin: 10m, 25m, 50m\u2026.<br \/>\n8. M\u00fc\u015fterinin paketleme gereksinimine g\u00f6re olabilir.<br \/>\n9. Tedarik yetene\u011fi: ayda 50000 par\u00e7a\/par\u00e7a kablo makaras\u0131<br \/>\n10. Ba\u015fka bir tasar\u0131m i\u00e7in mevcut kapasite: Fransa s\u00fcr\u00fcm\u00fc, Danimarka s\u00fcr\u00fcm\u00fc, \u0130ngiltere s\u00fcr\u00fcm\u00fc<\/p>\n<p><img decoding=\"async\" src=\"https:\/\/www.soyanggroup.com\/uploads\/614af031.png\" alt=\"\" \/><img decoding=\"async\" src=\"https:\/\/www.soyanggroup.com\/uploads\/3197aa1d.png\" alt=\"\" \/><img decoding=\"async\" src=\"https:\/\/www.soyanggroup.com\/uploads\/2d8fa21d.png\" alt=\"\" \/><\/p>\n<p>&nbsp;<\/p>\n<p><strong>Spesifikasyon<\/strong><br \/>\nPaket: 1 adet\/renk kutusu<br \/>\nKarton Boyutu: 29*21*37cm<br \/>\nSertifikalar: S, GS, CE, ROHS, Reach, PAHS<\/p>\n<p><a class=\"fancybox\" href=\"https:\/\/www.soyanggroup.com\/uploads\/2.png\" target=\"_blank\" rel=\"noopener\"><img decoding=\"async\" class=\"alignnone size-full wp-image-4430\" src=\"https:\/\/www.soyanggroup.com\/uploads\/2.png\" alt=\"2\" \/><\/a><\/p>\n<p>&nbsp;<\/p>\n<p><strong>Avantaj<\/strong><br \/>\n1.Brand ad\u0131 par\u00e7alar\u0131<br \/>\n2. Men\u015fe B\u00f6lgesi<br \/>\n3.DistributeShips Sunulan<br \/>\n4. Muazzam Personel<br \/>\n5. form a<br \/>\n6. Ye\u015fil \u00dcr\u00fcn<br \/>\n7.Guarantee\/Warranty<br \/>\n8. Uluslararas\u0131 Onaylar<\/p>\n<p>&nbsp;<\/p>\n<p><strong>Comany Infomation<\/strong><\/p>\n<p><img decoding=\"async\" src=\"https:\/\/sc01.alicdn.com\/kf\/HTB1XAGrIFXXXXX8XVXXq6xXFXXXD\/1942321\/HTB1XAGrIFXXXXX8XVXXq6xXFXXXD.jpg_.webp\" alt=\"\" \/><\/p>\n<p><strong>Pop\u00fcler pazar<\/strong><\/p>\n<p><img decoding=\"async\" src=\"https:\/\/sc01.alicdn.com\/kf\/HTB1.scCIFXXXXXVXpXXq6xXFXXX6\/1942321\/HTB1.scCIFXXXXXVXpXXq6xXFXXX6.jpg_.webp\" alt=\"\" \/><\/p>\n<p>&nbsp;<\/p>\n<p><strong>FAQ<\/strong><\/p>\n<p>\u00c7eyrek. \u00d6rnek sipari\u015fi kabul edebilir misiniz?<\/p>\n<p>C: Evet, elbette, \u00f6rnek sipari\u015fi kabul ediyoruz.<\/p>\n<p>&nbsp;<\/p>\n<p>S2. Garanti zaman\u0131 ve garanti \u00fcr\u00fcnlerine ne dersiniz?<\/p>\n<p>C: \u00dcr\u00fcnlerin \u00e7o\u011fu 2 y\u0131ld\u0131r, kablolar\u0131 kesin ve baz\u0131 foto\u011fraflar \u00e7eker.<\/p>\n<p>&nbsp;<\/p>\n<p>S3. Aram\u0131zda uzun zamand\u0131r i\u015f ili\u015fkisi nas\u0131l kurulur?<\/p>\n<p>C: M\u00fc\u015fterilerimizin k\u00e2r\u0131n\u0131 sa\u011flamak i\u00e7in y\u00fcksek kaliteli \u00fcr\u00fcnler ve \u00e7ok rekabet\u00e7i fiyat sunuyoruz.<\/p>\n<p>&nbsp;<\/p>\n<p>S4. Teslimattan \u00f6nce t\u00fcm \u00fcr\u00fcnleri test ediyor musunuz?<\/p>\n<p>C: Evet, teslimattan \u00f6nce 100% \u00fcr\u00fcn test ediyoruz, 100% \u00fcr\u00fcnlerinin normal \u00e7al\u0131\u015fmas\u0131n\u0131 sa\u011flay\u0131n.<\/p>\n<p>&nbsp;<\/p>\n<p>S5. Hangi sosyal sorumluluk denetimini ge\u00e7tiniz?<\/p>\n<p>C: Evet, BSCI, sedex var.<\/p>","protected":false},"excerpt":{"rendered":"<p>\u00c7elik kapal\u0131 50m kablo makaras\u0131<br \/>\nKablonun uzunlu\u011fu m\u00fc\u015fterinin gereksinimine g\u00f6re olabilir.<br \/>\n\u00d6rne\u011fin: 10m, 25m, 50m\u2026.<\/p>","protected":false},"featured_media":286,"template":"","meta":[],"product_cat":[26],"product_tag":[],"class_list":{"0":"post-285","1":"product","2":"type-product","3":"status-publish","4":"has-post-thumbnail","6":"product_cat-cable-reel","8":"first","9":"instock","10":"shipping-taxable","11":"product-type-simple"},"_links":{"self":[{"href":"https:\/\/www.soyang-group.com\/tr\/wp-json\/wp\/v2\/product\/285","targetHints":{"allow":["GET"]}}],"collection":[{"href":"https:\/\/www.soyang-group.com\/tr\/wp-json\/wp\/v2\/product"}],"about":[{"href":"https:\/\/www.soyang-group.com\/tr\/wp-json\/wp\/v2\/types\/product"}],"version-history":[{"count":0,"href":"https:\/\/www.soyang-group.com\/tr\/wp-json\/wp\/v2\/product\/285\/revisions"}],"wp:featuredmedia":[{"embeddable":true,"href":"https:\/\/www.soyang-group.com\/tr\/wp-json\/wp\/v2\/media\/286"}],"wp:attachment":[{"href":"https:\/\/www.soyang-group.com\/tr\/wp-json\/wp\/v2\/media?parent=285"}],"wp:term":[{"taxonomy":"product_cat","embeddable":true,"href":"https:\/\/www.soyang-group.com\/tr\/wp-json\/wp\/v2\/product_cat?post=285"},{"taxonomy":"product_tag","embeddable":true,"href":"https:\/\/www.soyang-group.com\/tr\/wp-json\/wp\/v2\/product_tag?post=285"}],"curies":[{"name":"wp","href":"https:\/\/api.w.org\/{rel}","templated":true}]}}