{"id":287,"date":"2024-12-12T13:31:12","date_gmt":"2024-12-12T05:31:12","guid":{"rendered":"https:\/\/shuangy.gg12.globaldeepsea.site\/?post_type=product&#038;p=287"},"modified":"2024-12-12T13:31:12","modified_gmt":"2024-12-12T05:31:12","slug":"industrial-equipment-ip44-european-cable-reel","status":"publish","type":"product","link":"https:\/\/www.soyang-group.com\/tr\/urun\/industrial-equipment-ip44-european-cable-reel\/","title":{"rendered":"End\u00fcstriyel Ekipman IP44 Avrupa Kablo Makaras\u0131"},"content":{"rendered":"<p><strong>Temel Bilgi<\/strong><br \/>\nModel No.: End\u00fcstri Kablo Makaras\u0131<br \/>\nMarka Ad\u0131: Shuangyang<br \/>\nKabuk malzemesi: kau\u00e7uk ve bak\u0131r<br \/>\nKullan\u0131m: G\u00fc\u00e7 kayna\u011f\u0131n\u0131n elektri\u011fe ba\u011flant\u0131s\u0131<br \/>\naletler<br \/>\nSava\u015f\u00e7\u0131: 1 y\u0131l<br \/>\nSertifika: CE, GS, S, ROHS, Reach, PAHS<\/p>\n<p>&nbsp;<\/p>\n<p><strong>Sanayi\u00a0<a title=\"Kablo makaras\u0131ndaki t\u00fcm g\u00f6nderileri g\u00f6r\u00fcnt\u00fcleyin\" href=\"https:\/\/www.soyanggroup.com\/cable-reel\/\" target=\"_blank\" rel=\"noopener\">Kablo makaras\u0131<\/a><\/strong><br \/>\nModel Numaras\u0131: XP03-SY6H<br \/>\nMarka Ad\u0131: Shuangyang<br \/>\nKullan\u0131m: elektrik kayna\u011f\u0131n\u0131n elektrikli cihazlara ba\u011flant\u0131s\u0131<\/p>\n<p><strong>A\u00e7\u0131klama ve \u00d6zellikler<\/strong><br \/>\n1. voltaj: 230V AC<br \/>\n2. Frekans: 50Hz<br \/>\n3.Water-proof:IP44<br \/>\n4. Maksimum Nominal G\u00fc\u00e7: 720W (tam makaral\u0131), 3680w (bo\u015falt\u0131lmam\u0131\u015f)<br \/>\nE\u015fle\u015fme Kablosu: H05VV-F 3G1.5mm2 (maksimum 50 metre)<br \/>\nH05RR-F 3G1.5\/ H07RN-F 3G1.5mm2 (maksimum 25 metre)<\/p>\n<p>5.color:black<br \/>\n6.outer Dia. (Mm): \u03c6280<br \/>\n7. Is\u0131 g\u00fcvenli\u011fi<br \/>\n8. Kablonun uzunlu\u011fu m\u00fc\u015fterinin gereksinimine g\u00f6re olabilir. \u00d6rne\u011fin: 10m, 25m, 50m\u2026.<br \/>\n9. M\u00fc\u015fterinin paketleme gereksinimine g\u00f6re olabilir.<br \/>\n10. Tedarik yetene\u011fi: ayda 50000 par\u00e7a\/par\u00e7a kablo makaras\u0131<\/p>\n<p>&nbsp;<\/p>\n<p><strong>Spesifikasyon<\/strong><br \/>\nPaket: 1 adet\/renk kutusu<br \/>\n2pcs\/d\u0131\u015f karton<br \/>\nKarton Boyutu: 46*31.5*40cm<br \/>\nSertifikalar: CE, Rohs, Reach, PAHS<\/p>\n<p><img decoding=\"async\" src=\"https:\/\/www.soyanggroup.com\/uploads\/38a0b92314.jpg\" alt=\"\" \/><\/p>\n<p>&nbsp;<\/p>\n<p><strong>Avantaj<\/strong><br \/>\n1.Brand ad\u0131 par\u00e7alar\u0131<br \/>\n2. Men\u015fe B\u00f6lgesi<br \/>\n3.DistributeShips Sunulan<br \/>\n4. Muazzam Personel<br \/>\n5. form a<br \/>\n6. Ye\u015fil \u00dcr\u00fcn<br \/>\n7.Guarantee\/Warranty<br \/>\n8. Uluslararas\u0131 Onaylar<br \/>\n9.Packaging<br \/>\n10.Price<br \/>\n11. \u00dcr\u00fcn \u00f6zellikleri<br \/>\n12. \u00dcr\u00fcn Performans\u0131<br \/>\n13. Teslimat<br \/>\n14.<br \/>\n15.Reputation<br \/>\n16.Service<br \/>\n17. Kabul edilen k\u00fc\u00e7\u00fck sipari\u015fler<br \/>\n18.oem ve ODM hizmeti<br \/>\n19.<\/p>\n<p>&nbsp;<\/p>\n<p>&nbsp;<\/p>\n<p><strong>\u015eirket bilgileri<\/strong><\/p>\n<p>Zhejiang Shuangyang Group Co.Ltd. 1986 y\u0131l\u0131nda kurulmu\u015ftur, 1998 y\u0131l\u0131nda Ningbo City'nin y\u0131ld\u0131z i\u015fletmelerinden biri olan ve ISO9001\/14000\/18000 taraf\u0131ndan onaylanan \u00f6zel bir i\u015fletme olan\u0131d\u0131r. Ningbo Liman\u0131 ve Havaalan\u0131'na sadece bir saat ve \u015eangay'a iki saat olan Cixi, Ningbo City'de bulunduk.<\/p>\n<p><img decoding=\"async\" src=\"https:\/\/sc01.alicdn.com\/kf\/He5ba632c74e44a68a587403dde671c5eH\/1942321\/He5ba632c74e44a68a587403dde671c5eH.png_.webp\" alt=\"\" \/><br \/>\n\u015eimdiye kadar, kay\u0131tl\u0131 sermaye 16 milyon USDollar'\u0131n \u00fczerindedir. Zemin alan\u0131m\u0131z yakla\u015f\u0131k 120.000 metrekaredir ve in\u015faat alan\u0131 yakla\u015f\u0131k 85.000 m2'dir. 2018'de toplam d\u00f6n\u00fc\u015f\u00fcm\u00fcz 80 milyon USDollar. Her y\u0131l kaliteyi garanti etmek i\u00e7in on Ar -Ge ve 100'den fazla QC'imiz var, her y\u0131l ba\u015f \u00fcreticisi olarak hareket eden on yeni \u00fcr\u00fcn tasarl\u0131yor ve geli\u015ftiriyoruz.<\/p>\n<p>Ana \u00fcr\u00fcnlerimiz zamanlay\u0131c\u0131lar, soketler, esnek kablolar, g\u00fc\u00e7 kablolar\u0131, fi\u015fler, uzatma soketleri, kablo makaralar\u0131 ve ayd\u0131nlatmalard\u0131r. G\u00fcnl\u00fck zamanlay\u0131c\u0131lar, mekanik ve dijital zamanlay\u0131c\u0131lar, sayma zamanlay\u0131c\u0131lar, her t\u00fcrl\u00fc soketle end\u00fcstri zamanlay\u0131c\u0131lar gibi bir\u00e7ok zamanlay\u0131c\u0131 sa\u011flayabiliriz. Hedef pazarlar\u0131m\u0131z Avrupa pazar\u0131 ve Amerikan pazar\u0131d\u0131r. CE, GS, D, N, S, NF, ETL, VDE, ROHS, REACH, PAHS vb.<\/p>\n<p>M\u00fc\u015fterilerimiz aras\u0131nda iyi bir \u00fcne sahibiz. Her zaman \u00e7evrenin ve insan g\u00fcvenli\u011finin korunmas\u0131na odaklan\u0131r\u0131z. Ya\u015fam kalitesini iyile\u015ftirmek bizim nihai amac\u0131m\u0131zd\u0131r.<\/p>\n<p>G\u00fc\u00e7 kablolar\u0131, uzatma kablolar\u0131 ve kablo makaralar\u0131 bizim ana i\u015fimizdir, her y\u0131l Avrupa pazar\u0131ndan gelen promosyon sipari\u015flerinin ba\u015f \u00fcreticisiyiz. Ticari markay\u0131 korumak i\u00e7in Almanya'daki VDE Global Service ile i\u015fbirli\u011fi yapan en iyi bir \u00fcreticiyiz. Kar\u015f\u0131l\u0131kl\u0131 fayda ve parlak gelecek i\u00e7in t\u00fcm m\u00fc\u015fterilerle i\u015fbirli\u011fi yapmaya ho\u015f geldiniz.<\/p>\n<p>&nbsp;<\/p>\n<p><strong>\u00dcr\u00fcn hatlar\u0131<\/strong><\/p>\n<p><img decoding=\"async\" src=\"https:\/\/sc02.alicdn.com\/kf\/HTB17nDwaFqZBuNjt_jqq6ymzpXa2\/1942321\/HTB17nDwaFqZBuNjt_jqq6ymzpXa2.jpg_.webp\" alt=\"\" \/><\/p>\n<p><strong>Onaylar<\/strong><\/p>\n<p><img decoding=\"async\" src=\"https:\/\/sc01.alicdn.com\/kf\/HTB1mMxLgOQnBKNjSZFmq6AApVXab\/1942321\/HTB1mMxLgOQnBKNjSZFmq6AApVXab.jpg_.webp\" alt=\"\" \/><\/p>\n<p><strong>FAQ<\/strong><\/p>\n<p>Q1. How to contract us?<\/p>\n<p>A : You can send mail to us or call.<\/p>\n<p>&nbsp;<\/p>\n<p>Q2. What is your payment terms?<\/p>\n<p>A : T\/T, L\/C.<\/p>","protected":false},"excerpt":{"rendered":"<p>IP44 End\u00fcstri Kablo Makaras\u0131<br \/>\nKablonun uzunlu\u011fu m\u00fc\u015fterinin gereksinimine g\u00f6re olabilir.<br \/>\n\u00d6rne\u011fin: 10m, 25m, 40m, 50m\u2026.<br \/>\n1000 par\u00e7a\/par\u00e7a Avrupa kablo makaras\u0131 (Min. Sipari\u015f)<\/p>","protected":false},"featured_media":288,"template":"","meta":[],"product_cat":[26],"product_tag":[],"class_list":{"0":"post-287","1":"product","2":"type-product","3":"status-publish","4":"has-post-thumbnail","6":"product_cat-cable-reel","8":"first","9":"instock","10":"shipping-taxable","11":"product-type-simple"},"_links":{"self":[{"href":"https:\/\/www.soyang-group.com\/tr\/wp-json\/wp\/v2\/product\/287","targetHints":{"allow":["GET"]}}],"collection":[{"href":"https:\/\/www.soyang-group.com\/tr\/wp-json\/wp\/v2\/product"}],"about":[{"href":"https:\/\/www.soyang-group.com\/tr\/wp-json\/wp\/v2\/types\/product"}],"version-history":[{"count":0,"href":"https:\/\/www.soyang-group.com\/tr\/wp-json\/wp\/v2\/product\/287\/revisions"}],"wp:featuredmedia":[{"embeddable":true,"href":"https:\/\/www.soyang-group.com\/tr\/wp-json\/wp\/v2\/media\/288"}],"wp:attachment":[{"href":"https:\/\/www.soyang-group.com\/tr\/wp-json\/wp\/v2\/media?parent=287"}],"wp:term":[{"taxonomy":"product_cat","embeddable":true,"href":"https:\/\/www.soyang-group.com\/tr\/wp-json\/wp\/v2\/product_cat?post=287"},{"taxonomy":"product_tag","embeddable":true,"href":"https:\/\/www.soyang-group.com\/tr\/wp-json\/wp\/v2\/product_tag?post=287"}],"curies":[{"name":"wp","href":"https:\/\/api.w.org\/{rel}","templated":true}]}}