{"id":299,"date":"2024-12-12T13:46:58","date_gmt":"2024-12-12T05:46:58","guid":{"rendered":"https:\/\/shuangy.gg12.globaldeepsea.site\/?post_type=product&#038;p=299"},"modified":"2024-12-12T13:48:12","modified_gmt":"2024-12-12T05:48:12","slug":"hot-sale-cable-organizer","status":"publish","type":"product","link":"https:\/\/www.soyang-group.com\/tr\/urun\/hot-sale-cable-organizer\/","title":{"rendered":"S\u0131cak Sat\u0131\u015f Kablosu Organizat\u00f6r\u00fc"},"content":{"rendered":"<p><strong>(1) Temel bilgiler<\/strong><br \/>\nModel No.: Kablo Organizat\u00f6r\u00fc<br \/>\nMarka Ad\u0131: Shuangyang<br \/>\nKabuk Malzemesi: PP<br \/>\nSava\u015f\u00e7\u0131: 1 y\u0131l<br \/>\nSertifika: Rohs, Reach, PAHS<\/p>\n<p>&nbsp;<\/p>\n<p><strong>(2) \u00dcr\u00fcn Detay\u0131:<\/strong><br \/>\nModel numaras\u0131: RXJ-02<br \/>\nMarka Ad\u0131: Shuangyang<br \/>\nKullan\u0131m: kabloyu yuvarlamak<\/p>\n<p><strong>A\u00e7\u0131klama ve \u00d6zellikler<\/strong><br \/>\n1. Su ge\u00e7irmez: IP44<br \/>\n2.color:blue<br \/>\n3. Boyut: 440x120x8.7mm<\/p>\n<p><img decoding=\"async\" src=\"https:\/\/www.soyanggroup.com\/uploads\/c218d87a.png\" alt=\"\" \/><br \/>\n4. Tedarik Yetene\u011fi: Ayda 10.000.000 Par\u00e7a\/Par\u00e7a Zamanlay\u0131c\u0131<\/p>\n<p><strong>Spesifikasyon<\/strong><br \/>\nPaket: Etiket<br \/>\nMiktar\/ctn: 100pcs<br \/>\nGW: 5.2kg<br \/>\nKB: 4.8kg<br \/>\nKarton Boyutu: 46x30x20 cm<br \/>\nMiktar\/20 \u2032: 97.800 adet<br \/>\nSertifikalar: ROHS, Reach, PAHS<\/p>\n<p><img decoding=\"async\" src=\"https:\/\/www.soyanggroup.com\/uploads\/ff0edabc.png\" alt=\"\" \/><img decoding=\"async\" src=\"https:\/\/www.soyanggroup.com\/uploads\/1c7ddccc.png\" alt=\"\" \/><\/p>\n<p><strong>Hizmetlerimiz<\/strong><br \/>\n1. Mesaj\u0131n\u0131z\u0131 ald\u0131ktan sonra size 24 saat i\u00e7inde cevap verece\u011fiz<br \/>\n2. Sizin i\u00e7in hizmet sunacak profesyonel sat\u0131\u015f ekibimiz var<br \/>\n3. Garanti zaman\u0131 ve sat\u0131\u015f sonras\u0131 hizmet olarak 2 y\u0131l teklif edin<\/p>\n<p>&nbsp;<\/p>\n<p>&nbsp;<\/p>\n<p><strong>\u015eirket bilgileri<\/strong><\/p>\n<p>Zhejiang Shuangyang Group Co.Ltd. 1986 y\u0131l\u0131nda kurulmu\u015ftur, 1998 y\u0131l\u0131nda Ningbo City'nin y\u0131ld\u0131z i\u015fletmelerinden biri olan ve ISO9001\/14000\/18000 taraf\u0131ndan onaylanan \u00f6zel bir i\u015fletme olan\u0131d\u0131r. Ningbo Liman\u0131 ve Havaalan\u0131'na sadece bir saat ve \u015eangay'a iki saat olan Cixi, Ningbo City'de bulunduk.<\/p>\n<p><img decoding=\"async\" src=\"https:\/\/sc01.alicdn.com\/kf\/He5ba632c74e44a68a587403dde671c5eH\/1942321\/He5ba632c74e44a68a587403dde671c5eH.png_.webp\" alt=\"\" \/><br \/>\n\u015eimdiye kadar, kay\u0131tl\u0131 sermaye 16 milyon USDollar'\u0131n \u00fczerindedir. Zemin alan\u0131m\u0131z yakla\u015f\u0131k 120.000 metrekaredir ve in\u015faat alan\u0131 yakla\u015f\u0131k 85.000 m2'dir. 2018'de toplam d\u00f6n\u00fc\u015f\u00fcm\u00fcz 80 milyon USDollar. Her y\u0131l kaliteyi garanti etmek i\u00e7in on Ar -Ge ve 100'den fazla QC'imiz var, her y\u0131l ba\u015f \u00fcreticisi olarak hareket eden on yeni \u00fcr\u00fcn tasarl\u0131yor ve geli\u015ftiriyoruz.<\/p>\n<p>Ana \u00fcr\u00fcnlerimiz zamanlay\u0131c\u0131lar, soketler, esnek kablolar, g\u00fc\u00e7 kablolar\u0131, fi\u015fler, uzatma soketleri, kablo makaralar\u0131 ve ayd\u0131nlatmalard\u0131r. G\u00fcnl\u00fck zamanlay\u0131c\u0131lar, mekanik ve dijital zamanlay\u0131c\u0131lar, sayma zamanlay\u0131c\u0131lar, her t\u00fcrl\u00fc soketle end\u00fcstri zamanlay\u0131c\u0131lar gibi bir\u00e7ok zamanlay\u0131c\u0131 sa\u011flayabiliriz. Hedef pazarlar\u0131m\u0131z Avrupa pazar\u0131 ve Amerikan pazar\u0131d\u0131r. CE, GS, D, N, S, NF, ETL, VDE, ROHS, REACH, PAHS vb.<\/p>\n<p>M\u00fc\u015fterilerimiz aras\u0131nda iyi bir \u00fcne sahibiz. Her zaman \u00e7evrenin ve insan g\u00fcvenli\u011finin korunmas\u0131na odaklan\u0131r\u0131z. Ya\u015fam kalitesini iyile\u015ftirmek bizim nihai amac\u0131m\u0131zd\u0131r.<\/p>\n<p>G\u00fc\u00e7 kablolar\u0131, uzatma kablolar\u0131 ve kablo makaralar\u0131 bizim ana i\u015fimizdir, her y\u0131l Avrupa pazar\u0131ndan gelen promosyon sipari\u015flerinin ba\u015f \u00fcreticisiyiz. Ticari markay\u0131 korumak i\u00e7in Almanya'daki VDE Global Service ile i\u015fbirli\u011fi yapan en iyi bir \u00fcreticiyiz.<\/p>\n<p>Kar\u015f\u0131l\u0131kl\u0131 fayda ve parlak gelecek i\u00e7in t\u00fcm m\u00fc\u015fterilerle i\u015fbirli\u011fi yapmay\u0131 s\u0131cak bir \u015fekilde kar\u015f\u0131lay\u0131n.<\/p>\n<p>&nbsp;<\/p>\n<p><strong>FAQ<\/strong><\/p>\n<p>\u00c7eyrek. Hangi nakliye \u015fartlar\u0131n\u0131 se\u00e7ebiliriz?<\/p>\n<p>C: Deniz yoluyla, hava ile, se\u00e7enekleriniz i\u00e7in ekspres teslimat ile vard\u0131r.<\/p>\n<p>&nbsp;<\/p>\n<p>S2. Garanti zaman\u0131 ve garanti \u00fcr\u00fcnlerine ne dersiniz?<\/p>\n<p>C: \u00dcr\u00fcnlerin \u00e7o\u011fu 2 y\u0131ld\u0131r, kablolar\u0131 kesin ve baz\u0131 foto\u011fraflar \u00e7eker.<\/p>\n<p>&nbsp;<\/p>\n<p>S3. Hangi nakliye \u015fartlar\u0131n\u0131 se\u00e7ebiliriz?<\/p>\n<p>C: Deniz yoluyla, hava ile, se\u00e7enekleriniz i\u00e7in ekspres teslimat ile vard\u0131r.<\/p>\n<p>&nbsp;<\/p>\n<p>S4. Teslimattan \u00f6nce t\u00fcm \u00fcr\u00fcnleri test ediyor musunuz?<\/p>\n<p>C: Evet, teslimattan \u00f6nce 100% \u00fcr\u00fcn test ediyoruz, 100% \u00fcr\u00fcnlerinin normal \u00e7al\u0131\u015fmas\u0131n\u0131 sa\u011flay\u0131n.<\/p>","protected":false},"excerpt":{"rendered":"<p>Plastik uzatma kablosu par\u00e7alar\u0131<br \/>\nKablo d\u00fczenlemesi kolay,<br \/>\nTa\u015f\u0131mas\u0131 ve ta\u015f\u0131mas\u0131 kolay<br \/>\nKur\u015fun zaman\u0131 :<br \/>\nMiktar (Par\u00e7a) 1 - 10000&gt; 10000<br \/>\nAvustralya, Brezilya ve Kuzey Amerika \u00fclkelerinin kulland\u0131\u011f\u0131 saat uygulamas\u0131. Zaman (g\u00fcn) 60 m\u00fczakere edilecek<\/p>","protected":false},"featured_media":300,"template":"","meta":[],"product_cat":[27],"product_tag":[],"class_list":{"0":"post-299","1":"product","2":"type-product","3":"status-publish","4":"has-post-thumbnail","6":"product_cat-cable-organizer","8":"first","9":"instock","10":"shipping-taxable","11":"product-type-simple"},"_links":{"self":[{"href":"https:\/\/www.soyang-group.com\/tr\/wp-json\/wp\/v2\/product\/299","targetHints":{"allow":["GET"]}}],"collection":[{"href":"https:\/\/www.soyang-group.com\/tr\/wp-json\/wp\/v2\/product"}],"about":[{"href":"https:\/\/www.soyang-group.com\/tr\/wp-json\/wp\/v2\/types\/product"}],"version-history":[{"count":0,"href":"https:\/\/www.soyang-group.com\/tr\/wp-json\/wp\/v2\/product\/299\/revisions"}],"wp:featuredmedia":[{"embeddable":true,"href":"https:\/\/www.soyang-group.com\/tr\/wp-json\/wp\/v2\/media\/300"}],"wp:attachment":[{"href":"https:\/\/www.soyang-group.com\/tr\/wp-json\/wp\/v2\/media?parent=299"}],"wp:term":[{"taxonomy":"product_cat","embeddable":true,"href":"https:\/\/www.soyang-group.com\/tr\/wp-json\/wp\/v2\/product_cat?post=299"},{"taxonomy":"product_tag","embeddable":true,"href":"https:\/\/www.soyang-group.com\/tr\/wp-json\/wp\/v2\/product_tag?post=299"}],"curies":[{"name":"wp","href":"https:\/\/api.w.org\/{rel}","templated":true}]}}