{"id":301,"date":"2024-12-12T13:49:52","date_gmt":"2024-12-12T05:49:52","guid":{"rendered":"https:\/\/shuangy.gg12.globaldeepsea.site\/?post_type=product&#038;p=301"},"modified":"2024-12-12T13:49:52","modified_gmt":"2024-12-12T05:49:52","slug":"distribution-box","status":"publish","type":"product","link":"https:\/\/www.soyang-group.com\/tr\/urun\/distribution-box\/","title":{"rendered":"Da\u011f\u0131t\u0131m kutusu"},"content":{"rendered":"<div class=\"fl-col-group fl-node-5ea14fb3ab9ad\" data-node=\"5ea14fb3ab9ad\">\n<div class=\"fl-col fl-node-5ea14fb3abc58 fl-col-has-cols\" data-node=\"5ea14fb3abc58\">\n<div class=\"fl-col-content fl-node-content\">\n<div class=\"fl-module fl-module-rich-text fl-node-5ea14fb85e291\" data-node=\"5ea14fb85e291\" data-animation-delay=\"0.0\">\n<div class=\"fl-module-content fl-node-content\">\n<div class=\"fl-rich-text\">\n<p><b>Temel Bilgi<\/b><br \/>\nModel No.: Distribution Box<br \/>\nMarka Ad\u0131: Shuangyang<br \/>\nMaterial:Rubber,copper,metal\u2026<br \/>\nUsage:\u00a0Connection of power supply to electrical<br \/>\naletler<br \/>\nSava\u015f\u00e7\u0131: 1 y\u0131l<br \/>\nCertificate: CE,ROHS,REACH,PAHS<\/p>\n<\/div>\n<\/div>\n<\/div>\n<div class=\"fl-col-group fl-node-5ea14fe4a5132 fl-col-group-nested\" data-node=\"5ea14fe4a5132\">\n<div class=\"fl-col fl-node-5ea14fe4a56a8\" data-node=\"5ea14fe4a56a8\">\n<div class=\"fl-col-content fl-node-content\">\n<div class=\"fl-module fl-module-rich-text fl-node-5ea14ff2d0279\" data-node=\"5ea14ff2d0279\" data-animation-delay=\"0.0\">\n<div class=\"fl-module-content fl-node-content\">\n<div class=\"fl-rich-text\">\n<p><strong>\u00dcr\u00fcn detay\u0131:<\/strong><br \/>\n<b>(1)Type 1<\/b><br \/>\nModel Number:GJX01B-KM-D<br \/>\nMarka Ad\u0131: Shuangyang<br \/>\nUsage:\u00a0Connection of power supply to electrical appliances<br \/>\n<b>A\u00e7\u0131klama ve \u00d6zellikler<\/b><br \/>\n1.Maximum power: 3,680W<br \/>\n2.Voltage: 250V AC<br \/>\n3.Frequency: 50Hz<br \/>\n4.Current: 16A<br \/>\n5.Water-proof:IP44<br \/>\n6.Poles:3P+N+E<br \/>\n7.Unit size:362.5x195x215mm<br \/>\n8.Match cable as follow: H05RN-F 3G0.75\/1.0\u00a0,<br \/>\nH05RR-F 3G0.75\/1.0\/1.5\/2.5<br \/>\nH07RN-F 3G1.0\/1.5\/2.5<br \/>\n9.The cable\u2019s length can according to customer\u2019s requirement. for example: 10m,25m,50m\u2026.<br \/>\n10.Can according to customer\u2019s require to packing.<br \/>\n11.\u00a0Supply Ability:\u00a0500000 Meter\/Meters per Month European Extension Cord<br \/>\n<b>Spesifikasyon<\/b><br \/>\nPackage: White box<br \/>\nSertifikalar: CE, Rohs, Reach, PAHS<br \/>\n<a class=\"fancybox\" href=\"https:\/\/www.soyanggroup.com\/uploads\/deac14ab.png\" target=\"_blank\" rel=\"noopener\"><img decoding=\"async\" src=\"https:\/\/www.soyanggroup.com\/uploads\/deac14ab.png\" alt=\"Distribution box1468\" \/><\/a><img decoding=\"async\" src=\"https:\/\/www.soyanggroup.com\/uploads\/589df2ee.png\" alt=\"Distribution box1507\" \/><\/p>\n<\/div>\n<\/div>\n<\/div>\n<\/div>\n<\/div>\n<div class=\"fl-col fl-node-5ea14fe4a570b fl-col-small\" data-node=\"5ea14fe4a570b\">\n<div class=\"fl-col-content fl-node-content\">\n<div class=\"fl-module fl-module-rich-text fl-node-5ea15099c5cf1\" data-node=\"5ea15099c5cf1\" data-animation-delay=\"0.0\">\n<div class=\"fl-module-content fl-node-content\">\n<div class=\"fl-rich-text\">\n<p><a class=\"fancybox\" href=\"https:\/\/www.soyanggroup.com\/uploads\/8eeafddf.png\" target=\"_blank\" rel=\"noopener\"><img decoding=\"async\" src=\"https:\/\/www.soyanggroup.com\/uploads\/8eeafddf.png\" alt=\"Distribution box0\" \/><\/a><\/p>\n<\/div>\n<\/div>\n<\/div>\n<\/div>\n<\/div>\n<\/div>\n<\/div>\n<\/div>\n<\/div>\n<div class=\"fl-col-group fl-node-5ea150bb27b8c\" data-node=\"5ea150bb27b8c\">\n<div class=\"fl-col fl-node-5ea150bb27f3b\" data-node=\"5ea150bb27f3b\">\n<div class=\"fl-col-content fl-node-content\">\n<div class=\"fl-module fl-module-rich-text fl-node-5ea150d1c667b\" data-node=\"5ea150d1c667b\" data-animation-delay=\"0.0\">\n<div class=\"fl-module-content fl-node-content\">\n<div class=\"fl-rich-text\">\n<p><b>(2)Type 2<\/b><br \/>\n<b><\/b>Model Number:GJX01B-K3-F<br \/>\nMarka Ad\u0131: Shuangyang<br \/>\nUsage:\u00a0Connection of power supply to electrical appliances<br \/>\n<b>A\u00e7\u0131klama ve \u00d6zellikler<\/b><br \/>\n<b><\/b>1.Maximum power: 3,680W<br \/>\n2.Voltage: 250V AC<br \/>\n3.Frequency: 50Hz<br \/>\n4.Current: 16A<br \/>\n5.Water-proof:IP44<br \/>\n6.Poles:3P+N+E<br \/>\n7.Unit size:362.5x195x215mm<br \/>\n8.Match cable as follow: H05RN-F 3G1.0\u00a0,<br \/>\nH05RR-F 3G1.0\/1.5\u00a0,<br \/>\nH07RN-F 3G1.0\/1.5\/2.5.<br \/>\n9.The cable\u2019s length can according to customer\u2019s requirement. for example: 10m,25m,50m\u2026.<br \/>\n10.Can according to customer\u2019s require to packing.<br \/>\n11.\u00a0Supply Ability:\u00a0500000 Meter\/Meters per Month European Extension Cord<br \/>\n<b>Spesifikasyon<\/b><br \/>\nPackage: White box<br \/>\nSertifikalar: CE, Rohs, Reach, PAHS<br \/>\n<a class=\"fancybox\" href=\"https:\/\/www.soyanggroup.com\/uploads\/deac14ab.png\" target=\"_blank\" rel=\"noopener\"><img decoding=\"async\" src=\"https:\/\/www.soyanggroup.com\/uploads\/deac14ab.png\" alt=\"Distribution box1468\" \/><\/a><img decoding=\"async\" src=\"https:\/\/www.soyanggroup.com\/uploads\/589df2ee.png\" alt=\"Distribution box1507\" \/><\/p>\n<\/div>\n<\/div>\n<\/div>\n<\/div>\n<\/div>\n<div class=\"fl-col fl-node-5ea150bb27f93 fl-col-small\" data-node=\"5ea150bb27f93\">\n<div class=\"fl-col-content fl-node-content\">\n<div class=\"fl-module fl-module-rich-text fl-node-5ea15165e56d6\" data-node=\"5ea15165e56d6\" data-animation-delay=\"0.0\">\n<div class=\"fl-module-content fl-node-content\">\n<div class=\"fl-rich-text\">\n<p><a class=\"fancybox\" href=\"https:\/\/www.soyanggroup.com\/uploads\/56c4eff2.png\" target=\"_blank\" rel=\"noopener\"><img decoding=\"async\" src=\"https:\/\/www.soyanggroup.com\/uploads\/56c4eff2.png\" alt=\"Distribution box1524\" \/><\/a><\/p>\n<\/div>\n<\/div>\n<\/div>\n<\/div>\n<\/div>\n<\/div>\n<div class=\"fl-col-group fl-node-5ea1519aa3814\" data-node=\"5ea1519aa3814\">\n<div class=\"fl-col fl-node-5ea1519aa3dcb\" data-node=\"5ea1519aa3dcb\">\n<div class=\"fl-col-content fl-node-content\">\n<div class=\"fl-module fl-module-rich-text fl-node-5ea151a22ca94\" data-node=\"5ea151a22ca94\" data-animation-delay=\"0.0\">\n<div class=\"fl-module-content fl-node-content\">\n<div class=\"fl-rich-text\">\n<p><b>(3)Type 3<\/b><br \/>\nModel Number:GJX01C-55-E<br \/>\nMarka Ad\u0131: Shuangyang<br \/>\nUsage:\u00a0Connection of power supply to electrical appliances<br \/>\n<b>A\u00e7\u0131klama ve \u00d6zellikler<\/b><br \/>\n1.Maximum power: 3,680W<br \/>\n2.Voltage: 250V AC<br \/>\n3.Frequency: 50Hz<br \/>\n4.Current: 16A<br \/>\n5.Water-proof:IP44<br \/>\n6.Poles:2P+E<br \/>\n7.Unit size:362.5x195x215mm<br \/>\n8.Match cable as follow: H05RN-F3G1.0\u00a0,<br \/>\nH05RR-F3G1.0\/1.5,<br \/>\nH05RN-F3G1.0\/1.5<br \/>\n9.The cable\u2019s length can according to customer\u2019s requirement. for example: 10m,25m,50m\u2026.<br \/>\n10.Can according to customer\u2019s require to packing.<br \/>\n11.\u00a0Supply Ability:\u00a0500000 Meter\/Meters per Month European Extension Cord<br \/>\n<b><\/b><b>Spesifikasyon<\/b><br \/>\nPackage: White box<br \/>\nSertifikalar: CE, Rohs, Reach, PAHS<br \/>\n<a class=\"fancybox\" href=\"https:\/\/www.soyanggroup.com\/uploads\/deac14ab.png\" target=\"_blank\" rel=\"noopener\"><img decoding=\"async\" src=\"https:\/\/www.soyanggroup.com\/uploads\/deac14ab.png\" alt=\"Distribution box1468\" \/><\/a><img decoding=\"async\" src=\"https:\/\/www.soyanggroup.com\/uploads\/589df2ee.png\" alt=\"Distribution box1507\" \/><\/p>\n<\/div>\n<\/div>\n<\/div>\n<\/div>\n<\/div>\n<div class=\"fl-col fl-node-5ea1519aa3e2f fl-col-small\" data-node=\"5ea1519aa3e2f\">\n<div class=\"fl-col-content fl-node-content\">\n<div class=\"fl-module fl-module-rich-text fl-node-5ea1523994a88\" data-node=\"5ea1523994a88\" data-animation-delay=\"0.0\">\n<div class=\"fl-module-content fl-node-content\">\n<div class=\"fl-rich-text\">\n<p><a class=\"fancybox\" href=\"https:\/\/www.soyanggroup.com\/uploads\/c91cae20.png\" target=\"_blank\" rel=\"noopener\"><img decoding=\"async\" src=\"https:\/\/www.soyanggroup.com\/uploads\/c91cae20.png\" alt=\"Distribution box2542\" \/><\/a><\/p>\n<\/div>\n<\/div>\n<\/div>\n<\/div>\n<\/div>\n<\/div>\n<div class=\"fl-col-group fl-node-5ea1524aab91c\" data-node=\"5ea1524aab91c\">\n<div class=\"fl-col fl-node-5ea1524aabd28\" data-node=\"5ea1524aabd28\">\n<div class=\"fl-col-content fl-node-content\">\n<div class=\"fl-module fl-module-rich-text fl-node-5ea1525722ea5\" data-node=\"5ea1525722ea5\" data-animation-delay=\"0.0\">\n<div class=\"fl-module-content fl-node-content\">\n<div class=\"fl-rich-text\">\n<p><b>(4)Type 4<\/b><br \/>\n<b><\/b>Model Number:GJX01B-33-D<br \/>\nMarka Ad\u0131: Shuangyang<br \/>\nUsage:\u00a0Connection of power supply to electrical appliances<br \/>\n<b>A\u00e7\u0131klama ve \u00d6zellikler<\/b><br \/>\n<b><\/b>1.Maximum power: 3,680W<br \/>\n2.Voltage: 250V AC<br \/>\n3.Frequency: 50Hz<br \/>\n4.Current: 16A<br \/>\n5.Water-proof:IP44<br \/>\n6.Poles:3P+N+E<br \/>\n7.Unit size:362.5x195x215mm<br \/>\n8.Match cable as follow: H05RN-F3G1.0\u00a0,<br \/>\nH05RR-F3G1.0\/1.5,<br \/>\nH05RN-F3G1.0\/1.5<br \/>\n9.The cable\u2019s length can according to customer\u2019s requirement. for example: 10m,25m,50m\u2026.<br \/>\n10.Can according to customer\u2019s require to packing.<br \/>\n11.\u00a0Supply Ability:\u00a0500000 Meter\/Meters per Month European Extension Cord<br \/>\n<b>\u00a0<\/b><b>Spesifikasyon<\/b><br \/>\nPackage: White box<br \/>\nSertifikalar: CE, Rohs, Reach, PAHS<br \/>\n<a class=\"fancybox\" href=\"https:\/\/www.soyanggroup.com\/uploads\/deac14ab.png\" target=\"_blank\" rel=\"noopener\"><img decoding=\"async\" src=\"https:\/\/www.soyanggroup.com\/uploads\/deac14ab.png\" alt=\"Distribution box1468\" \/><\/a><img decoding=\"async\" src=\"https:\/\/www.soyanggroup.com\/uploads\/589df2ee.png\" alt=\"Distribution box1507\" \/><\/p>\n<\/div>\n<\/div>\n<\/div>\n<\/div>\n<\/div>\n<div class=\"fl-col fl-node-5ea1524aabd80 fl-col-small\" data-node=\"5ea1524aabd80\">\n<div class=\"fl-col-content fl-node-content\">\n<div class=\"fl-module fl-module-rich-text fl-node-5ea152cf1c159\" data-node=\"5ea152cf1c159\" data-animation-delay=\"0.0\">\n<div class=\"fl-module-content fl-node-content\">\n<div class=\"fl-rich-text\">\n<p><a class=\"fancybox\" href=\"https:\/\/www.soyanggroup.com\/uploads\/23ba4296.png\" target=\"_blank\" rel=\"noopener\"><img decoding=\"async\" src=\"https:\/\/www.soyanggroup.com\/uploads\/23ba4296.png\" alt=\"Distribution box3556\" \/><\/a><\/p>\n<\/div>\n<\/div>\n<\/div>\n<\/div>\n<\/div>\n<\/div>\n<div class=\"fl-col-group fl-node-5ea53407d9dd4\" data-node=\"5ea53407d9dd4\">\n<div class=\"fl-col fl-node-5ea53407da14a\" data-node=\"5ea53407da14a\">\n<div class=\"fl-col-content fl-node-content\">\n<div class=\"fl-module fl-module-rich-text fl-node-5ea53407d9ba2\" data-node=\"5ea53407d9ba2\" data-animation-delay=\"0.0\">\n<div class=\"fl-module-content fl-node-content\">\n<div class=\"fl-rich-text\">\n<h3><b>\u00dcretim ak\u0131\u015f\u0131:<\/b><b><\/b><\/h3>\n<\/div>\n<\/div>\n<\/div>\n<\/div>\n<\/div>\n<\/div>\n<div class=\"fl-col-group fl-node-5ea153048e3c7\" data-node=\"5ea153048e3c7\">\n<div class=\"fl-col fl-node-5ea153048e7b4 fl-col-small\" data-node=\"5ea153048e7b4\">\n<div class=\"fl-col-content fl-node-content\">\n<div class=\"fl-module fl-module-rich-text fl-node-5ea15335d577c\" data-node=\"5ea15335d577c\" data-animation-delay=\"0.0\">\n<div class=\"fl-module-content fl-node-content\">\n<div class=\"fl-rich-text\">\n<div data-node=\"5e9fbed61f05c\" data-animation-delay=\"0.0\">\n<div>\n<div>\n<p>Winching(cables,cable reels)<\/p>\n<\/div>\n<\/div>\n<\/div>\n<div data-node=\"5e9fccd7af26e\" data-animation-delay=\"0.0\">\n<div>\n<div>\n<div><img decoding=\"async\" src=\"https:\/\/www.soyanggroup.com\/uploads\/60f9d174.png\" alt=\"ghgsssdf1\" \/><\/div>\n<\/div>\n<\/div>\n<\/div>\n<\/div>\n<\/div>\n<\/div>\n<\/div>\n<\/div>\n<div class=\"fl-col fl-node-5ea153048e80b fl-col-small\" data-node=\"5ea153048e80b\">\n<div class=\"fl-col-content fl-node-content\">\n<div class=\"fl-module fl-module-rich-text fl-node-5ea153408bd88\" data-node=\"5ea153408bd88\" data-animation-delay=\"0.0\">\n<div class=\"fl-module-content fl-node-content\">\n<div class=\"fl-rich-text\">\n<div data-node=\"5e9fbf1740fb0\" data-animation-delay=\"0.0\">\n<div>\n<div>\n<p>Extruding<\/p>\n<\/div>\n<\/div>\n<\/div>\n<div data-node=\"5e9fcd0852b28\" data-animation-delay=\"0.0\">\n<div>\n<div>\n<div><img decoding=\"async\" src=\"https:\/\/www.soyanggroup.com\/uploads\/24ee4d75.png\" alt=\"dfgshghg\" \/><\/div>\n<\/div>\n<\/div>\n<\/div>\n<\/div>\n<\/div>\n<\/div>\n<\/div>\n<\/div>\n<div class=\"fl-col fl-node-5ea153048e85b fl-col-small\" data-node=\"5ea153048e85b\">\n<div class=\"fl-col-content fl-node-content\">\n<div class=\"fl-module fl-module-rich-text fl-node-5ea1536154831\" data-node=\"5ea1536154831\" data-animation-delay=\"0.0\">\n<div class=\"fl-module-content fl-node-content\">\n<div class=\"fl-rich-text\">\n<div data-node=\"5e9fbf3f1e188\" data-animation-delay=\"0.0\">\n<div>\n<div>\n<p>Hanging<\/p>\n<\/div>\n<\/div>\n<\/div>\n<div data-node=\"5e9fcd2e1e520\" data-animation-delay=\"0.0\">\n<div>\n<div>\n<div><img decoding=\"async\" src=\"https:\/\/www.soyanggroup.com\/uploads\/206e152b.png\" alt=\"adfdgagfddfgfh\" \/><\/div>\n<\/div>\n<\/div>\n<\/div>\n<\/div>\n<\/div>\n<\/div>\n<\/div>\n<\/div>\n<\/div>\n<div class=\"fl-col-group fl-node-5ea15309dcff4\" data-node=\"5ea15309dcff4\">\n<div class=\"fl-col fl-node-5ea15309dd3df fl-col-small\" data-node=\"5ea15309dd3df\">\n<div class=\"fl-col-content fl-node-content\">\n<div class=\"fl-module fl-module-rich-text fl-node-5ea153784f2d4\" data-node=\"5ea153784f2d4\" data-animation-delay=\"0.0\">\n<div class=\"fl-module-content fl-node-content\">\n<div class=\"fl-rich-text\">\n<div data-node=\"5e9fbf5d1cea7\" data-animation-delay=\"0.0\">\n<div>\n<div>\n<p>Riveting<\/p>\n<\/div>\n<\/div>\n<\/div>\n<div data-node=\"5e9fcd50178d1\" data-animation-delay=\"0.0\">\n<div>\n<div>\n<div><img decoding=\"async\" src=\"https:\/\/www.soyanggroup.com\/uploads\/b1c754db.png\" alt=\"dsgfhghgfh\" \/><\/div>\n<\/div>\n<\/div>\n<\/div>\n<\/div>\n<\/div>\n<\/div>\n<\/div>\n<\/div>\n<div class=\"fl-col fl-node-5ea15309dd435 fl-col-small\" data-node=\"5ea15309dd435\">\n<div class=\"fl-col-content fl-node-content\">\n<div class=\"fl-module fl-module-rich-text fl-node-5ea15389aaf31\" data-node=\"5ea15389aaf31\" data-animation-delay=\"0.0\">\n<div class=\"fl-module-content fl-node-content\">\n<div class=\"fl-rich-text\">\n<div data-node=\"5e9fbf5549745\" data-animation-delay=\"0.0\">\n<div>\n<div>\n<p>Plug injection<\/p>\n<\/div>\n<\/div>\n<\/div>\n<div data-node=\"5e9fcd69139bc\" data-animation-delay=\"0.0\">\n<div>\n<div>\n<div><img decoding=\"async\" src=\"https:\/\/www.soyanggroup.com\/uploads\/69323a26.png\" alt=\"afdfsdfds\" \/><\/div>\n<\/div>\n<\/div>\n<\/div>\n<\/div>\n<\/div>\n<\/div>\n<\/div>\n<\/div>\n<div class=\"fl-col fl-node-5ea15309dd482 fl-col-small\" data-node=\"5ea15309dd482\">\n<div class=\"fl-col-content fl-node-content\">\n<div class=\"fl-module fl-module-rich-text fl-node-5ea1539f6fdcd\" data-node=\"5ea1539f6fdcd\" data-animation-delay=\"0.0\">\n<div class=\"fl-module-content fl-node-content\">\n<div class=\"fl-rich-text\">\n<div data-node=\"5e9fbf5a19e43\" data-animation-delay=\"0.0\">\n<div>\n<div>\n<p>Assembling<\/p>\n<\/div>\n<\/div>\n<\/div>\n<div data-node=\"5e9fcd7a14001\" data-animation-delay=\"0.0\">\n<div>\n<div>\n<div><img decoding=\"async\" src=\"https:\/\/www.soyanggroup.com\/uploads\/f0374276.png\" alt=\"dgdfgdfh\" \/><\/div>\n<\/div>\n<\/div>\n<\/div>\n<\/div>\n<\/div>\n<\/div>\n<\/div>\n<\/div>\n<\/div>\n<div class=\"fl-col-group fl-node-5ea1530df0ad5\" data-node=\"5ea1530df0ad5\">\n<div class=\"fl-col fl-node-5ea1530df0ecb fl-col-small\" data-node=\"5ea1530df0ecb\">\n<div class=\"fl-col-content fl-node-content\">\n<div class=\"fl-module fl-module-rich-text fl-node-5ea153b349553\" data-node=\"5ea153b349553\" data-animation-delay=\"0.0\">\n<div class=\"fl-module-content fl-node-content\">\n<div class=\"fl-rich-text\">\n<div data-node=\"5e9fbf5b91d70\" data-animation-delay=\"0.0\">\n<div>\n<div>\n<p>Testing<\/p>\n<\/div>\n<\/div>\n<\/div>\n<div data-node=\"5e9fcd9359f7b\" data-animation-delay=\"0.0\">\n<div>\n<div>\n<div><img decoding=\"async\" src=\"https:\/\/www.soyanggroup.com\/uploads\/fb597fa3.png\" alt=\"adfagfg\" \/><\/div>\n<\/div>\n<\/div>\n<\/div>\n<\/div>\n<\/div>\n<\/div>\n<\/div>\n<\/div>\n<div class=\"fl-col fl-node-5ea1530df0f22 fl-col-small\" data-node=\"5ea1530df0f22\">\n<div class=\"fl-col-content fl-node-content\">\n<div class=\"fl-module fl-module-rich-text fl-node-5ea153ca7ad93\" data-node=\"5ea153ca7ad93\" data-animation-delay=\"0.0\">\n<div class=\"fl-module-content fl-node-content\">\n<div class=\"fl-rich-text\">\n<div data-node=\"5e9fbf588c875\" data-animation-delay=\"0.0\">\n<div>\n<div>\n<p>Ambalajlama<\/p>\n<\/div>\n<\/div>\n<\/div>\n<div data-node=\"5e9fcda981a7a\" data-animation-delay=\"0.0\">\n<div>\n<div>\n<div><img decoding=\"async\" src=\"https:\/\/www.soyanggroup.com\/uploads\/b0d9a9c0.png\" alt=\"fdgdfgfdhgf\" \/><\/div>\n<\/div>\n<\/div>\n<\/div>\n<\/div>\n<\/div>\n<\/div>\n<\/div>\n<\/div>\n<div class=\"fl-col fl-node-5ea1530df0f72 fl-col-small\" data-node=\"5ea1530df0f72\">\n<div class=\"fl-col-content fl-node-content\">\n<div class=\"fl-module fl-module-rich-text fl-node-5ea153dceeab3\" data-node=\"5ea153dceeab3\" data-animation-delay=\"0.0\">\n<div class=\"fl-module-content fl-node-content\">\n<div class=\"fl-rich-text\">\n<div data-node=\"5e9fbf571ae6e\" data-animation-delay=\"0.0\">\n<div>\n<div>\n<p>Warehouse<\/p>\n<\/div>\n<\/div>\n<\/div>\n<div data-node=\"5e9fcdba739ab\" data-animation-delay=\"0.0\">\n<div>\n<div>\n<div><img decoding=\"async\" src=\"https:\/\/www.soyanggroup.com\/uploads\/2497ad44.png\" alt=\"adfagdfsd\" \/><\/div>\n<\/div>\n<\/div>\n<\/div>\n<\/div>\n<\/div>\n<\/div>\n<\/div>\n<\/div>\n<\/div>\n<div class=\"fl-col-group fl-node-5ea153132afbe\" data-node=\"5ea153132afbe\">\n<div class=\"fl-col fl-node-5ea153132b428\" data-node=\"5ea153132b428\">\n<div class=\"fl-col-content fl-node-content\">\n<div class=\"fl-module fl-module-rich-text fl-node-5ea153132ad76\" data-node=\"5ea153132ad76\" data-animation-delay=\"0.0\">\n<div class=\"fl-module-content fl-node-content\">\n<div class=\"fl-rich-text\">\n<p><strong>Avantaj<\/strong><\/p>\n<p>\u25cf Marka par\u00e7alar\u0131<br \/>\n\u25cf Men\u015fei \u00fclke<br \/>\n\u25cf Sunulan distrib\u00fct\u00f6rl\u00fckler<br \/>\n\u25cf Deneyimli personel<br \/>\n\u25cf Bi\u00e7im A<br \/>\n\u25cf Ye\u015fil \u00fcr\u00fcn<br \/>\n\u25cf Garanti\/Garanti<br \/>\n\u25cf Uluslararas\u0131 Onaylar<br \/>\n\u25cf Ambalajlama<br \/>\n\u25cf Fiyat<br \/>\n\u25cf \u00dcr\u00fcn \u00f6zellikleri<br \/>\n\u25cf \u00dcr\u00fcn performans\u0131<br \/>\n\u25cf H\u0131zl\u0131 teslimat<br \/>\n\u25cf Kalite onaylar\u0131<br \/>\n\u25cf \u0130tibar<br \/>\n\u25cf Hizmet vermek<br \/>\n\u25cf Kabul edilen k\u00fc\u00e7\u00fck sipari\u015fler<br \/>\n\u25cf OEM ve ODM hizmeti<br \/>\n\u25cf Y\u00fcksek kalitede<\/p>\n<p><b>Packaging&amp;Payment&amp;Shippment<\/b><br \/>\n<b>Ambalaj Detaylar\u0131: Etiketli PP \u00e7antas\u0131<br \/>\n<\/b><b>Payment Method:Advance TT, T\/T, L\/C<br \/>\n<\/b><b>Delivery:30-45 days after received the deposite<br \/>\n<\/b><b>Port:Ningbo or Shanghai<\/b><\/p>\n<p><strong>Company Profile:<\/strong><br \/>\n1.Business Type:Manufacturer, Trading Company<br \/>\n2.Main products:Timer Sockets,Cable,Cable Reels,Lighting<br \/>\n3. Total Employees: 501 \u2013 1000 People<br \/>\n4.Year Established:1994<br \/>\n5.Management System Certification: ISO9001, ISO14001, OHSAS18001<br \/>\n6. Country \/ Region:Zhejiang, China<br \/>\n7.Ownership:Private owner<br \/>\n8. Ana Piyasalar:<\/p>\n<p>Do\u011fu Avrupa 39.00%<br \/>\nKuzey Avrupa 30.00%<br \/>\nBat\u0131 Avrupa 16.00%<br \/>\nDomestic Market:7%<br \/>\nMid East:5%<br \/>\nSouth America:3%<\/p>\n<p><strong>SSS:<\/strong><br \/>\n1. \u00dcr\u00fcnleriniz konuklar logosunu yazd\u0131rabilir mi?<br \/>\nEvet, konuklar logoyu sa\u011flar, \u00fcr\u00fcne yazd\u0131rabiliriz.<br \/>\n2. Hangi sosyal sorumluluk denetimini ge\u00e7tiniz?<br \/>\nEvet, bsci var, sedex.<br \/>\n3. Fiyatlar\u0131n\u0131z nedir?<br \/>\nFiyatlar\u0131m\u0131z arz ve di\u011fer piyasa fakt\u00f6rlerine ba\u011fl\u0131 olarak de\u011fi\u015febilir. Conmany'nizden sonra size daha fazla bilgi i\u00e7in bize ula\u015f\u0131n.<\/p>\n<\/div>\n<\/div>\n<\/div>\n<\/div>\n<\/div>\n<\/div>","protected":false},"excerpt":{"rendered":"<p>Distribution Box\u00a0IP44<\/p>\n<p>Various types Customized Power<\/p>\n<p>Kablonun uzunlu\u011fu m\u00fc\u015fterinin gereksinimine g\u00f6re olabilir.<\/p>\n<p>\u00d6rne\u011fin: 10m, 25m, 50m\u2026.<\/p>","protected":false},"featured_media":302,"template":"","meta":[],"product_cat":[28],"product_tag":[],"class_list":{"0":"post-301","1":"product","2":"type-product","3":"status-publish","4":"has-post-thumbnail","6":"product_cat-distribution-box","8":"first","9":"instock","10":"shipping-taxable","11":"product-type-simple"},"_links":{"self":[{"href":"https:\/\/www.soyang-group.com\/tr\/wp-json\/wp\/v2\/product\/301","targetHints":{"allow":["GET"]}}],"collection":[{"href":"https:\/\/www.soyang-group.com\/tr\/wp-json\/wp\/v2\/product"}],"about":[{"href":"https:\/\/www.soyang-group.com\/tr\/wp-json\/wp\/v2\/types\/product"}],"version-history":[{"count":0,"href":"https:\/\/www.soyang-group.com\/tr\/wp-json\/wp\/v2\/product\/301\/revisions"}],"wp:featuredmedia":[{"embeddable":true,"href":"https:\/\/www.soyang-group.com\/tr\/wp-json\/wp\/v2\/media\/302"}],"wp:attachment":[{"href":"https:\/\/www.soyang-group.com\/tr\/wp-json\/wp\/v2\/media?parent=301"}],"wp:term":[{"taxonomy":"product_cat","embeddable":true,"href":"https:\/\/www.soyang-group.com\/tr\/wp-json\/wp\/v2\/product_cat?post=301"},{"taxonomy":"product_tag","embeddable":true,"href":"https:\/\/www.soyang-group.com\/tr\/wp-json\/wp\/v2\/product_tag?post=301"}],"curies":[{"name":"wp","href":"https:\/\/api.w.org\/{rel}","templated":true}]}}