{"id":303,"date":"2024-12-12T13:52:00","date_gmt":"2024-12-12T05:52:00","guid":{"rendered":"https:\/\/shuangy.gg12.globaldeepsea.site\/?post_type=product&#038;p=303"},"modified":"2024-12-12T13:52:00","modified_gmt":"2024-12-12T05:52:00","slug":"3ways-extension-sockets","status":"publish","type":"product","link":"https:\/\/www.soyang-group.com\/tr\/urun\/3ways-extension-sockets\/","title":{"rendered":"3 yollu uzatma soketleri"},"content":{"rendered":"<p><strong>Genel bak\u0131\u015f<\/strong><\/p>\n<p><strong>H\u0131zl\u0131 Detaylar<\/strong><br \/>\nMen\u015fe yeri: Zhejiang, \u00c7in<br \/>\nMarka Ad\u0131: Shuangyang<br \/>\nModel numaras\u0131: TXB-3-D<br \/>\nT\u00fcr: Uzatma soketi<br \/>\nSertifika: S NF GS CE<\/p>\n<p><strong>Tedarik Yetene\u011fi<\/strong><br \/>\nTedarik Yetene\u011fi: Ayda 9000000 Metre\/Metre Avrupa Uzatma Kablosu<\/p>\n<p><strong>Ambalaj ve Teslimat<\/strong><br \/>\nAmbalaj Detaylar\u0131: Etiketli PE \u00c7antas\u0131<br \/>\nLiman: Ningbo<br \/>\nKur\u015fun S\u00fcresi: Depoziti ald\u0131ktan 25 g\u00fcn sonra<br \/>\nAlmanya Uzatma Kablosu<\/p>\n<p>&nbsp;<\/p>\n<p><strong>Detay \u00dcr\u00fcn A\u00e7\u0131klamas\u0131<\/strong><\/p>\n<p><strong>Konut uzatma soketleri<\/strong><br \/>\nModel numaras\u0131: TXB-3-D<br \/>\nMarka Ad\u0131: Shuangyang<br \/>\nTopraklama: Standart topraklama<\/p>\n<p><strong>A\u00e7\u0131klama ve \u00d6zellikler<\/strong><br \/>\n1. Voltaj: 250V AC<br \/>\n2. Nominal Ak\u0131m: 16a<br \/>\n3. Su ge\u00e7irmez: IP44<br \/>\n4. \u00c7ocuk koruma g\u00fcvenli\u011fi ile<br \/>\n5. Rolor: Siyah<br \/>\n6. Match kablosu a\u015fa\u011f\u0131daki gibi: H05RN-F 3G1.0<br \/>\nH05RR-F 3G1.5<br \/>\nH07RN-F 3G1.0\/1.5\/2.5<br \/>\n7. Kablonun uzunlu\u011fu m\u00fc\u015fterinin gereksinimine g\u00f6re olabilir. \u00d6rne\u011fin: 10m, 25m, 50m\u2026.<br \/>\n8. M\u00fc\u015fterinin paketleme gereksinimine g\u00f6re olabilir.<br \/>\n9. Tedarik yetene\u011fi: ayda 5000000 par\u00e7a\/par\u00e7a zamanlay\u0131c\u0131<br \/>\n10. Ba\u015fka bir tasar\u0131m i\u00e7in mevcut kapasite: Fransa s\u00fcr\u00fcm\u00fc, Almanya s\u00fcr\u00fcm\u00fc<\/p>\n<p><img decoding=\"async\" src=\"https:\/\/www.soyanggroup.com\/uploads\/dc719d6c.png\" alt=\"\" \/><img decoding=\"async\" src=\"https:\/\/www.soyanggroup.com\/uploads\/d4047062.png\" alt=\"\" \/><\/p>\n<p><strong>Spesifikasyon<\/strong><br \/>\nPaket: Kartl\u0131 PP \u00e7antas\u0131<br \/>\nSertifikalar: S, GS, CE, ROHS, Reach, PAHS<\/p>\n<p><img decoding=\"async\" src=\"https:\/\/www.soyanggroup.com\/uploads\/38a0b92314.jpg\" alt=\"\" \/><\/p>\n<p>&nbsp;<\/p>\n<p><strong>\u015eirket bilgileri<\/strong><\/p>\n<p>Zhejiang Shuangyang Group Co.Ltd. 1986 y\u0131l\u0131nda kurulmu\u015ftur, 1998 y\u0131l\u0131nda Ningbo City'nin y\u0131ld\u0131z i\u015fletmelerinden biri olan ve ISO9001\/14000\/18000 taraf\u0131ndan onaylanan \u00f6zel bir i\u015fletme olan\u0131d\u0131r. Ningbo Liman\u0131 ve Havaalan\u0131'na sadece bir saat ve \u015eangay'a iki saat olan Cixi, Ningbo City'de bulunduk.<\/p>\n<p><img decoding=\"async\" src=\"https:\/\/sc01.alicdn.com\/kf\/He5ba632c74e44a68a587403dde671c5eH\/1942321\/He5ba632c74e44a68a587403dde671c5eH.png_.webp\" alt=\"\" \/><br \/>\n\u015eimdiye kadar, kay\u0131tl\u0131 sermaye 16 milyon USDollar'\u0131n \u00fczerindedir. Zemin alan\u0131m\u0131z yakla\u015f\u0131k 120.000 metrekaredir ve in\u015faat alan\u0131 yakla\u015f\u0131k 85.000 m2'dir. 2018'de toplam d\u00f6n\u00fc\u015f\u00fcm\u00fcz 80 milyon USDollar. Her y\u0131l kaliteyi garanti etmek i\u00e7in on Ar -Ge ve 100'den fazla QC'imiz var, her y\u0131l ba\u015f \u00fcreticisi olarak hareket eden on yeni \u00fcr\u00fcn tasarl\u0131yor ve geli\u015ftiriyoruz.<\/p>\n<p>Ana \u00fcr\u00fcnlerimiz zamanlay\u0131c\u0131lar, soketler, esnek kablolar, g\u00fc\u00e7 kablolar\u0131, fi\u015fler, uzatma soketleri, kablo makaralar\u0131 ve ayd\u0131nlatmalard\u0131r. G\u00fcnl\u00fck zamanlay\u0131c\u0131lar, mekanik ve dijital zamanlay\u0131c\u0131lar, sayma zamanlay\u0131c\u0131lar, her t\u00fcrl\u00fc soketle end\u00fcstri zamanlay\u0131c\u0131lar gibi bir\u00e7ok zamanlay\u0131c\u0131 sa\u011flayabiliriz. Hedef pazarlar\u0131m\u0131z Avrupa pazar\u0131 ve Amerikan pazar\u0131d\u0131r. CE, GS, D, N, S, NF, ETL, VDE, ROHS, REACH, PAHS vb.<\/p>\n<p>M\u00fc\u015fterilerimiz aras\u0131nda iyi bir \u00fcne sahibiz. Her zaman \u00e7evrenin ve insan g\u00fcvenli\u011finin korunmas\u0131na odaklan\u0131r\u0131z. Ya\u015fam kalitesini iyile\u015ftirmek bizim nihai amac\u0131m\u0131zd\u0131r.<\/p>\n<p>G\u00fc\u00e7 kablolar\u0131, uzatma kablolar\u0131 ve kablo makaralar\u0131 bizim ana i\u015fimizdir, her y\u0131l Avrupa pazar\u0131ndan gelen promosyon sipari\u015flerinin ba\u015f \u00fcreticisiyiz. Ticari markay\u0131 korumak i\u00e7in Almanya'daki VDE Global Service ile i\u015fbirli\u011fi yapan en iyi bir \u00fcreticiyiz.<\/p>\n<p>Kar\u015f\u0131l\u0131kl\u0131 fayda ve parlak gelecek i\u00e7in t\u00fcm m\u00fc\u015fterilerle i\u015fbirli\u011fi yapmay\u0131 s\u0131cak bir \u015fekilde kar\u015f\u0131lay\u0131n.<\/p>\n<p>&nbsp;<\/p>\n<p><strong>FAQ<\/strong><\/p>\n<p>\u00c7eyrek. Garanti zaman\u0131 ve garanti \u00fcr\u00fcnlerine ne dersiniz?<\/p>\n<p>C: \u00dcr\u00fcnlerin \u00e7o\u011fu 2 y\u0131ld\u0131r, kablolar\u0131 kesin ve baz\u0131 foto\u011fraflar \u00e7eker.<\/p>\n<p>&nbsp;<\/p>\n<p>Q2. What is your payment terms?<\/p>\n<p>A : T\/T, L\/C.<\/p>\n<p>&nbsp;<\/p>\n<p>S3. Teslimattan \u00f6nce t\u00fcm \u00fcr\u00fcnleri test ediyor musunuz?<\/p>\n<p>C: Evet, teslimattan \u00f6nce 100% \u00fcr\u00fcn test ediyoruz, 100% \u00fcr\u00fcnlerinin normal \u00e7al\u0131\u015fmas\u0131n\u0131 sa\u011flay\u0131n.<\/p>\n<p>&nbsp;<\/p>\n<p>S4. Hangi Sosyal Sorumluluk Denetimi'ni ge\u00e7tiniz?<\/p>\n<p>C: Evet, BSCI, sedex var.<\/p>","protected":false},"excerpt":{"rendered":"<p>1. Warding: H05RN-F 3G1.0, H05RR-F 3G1.0\/1.5, H07RN-F 3G1.0\/1.5.<br \/>\n2. Kablonun uzunlu\u011fu m\u00fc\u015fterinin gereksinimine g\u00f6re olabilir. \u00d6rne\u011fin: 1m, 3m, 10m\u2026.<br \/>\n3. M\u00fc\u015fterinin paketleme gereksinimine g\u00f6re olabilir<\/p>\n<p>Kur\u015fun zaman\u0131 :<br \/>\nMiktar (Par\u00e7a) 1 - 10000&gt; 10000<br \/>\nAvustralya, Brezilya ve Kuzey Amerika \u00fclkelerinin kulland\u0131\u011f\u0131 saat uygulamas\u0131. Zaman (g\u00fcn) 60 m\u00fczakere edilecek<\/p>","protected":false},"featured_media":304,"template":"","meta":[],"product_cat":[29],"product_tag":[],"class_list":{"0":"post-303","1":"product","2":"type-product","3":"status-publish","4":"has-post-thumbnail","6":"product_cat-extension-sockets","8":"first","9":"instock","10":"shipping-taxable","11":"product-type-simple"},"_links":{"self":[{"href":"https:\/\/www.soyang-group.com\/tr\/wp-json\/wp\/v2\/product\/303","targetHints":{"allow":["GET"]}}],"collection":[{"href":"https:\/\/www.soyang-group.com\/tr\/wp-json\/wp\/v2\/product"}],"about":[{"href":"https:\/\/www.soyang-group.com\/tr\/wp-json\/wp\/v2\/types\/product"}],"version-history":[{"count":0,"href":"https:\/\/www.soyang-group.com\/tr\/wp-json\/wp\/v2\/product\/303\/revisions"}],"wp:featuredmedia":[{"embeddable":true,"href":"https:\/\/www.soyang-group.com\/tr\/wp-json\/wp\/v2\/media\/304"}],"wp:attachment":[{"href":"https:\/\/www.soyang-group.com\/tr\/wp-json\/wp\/v2\/media?parent=303"}],"wp:term":[{"taxonomy":"product_cat","embeddable":true,"href":"https:\/\/www.soyang-group.com\/tr\/wp-json\/wp\/v2\/product_cat?post=303"},{"taxonomy":"product_tag","embeddable":true,"href":"https:\/\/www.soyang-group.com\/tr\/wp-json\/wp\/v2\/product_tag?post=303"}],"curies":[{"name":"wp","href":"https:\/\/api.w.org\/{rel}","templated":true}]}}