{"id":305,"date":"2024-12-12T13:53:58","date_gmt":"2024-12-12T05:53:58","guid":{"rendered":"https:\/\/shuangy.gg12.globaldeepsea.site\/?post_type=product&#038;p=305"},"modified":"2024-12-12T13:53:58","modified_gmt":"2024-12-12T05:53:58","slug":"ip44-garden-sockets","status":"publish","type":"product","link":"https:\/\/www.soyang-group.com\/tr\/urun\/ip44-garden-sockets\/","title":{"rendered":"IP44 Bah\u00e7e soketleri"},"content":{"rendered":"<p><strong>1)Basic Information<\/strong><br \/>\nModel No.: Bah\u00e7e soketleri<br \/>\nMarka Ad\u0131: Shuangyang<br \/>\nMalzeme: Kau\u00e7uk ve Bak\u0131r<br \/>\nKullan\u0131m: elektrik kayna\u011f\u0131n\u0131n elektrikli cihazlara ba\u011flant\u0131s\u0131<br \/>\nSava\u015f\u00e7\u0131: 1 y\u0131l<br \/>\nSertifika: CE, GS, S, ROHS, Reach, PAHS<\/p>\n<p>&nbsp;<\/p>\n<p><strong>(2) \u00dcr\u00fcn Detay\u0131:<\/strong><br \/>\nIP44 Bah\u00e7e soketleri<br \/>\nModel numaras\u0131: SYH05-D<br \/>\nArka tarafta 24 saat zamanlay\u0131c\u0131 bulunan 2 yollu soket<br \/>\nMarka Ad\u0131: Shuangyang<br \/>\nKullan\u0131m: elektrik kayna\u011f\u0131n\u0131n elektrikli cihazlara ba\u011flant\u0131s\u0131<br \/>\nAlmanya S\u00fcr\u00fcm\u00fc<\/p>\n<p><strong>A\u00e7\u0131klama ve \u00d6zellikler<\/strong><br \/>\n1.Maximum power: 3,680W<br \/>\n2.Voltage: 250V AC<br \/>\n3.Frequency: 50Hz<br \/>\n4.Current: 16A<br \/>\n5.Water-proof:IP44<br \/>\n6.color:black<br \/>\n7. Match kablosu a\u015fa\u011f\u0131daki gibi: H05RR-F 3G1.5<br \/>\nH07RN-F 3G1.5\/2.5<br \/>\n8. Kablonun uzunlu\u011fu m\u00fc\u015fterinin gereksinimine g\u00f6re olabilir. \u00d6rne\u011fin: 10m, 25m, 50m\u2026.<br \/>\n9. M\u00fc\u015fterinin paketleme gereksinimine g\u00f6re olabilir.<br \/>\n10. Tedarik yetene\u011fi: ayl\u0131k 9000000 metre\/metre Avrupa uzatma kablosu<br \/>\n11. Ba\u015fka bir tasar\u0131m i\u00e7in mevcut kapasite: Fransa s\u00fcr\u00fcm\u00fc, Danimarka s\u00fcr\u00fcm\u00fc, \u0130ngiltere s\u00fcr\u00fcm\u00fc,<\/p>\n<p><img decoding=\"async\" src=\"https:\/\/www.soyanggroup.com\/uploads\/6f376e2b.png\" alt=\"\" \/><img decoding=\"async\" src=\"https:\/\/www.soyanggroup.com\/uploads\/f9847a52.png\" alt=\"\" \/><img decoding=\"async\" src=\"https:\/\/www.soyanggroup.com\/uploads\/38ebe9c8.png\" alt=\"\" \/><\/p>\n<p><strong>Spesifikasyon<\/strong><br \/>\nPaket: Beyaz Kutu<br \/>\nSertifikalar: S, GS, CE, ROHS, Reach, PAHS<\/p>\n<p><img decoding=\"async\" src=\"https:\/\/www.soyanggroup.com\/uploads\/fa9c9669.png\" alt=\"\" \/><br \/>\n<strong>Sales point<\/strong><br \/>\n1.High quality<br \/>\n2.Favorable price<br \/>\n3.Great variety of products<br \/>\n4.Attractive design<br \/>\n5.Environment friendly technology<br \/>\n6.OEM and ODM service provided<\/p>\n<p>&nbsp;<\/p>\n<p><strong>G\u00f6r\u00fc\u015f<\/strong><br \/>\nZhejiang Shuangyang Group Co., Ltd her zaman kalite ve hizmete sad\u0131k kal\u0131n, sadece y\u00fcksek kalite tedarik etmiyoruz,<br \/>\nayn\u0131 zamanda \u00e7evrenin ve insan g\u00fcvenli\u011finin korunmas\u0131na da dikkat edin.<br \/>\n\u0130nsan ya\u015fam\u0131n\u0131n kalitesini kesintisiz olarak iyile\u015ftirmek bizim son amac\u0131m\u0131zd\u0131r.<\/p>\n<p><img decoding=\"async\" src=\"https:\/\/sc02.alicdn.com\/kf\/HTB1sKohk5OYBuNjSsD4q6zSkFXaQ\/1942321\/HTB1sKohk5OYBuNjSsD4q6zSkFXaQ.jpg_.webp\" alt=\"\" \/><\/p>\n<p>&nbsp;<\/p>\n<p><strong>FAQ<\/strong><br \/>\n\u00c7eyrek. \u00d6rnek sipari\u015fi kabul edebilir misiniz?<\/p>\n<p>C: Evet, elbette, \u00f6rnek sipari\u015fi kabul ediyoruz.<\/p>\n<p>&nbsp;<\/p>\n<p>Q2. How to contract us?<\/p>\n<p>A : You can send mail to us or call.<\/p>\n<p>&nbsp;<\/p>\n<p>Q3. How about warranty time and warranty products?<\/p>\n<p>C: \u00dcr\u00fcnlerin \u00e7o\u011fu 2 y\u0131ld\u0131r, kablolar\u0131 kesin ve baz\u0131 foto\u011fraflar \u00e7eker.<\/p>\n<p>&nbsp;<\/p>\n<p>Q4. What is your payment terms?<\/p>\n<p>A : T\/T, L\/C.<\/p>\n<p>&nbsp;<\/p>\n<p>Q5. How to establish long time business relationship between us?<\/p>\n<p>C: M\u00fc\u015fterilerimizin k\u00e2r\u0131n\u0131 sa\u011flamak i\u00e7in y\u00fcksek kaliteli \u00fcr\u00fcnler ve \u00e7ok rekabet\u00e7i fiyat sunuyoruz.<\/p>\n<p>&nbsp;<\/p>\n<p>Q6. What shipping terms can we choose?<\/p>\n<p>C: Deniz yoluyla, hava ile, se\u00e7enekleriniz i\u00e7in ekspres teslimat ile vard\u0131r.<\/p>\n<p>&nbsp;<\/p>","protected":false},"excerpt":{"rendered":"<p>Bah\u00e7e soketleri<br \/>\nIP44<br \/>\nKablonun uzunlu\u011fu m\u00fc\u015fterinin gereksinimine g\u00f6re olabilir.<br \/>\n\u00d6rne\u011fin: 10m, 25m, 50m\u2026.<\/p>","protected":false},"featured_media":306,"template":"","meta":[],"product_cat":[30],"product_tag":[],"class_list":{"0":"post-305","1":"product","2":"type-product","3":"status-publish","4":"has-post-thumbnail","6":"product_cat-gardenspike-sockets","8":"first","9":"instock","10":"shipping-taxable","11":"product-type-simple"},"_links":{"self":[{"href":"https:\/\/www.soyang-group.com\/tr\/wp-json\/wp\/v2\/product\/305","targetHints":{"allow":["GET"]}}],"collection":[{"href":"https:\/\/www.soyang-group.com\/tr\/wp-json\/wp\/v2\/product"}],"about":[{"href":"https:\/\/www.soyang-group.com\/tr\/wp-json\/wp\/v2\/types\/product"}],"version-history":[{"count":1,"href":"https:\/\/www.soyang-group.com\/tr\/wp-json\/wp\/v2\/product\/305\/revisions"}],"predecessor-version":[{"id":307,"href":"https:\/\/www.soyang-group.com\/tr\/wp-json\/wp\/v2\/product\/305\/revisions\/307"}],"wp:featuredmedia":[{"embeddable":true,"href":"https:\/\/www.soyang-group.com\/tr\/wp-json\/wp\/v2\/media\/306"}],"wp:attachment":[{"href":"https:\/\/www.soyang-group.com\/tr\/wp-json\/wp\/v2\/media?parent=305"}],"wp:term":[{"taxonomy":"product_cat","embeddable":true,"href":"https:\/\/www.soyang-group.com\/tr\/wp-json\/wp\/v2\/product_cat?post=305"},{"taxonomy":"product_tag","embeddable":true,"href":"https:\/\/www.soyang-group.com\/tr\/wp-json\/wp\/v2\/product_tag?post=305"}],"curies":[{"name":"wp","href":"https:\/\/api.w.org\/{rel}","templated":true}]}}