{"id":308,"date":"2024-12-12T13:58:07","date_gmt":"2024-12-12T05:58:07","guid":{"rendered":"https:\/\/shuangy.gg12.globaldeepsea.site\/?post_type=product&#038;p=308"},"modified":"2024-12-12T13:58:07","modified_gmt":"2024-12-12T05:58:07","slug":"water-proof-box","status":"publish","type":"product","link":"https:\/\/www.soyang-group.com\/tr\/urun\/water-proof-box\/","title":{"rendered":"Su ge\u00e7irmez kutu"},"content":{"rendered":"<div class=\"fl-row fl-row-full-width fl-row-bg-none fl-node-5e997254d129b\" data-node=\"5e997254d129b\">\n<div class=\"fl-row-content-wrap\">\n<div class=\"fl-row-content fl-row-full-width fl-node-content\">\n<div class=\"fl-col-group fl-node-5e997254d1bad\" data-node=\"5e997254d1bad\">\n<div class=\"fl-col fl-node-5e997254d1c02 fl-col-has-cols\" data-node=\"5e997254d1c02\">\n<div class=\"fl-col-content fl-node-content\">\n<div class=\"fl-col-group fl-node-5e9f9a3977ba2 fl-col-group-nested\" data-node=\"5e9f9a3977ba2\">\n<div class=\"fl-col fl-node-5e9f9a39780e0 fl-col-small\" data-node=\"5e9f9a39780e0\">\n<div class=\"fl-col-content fl-node-content\">\n<div class=\"fl-module fl-module-rich-text fl-node-5e997254d1d2f\" data-node=\"5e997254d1d2f\" data-animation-delay=\"0.0\">\n<div class=\"fl-module-content fl-node-content\">\n<div class=\"fl-rich-text\">\n<p><b>\u00dcr\u00fcn detay\u0131:<\/b><b><\/b><\/p>\n<p><b><\/b><b>(1) Mini suya dayan\u0131kl\u0131 kutu<\/b>\u00a0<b><\/b><br \/>\nModel numaras\u0131: FSH-01<br \/>\nMarka Ad\u0131: Shuangyang<br \/>\nTepy: mini<\/p>\n<\/div>\n<\/div>\n<\/div>\n<\/div>\n<\/div>\n<div class=\"fl-col fl-node-5e9f9a3978138\" data-node=\"5e9f9a3978138\">\n<div class=\"fl-col-content fl-node-content\">\n<div class=\"fl-module fl-module-photo fl-node-5e997254d1dc0\" data-node=\"5e997254d1dc0\" data-animation-delay=\"0.0\">\n<div class=\"fl-module-content fl-node-content\">\n<div class=\"fl-photo fl-photo-align-center\">\n<div class=\"fl-photo-content fl-photo-img-png\"><img decoding=\"async\" class=\"fl-photo-img wp-image-1695 size-thumbnail\" src=\"https:\/\/www.soyanggroup.com\/uploads\/38a0b92310-300x217.png\" alt=\"1\" \/><\/div>\n<\/div>\n<\/div>\n<\/div>\n<\/div>\n<\/div>\n<\/div>\n<\/div>\n<\/div>\n<\/div>\n<div class=\"fl-col-group fl-node-5e997254d1e08\" data-node=\"5e997254d1e08\">\n<div class=\"fl-col fl-node-5e997254d1e50\" data-node=\"5e997254d1e50\">\n<div class=\"fl-col-content fl-node-content\">\n<div class=\"fl-module fl-module-rich-text fl-node-5e997254d1e98\" data-node=\"5e997254d1e98\" data-animation-delay=\"0.0\">\n<div class=\"fl-module-content fl-node-content\">\n<div class=\"fl-rich-text\">\n<p><b>A\u00e7\u0131klama ve \u00d6zellikler<\/b><\/p>\n<p>1. D\u0131\u015f \u00e7ap. (Mm): \u03c66.5-\u03c611<br \/>\n2. Waerproof: IP44<br \/>\n3.color:red<br \/>\n4. Boyut: 216x87x85mm<br \/>\n<img decoding=\"async\" class=\"alignnone size-full wp-image-1689\" src=\"https:\/\/www.soyanggroup.com\/uploads\/8d9d4c2f10.png\" alt=\"2\" \/><br \/>\n5.Usage:<br \/>\n<img decoding=\"async\" class=\"alignnone size-full wp-image-1690\" src=\"https:\/\/www.soyanggroup.com\/uploads\/7e4b5ce26.png\" alt=\"3\" \/><br \/>\n6. Tedarik yetene\u011fi: ayl\u0131k 10.000.000 par\u00e7a\/par\u00e7a zamanlay\u0131c\u0131<\/p>\n<p><b>Spesifikasyon<\/b><\/p>\n<p>Paket: Etiketli PP \u00e7antas\u0131<br \/>\nMiktar\/ctn: 50pcs<br \/>\nGW: 9.7kg<br \/>\nKB: 8.8kg<br \/>\nKarton Boyutu: 45x39x42 cm<br \/>\nMiktar\/20 \u2032: 18.300 adet<br \/>\nSertifikalar: CE, Rohs, Reach, PAHS<\/p>\n<\/div>\n<\/div>\n<\/div>\n<\/div>\n<\/div>\n<\/div>\n<\/div>\n<\/div>\n<\/div>\n<div class=\"fl-row fl-row-fixed-width fl-row-bg-none fl-node-5e99710fb8431\" data-node=\"5e99710fb8431\">\n<div class=\"fl-row-content-wrap\">\n<div class=\"fl-row-content fl-row-fixed-width fl-node-content\">\n<div class=\"fl-col-group fl-node-5e99710fbb6e8\" data-node=\"5e99710fbb6e8\">\n<div class=\"fl-col fl-node-5e99710fbb9e7\" data-node=\"5e99710fbb9e7\">\n<div class=\"fl-col-content fl-node-content\">\n<div class=\"fl-module fl-module-photo fl-node-5e99710fb808f\" data-node=\"5e99710fb808f\" data-animation-delay=\"0.0\">\n<div class=\"fl-module-content fl-node-content\">\n<div class=\"fl-photo fl-photo-align-left\">\n<div class=\"fl-photo-content fl-photo-img-png\"><img decoding=\"async\" class=\"fl-photo-img wp-image-1694 size-full\" src=\"https:\/\/www.soyanggroup.com\/uploads\/a19d8a122.png\" alt=\"111\" \/><\/div>\n<\/div>\n<\/div>\n<\/div>\n<\/div>\n<\/div>\n<\/div>\n<\/div>\n<\/div>\n<\/div>\n<div class=\"fl-row fl-row-full-width fl-row-bg-none fl-node-5e996dfb42b4a\" data-node=\"5e996dfb42b4a\">\n<div class=\"fl-row-content-wrap\">\n<div class=\"fl-row-content fl-row-full-width fl-node-content\">\n<div class=\"fl-col-group fl-node-5e9f9a5c13dd8\" data-node=\"5e9f9a5c13dd8\">\n<div class=\"fl-col fl-node-5e9f9a5c1429a fl-col-small\" data-node=\"5e9f9a5c1429a\">\n<div class=\"fl-col-content fl-node-content\">\n<div class=\"fl-module fl-module-rich-text fl-node-5e996e3b1e028\" data-node=\"5e996e3b1e028\" data-animation-delay=\"0.0\">\n<div class=\"fl-module-content fl-node-content\">\n<div class=\"fl-rich-text\">\n<p><b>(2)CEE\u00a0<\/b><b>Su ge\u00e7irmez kutu<\/b>\u00a0<b><\/b><\/p>\n<p>Model numaras\u0131: FSH-02<br \/>\nMarka Ad\u0131: Shuangyang<br \/>\nTeori: End\u00fcstri<\/p>\n<\/div>\n<\/div>\n<\/div>\n<\/div>\n<\/div>\n<div class=\"fl-col fl-node-5e9f9a5c142f3\" data-node=\"5e9f9a5c142f3\">\n<div class=\"fl-col-content fl-node-content\">\n<div class=\"fl-module fl-module-photo fl-node-5e996e6e3cbb6\" data-node=\"5e996e6e3cbb6\" data-animation-delay=\"0.0\">\n<div class=\"fl-module-content fl-node-content\">\n<div class=\"fl-photo fl-photo-align-center\">\n<div class=\"fl-photo-content fl-photo-img-png\"><img decoding=\"async\" class=\"fl-photo-img wp-image-1696 size-thumbnail\" src=\"https:\/\/www.soyanggroup.com\/uploads\/38a0b92311-300x249.png\" alt=\"1\" \/><\/div>\n<\/div>\n<\/div>\n<\/div>\n<\/div>\n<\/div>\n<\/div>\n<div class=\"fl-col-group fl-node-5e996ea8cefcb\" data-node=\"5e996ea8cefcb\">\n<div class=\"fl-col fl-node-5e996ea8cf27e fl-col-has-cols\" data-node=\"5e996ea8cf27e\">\n<div class=\"fl-col-content fl-node-content\">\n<div class=\"fl-module fl-module-rich-text fl-node-5e996ea8cee06\" data-node=\"5e996ea8cee06\" data-animation-delay=\"0.0\">\n<div class=\"fl-module-content fl-node-content\">\n<div class=\"fl-rich-text\">\n<p><b>A\u00e7\u0131klama ve \u00d6zellikler<\/b><\/p>\n<p>1. D\u0131\u015f \u00e7ap. (Mm): \u03c66.5-\u03c612<br \/>\n2. Su ge\u00e7irmez: IP44<br \/>\n3.Color:Blue<br \/>\n4. Boyut: 367x90x103mm<\/p>\n<\/div>\n<\/div>\n<\/div>\n<div class=\"fl-col-group fl-node-5e9fabf342e33 fl-col-group-nested\" data-node=\"5e9fabf342e33\">\n<div class=\"fl-col fl-node-5e9fabf34342d\" data-node=\"5e9fabf34342d\">\n<div class=\"fl-col-content fl-node-content\">\n<div class=\"fl-module fl-module-photo fl-node-5e99734426101\" data-node=\"5e99734426101\" data-animation-delay=\"0.0\">\n<div class=\"fl-module-content fl-node-content\">\n<div class=\"fl-photo fl-photo-align-center\">\n<div class=\"fl-photo-content fl-photo-img-png\"><img decoding=\"async\" class=\"fl-photo-img wp-image-1697 size-full\" src=\"https:\/\/www.soyanggroup.com\/uploads\/8d9d4c2f11.png\" alt=\"2\" \/><\/div>\n<\/div>\n<\/div>\n<\/div>\n<\/div>\n<\/div>\n<div class=\"fl-col fl-node-5e9fabf343484 fl-col-small\" data-node=\"5e9fabf343484\">\n<div class=\"fl-col-content fl-node-content\"><\/div>\n<\/div>\n<\/div>\n<\/div>\n<\/div>\n<\/div>\n<div class=\"fl-col-group fl-node-5e99735e7a0b0\" data-node=\"5e99735e7a0b0\">\n<div class=\"fl-col fl-node-5e99735e7a50c\" data-node=\"5e99735e7a50c\">\n<div class=\"fl-col-content fl-node-content\">\n<div class=\"fl-module fl-module-rich-text fl-node-5e99735a8f4df\" data-node=\"5e99735a8f4df\" data-animation-delay=\"0.0\">\n<div class=\"fl-module-content fl-node-content\">\n<div class=\"fl-rich-text\">\n<p>5.Usage<\/p>\n<\/div>\n<\/div>\n<\/div>\n<\/div>\n<\/div>\n<\/div>\n<div class=\"fl-col-group fl-node-5e9fac35bc8f0\" data-node=\"5e9fac35bc8f0\">\n<div class=\"fl-col fl-node-5e9fac35bce94\" data-node=\"5e9fac35bce94\">\n<div class=\"fl-col-content fl-node-content\">\n<div class=\"fl-module fl-module-photo fl-node-5e99737fb1d36\" data-node=\"5e99737fb1d36\" data-animation-delay=\"0.0\">\n<div class=\"fl-module-content fl-node-content\">\n<div class=\"fl-photo fl-photo-align-center\">\n<div class=\"fl-photo-content fl-photo-img-png\"><img decoding=\"async\" class=\"fl-photo-img wp-image-1699\" src=\"http:\/\/c517.quanqiusou.cn\/uploads\/7e4b5ce28.png\" alt=\"3\" \/><\/div>\n<\/div>\n<\/div>\n<\/div>\n<\/div>\n<\/div>\n<div class=\"fl-col fl-node-5e9fac35bceed fl-col-small\" data-node=\"5e9fac35bceed\">\n<div class=\"fl-col-content fl-node-content\"><\/div>\n<\/div>\n<\/div>\n<div class=\"fl-col-group fl-node-5e9973a0c1e72\" data-node=\"5e9973a0c1e72\">\n<div class=\"fl-col fl-node-5e9973a0c2306\" data-node=\"5e9973a0c2306\">\n<div class=\"fl-col-content fl-node-content\">\n<div class=\"fl-module fl-module-rich-text fl-node-5e99739cda354\" data-node=\"5e99739cda354\" data-animation-delay=\"0.0\">\n<div class=\"fl-module-content fl-node-content\">\n<div class=\"fl-rich-text\">\n<p>6. Tedarik yetene\u011fi: ayl\u0131k 10.000.000 par\u00e7a\/par\u00e7a zamanlay\u0131c\u0131<\/p>\n<p><b>Spesifikasyon<\/b><\/p>\n<p>Paket: Kartl\u0131 PP \u00e7antas\u0131<br \/>\nMiktar\/ctn: 10 adet<br \/>\nGW: 3.9kg<br \/>\nKB: 2.9kg<br \/>\nKarton Boyutu: 46x37x21 cm<br \/>\nMiktar\/20 \u2032: 7.550 adet<br \/>\nSertifikalar: CE, Rohs, Reach, PAHS<\/p>\n<\/div>\n<\/div>\n<\/div>\n<\/div>\n<\/div>\n<\/div>\n<\/div>\n<\/div>\n<\/div>\n<div class=\"fl-row fl-row-fixed-width fl-row-bg-none fl-node-5e9973c6a10f6\" data-node=\"5e9973c6a10f6\">\n<div class=\"fl-row-content-wrap\">\n<div class=\"fl-row-content fl-row-fixed-width fl-node-content\">\n<div class=\"fl-col-group fl-node-5e9973c6a1578\" data-node=\"5e9973c6a1578\">\n<div class=\"fl-col fl-node-5e9973c6a15c8\" data-node=\"5e9973c6a15c8\">\n<div class=\"fl-col-content fl-node-content\">\n<div class=\"fl-module fl-module-photo fl-node-5e9973c6a1615\" data-node=\"5e9973c6a1615\" data-animation-delay=\"0.0\">\n<div class=\"fl-module-content fl-node-content\">\n<div class=\"fl-photo fl-photo-align-left\">\n<div class=\"fl-photo-content fl-photo-img-png\"><img decoding=\"async\" class=\"fl-photo-img wp-image-1694 size-full\" src=\"https:\/\/www.soyanggroup.com\/uploads\/a19d8a122.png\" alt=\"111\" \/><\/div>\n<\/div>\n<\/div>\n<\/div>\n<\/div>\n<\/div>\n<\/div>\n<\/div>\n<\/div>\n<\/div>\n<div class=\"fl-row fl-row-fixed-width fl-row-bg-none fl-node-5e9973e722fd7\" data-node=\"5e9973e722fd7\">\n<div class=\"fl-row-content-wrap\">\n<div class=\"fl-row-content fl-row-fixed-width fl-node-content\">\n<div class=\"fl-col-group fl-node-5ea53002ddc48\" data-node=\"5ea53002ddc48\">\n<div class=\"fl-col fl-node-5ea53002de02e\" data-node=\"5ea53002de02e\">\n<div class=\"fl-col-content fl-node-content\">\n<div class=\"fl-module fl-module-rich-text fl-node-5ea53002dd9ae\" data-node=\"5ea53002dd9ae\" data-animation-delay=\"0.0\">\n<div class=\"fl-module-content fl-node-content\">\n<div class=\"fl-rich-text\">\n<h3><b>\u00dcretim ak\u0131\u015f\u0131:<\/b><b><\/b><\/h3>\n<\/div>\n<\/div>\n<\/div>\n<\/div>\n<\/div>\n<\/div>\n<div class=\"fl-col-group fl-node-5e9973e729e0e\" data-node=\"5e9973e729e0e\">\n<div class=\"fl-col fl-node-5e9973e72a1b7 fl-col-small\" data-node=\"5e9973e72a1b7\">\n<div class=\"fl-col-content fl-node-content\">\n<div class=\"fl-module fl-module-heading fl-node-5e9974ae31156\" data-node=\"5e9974ae31156\" data-animation-delay=\"0.0\">\n<div class=\"fl-module-content fl-node-content\">\n<h3 class=\"fl-heading\"><span class=\"fl-heading-text\">Rawmaterials (TimerSockets)<\/span><\/h3>\n<\/div>\n<\/div>\n<div class=\"fl-module fl-module-photo fl-node-5e9974220fab4\" data-node=\"5e9974220fab4\" data-animation-delay=\"0.0\">\n<div class=\"fl-module-content fl-node-content\">\n<div class=\"fl-photo fl-photo-align-center\">\n<div class=\"fl-photo-content fl-photo-img-png\"><img decoding=\"async\" class=\"fl-photo-img wp-image-1700 size-full\" src=\"https:\/\/www.soyanggroup.com\/uploads\/38a0b92312.png\" alt=\"1\" \/><\/div>\n<\/div>\n<\/div>\n<\/div>\n<\/div>\n<\/div>\n<div class=\"fl-col fl-node-5e9973e72a20f fl-col-small\" data-node=\"5e9973e72a20f\">\n<div class=\"fl-col-content fl-node-content\">\n<div class=\"fl-module fl-module-heading fl-node-5e99746f5c869\" data-node=\"5e99746f5c869\" data-animation-delay=\"0.0\">\n<div class=\"fl-module-content fl-node-content\">\n<h3 class=\"fl-heading\"><span class=\"fl-heading-text\">enjeksiyon<\/span><\/h3>\n<\/div>\n<\/div>\n<div class=\"fl-module fl-module-photo fl-node-5e99740fd34d5\" data-node=\"5e99740fd34d5\" data-animation-delay=\"0.0\">\n<div class=\"fl-module-content fl-node-content\">\n<div class=\"fl-photo fl-photo-align-center\">\n<div class=\"fl-photo-content fl-photo-img-png\"><img decoding=\"async\" class=\"fl-photo-img wp-image-1701 size-full\" src=\"https:\/\/www.soyanggroup.com\/uploads\/8d9d4c2f12.png\" alt=\"2\" \/><\/div>\n<\/div>\n<\/div>\n<\/div>\n<\/div>\n<\/div>\n<div class=\"fl-col fl-node-5e9973e72a262 fl-col-small\" data-node=\"5e9973e72a262\">\n<div class=\"fl-col-content fl-node-content\">\n<div class=\"fl-module fl-module-heading fl-node-5e9974b62b77d\" data-node=\"5e9974b62b77d\" data-animation-delay=\"0.0\">\n<div class=\"fl-module-content fl-node-content\">\n<h3 class=\"fl-heading\"><span class=\"fl-heading-text\">per\u00e7inleme<\/span><\/h3>\n<\/div>\n<\/div>\n<div class=\"fl-module fl-module-photo fl-node-5e997423b7a10\" data-node=\"5e997423b7a10\" data-animation-delay=\"0.0\">\n<div class=\"fl-module-content fl-node-content\">\n<div class=\"fl-photo fl-photo-align-center\">\n<div class=\"fl-photo-content fl-photo-img-png\"><img decoding=\"async\" class=\"fl-photo-img wp-image-1703 size-full\" src=\"https:\/\/www.soyanggroup.com\/uploads\/7e4b5ce210.png\" alt=\"3\" \/><\/div>\n<\/div>\n<\/div>\n<\/div>\n<\/div>\n<\/div>\n<\/div>\n<\/div>\n<\/div>\n<\/div>\n<div class=\"fl-row fl-row-fixed-width fl-row-bg-none fl-node-5e9974e84048d\" data-node=\"5e9974e84048d\">\n<div class=\"fl-row-content-wrap\">\n<div class=\"fl-row-content fl-row-fixed-width fl-node-content\">\n<div class=\"fl-col-group fl-node-5e9974e840ef3\" data-node=\"5e9974e840ef3\">\n<div class=\"fl-col fl-node-5e9974e840f47 fl-col-small\" data-node=\"5e9974e840f47\">\n<div class=\"fl-col-content fl-node-content\">\n<div class=\"fl-module fl-module-heading fl-node-5e9974e840f9c\" data-node=\"5e9974e840f9c\" data-animation-delay=\"0.0\">\n<div class=\"fl-module-content fl-node-content\">\n<h3 class=\"fl-heading\"><span class=\"fl-heading-text\">montaj<\/span><\/h3>\n<\/div>\n<\/div>\n<div class=\"fl-module fl-module-photo fl-node-5e9974e840ff7\" data-node=\"5e9974e840ff7\" data-animation-delay=\"0.0\">\n<div class=\"fl-module-content fl-node-content\">\n<div class=\"fl-photo fl-photo-align-center\">\n<div class=\"fl-photo-content fl-photo-img-png\"><img decoding=\"async\" class=\"fl-photo-img wp-image-1704\" src=\"http:\/\/c517.quanqiusou.cn\/uploads\/79a2f3e72.png\" alt=\"4\" \/><\/div>\n<\/div>\n<\/div>\n<\/div>\n<\/div>\n<\/div>\n<div class=\"fl-col fl-node-5e9974e841044 fl-col-small\" data-node=\"5e9974e841044\">\n<div class=\"fl-col-content fl-node-content\">\n<div class=\"fl-module fl-module-heading fl-node-5e9974e84108e\" data-node=\"5e9974e84108e\" data-animation-delay=\"0.0\">\n<div class=\"fl-module-content fl-node-content\">\n<h3 class=\"fl-heading\"><span class=\"fl-heading-text\">test<\/span><\/h3>\n<\/div>\n<\/div>\n<div class=\"fl-module fl-module-photo fl-node-5e9974e8410d7\" data-node=\"5e9974e8410d7\" data-animation-delay=\"0.0\">\n<div class=\"fl-module-content fl-node-content\">\n<div class=\"fl-photo fl-photo-align-center\">\n<div class=\"fl-photo-content fl-photo-img-png\"><img decoding=\"async\" class=\"fl-photo-img wp-image-1705\" src=\"http:\/\/c517.quanqiusou.cn\/uploads\/7fbbce231.png\" alt=\"5\" \/><\/div>\n<\/div>\n<\/div>\n<\/div>\n<\/div>\n<\/div>\n<div class=\"fl-col fl-node-5e9974e841122 fl-col-small\" data-node=\"5e9974e841122\">\n<div class=\"fl-col-content fl-node-content\">\n<div class=\"fl-module fl-module-heading fl-node-5e9974e841172\" data-node=\"5e9974e841172\" data-animation-delay=\"0.0\">\n<div class=\"fl-module-content fl-node-content\">\n<h3 class=\"fl-heading\"><span class=\"fl-heading-text\">depo<\/span><\/h3>\n<\/div>\n<\/div>\n<div class=\"fl-module fl-module-photo fl-node-5e9974e8411cb\" data-node=\"5e9974e8411cb\" data-animation-delay=\"0.0\">\n<div class=\"fl-module-content fl-node-content\">\n<div class=\"fl-photo fl-photo-align-center\">\n<div class=\"fl-photo-content fl-photo-img-png\"><img decoding=\"async\" class=\"fl-photo-img wp-image-1706\" src=\"http:\/\/c517.quanqiusou.cn\/uploads\/1c5a880f1.png\" alt=\"6\" \/><\/div>\n<\/div>\n<\/div>\n<\/div>\n<\/div>\n<\/div>\n<\/div>\n<\/div>\n<\/div>\n<\/div>\n<div class=\"fl-row fl-row-fixed-width fl-row-bg-none fl-node-5e9975353b2b5\" data-node=\"5e9975353b2b5\">\n<div class=\"fl-row-content-wrap\">\n<div class=\"fl-row-content fl-row-fixed-width fl-node-content\">\n<div class=\"fl-col-group fl-node-5e9975354602f\" data-node=\"5e9975354602f\">\n<div class=\"fl-col fl-node-5e99753546455\" data-node=\"5e99753546455\">\n<div class=\"fl-col-content fl-node-content\">\n<div class=\"fl-module fl-module-rich-text fl-node-5e9975353a998\" data-node=\"5e9975353a998\" data-animation-delay=\"0.0\">\n<div class=\"fl-module-content fl-node-content\">\n<div class=\"fl-rich-text\">\n<p><b>Avantaj<\/b><b><\/b><\/p>\n<ul>\n<li>Marka par\u00e7alar\u0131<\/li>\n<li>Men\u015fei \u00fclke<\/li>\n<li>Sunulan distrib\u00fct\u00f6rl\u00fckler<\/li>\n<li>Deneyimli personel<\/li>\n<li>Bi\u00e7im A<\/li>\n<li>Ye\u015fil \u00fcr\u00fcn<\/li>\n<li>Garanti\/Garanti<\/li>\n<li>Uluslararas\u0131 Onaylar<\/li>\n<li>Ambalajlama<\/li>\n<li>Fiyat<\/li>\n<li>\u00dcr\u00fcn \u00f6zellikleri<\/li>\n<li>\u00dcr\u00fcn performans\u0131<\/li>\n<li>H\u0131zl\u0131 teslimat<\/li>\n<li>Kalite onaylar\u0131<\/li>\n<li>\u0130tibar<\/li>\n<li>Hizmet vermek<\/li>\n<li>Kabul edilen k\u00fc\u00e7\u00fck sipari\u015fler<\/li>\n<li>OEM ve ODM hizmeti<\/li>\n<li>Y\u00fcksek kalitede<\/li>\n<\/ul>\n<\/div>\n<\/div>\n<\/div>\n<\/div>\n<\/div>\n<\/div>\n<\/div>\n<\/div>\n<\/div>\n<div class=\"fl-row fl-row-fixed-width fl-row-bg-none fl-node-5e99755ec0ded\" data-node=\"5e99755ec0ded\">\n<div class=\"fl-row-content-wrap\">\n<div class=\"fl-row-content fl-row-fixed-width fl-node-content\">\n<div class=\"fl-col-group fl-node-5e99755ec12f3\" data-node=\"5e99755ec12f3\">\n<div class=\"fl-col fl-node-5e99755ec1343\" data-node=\"5e99755ec1343\">\n<div class=\"fl-col-content fl-node-content\">\n<div class=\"fl-module fl-module-rich-text fl-node-5e99755ec138e\" data-node=\"5e99755ec138e\" data-animation-delay=\"0.0\">\n<div class=\"fl-module-content fl-node-content\">\n<div class=\"fl-rich-text\">\n<p><b>Packaging&amp;Payment&amp;Shippment<\/b><br \/>\n<strong>Ambalaj Detaylar\u0131: Etiketli PP \u00e7antas\u0131<\/strong><br \/>\n<strong>Payment Method:Advance TT, T\/T, L\/C<\/strong><br \/>\n<strong>Teslimat: Depoziti ald\u0131ktan 30-35 g\u00fcn sonra<\/strong><br \/>\n<strong>Port:Ningbo or Shanghai<\/strong><\/p>\n<p><b>Company Profile:<\/b><b><\/b><br \/>\n1.Business Type:Manufacturer, Trading Company<br \/>\n2.Main products:Timer Sockets,Cable,Cable Reels,Lighting<br \/>\n3. Toplam \u00c7al\u0131\u015fanlar: 501 - 1000 ki\u015fi<br \/>\n4.Year Established:1994<br \/>\n5.Management System Certification: ISO9001, ISO14001, OHSAS18001<br \/>\n6. Country \/ Region:Zhejiang, China<br \/>\n7.Ownership:Private owner<br \/>\n8. Ana Piyasalar:<\/p>\n<p>Do\u011fu Avrupa 39.00%<br \/>\nKuzey Avrupa 30.00%<br \/>\nBat\u0131 Avrupa 16.00%<br \/>\nDomestic Market:7%<br \/>\nMid East:5%<br \/>\nSouth America:3%<\/p>\n<p>&nbsp;<\/p>\n<p><b>SSS:<\/b><br \/>\n1. \u00dcr\u00fcnleriniz konuklar logosunu yazd\u0131rabilir mi?<br \/>\nEvet, konuklar logoyu sa\u011flar, \u00fcr\u00fcne yazd\u0131rabiliriz.<br \/>\n2. Hangi sosyal sorumluluk denetimini ge\u00e7tiniz?<br \/>\nEvet, bsci var, sedex.<br \/>\n3. Fiyatlar\u0131n\u0131z nedir?<br \/>\nFiyatlar\u0131m\u0131z arz ve di\u011fer piyasa fakt\u00f6rlerine ba\u011fl\u0131 olarak de\u011fi\u015febilir. Conmany'nizden sonra size daha fazla bilgi i\u00e7in bize ula\u015f\u0131n.<\/p>\n<\/div>\n<\/div>\n<\/div>\n<\/div>\n<\/div>\n<\/div>\n<\/div>\n<\/div>\n<\/div>","protected":false},"excerpt":{"rendered":"<p>Model No.: Su ge\u00e7irmez kutu<\/p>\n<p>Marka Ad\u0131: Shuangyang<\/p>\n<p>Kabuk Malzemesi: PP<\/p>\n<p>Kullan\u0131m: Su ge\u00e7irmez<\/p>\n<p>Sava\u015f\u00e7\u0131: 1 y\u0131l<\/p>\n<p>Sertifika: CE, Rohs, Reach, PAHS<\/p>","protected":false},"featured_media":309,"template":"","meta":[],"product_cat":[31],"product_tag":[32],"class_list":{"0":"post-308","1":"product","2":"type-product","3":"status-publish","4":"has-post-thumbnail","6":"product_cat-wate-proof-box","7":"product_tag-water-proof-box","9":"first","10":"instock","11":"shipping-taxable","12":"product-type-simple"},"_links":{"self":[{"href":"https:\/\/www.soyang-group.com\/tr\/wp-json\/wp\/v2\/product\/308","targetHints":{"allow":["GET"]}}],"collection":[{"href":"https:\/\/www.soyang-group.com\/tr\/wp-json\/wp\/v2\/product"}],"about":[{"href":"https:\/\/www.soyang-group.com\/tr\/wp-json\/wp\/v2\/types\/product"}],"version-history":[{"count":0,"href":"https:\/\/www.soyang-group.com\/tr\/wp-json\/wp\/v2\/product\/308\/revisions"}],"wp:featuredmedia":[{"embeddable":true,"href":"https:\/\/www.soyang-group.com\/tr\/wp-json\/wp\/v2\/media\/309"}],"wp:attachment":[{"href":"https:\/\/www.soyang-group.com\/tr\/wp-json\/wp\/v2\/media?parent=308"}],"wp:term":[{"taxonomy":"product_cat","embeddable":true,"href":"https:\/\/www.soyang-group.com\/tr\/wp-json\/wp\/v2\/product_cat?post=308"},{"taxonomy":"product_tag","embeddable":true,"href":"https:\/\/www.soyang-group.com\/tr\/wp-json\/wp\/v2\/product_tag?post=308"}],"curies":[{"name":"wp","href":"https:\/\/api.w.org\/{rel}","templated":true}]}}