{"id":266,"date":"2024-12-12T13:10:17","date_gmt":"2024-12-12T05:10:17","guid":{"rendered":"https:\/\/shuangy.gg12.globaldeepsea.site\/?post_type=product&#038;p=266"},"modified":"2024-12-12T13:10:17","modified_gmt":"2024-12-12T05:10:17","slug":"2-1a-usb-socket","status":"publish","type":"product","link":"https:\/\/www.soyang-group.com\/uk\/product\/2-1a-usb-socket\/","title":{"rendered":"2.1A USB Socket"},"content":{"rendered":"<p><strong>\u041e\u0433\u043b\u044f\u0434<\/strong><\/p>\n<p><strong>\u0428\u0432\u0438\u0434\u043a\u0456 \u0434\u0435\u0442\u0430\u043b\u0456<\/strong><br \/>\n\u041c\u0456\u0441\u0446\u0435 \u043f\u043e\u0445\u043e\u0434\u0436\u0435\u043d\u043d\u044f: \u0427\u0436\u0435\u0446\u0437\u044f\u043d, \u041a\u0438\u0442\u0430\u0439<br \/>\n\u0411\u0440\u0435\u043d\u0434: Soyang<br \/>\n\u041d\u043e\u043c\u0435\u0440 \u043c\u043e\u0434\u0435\u043b\u0456: USB-D2<br \/>\n\u041f\u043e\u0441\u0442\u0456\u0439\u043d\u0438\u0439 \u0441\u0442\u0440\u0443\u043c: 5 \u0412 \u0437\u043c\u0456\u043d\u043d\u043e\u0433\u043e \u0441\u0442\u0440\u0443\u043c\u0443<br \/>\nMax:2.1A<br \/>\n\u041a\u043e\u043b\u0456\u0440: \u0411\u0456\u043b\u0438\u0439<br \/>\n\u0417\u0430\u0441\u0442\u043e\u0441\u0443\u0432\u0430\u043d\u043d\u044f: \u041f\u0435\u0440\u0435\u043c\u0438\u043a\u0430\u0447 \u0442\u0430\u0439\u043c\u0435\u0440\u0430<\/p>\n<p><strong>\u0417\u0434\u0430\u0442\u043d\u0456\u0441\u0442\u044c \u043f\u043e\u0441\u0442\u0430\u0447\u0430\u043d\u043d\u044f<\/strong><br \/>\nSupply Ability:100000 Piece\/Pieces per Month<\/p>\n<p><strong>\u0423\u043f\u0430\u043a\u043e\u0432\u043a\u0430 \u0442\u0430 \u0434\u043e\u0441\u0442\u0430\u0432\u043a\u0430<\/strong><br \/>\n\u0414\u0435\u0442\u0430\u043b\u0456 \u0443\u043f\u0430\u043a\u043e\u0432\u043a\u0438: \u041f\u043e\u0434\u0432\u0456\u0439\u043d\u0438\u0439 \u0431\u043b\u0456\u0441\u0442\u0435\u0440, 10\u0448\u0442\/ \u0432\u043d\u0443\u0442\u0440\u0456\u0448\u043d\u044f \u0441\u043a\u0440\u0438\u043d\u044c\u043a\u0430, 60\u0448\u0442\/ \u0437\u043e\u0432\u043d\u0456\u0448\u043d\u044f \u043a\u043e\u0440\u043e\u0431\u043a\u0430<br \/>\nPort:Ningbo\/Shanghai<br \/>\n\u0427\u0430\u0441 :<br \/>\n\u041a\u0456\u043b\u044c\u043a\u0456\u0441\u0442\u044c (\u0448\u043c\u0430\u0442\u043a\u0438) 1 - 10000&gt; 10000<br \/>\n\u0415\u0441\u0442. \u0427\u0430\u0441 (\u0434\u043d\u0456) 60, \u0449\u043e\u0431 \u0434\u043e\u043c\u043e\u0432\u0438\u0442\u0438\u0441\u044c<\/p>\n<p>&nbsp;<\/p>\n<p><strong>\u0414\u0435\u0442\u0430\u043b\u044c\u043d\u0438\u0439 \u043e\u043f\u0438\u0441 \u0442\u043e\u0432\u0430\u0440\u0443<\/strong><\/p>\n<p><strong>2.1A USB Socket<\/strong><br \/>\n\u041d\u043e\u043c\u0435\u0440 \u043c\u043e\u0434\u0435\u043b\u0456: USB-D2<br \/>\n\u041d\u0456\u043c\u0435\u0447\u0447\u0438\u043d\u0430<br \/>\n\u041d\u0430\u0437\u0432\u0456\u0442\u044c \u0442\u043e\u0440\u0433\u043e\u0432\u043e\u0457 \u043c\u0430\u0440\u043a\u0438: shuangyang<br \/>\n\u0412\u0438\u043a\u043e\u0440\u0438\u0441\u0442\u0430\u043d\u043d\u044f: \u0440\u043e\u0437\u0435\u0442\u043a\u0430 \u0437 \u0437\u0430\u0440\u044f\u0434\u043d\u0438\u043c \u043f\u0440\u0438\u0441\u0442\u0440\u043e\u0454\u043c<br \/>\n\u0422\u0435\u043e\u0440\u0456\u044f: \u041c\u0435\u0445\u0430\u043d\u0456\u0447\u043d\u0430<br \/>\n\u041e\u043f\u0438\u0441 \u0442\u0430 \u0444\u0443\u043d\u043a\u0446\u0456\u0457<br \/>\n1.Max: 2.1A<br \/>\n2.dc: 5\u0412<br \/>\n3. \u0420\u043e\u0437\u043c\u0456\u0440 \u043e\u0434\u0438\u043d\u0438\u0446\u0456:<\/p>\n<p><a class=\"fancybox\" href=\"https:\/\/www.soyanggroup.com\/uploads\/125.jpg\" target=\"_blank\" rel=\"noopener\"><img decoding=\"async\" class=\"alignnone size-full wp-image-4344\" src=\"https:\/\/www.soyanggroup.com\/uploads\/125.jpg\" alt=\"1\" \/><\/a><\/p>\n<p>4. \u0417\u0434\u0430\u0442\u043d\u0456\u0441\u0442\u044c \u043f\u043e\u0441\u0442\u0430\u0447\u0430\u043d\u043d\u044f: 1000000 \u0448\u0442\u0443\u043a\/\u0448\u043c\u0430\u0442\u043a\u0438 \u043d\u0430 \u043c\u0456\u0441\u044f\u0446\u044c \u0422\u0430\u0439\u043c\u0435\u0440<br \/>\n5. \u0414\u043e\u0441\u0442\u0443\u043f\u043d\u0430 \u0454\u043c\u043d\u0456\u0441\u0442\u044c \u0434\u043b\u044f \u0456\u043d\u0448\u043e\u0433\u043e \u0434\u0438\u0437\u0430\u0439\u043d\u0443: \u0432\u0435\u0440\u0441\u0456\u044f Gemany, \u0432\u0435\u0440\u0441\u0456\u044f \u0414\u0430\u043d\u0456\u0457, \u0432\u0435\u0440\u0441\u0456\u044f \u0424\u0440\u0430\u043d\u0446\u0456\u0457<\/p>\n<p>&nbsp;<\/p>\n<p><strong>\u0421\u043f\u0435\u0446\u0438\u0444\u0456\u043a\u0430\u0446\u0456\u044f<\/strong><br \/>\n\u043f\u0430\u043a\u0435\u0442: \u043f\u043e\u0434\u0432\u0456\u0439\u043d\u0438\u0439 \u0431\u043b\u0456\u0441\u0442\u0435\u0440<br \/>\n\u041a\u0456\u043b\u044c\u043a\u0456\u0441\u0442\u044c\/\u043f\u043e\u043b\u0435: 10\u0448\u0442<br \/>\nQty\/ctn: 60pcs<br \/>\nGW: 5,8 \u043a\u0433<br \/>\nNW: 4,8 \u043a\u0433<br \/>\n\u0420\u043e\u0437\u043c\u0456\u0440 \u043a\u043e\u0440\u043e\u0431\u043a\u0438: 38*73*23 \u0441\u043c<br \/>\nQty\/20 \u2032: 23,040pcs<br \/>\n\u0441\u0435\u0440\u0442\u0438\u0444\u0456\u043a\u0430\u0442\u0438: gs, ce, rohs, reach, pahs<\/p>\n<p>&nbsp;<\/p>\n<p><strong>Sales point<\/strong><br \/>\n1.High quality<br \/>\n2.Favorable price<br \/>\n3.Great variety of products<br \/>\n4.Attractive design<br \/>\n5.Environment friendly technology<br \/>\n6.OEM and ODM service provided<\/p>\n<p>&nbsp;<\/p>\n<p><strong>\u0423\u043f\u0430\u043a\u043e\u0432\u043a\u0430 \u0442\u0430 \u043e\u043f\u043b\u0430\u0442\u0430 \u0442\u0430 \u0432\u0438\u043f\u0443\u0441\u043a<\/strong><br \/>\n\u0414\u0435\u0442\u0430\u043b\u0456 \u0443\u043f\u0430\u043a\u043e\u0432\u043a\u0438: \u0411\u0456\u043b\u0430 \u043a\u043e\u0440\u043e\u0431\u043a\u0430<br \/>\n\u041c\u0435\u0442\u043e\u0434 \u043e\u043f\u043b\u0430\u0442\u0438: \u041f\u043e\u043f\u0435\u0440\u0435\u0434\u043d\u0456\u0439 TT, T\/T, L\/C<br \/>\n\u0414\u043e\u0441\u0442\u0430\u0432\u043a\u0430: 30-45 \u0434\u043d\u0456\u0432 \u043f\u0456\u0441\u043b\u044f \u043e\u0442\u0440\u0438\u043c\u0430\u043d\u043d\u044f \u0434\u0435\u043f\u043e\u0437\u0438\u0442\u0443<br \/>\n\u041f\u043e\u0440\u0442: \u041d\u0456\u043d\u0433\u0431\u043e \u0430\u0431\u043e \u0428\u0430\u043d\u0445\u0430\u0439<\/p>\n<p>&nbsp;<\/p>\n<p><strong>Our Services<\/strong><br \/>\n1. Once get your message, we will reply you in 24 hours<br \/>\n2. We have professional sales team to offer service for you<br \/>\n3. Offer 2 years as warranty time and after-sales service<\/p>\n<p>&nbsp;<\/p>\n<p><strong>\u0406\u043d\u0444\u043e\u0440\u043c\u0430\u0446\u0456\u044f \u043f\u0440\u043e \u043a\u043e\u043c\u043f\u0430\u043d\u0456\u044e<\/strong><\/p>\n<p>Zhejiang Shuangyang Group Co.ltd. \u0411\u0443\u043b\u0430 \u0437\u0430\u0441\u043d\u043e\u0432\u0430\u043d\u0430 \u0432 1986 \u0440\u043e\u0446\u0456, \u0454 \u043f\u0440\u0438\u0432\u0430\u0442\u043d\u0438\u043c \u043f\u0456\u0434\u043f\u0440\u0438\u0454\u043c\u0441\u0442\u0432\u043e\u043c, \u043e\u0434\u043d\u0438\u043c \u0456\u0437 \u0437\u0456\u0440\u043a\u043e\u0432\u0438\u0445 \u043f\u0456\u0434\u043f\u0440\u0438\u0454\u043c\u0441\u0442\u0432 \u043c\u0456\u0441\u0442\u0430 \u041d\u0456\u043d\u0433\u0431\u043e \u0432 1998 \u0440\u043e\u0446\u0456 \u0442\u0430 \u0437\u0430\u0442\u0432\u0435\u0440\u0434\u0436\u0435\u043d\u043e ISO9001\/14000\/18000. \u041c\u0438 \u0440\u043e\u0437\u0442\u0430\u0448\u043e\u0432\u0430\u043d\u0456 \u0432 \u0421\u0456\u043a\u0441\u0456, \u043c\u0456\u0441\u0442\u043e \u041d\u0456\u043d\u0433\u0431\u043e, \u044f\u043a\u0438\u0439 \u0454 \u043b\u0438\u0448\u0435 \u043e\u0434\u043d\u0456\u0454\u044e \u0433\u043e\u0434\u0438\u043d\u043e\u044e \u0434\u043e \u0433\u0430\u0432\u0430\u043d\u0456 \u0442\u0430 \u0430\u0435\u0440\u043e\u043f\u043e\u0440\u0442\u0443 \u041d\u0456\u043d\u0433\u0431\u043e, \u0456 \u0434\u0432\u0456 \u0433\u043e\u0434\u0438\u043d\u0438 \u0434\u043e \u0428\u0430\u043d\u0445\u0430\u044f.<\/p>\n<p><a class=\"fancybox\" href=\"https:\/\/www.soyanggroup.com\/uploads\/11.jpg\" target=\"_blank\" rel=\"noopener\"><img decoding=\"async\" class=\"alignnone size-full wp-image-4014\" src=\"https:\/\/www.soyanggroup.com\/uploads\/11.jpg\" alt=\"\u00c4\u00da\u00d2\u00b3\u00d0\u00a7\u00b9\u00fb-1\" \/><\/a><br \/>\n\u0414\u043e \u0446\u0438\u0445 \u043f\u0456\u0440 \u0437\u0430\u0440\u0435\u0454\u0441\u0442\u0440\u043e\u0432\u0430\u043d\u0438\u0439 \u043a\u0430\u043f\u0456\u0442\u0430\u043b \u0441\u0442\u0430\u043d\u043e\u0432\u0438\u0442\u044c \u043f\u043e\u043d\u0430\u0434 16 \u043c\u0456\u043b\u044c\u0439\u043e\u043d\u0456\u0432 \u0434\u043e\u043b\u0430\u0440\u0456\u0432 \u0421\u0428\u0410. \u041d\u0430\u0448\u0430 \u043f\u043b\u043e\u0449\u0430 \u043f\u0456\u0434\u043b\u043e\u0433\u0438 \u0441\u0442\u0430\u043d\u043e\u0432\u0438\u0442\u044c \u0431\u043b\u0438\u0437\u044c\u043a\u043e 120 000 \u043a\u0432.\u043c, \u0430 \u0437\u043e\u043d\u0430 \u0431\u0443\u0434\u0456\u0432\u043d\u0438\u0446\u0442\u0432\u0430 - \u0431\u043b\u0438\u0437\u044c\u043a\u043e 85 000 \u043a\u0432. \u041c. \u0423 2018 \u0440\u043e\u0446\u0456 \u043d\u0430\u0448 \u0437\u0430\u0433\u0430\u043b\u044c\u043d\u0438\u0439 \u043f\u0435\u0440\u0435\u0445\u0456\u0434 \u0441\u0442\u0430\u043d\u043e\u0432\u0438\u0442\u044c 80 \u043c\u0456\u043b\u044c\u0439\u043e\u043d\u0456\u0432 USDollar. \u0423 \u043d\u0430\u0441 \u0454 \u0434\u0435\u0441\u044f\u0442\u044c \u043d\u0430\u0443\u043a\u043e\u0432\u043e -\u0434\u043e\u0441\u043b\u0456\u0434\u043d\u0438\u0445 \u0442\u0430 \u043f\u043e\u043d\u0430\u0434 100 \u044f\u043a\u043e\u0441\u0442\u0435\u0439, \u0449\u043e\u0431 \u0433\u0430\u0440\u0430\u043d\u0442\u0443\u0432\u0430\u0442\u0438 \u044f\u043a\u0456\u0441\u0442\u044c, \u0449\u043e\u0440\u043e\u043a\u0443 \u043c\u0438 \u0440\u043e\u0437\u0440\u043e\u0431\u043b\u044f\u0454\u043c\u043e \u0442\u0430 \u0440\u043e\u0437\u0440\u043e\u0431\u043b\u044f\u0454\u043c\u043e \u043f\u043e\u043d\u0430\u0434 \u0434\u0435\u0441\u044f\u0442\u044c \u043d\u043e\u0432\u0438\u0445 \u043f\u0440\u043e\u0434\u0443\u043a\u0442\u0456\u0432, \u0449\u043e \u0434\u0456\u044e\u0442\u044c \u044f\u043a \u043f\u0440\u043e\u0432\u0456\u0434\u043d\u0438\u0439 \u0432\u0438\u0440\u043e\u0431\u043d\u0438\u043a.<\/p>\n<p>\u041d\u0430\u0448\u0456 \u043e\u0441\u043d\u043e\u0432\u043d\u0456 \u043f\u0440\u043e\u0434\u0443\u043a\u0442\u0438 - \u0442\u0430\u0439\u043c\u0435\u0440\u0438, \u0440\u043e\u0437\u0435\u0442\u043a\u0438, \u0433\u043d\u0443\u0447\u043a\u0456 \u043a\u0430\u0431\u0435\u043b\u0456, \u0448\u043d\u0443\u0440\u0438 \u0436\u0438\u0432\u043b\u0435\u043d\u043d\u044f, \u043f\u0440\u043e\u0431\u043a\u0438, \u0440\u043e\u0437\u0435\u0442\u043a\u0438, \u043a\u0430\u0431\u0435\u043b\u044c\u043d\u0456 \u043a\u043e\u0442\u0443\u0448\u043a\u0438 \u0442\u0430 \u043e\u0441\u0432\u0456\u0442\u043b\u0435\u043d\u043d\u044f. \u041c\u0438 \u043c\u043e\u0436\u0435\u043c\u043e \u0437\u0430\u0431\u0435\u0437\u043f\u0435\u0447\u0438\u0442\u0438 \u0431\u0430\u0433\u0430\u0442\u043e \u0432\u0438\u0434\u0456\u0432 \u0442\u0430\u0439\u043c\u0435\u0440\u0456\u0432, \u0442\u0430\u043a\u0438\u0445 \u044f\u043a \u0449\u043e\u0434\u0435\u043d\u043d\u0456 \u0442\u0430\u0439\u043c\u0435\u0440\u0438, \u043c\u0435\u0445\u0430\u043d\u0456\u0447\u043d\u0456 \u0442\u0430 \u0446\u0438\u0444\u0440\u043e\u0432\u0456 \u0442\u0430\u0439\u043c\u0435\u0440\u0438, \u0432\u0456\u0434\u043b\u0456\u043a\u0443 \u0442\u0430\u0439\u043c\u0435\u0440\u0456\u0432, \u0442\u0430\u0439\u043c\u0435\u0440\u0438 \u0433\u0430\u043b\u0443\u0437\u0456 \u0437 \u0443\u0441\u0456\u043c\u0430 \u0432\u0438\u0434\u0430\u043c\u0438 \u0440\u043e\u0437\u0435\u0442\u043a\u0456\u0432. \u041d\u0430\u0448\u0456 \u0446\u0456\u043b\u044c\u043e\u0432\u0456 \u0440\u0438\u043d\u043a\u0438 - \u0454\u0432\u0440\u043e\u043f\u0435\u0439\u0441\u044c\u043a\u0438\u0439 \u0440\u0438\u043d\u043e\u043a \u0442\u0430 \u0430\u043c\u0435\u0440\u0438\u043a\u0430\u043d\u0441\u044c\u043a\u0438\u0439 \u0440\u0438\u043d\u043e\u043a. \u041d\u0430\u0448\u0430 \u043f\u0440\u043e\u0434\u0443\u043a\u0446\u0456\u044f, \u0437\u0430\u0442\u0432\u0435\u0440\u0434\u0436\u0435\u043d\u0430 CE, GS, D, N, S, NF, ETL, VDE, ROHS, REACH, PAHS \u0442\u043e\u0449\u043e.<\/p>\n<p>\u041c\u0438 \u043c\u0430\u0454\u043c\u043e \u0445\u043e\u0440\u043e\u0448\u0443 \u0440\u0435\u043f\u0443\u0442\u0430\u0446\u0456\u044e \u0441\u0435\u0440\u0435\u0434 \u043d\u0430\u0448\u0438\u0445 \u043a\u043b\u0456\u0454\u043d\u0442\u0456\u0432. \u041c\u0438 \u0437\u0430\u0432\u0436\u0434\u0438 \u0437\u043e\u0441\u0435\u0440\u0435\u0434\u0436\u0443\u0454\u043c\u043e\u0441\u044c \u043d\u0430 \u0437\u0430\u0445\u0438\u0441\u0442\u0456 \u043d\u0430\u0432\u043a\u043e\u043b\u0438\u0448\u043d\u044c\u043e\u0433\u043e \u0441\u0435\u0440\u0435\u0434\u043e\u0432\u0438\u0449\u0430 \u0442\u0430 \u043b\u044e\u0434\u0438\u043d\u0438. \u041f\u043e\u043b\u0456\u043f\u0448\u0435\u043d\u043d\u044f \u044f\u043a\u043e\u0441\u0442\u0456 \u0436\u0438\u0442\u0442\u044f - \u0446\u0435 \u043d\u0430\u0448\u0430 \u043e\u0441\u0442\u0430\u0442\u043e\u0447\u043d\u0430 \u043c\u0435\u0442\u0430.<\/p>\n<p>\u0428\u043d\u0443\u0440\u0438 \u0436\u0438\u0432\u043b\u0435\u043d\u043d\u044f, \u043f\u043e\u0434\u043e\u0432\u0436\u0443\u0432\u0430\u0447\u0456 \u0442\u0430 \u043a\u0430\u0431\u0435\u043b\u044c\u043d\u0456 \u043a\u043e\u0442\u0443\u0448\u043a\u0438 - \u0446\u0435 \u043d\u0430\u0448 \u0433\u043e\u043b\u043e\u0432\u043d\u0438\u0439 \u0431\u0456\u0437\u043d\u0435\u0441, \u043c\u0438 \u0454 \u043f\u0440\u043e\u0432\u0456\u0434\u043d\u0438\u043c \u0432\u0438\u0440\u043e\u0431\u043d\u0438\u043a\u043e\u043c \u0437\u0430\u043c\u043e\u0432\u043b\u0435\u043d\u044c \u043d\u0430 \u043f\u0440\u043e\u0441\u0443\u0432\u0430\u043d\u043d\u044f \u0437 \u0454\u0432\u0440\u043e\u043f\u0435\u0439\u0441\u044c\u043a\u043e\u0433\u043e \u0440\u0438\u043d\u043a\u0443 \u0449\u043e\u0440\u043e\u043a\u0443. \u041c\u0438 \u0454 \u043d\u0430\u0439\u043a\u0440\u0430\u0449\u0438\u043c \u0432\u0438\u0440\u043e\u0431\u043d\u0438\u043a\u043e\u043c, \u044f\u043a\u0438\u0439 \u0441\u043f\u0456\u0432\u043f\u0440\u0430\u0446\u044e\u0454 \u0437 Global Service VDE \u0432 \u041d\u0456\u043c\u0435\u0447\u0447\u0438\u043d\u0456 \u0434\u043b\u044f \u0437\u0430\u0445\u0438\u0441\u0442\u0443 \u0442\u043e\u0440\u0433\u043e\u0432\u0435\u043b\u044c\u043d\u043e\u0457 \u043c\u0430\u0440\u043a\u0438.<\/p>\n<p>Warmly welcome to cooperate with all the customers for the mutual benefit and bright future.<\/p>\n<p>&nbsp;<\/p>\n<p><strong>\u043f\u043e\u0448\u0438\u0440\u0435\u043d\u043d\u044f<\/strong><br \/>\nQ1. Can you accept sample order?<\/p>\n<p>A : Yes, sure, we accept sample order.<\/p>\n<p>&nbsp;<\/p>\n<p>Q2. How to contract us?<\/p>\n<p>A : You can send mail to us or call.<\/p>","protected":false},"excerpt":{"rendered":"<p>\u0414\u043e\u043c\u0430\u0448\u043d\u044f \u0448\u0442\u0435\u043f\u0441\u0435\u043b\u044c\u043d\u0430 \u0440\u043e\u0437\u0435\u0442\u043a\u0430 USB Charger Mini<br \/>\n\u041f\u0440\u0438\u0441\u0442\u0440\u043e\u0457 iOS \u0442\u0430 Android \u0441\u0443\u043c\u0456\u0441\u043d\u0456,<br \/>\n\u041f\u0456\u0434\u0442\u0440\u0438\u043c\u0443\u0439\u0442\u0435 \u0434\u0432\u0430 \u043f\u0440\u0438\u0441\u0442\u0440\u043e\u0457 \u0434\u043b\u044f \u0437\u0430\u0440\u044f\u0434\u043a\u0438 \u0440\u0430\u0437\u043e\u043c \u0432\u0438\u0440\u0456\u0448\u0438\u0442\u0438 \u043f\u0440\u043e\u0431\u043b\u0435\u043c\u0443 \u0441\u043a\u043b\u0430\u0434\u043d\u043e\u0457 \u0437\u0430\u0440\u044f\u0434\u043a\u0438<\/p>","protected":false},"featured_media":270,"template":"","meta":[],"product_cat":[24],"product_tag":[],"class_list":{"0":"post-266","1":"product","2":"type-product","3":"status-publish","4":"has-post-thumbnail","6":"product_cat-socketplug","8":"first","9":"instock","10":"shipping-taxable","11":"product-type-simple"},"_links":{"self":[{"href":"https:\/\/www.soyang-group.com\/uk\/wp-json\/wp\/v2\/product\/266","targetHints":{"allow":["GET"]}}],"collection":[{"href":"https:\/\/www.soyang-group.com\/uk\/wp-json\/wp\/v2\/product"}],"about":[{"href":"https:\/\/www.soyang-group.com\/uk\/wp-json\/wp\/v2\/types\/product"}],"version-history":[{"count":0,"href":"https:\/\/www.soyang-group.com\/uk\/wp-json\/wp\/v2\/product\/266\/revisions"}],"wp:featuredmedia":[{"embeddable":true,"href":"https:\/\/www.soyang-group.com\/uk\/wp-json\/wp\/v2\/media\/270"}],"wp:attachment":[{"href":"https:\/\/www.soyang-group.com\/uk\/wp-json\/wp\/v2\/media?parent=266"}],"wp:term":[{"taxonomy":"product_cat","embeddable":true,"href":"https:\/\/www.soyang-group.com\/uk\/wp-json\/wp\/v2\/product_cat?post=266"},{"taxonomy":"product_tag","embeddable":true,"href":"https:\/\/www.soyang-group.com\/uk\/wp-json\/wp\/v2\/product_tag?post=266"}],"curies":[{"name":"wp","href":"https:\/\/api.w.org\/{rel}","templated":true}]}}