{"id":236,"date":"2024-12-12T11:36:15","date_gmt":"2024-12-12T03:36:15","guid":{"rendered":"https:\/\/shuangy.gg12.globaldeepsea.site\/?post_type=product&#038;p=236"},"modified":"2024-12-12T11:36:15","modified_gmt":"2024-12-12T03:36:15","slug":"digital-industry-timer-switch","status":"publish","type":"product","link":"https:\/\/www.soyang-group.com\/vi\/san-pham\/digital-industry-timer-switch\/","title":{"rendered":"c\u00f4ng t\u1eafc h\u1eb9n gi\u1edd c\u00f4ng nghi\u1ec7p k\u1ef9 thu\u1eadt s\u1ed1"},"content":{"rendered":"<p><strong>T\u1ed5ng quan<\/strong><\/p>\n<p><strong>Chi ti\u1ebft nhanh ch\u00f3ng<\/strong><br \/>\nN\u01a1i xu\u1ea5t x\u1ee9: Chi\u1ebft Giang, Trung Qu\u1ed1c<br \/>\nT\u00ean th\u01b0\u01a1ng hi\u1ec7u: \u0110\u1eadu n\u00e0nh<br \/>\ns\u1ed1 m\u00f4 h\u00ecnh: ts-ge2<br \/>\nl\u00fd thuy\u1ebft: k\u1ef9 thu\u1eadt s\u1ed1<br \/>\nS\u1eed d\u1ee5ng: C\u00f4ng t\u1eafc h\u1eb9n gi\u1edd<br \/>\n\u0111i\u1ec7n \u00e1p: 220-240v ac<br \/>\nt\u1ea7n su\u1ea5t: 50hz<br \/>\nc\u00f4ng su\u1ea5t t\u1ed1i \u0111a: 3500w<br \/>\nM\u00e0u s\u1eafc: Tr\u1eafng<br \/>\n\u1ee9ng d\u1ee5ng: c\u00f4ng t\u1eafc h\u1eb9n gi\u1edd<br \/>\nhi\u1ec7n t\u1ea1i: 16a<\/p>\n<p>&nbsp;<\/p>\n<p><strong>Kh\u1ea3 n\u0103ng cung c\u1ea5p<\/strong><br \/>\nKh\u1ea3 n\u0103ng cung c\u1ea5p: 100000\/mi\u1ebfng m\u1ed7i th\u00e1ng<\/p>\n<p>&nbsp;<\/p>\n<p><strong>Bao b\u00ec &amp; giao h\u00e0ng<\/strong><br \/>\nChi ti\u1ebft bao b\u00ec: v\u1ec9 \u0111\u00f4i, 12 c\u00e1i\/ h\u1ed9p b\u00ean trong, 48pcs\/ carton b\u00ean ngo\u00e0i<br \/>\nC\u1ea3ng: Ningbo\/Th\u01b0\u1ee3ng H\u1ea3i<br \/>\nTh\u1eddi gian d\u1eabn \u0111\u1ea7u :<br \/>\nS\u1ed1 l\u01b0\u1ee3ng (m\u1ea3nh) 1 - 10000&gt; 10000<br \/>\nEst. Th\u1eddi gian (ng\u00e0y) 60 s\u1ebd \u0111\u01b0\u1ee3c \u0111\u00e0m ph\u00e1n<\/p>\n<p>&nbsp;<\/p>\n<p><strong>M\u00f4 t\u1ea3 chi ti\u1ebft v\u1ec1 s\u1ea3n ph\u1ea9m<\/strong><\/p>\n<p>h\u1eb9n gi\u1edd c\u00f4ng nghi\u1ec7p k\u1ef9 thu\u1eadt s\u1ed1<br \/>\ns\u1ed1 m\u00f4 h\u00ecnh: ts-ge2<br \/>\nb\u1ed9 \u0111\u1ebfm th\u1eddi gian c\u00f4ng t\u1eafc \u0111i\u1ec7n k\u1ef9 thu\u1eadt s\u1ed1<br \/>\nT\u00ean th\u01b0\u01a1ng hi\u1ec7u: Shuangyang<br \/>\nS\u1eed d\u1ee5ng: C\u00f4ng t\u1eafc h\u1eb9n gi\u1edd<br \/>\nl\u00fd thuy\u1ebft: k\u1ef9 thu\u1eadt s\u1ed1<\/p>\n<p><strong>M\u00f4 t\u1ea3 &amp; t\u00ednh n\u0103ng<\/strong><br \/>\n1. C\u00f4ng su\u1ea5t \u0111a n\u0103ng: 3.680W<br \/>\n2.svoltage: 220-240v ac<br \/>\n3. t\u1ea7n su\u1ea5t: 50\/60hz<br \/>\n4. Ti\u1ec1n: 16a<br \/>\n5. s\u1ef1 thay \u0111\u1ed5i trong th\u1eddi gian m\u00f9a h\u00e8<br \/>\n6,24 gi\u1edd v\u00e0 l\u1eadp tr\u00ecnh 7 ng\u00e0y<br \/>\n7. 8 ch\u01b0\u01a1ng tr\u00ecnh b\u1eadt\/t\u1eaft<br \/>\n8.7 n\u00fat l\u1edbn cho tu\u1ea7n ho\u1ea1t \u0111\u1ed9ng d\u1ec5 d\u00e0ng<br \/>\nm\u00e0n h\u00ecnh lcd 9.large<br \/>\n10. \u0111\u1ed9 ch\u00ednh x\u00e1c: \u00edt h\u01a1n 3 gi\u00e2y trong m\u1ed9t ng\u00e0y<br \/>\n11. hi\u1ec3n th\u1ecb th\u1eddi gian th\u1ef1c<br \/>\nh\u00e0m 12.reset<br \/>\npin ni-mh c\u00f3 th\u1ec3 s\u1eed d\u1ee5ng b\u00ean trong, n\u00f3 kh\u00f4ng c\u00f3 pin c\u00f3 h\u1ea1i<br \/>\n14. kh\u1ea3 n\u0103ng cung c\u1ea5p: 1000000 mi\u1ebfng\/mi\u1ebfng m\u1ed7i th\u00e1ng h\u1eb9n gi\u1edd<br \/>\n<strong>\u0110\u1eb7c \u0111i\u1ec3m k\u1ef9 thu\u1eadt<\/strong><br \/>\nG\u00f3i: H\u1ed9p tr\u1eafng<br \/>\nqty\/h\u1ed9p: 50pcs<br \/>\nqty\/ctn: 100pcs<br \/>\ngw: 11kg<br \/>\nnw: 10kg<br \/>\nk\u00edch th\u01b0\u1edbc carton: 51*31*56cm<br \/>\nqty\/20: 18.720pcs<br \/>\nCh\u1ee9ng nh\u1eadn: CE, ROHS, Reach, PAHS<\/p>\n<p>&nbsp;<\/p>\n<p><strong>\u0110i\u1ec3m b\u00e1n h\u00e0ng<\/strong><br \/>\n1. Ch\u1ea5t l\u01b0\u1ee3ng cao<br \/>\n2. Gi\u00e1 c\u00f3 th\u1ec3 th\u1ef1c hi\u1ec7n \u0111\u01b0\u1ee3c<br \/>\n3. \u0110a s\u1ea3n ph\u1ea9m \u0111a d\u1ea1ng<br \/>\n4. Thi\u1ebft k\u1ebf h\u1ea5p d\u1eabn<br \/>\n5. C\u00f4ng ngh\u1ec7 th\u00e2n thi\u1ec7n v\u1edbi m\u00f4i tr\u01b0\u1eddng<br \/>\n6.OEM v\u00e0 d\u1ecbch v\u1ee5 ODM \u0111\u01b0\u1ee3c cung c\u1ea5p<\/p>\n<p>&nbsp;<\/p>\n<p>&nbsp;<\/p>\n<p><strong>Th\u00f4ng tin c\u00f4ng ty<\/strong><\/p>\n<p>Zhejiang Shuangyang Group Co.ltd. \u0111\u01b0\u1ee3c th\u00e0nh l\u1eadp v\u00e0o n\u0103m 1986, l\u00e0 m\u1ed9t doanh nghi\u1ec7p thu\u1ed9c s\u1edf h\u1eefu t\u01b0 nh\u00e2n, m\u1ed9t trong nh\u1eefng ng\u00f4i sao doanh nghi\u1ec7p c\u1ee7a Ningbo City v\u00e0o n\u0103m 1998, v\u00e0 \u0111\u01b0\u1ee3c ph\u00ea duy\u1ec7t b\u1edfi ISO9001\/14000\/18000. Ch\u00fang t\u00f4i \u1edf Cixi, Ningbo City, ch\u1ec9 c\u00e1ch C\u1ea3ng Ningbo v\u00e0 s\u00e2n bay, v\u00e0 hai gi\u1edd \u0111\u1ebfn Th\u01b0\u1ee3ng H\u1ea3i.<\/p>\n<p><img decoding=\"async\" src=\"https:\/\/sc01.alicdn.com\/kf\/He5ba632c74e44a68a587403dde671c5eH\/1942321\/He5ba632c74e44a68a587403dde671c5eH.png_.webp\" alt=\"\" \/><br \/>\nCho \u0111\u1ebfn b\u00e2y gi\u1edd, v\u1ed1n \u0111\u00e3 \u0111\u0103ng k\u00fd l\u00e0 h\u01a1n 16 tri\u1ec7u USD. Di\u1ec7n t\u00edch s\u00e0n c\u1ee7a ch\u00fang t\u00f4i l\u00e0 kho\u1ea3ng 120.000 m2 v\u00e0 di\u1ec7n t\u00edch x\u00e2y d\u1ef1ng l\u00e0 kho\u1ea3ng 85.000 m2. Trong n\u0103m 2018, t\u1ed5ng s\u1ed1 l\u1ea7n chuy\u1ec3n c\u1ee7a ch\u00fang t\u00f4i l\u00e0 80 tri\u1ec7u USD. Ch\u00fang t\u00f4i c\u00f3 m\u01b0\u1eddi ng\u01b0\u1eddi R &amp; D v\u00e0 h\u01a1n 100 QC \u0111\u1ec3 \u0111\u1ea3m b\u1ea3o ch\u1ea5t l\u01b0\u1ee3ng, m\u1ed7i n\u0103m, ch\u00fang t\u00f4i thi\u1ebft k\u1ebf v\u00e0 ph\u00e1t tri\u1ec3n h\u01a1n m\u01b0\u1eddi s\u1ea3n ph\u1ea9m m\u1edbi ho\u1ea1t \u0111\u1ed9ng nh\u01b0 m\u1ed9t nh\u00e0 s\u1ea3n xu\u1ea5t ch\u00ednh.<\/p>\n<p>C\u00e1c s\u1ea3n ph\u1ea9m ch\u00ednh c\u1ee7a ch\u00fang t\u00f4i l\u00e0 b\u1ed9 h\u1eb9n gi\u1edd, \u1ed5 c\u1eafm, c\u00e1p linh ho\u1ea1t, d\u00e2y \u0111i\u1ec7n, ph\u00edch c\u1eafm, \u1ed5 c\u1eafm m\u1edf r\u1ed9ng, cu\u1ed9n c\u00e1p v\u00e0 \u0111\u00e8n. Ch\u00fang t\u00f4i c\u00f3 th\u1ec3 cung c\u1ea5p nhi\u1ec1u lo\u1ea1i h\u1eb9n gi\u1edd nh\u01b0 b\u1ed9 h\u1eb9n gi\u1edd h\u00e0ng ng\u00e0y, b\u1ed9 h\u1eb9n gi\u1edd c\u01a1 h\u1ecdc v\u00e0 k\u1ef9 thu\u1eadt s\u1ed1, \u0111\u1ebfm ng\u01b0\u1ee3c b\u1ed9 h\u1eb9n gi\u1edd, h\u1eb9n gi\u1edd c\u00f4ng nghi\u1ec7p v\u1edbi t\u1ea5t c\u1ea3 c\u00e1c lo\u1ea1i \u1ed5 c\u1eafm. Th\u1ecb tr\u01b0\u1eddng m\u1ee5c ti\u00eau c\u1ee7a ch\u00fang t\u00f4i l\u00e0 th\u1ecb tr\u01b0\u1eddng ch\u00e2u \u00c2u v\u00e0 th\u1ecb tr\u01b0\u1eddng M\u1ef9. C\u00e1c s\u1ea3n ph\u1ea9m c\u1ee7a ch\u00fang t\u00f4i \u0111\u01b0\u1ee3c ph\u00ea duy\u1ec7t b\u1edfi CE, GS, D, N, S, NF, ETL, VDE, ROHS, Reach, PAHs, v.v.<\/p>\n<p>Ch\u00fang t\u00f4i c\u00f3 m\u1ed9t danh ti\u1ebfng t\u1ed1t trong s\u1ed1 c\u00e1c kh\u00e1ch h\u00e0ng c\u1ee7a ch\u00fang t\u00f4i. Ch\u00fang t\u00f4i lu\u00f4n t\u1eadp trung v\u00e0o vi\u1ec7c b\u1ea3o v\u1ec7 m\u00f4i tr\u01b0\u1eddng v\u00e0 s\u1ef1 an to\u00e0n c\u1ee7a con ng\u01b0\u1eddi. C\u1ea3i thi\u1ec7n ch\u1ea5t l\u01b0\u1ee3ng cu\u1ed9c s\u1ed1ng l\u00e0 m\u1ee5c \u0111\u00edch cu\u1ed1i c\u00f9ng c\u1ee7a ch\u00fang t\u00f4i.<\/p>\n<p>D\u00e2y \u0111i\u1ec7n, d\u00e2y m\u1edf r\u1ed9ng v\u00e0 cu\u1ed9n c\u00e1p l\u00e0 ho\u1ea1t \u0111\u1ed9ng kinh doanh ch\u00ednh c\u1ee7a ch\u00fang t\u00f4i, ch\u00fang t\u00f4i l\u00e0 nh\u00e0 s\u1ea3n xu\u1ea5t ch\u00ednh c\u1ee7a c\u00e1c \u0111\u01a1n \u0111\u1eb7t h\u00e0ng khuy\u1ebfn m\u00e3i t\u1eeb th\u1ecb tr\u01b0\u1eddng ch\u00e2u \u00c2u h\u00e0ng n\u0103m. Ch\u00fang t\u00f4i l\u00e0 nh\u00e0 s\u1ea3n xu\u1ea5t h\u00e0ng \u0111\u1ea7u h\u1ee3p t\u00e1c v\u1edbi d\u1ecbch v\u1ee5 VDE Global \u1edf \u0110\u1ee9c \u0111\u1ec3 b\u1ea3o v\u1ec7 nh\u00e3n hi\u1ec7u.<\/p>\n<p>\u0110\u01b0\u1ee3c ch\u00e0o \u0111\u00f3n n\u1ed3ng nhi\u1ec7t \u0111\u1ec3 h\u1ee3p t\u00e1c v\u1edbi t\u1ea5t c\u1ea3 c\u00e1c kh\u00e1ch h\u00e0ng v\u00ec l\u1ee3i \u00edch chung v\u00e0 t\u01b0\u01a1ng lai t\u01b0\u01a1i s\u00e1ng.<\/p>\n<p>&nbsp;<\/p>\n<p><strong>H\u1ed3 s\u01a1 c\u00f4ng ty:<\/strong><br \/>\n1. Lo\u1ea1i kinh doanh: Nh\u00e0 s\u1ea3n xu\u1ea5t, c\u00f4ng ty th\u01b0\u01a1ng m\u1ea1i<br \/>\n2. S\u1ea3n ph\u1ea9m: \u1ed4 c\u1eafm h\u1eb9n gi\u1edd, c\u00e1p, cu\u1ed9n c\u00e1p, \u00e1nh s\u00e1ng<br \/>\n3. T\u1ed5ng s\u1ed1 nh\u00e2n vi\u00ean: 501 - 1000 ng\u01b0\u1eddi<br \/>\n4. Th\u00e0nh l\u1eadp: 1994<br \/>\n5. Ch\u1ee9ng nh\u1eadn h\u1ec7 th\u1ed1ng qu\u1ea3n l\u00fd: ISO9001, ISO14001, OHSAS18001<br \/>\n6. Qu\u1ed1c gia \/ khu v\u1ef1c: Chi\u1ebft Giang, Trung Qu\u1ed1c<br \/>\n7. S\u1ef1 s\u1edf h\u1eefu: Ch\u1ee7 s\u1edf h\u1eefu t\u01b0 nh\u00e2n<br \/>\n8. Th\u1ecb tr\u01b0\u1eddng ch\u00ednh: \u0110\u00f4ng \u00c2u 39,00%<br \/>\nB\u1eafc \u00c2u 30.00%<br \/>\nT\u00e2y \u00c2u 16.00%<br \/>\nTh\u1ecb tr\u01b0\u1eddng trong n\u01b0\u1edbc: 7%<br \/>\nMid East: 5%<br \/>\nNam M\u1ef9: 3%<\/p>\n<p><strong>C\u00e2u h\u1ecfi th\u01b0\u1eddng g\u1eb7p<\/strong><\/p>\n<p>q1. \u0111i\u1ec1u kho\u1ea3n thanh to\u00e1n c\u1ee7a b\u1ea1n l\u00e0 g\u00ec?<\/p>\n<p>A: T\/T, L\/C.<\/p>\n<p>&nbsp;<\/p>\n<p>q2. l\u00e0m th\u1ebf n\u00e0o \u0111\u1ec3 thi\u1ebft l\u1eadp m\u1ed1i quan h\u1ec7 kinh doanh l\u00e2u d\u00e0i gi\u1eefa ch\u00fang ta?<\/p>\n<p>Tr\u1ea3 l\u1eddi: Ch\u00fang t\u00f4i cung c\u1ea5p ch\u1ea5t l\u01b0\u1ee3ng cao c\u1ee7a s\u1ea3n ph\u1ea9m v\u00e0 gi\u00e1 c\u1ea3 r\u1ea5t c\u1ea1nh tranh \u0111\u1ec3 \u0111\u1ea3m b\u1ea3o l\u1ee3i nhu\u1eadn c\u1ee7a kh\u00e1ch h\u00e0ng.<\/p>\n<p>&nbsp;<\/p>\n<p>Q3. Nh\u1eefng \u0111i\u1ec1u kho\u1ea3n v\u1eadn chuy\u1ec3n n\u00e0o ch\u00fang ta c\u00f3 th\u1ec3 ch\u1ecdn?<\/p>\n<p>A: C\u00f3 b\u1eb1ng \u0111\u01b0\u1eddng bi\u1ec3n, b\u1eb1ng \u0111\u01b0\u1eddng h\u00e0ng kh\u00f4ng, b\u1eb1ng c\u00e1ch giao h\u00e0ng nhanh cho c\u00e1c l\u1ef1a ch\u1ecdn c\u1ee7a b\u1ea1n.<\/p>","protected":false},"excerpt":{"rendered":"<p>c\u00f4ng t\u1eafc th\u1eddi gian \u0111i\u1ec1u khi\u1ec3n b\u1ea5t k\u1ef3 \u0111i\u1ec7n<br \/>\nc\u00e0i \u0111\u1eb7t b\u1eb1ng c\u00e1c ch\u01b0\u01a1ng tr\u00ecnh h\u00e0ng ng\u00e0y.<br \/>\n\u0111\u01b0\u1ee3c s\u1eed d\u1ee5ng \u0111\u1ec3 ch\u1ee9ng minh m\u00e1y, thi\u1ebft b\u1ecb,<br \/>\nth\u1eddi gian ho\u1ea1t \u0111\u1ed9ng t\u00edch l\u0169y thi\u1ebft b\u1ecb.<\/p>","protected":false},"featured_media":240,"template":"","meta":[],"product_cat":[22],"product_tag":[],"class_list":{"0":"post-236","1":"product","2":"type-product","3":"status-publish","4":"has-post-thumbnail","6":"product_cat-timer","8":"first","9":"instock","10":"shipping-taxable","11":"product-type-simple"},"_links":{"self":[{"href":"https:\/\/www.soyang-group.com\/vi\/wp-json\/wp\/v2\/product\/236","targetHints":{"allow":["GET"]}}],"collection":[{"href":"https:\/\/www.soyang-group.com\/vi\/wp-json\/wp\/v2\/product"}],"about":[{"href":"https:\/\/www.soyang-group.com\/vi\/wp-json\/wp\/v2\/types\/product"}],"version-history":[{"count":0,"href":"https:\/\/www.soyang-group.com\/vi\/wp-json\/wp\/v2\/product\/236\/revisions"}],"wp:featuredmedia":[{"embeddable":true,"href":"https:\/\/www.soyang-group.com\/vi\/wp-json\/wp\/v2\/media\/240"}],"wp:attachment":[{"href":"https:\/\/www.soyang-group.com\/vi\/wp-json\/wp\/v2\/media?parent=236"}],"wp:term":[{"taxonomy":"product_cat","embeddable":true,"href":"https:\/\/www.soyang-group.com\/vi\/wp-json\/wp\/v2\/product_cat?post=236"},{"taxonomy":"product_tag","embeddable":true,"href":"https:\/\/www.soyang-group.com\/vi\/wp-json\/wp\/v2\/product_tag?post=236"}],"curies":[{"name":"wp","href":"https:\/\/api.w.org\/{rel}","templated":true}]}}