{"id":248,"date":"2024-12-12T11:37:52","date_gmt":"2024-12-12T03:37:52","guid":{"rendered":"https:\/\/shuangy.gg12.globaldeepsea.site\/?post_type=product&#038;p=248"},"modified":"2024-12-12T11:37:52","modified_gmt":"2024-12-12T03:37:52","slug":"germany-weekly-mechanical-timer","status":"publish","type":"product","link":"https:\/\/www.soyang-group.com\/vi\/san-pham\/germany-weekly-mechanical-timer\/","title":{"rendered":"\u0110\u1ed3ng h\u1ed3 b\u1ea5m gi\u1edd c\u01a1 kh\u00ed h\u00e0ng tu\u1ea7n c\u1ee7a \u0110\u1ee9c"},"content":{"rendered":"<p><strong>T\u1ed5ng quan<\/strong><\/p>\n<p><strong>Chi ti\u1ebft nhanh ch\u00f3ng<\/strong><br \/>\nN\u01a1i xu\u1ea5t x\u1ee9: Chi\u1ebft Giang, Trung Qu\u1ed1c<br \/>\nT\u00ean th\u01b0\u01a1ng hi\u1ec7u: Shuangyang<br \/>\nS\u1ed1 m\u00f4 h\u00ecnh: TS-WD1<br \/>\nL\u00fd thuy\u1ebft: C\u01a1 h\u1ecdc<br \/>\nS\u1eed d\u1ee5ng: C\u00f4ng t\u1eafc h\u1eb9n gi\u1edd<br \/>\nGi\u1ea5y ch\u1ee9ng nh\u1eadn: GS, CE, ROHS, \u0111\u1ea1t PAHS<br \/>\n\u0110\u1eadu n\u00e0nh<br \/>\nV\u00f2ng tr\u00f2n: L\u1eadp tr\u00ecnh 7 ng\u00e0y<\/p>\n<p><strong>Kh\u1ea3 n\u0103ng cung c\u1ea5p<\/strong><br \/>\nKh\u1ea3 n\u0103ng cung c\u1ea5p: 100000\/mi\u1ebfng m\u1ed7i th\u00e1ng<\/p>\n<p><strong>Bao b\u00ec &amp; giao h\u00e0ng<\/strong><br \/>\nChi ti\u1ebft bao b\u00ec: v\u1ec9 \u0111\u00f4i, 12 c\u00e1i\/ h\u1ed9p b\u00ean trong, 48pcs\/ carton b\u00ean ngo\u00e0i<br \/>\nC\u1ea3ng: Ningbo\/Th\u01b0\u1ee3ng H\u1ea3i<br \/>\nTh\u1eddi gian d\u1eabn \u0111\u1ea7u: 40 ng\u00e0y sau khi nh\u1eadn \u0111\u01b0\u1ee3c Deposite<\/p>\n<p>&nbsp;<\/p>\n<p><strong>M\u00f4 t\u1ea3 chi ti\u1ebft v\u1ec1 s\u1ea3n ph\u1ea9m<\/strong><\/p>\n<p>N\u01a1i xu\u1ea5t x\u1ee9: Chi\u1ebft Giang Trung Qu\u1ed1c (\u0110\u1ea1i l\u1ee5c)<br \/>\nT\u00ean th\u01b0\u01a1ng hi\u1ec7u: Shuangyang<br \/>\nS\u1ed1 m\u00f4 h\u00ecnh: TS-WD1<br \/>\nL\u00fd thuy\u1ebft: C\u01a1 h\u1ecdc<br \/>\nXem: C\u00f4ng ty TNHH Chi\u1ebft Giang Shuangyang, Ltd lu\u00f4n g\u1eafn b\u00f3 v\u1edbi ch\u1ea5t l\u01b0\u1ee3ng &amp; d\u1ecbch v\u1ee5,<br \/>\nCh\u00fang t\u00f4i kh\u00f4ng ch\u1ec9 cung c\u1ea5p ch\u1ea5t l\u01b0\u1ee3ng cao, m\u00e0 c\u00f2n ch\u00fa \u00fd \u0111\u1ebfn vi\u1ec7c b\u1ea3o v\u1ec7 m\u00f4i tr\u01b0\u1eddng v\u00e0 s\u1ef1 an to\u00e0n c\u1ee7a con ng\u01b0\u1eddi.<br \/>\nKh\u00f4ng ng\u1eebng c\u1ea3i thi\u1ec7n ch\u1ea5t l\u01b0\u1ee3ng cu\u1ed9c s\u1ed1ng c\u1ee7a con ng\u01b0\u1eddi l\u00e0 m\u1ee5c ti\u00eau cu\u1ed1i c\u00f9ng c\u1ee7a ch\u00fang t\u00f4i.<\/p>\n<p>&nbsp;<\/p>\n<p><strong>\u0110i\u1ec3m b\u00e1n h\u00e0ng<\/strong><br \/>\n1. Ch\u1ea5t l\u01b0\u1ee3ng cao<br \/>\n2. Gi\u00e1 c\u00f3 th\u1ec3 th\u1ef1c hi\u1ec7n \u0111\u01b0\u1ee3c<br \/>\n3. \u0110a s\u1ea3n ph\u1ea9m \u0111a d\u1ea1ng<br \/>\n4. Thi\u1ebft k\u1ebf h\u1ea5p d\u1eabn<br \/>\n5. C\u00f4ng ngh\u1ec7 th\u00e2n thi\u1ec7n v\u1edbi m\u00f4i tr\u01b0\u1eddng<br \/>\n6.OEM v\u00e0 d\u1ecbch v\u1ee5 ODM \u0111\u01b0\u1ee3c cung c\u1ea5p<\/p>\n<p>&nbsp;<\/p>\n<p><strong>\u0110\u1eb7c \u0111i\u1ec3m k\u1ef9 thu\u1eadt<\/strong><br \/>\nBao b\u00ec: 12 c\u00e1i\/ h\u1ed9p b\u00ean trong, 48pcs\/ carton b\u00ean ngo\u00e0i<br \/>\nK\u00edch th\u01b0\u1edbc carton: 61*48*25cm<br \/>\nQ'ty\/20\u2032FT: 18720pcs<br \/>\nNgu\u1ed3n \u0111i\u1ec7n: t\u1ed1i \u0111a 220-240V\/50Hz.3500W<br \/>\nGW\/NW c\u1ee7a Carton: 13\/11 kg<\/p>\n<p>&nbsp;<\/p>\n<p><strong>M\u00f4 t\u1ea3 &amp; t\u00ednh n\u0103ng<\/strong><\/p>\n<p>L\u1eadp tr\u00ecnh 1,7 ng\u00e0y<br \/>\n2.42 Ch\u01b0\u01a1ng tr\u00ecnh B\u1eacT\/T\u1eaeT<br \/>\n3.Curacy: \u00cdt h\u01a1n 2 gi\u1edd m\u1ed7i tu\u1ea7n<br \/>\n4. C\u00e0i \u0111\u1eb7t minimum: 2 gi\u1edd<br \/>\n5.compact v\u00e0 thi\u1ebft k\u1ebf thanh l\u1ecbch \u0111\u1ec3 v\u1eadn h\u00e0nh d\u1ec5 d\u00e0ng<br \/>\n6.Multi-Countries Styles v\u1edbi c\u00e1c ph\u00edch c\u1eafm v\u00e0 \u1ed5 c\u1eafm kh\u00e1c nhau<br \/>\n7. Kh\u1ea3 n\u0103ng c\u00f3 s\u1eb5n cho m\u1ed9t thi\u1ebft k\u1ebf kh\u00e1c<br \/>\nPhi\u00ean b\u1ea3n Brazil, phi\u00ean b\u1ea3n \u0110\u1ee9c, phi\u00ean b\u1ea3n Ph\u00e1p, phi\u00ean b\u1ea3n Argentina,<br \/>\nPhi\u00ean b\u1ea3n \u00dac, Phi\u00ean b\u1ea3n \u00dd, Phi\u00ean b\u1ea3n Hoa K\u1ef3, Phi\u00ean b\u1ea3n \u0110an M\u1ea1ch<br \/>\n8. Th\u1ecb tr\u01b0\u1eddng ph\u1ed5 bi\u1ebfn: Ch\u00e2u \u00c2u<\/p>\n<p>&nbsp;<\/p>\n<p><strong>L\u1ee3i th\u1ebf<\/strong><br \/>\n1 b\u1ed9 ph\u1eadn t\u00ean th\u01b0\u01a1ng hi\u1ec7u<br \/>\n2 Qu\u1ed1c gia xu\u1ea5t x\u1ee9<br \/>\n3 nh\u00e0 ph\u00e2n ph\u1ed1i \u0111\u01b0\u1ee3c cung c\u1ea5p<br \/>\n4 nh\u00e2n vi\u00ean c\u00f3 kinh nghi\u1ec7m<br \/>\n5 h\u00ecnh th\u1ee9c a<br \/>\n6 s\u1ea3n ph\u1ea9m xanh<br \/>\n7 B\u1ea3o h\u00e0nh\/B\u1ea3o h\u00e0nh<br \/>\n8 ph\u00ea duy\u1ec7t qu\u1ed1c t\u1ebf<br \/>\n9 Bao b\u00ec<br \/>\n10 gi\u00e1<br \/>\n11 t\u00ednh n\u0103ng s\u1ea3n ph\u1ea9m<br \/>\n12 Hi\u1ec7u su\u1ea5t s\u1ea3n ph\u1ea9m<br \/>\n13 Giao h\u00e0ng nhanh ch\u00f3ng<br \/>\n14 Ph\u00ea duy\u1ec7t ch\u1ea5t l\u01b0\u1ee3ng<br \/>\n15 danh ti\u1ebfng<br \/>\n16 d\u1ecbch v\u1ee5<br \/>\n17 \u0111\u01a1n \u0111\u1eb7t h\u00e0ng nh\u1ecf \u0111\u01b0\u1ee3c ch\u1ea5p nh\u1eadn<br \/>\nD\u1ecbch v\u1ee5 18 OEM v\u00e0 ODM \u0111\u01b0\u1ee3c cung c\u1ea5p<br \/>\n19 Ch\u1ea5t l\u01b0\u1ee3ng cao<\/p>\n<p>&nbsp;<\/p>\n<p><strong>Bao b\u00ec &amp; Thanh to\u00e1n &amp; Shippment<\/strong><br \/>\nChi ti\u1ebft bao b\u00ec: v\u1ec9 \u0111\u00f4i<br \/>\nPh\u01b0\u01a1ng th\u1ee9c thanh to\u00e1n: T\u0103ng d\u1ea7n TT, T\/T, L\/C<br \/>\nGiao h\u00e0ng: 30-45 ng\u00e0y sau khi nh\u1eadn \u0111\u01b0\u1ee3c Deposite<br \/>\nC\u1ea3ng: Ningbo ho\u1eb7c Th\u01b0\u1ee3ng H\u1ea3i<\/p>\n<p>&nbsp;<\/p>\n<p><strong>D\u1ecbch v\u1ee5 c\u1ee7a ch\u00fang t\u00f4i<\/strong><\/p>\n<p>1. Sau khi nh\u1eadn \u0111\u01b0\u1ee3c tin nh\u1eafn c\u1ee7a b\u1ea1n, ch\u00fang t\u00f4i s\u1ebd tr\u1ea3 l\u1eddi b\u1ea1n sau 24 gi\u1edd<br \/>\n2. Ch\u00fang t\u00f4i c\u00f3 \u0111\u1ed9i ng\u0169 b\u00e1n h\u00e0ng chuy\u00ean nghi\u1ec7p \u0111\u1ec3 cung c\u1ea5p d\u1ecbch v\u1ee5 cho b\u1ea1n<br \/>\n3. Cung c\u1ea5p 2 n\u0103m l\u00e0m d\u1ecbch v\u1ee5 th\u1eddi gian b\u1ea3o h\u00e0nh v\u00e0 sau b\u00e1n h\u00e0ng<\/p>\n<p>&nbsp;<\/p>\n<p><strong>H\u1ed3 s\u01a1 c\u00f4ng ty:<\/strong><br \/>\n1. Lo\u1ea1i kinh doanh: Nh\u00e0 s\u1ea3n xu\u1ea5t, c\u00f4ng ty th\u01b0\u01a1ng m\u1ea1i<br \/>\n2. S\u1ea3n ph\u1ea9m: \u1ed4 c\u1eafm h\u1eb9n gi\u1edd, c\u00e1p, cu\u1ed9n c\u00e1p, \u00e1nh s\u00e1ng<br \/>\n3. T\u1ed5ng s\u1ed1 nh\u00e2n vi\u00ean: 501 - 1000 ng\u01b0\u1eddi<br \/>\n4. Th\u00e0nh l\u1eadp: 1994<br \/>\n5. Ch\u1ee9ng nh\u1eadn h\u1ec7 th\u1ed1ng qu\u1ea3n l\u00fd: ISO9001, ISO14001, OHSAS18001<br \/>\n6. Qu\u1ed1c gia \/ khu v\u1ef1c: Chi\u1ebft Giang, Trung Qu\u1ed1c<br \/>\n7. S\u1ef1 s\u1edf h\u1eefu: Ch\u1ee7 s\u1edf h\u1eefu t\u01b0 nh\u00e2n<br \/>\n8. Th\u1ecb tr\u01b0\u1eddng ch\u00ednh: \u0110\u00f4ng \u00c2u 39,00%<br \/>\nB\u1eafc \u00c2u 30.00%<br \/>\nT\u00e2y \u00c2u 16.00%<br \/>\nTh\u1ecb tr\u01b0\u1eddng trong n\u01b0\u1edbc: 7%<br \/>\nMid East: 5%<br \/>\nNam M\u1ef9: 3%<br \/>\n<strong>C\u00e2u h\u1ecfi th\u01b0\u1eddng g\u1eb7p<\/strong><\/p>\n<p>Q1. L\u00e0m th\u1ebf n\u00e0o \u0111\u1ec3 k\u00fd h\u1ee3p \u0111\u1ed3ng v\u1edbi ch\u00fang t\u00f4i?<\/p>\n<p>A: B\u1ea1n c\u00f3 th\u1ec3 g\u1eedi th\u01b0 cho ch\u00fang t\u00f4i ho\u1eb7c g\u1ecdi.<\/p>\n<p>&nbsp;<\/p>\n<p>Q2. \u0110i\u1ec1u kho\u1ea3n thanh to\u00e1n c\u1ee7a b\u1ea1n l\u00e0 g\u00ec?<\/p>\n<p>A: T\/T, L\/C.<\/p>\n<p>&nbsp;<\/p>\n<p>Q3. Nh\u1eefng \u0111i\u1ec1u kho\u1ea3n v\u1eadn chuy\u1ec3n n\u00e0o ch\u00fang ta c\u00f3 th\u1ec3 ch\u1ecdn?<\/p>\n<p>A: C\u00f3 b\u1eb1ng \u0111\u01b0\u1eddng bi\u1ec3n, b\u1eb1ng \u0111\u01b0\u1eddng h\u00e0ng kh\u00f4ng, b\u1eb1ng c\u00e1ch giao h\u00e0ng nhanh cho c\u00e1c l\u1ef1a ch\u1ecdn c\u1ee7a b\u1ea1n.<\/p>\n<p>Q4. S\u1ea3n ph\u1ea9m c\u1ee7a b\u1ea1n c\u00f3 th\u1ec3 in logo c\u1ee7a kh\u00e1ch kh\u00f4ng?<\/p>\n<p>Tr\u1ea3 l\u1eddi: C\u00f3, kh\u00e1ch cung c\u1ea5p logo, ch\u00fang t\u00f4i c\u00f3 th\u1ec3 in tr\u00ean s\u1ea3n ph\u1ea9m.<\/p>","protected":false},"excerpt":{"rendered":"<p>V\u1eadn h\u00e0nh c\u01a1 h\u1ecdc,<br \/>\n\u0110\u01a1n gi\u1ea3n \u0111\u1ec3 s\u1eed d\u1ee5ng,<br \/>\nHo\u1ea1t \u0111\u1ed9ng y\u00ean t\u0129nh,<br \/>\nC\u1eeda b\u1ea3o v\u1ec7 tr\u1ebb em,<br \/>\nTr\u00e1nh v\u00f4 t\u00ecnh c\u1eafm,<br \/>\nng\u0103n tr\u1ebb em \u0111i\u1ec7n,<br \/>\nS\u1ed1c c\u1ea3i thi\u1ec7n an to\u00e0n,<br \/>\nGi\u1eef b\u1ed9 \u0111\u1ebfm th\u1eddi gian \u0111\u01b0\u1ee3c cung c\u1ea5p n\u0103ng l\u01b0\u1ee3ng theo chu k\u1ef3,<br \/>\nc\u00f4ng ngh\u1ec7 \u0111\u0129a c\u01a1 h\u1ecdc,<\/p>","protected":false},"featured_media":249,"template":"","meta":[],"product_cat":[22],"product_tag":[],"class_list":{"0":"post-248","1":"product","2":"type-product","3":"status-publish","4":"has-post-thumbnail","6":"product_cat-timer","8":"first","9":"instock","10":"shipping-taxable","11":"product-type-simple"},"_links":{"self":[{"href":"https:\/\/www.soyang-group.com\/vi\/wp-json\/wp\/v2\/product\/248","targetHints":{"allow":["GET"]}}],"collection":[{"href":"https:\/\/www.soyang-group.com\/vi\/wp-json\/wp\/v2\/product"}],"about":[{"href":"https:\/\/www.soyang-group.com\/vi\/wp-json\/wp\/v2\/types\/product"}],"version-history":[{"count":0,"href":"https:\/\/www.soyang-group.com\/vi\/wp-json\/wp\/v2\/product\/248\/revisions"}],"wp:featuredmedia":[{"embeddable":true,"href":"https:\/\/www.soyang-group.com\/vi\/wp-json\/wp\/v2\/media\/249"}],"wp:attachment":[{"href":"https:\/\/www.soyang-group.com\/vi\/wp-json\/wp\/v2\/media?parent=248"}],"wp:term":[{"taxonomy":"product_cat","embeddable":true,"href":"https:\/\/www.soyang-group.com\/vi\/wp-json\/wp\/v2\/product_cat?post=248"},{"taxonomy":"product_tag","embeddable":true,"href":"https:\/\/www.soyang-group.com\/vi\/wp-json\/wp\/v2\/product_tag?post=248"}],"curies":[{"name":"wp","href":"https:\/\/api.w.org\/{rel}","templated":true}]}}