{"id":250,"date":"2024-12-12T11:41:57","date_gmt":"2024-12-12T03:41:57","guid":{"rendered":"https:\/\/shuangy.gg12.globaldeepsea.site\/?post_type=product&#038;p=250"},"modified":"2025-01-10T17:54:36","modified_gmt":"2025-01-10T09:54:36","slug":"diy-assemble-plugsocket","status":"publish","type":"product","link":"https:\/\/www.soyang-group.com\/vi\/san-pham\/diy-assemble-plugsocket\/","title":{"rendered":"DIY l\u1eafp r\u00e1p ph\u00edch c\u1eafm &amp; \u1ed5 c\u1eafm"},"content":{"rendered":"<p>(<strong>1) Th\u00f4ng tin c\u01a1 b\u1ea3n<\/strong><br \/>\nM\u00f4 h\u00ecnh s\u1ed1: L\u1eafp r\u00e1p plug &amp; \u1ed4 c\u1eafm<br \/>\nT\u00ean th\u01b0\u01a1ng hi\u1ec7u: Shuangyang<br \/>\nM\u00e0u s\u1eafc cho v\u1ecf: \u0110en (c\u00f3 th\u1ec3 thay \u0111\u1ed5i theo \u00fd t\u01b0\u1edfng c\u1ee7a b\u1ea1n)<br \/>\nS\u1eed d\u1ee5ng: K\u1ebft n\u1ed1i v\u1edbi d\u00e2y<br \/>\nWarly: 1 n\u0103m<br \/>\nGi\u1ea5y ch\u1ee9ng nh\u1eadn: CE, GS, ROHS, Reach, PAHS<br \/>\n<strong>(2) IP20 PLUGE &amp; SOCKET<\/strong><br \/>\nS\u1ed1 m\u00f4 h\u00ecnh: SY-32\/SY-CZ-32<br \/>\nPhi\u00ean b\u1ea3n \u0110\u1ee9c<br \/>\nT\u00ean th\u01b0\u01a1ng hi\u1ec7u: Shuangyang<br \/>\nS\u1eed d\u1ee5ng: K\u1ebft n\u1ed1i v\u1edbi d\u00e2y<br \/>\nV\u1eadt li\u1ec7u: Cao su, \u0111\u1ed3ng<br \/>\nLo\u1ea1i: DIY<br \/>\nM\u00f4 t\u1ea3 &amp; t\u00ednh n\u0103ng<br \/>\n1. C\u00f4ng su\u1ea5t \u0111a n\u0103ng: 3.680W<br \/>\n2.VOLTAGE: 250V AC<br \/>\n3. T\u1ea7n su\u1ea5t: 50Hz<br \/>\n4. Ti\u1ec1n: 16a<br \/>\n5. Ch\u1ee9ng minh n\u01b0\u1edbc: IP20<\/p>\n<p><strong>\u0110\u1eb7c \u0111i\u1ec3m k\u1ef9 thu\u1eadt<\/strong><br \/>\nG\u00f3i: Nh\u00e3n<br \/>\nK\u00edch th\u01b0\u1edbc \u0111\u01a1n v\u1ecb:<\/p>\n<p><a class=\"fancybox\" href=\"https:\/\/www.soyanggroup.com\/uploads\/774005f81.png\" target=\"_blank\" rel=\"noopener\"><img decoding=\"async\" class=\"alignnone size-full wp-image-4415\" src=\"https:\/\/www.soyanggroup.com\/uploads\/774005f81.png\" alt=\"774005f8\" \/><\/a><br \/>\nCh\u1ee9ng nh\u1eadn: TUV-GS, CE, ROHS, Reach, PAHS<\/p>\n<p>&nbsp;<\/p>\n<p><strong>\u0110i\u1ec3m b\u00e1n h\u00e0ng<\/strong><br \/>\n1. Ch\u1ea5t l\u01b0\u1ee3ng cao<br \/>\n2. Gi\u00e1 c\u00f3 th\u1ec3 th\u1ef1c hi\u1ec7n \u0111\u01b0\u1ee3c<br \/>\n3. \u0110a s\u1ea3n ph\u1ea9m \u0111a d\u1ea1ng<br \/>\n4. Thi\u1ebft k\u1ebf h\u1ea5p d\u1eabn<br \/>\n5. C\u00f4ng ngh\u1ec7 th\u00e2n thi\u1ec7n v\u1edbi m\u00f4i tr\u01b0\u1eddng<br \/>\n6.OEM v\u00e0 d\u1ecbch v\u1ee5 ODM \u0111\u01b0\u1ee3c cung c\u1ea5p<\/p>\n<p>&nbsp;<\/p>\n<p><strong>Bao b\u00ec &amp; Thanh to\u00e1n &amp; Shippment<\/strong><br \/>\nChi ti\u1ebft bao b\u00ec: v\u1ec9 \u0111\u00f4i<br \/>\nPh\u01b0\u01a1ng th\u1ee9c thanh to\u00e1n: T\u0103ng d\u1ea7n TT, T\/T, L\/C<br \/>\nGiao h\u00e0ng: 30-45 ng\u00e0y sau khi nh\u1eadn \u0111\u01b0\u1ee3c Deposite<br \/>\nC\u1ea3ng: Ningbo ho\u1eb7c Th\u01b0\u1ee3ng H\u1ea3i<\/p>\n<p>&nbsp;<\/p>\n<p><strong>D\u1ecbch v\u1ee5 c\u1ee7a ch\u00fang t\u00f4i<\/strong><br \/>\n1. Sau khi nh\u1eadn \u0111\u01b0\u1ee3c tin nh\u1eafn c\u1ee7a b\u1ea1n, ch\u00fang t\u00f4i s\u1ebd tr\u1ea3 l\u1eddi b\u1ea1n sau 24 gi\u1edd<br \/>\n2. Ch\u00fang t\u00f4i c\u00f3 \u0111\u1ed9i ng\u0169 b\u00e1n h\u00e0ng chuy\u00ean nghi\u1ec7p \u0111\u1ec3 cung c\u1ea5p d\u1ecbch v\u1ee5 cho b\u1ea1n<br \/>\n3. Cung c\u1ea5p 2 n\u0103m l\u00e0m d\u1ecbch v\u1ee5 th\u1eddi gian b\u1ea3o h\u00e0nh v\u00e0 sau b\u00e1n h\u00e0ng<\/p>\n<p>&nbsp;<\/p>\n<p><strong>C\u00e2u h\u1ecfi th\u01b0\u1eddng g\u1eb7p<\/strong><br \/>\nQ1. B\u1ea1n c\u00f3 th\u1ec3 ch\u1ea5p nh\u1eadn \u0111\u1eb7t h\u00e0ng m\u1eabu kh\u00f4ng?<\/p>\n<p>A: V\u00e2ng, ch\u1eafc ch\u1eafn, ch\u00fang t\u00f4i ch\u1ea5p nh\u1eadn \u0111\u01a1n \u0111\u1eb7t h\u00e0ng m\u1eabu.<\/p>\n<p>&nbsp;<\/p>\n<p>Q2. L\u00e0m th\u1ebf n\u00e0o \u0111\u1ec3 k\u00fd h\u1ee3p \u0111\u1ed3ng v\u1edbi ch\u00fang t\u00f4i?<\/p>\n<p>A: B\u1ea1n c\u00f3 th\u1ec3 g\u1eedi th\u01b0 cho ch\u00fang t\u00f4i ho\u1eb7c g\u1ecdi.<\/p>\n<p>&nbsp;<\/p>\n<p>Q3. L\u00e0m th\u1ebf n\u00e0o v\u1ec1 th\u1eddi gian b\u1ea3o h\u00e0nh v\u00e0 c\u00e1c s\u1ea3n ph\u1ea9m b\u1ea3o h\u00e0nh?<\/p>\n<p>Tr\u1ea3 l\u1eddi: H\u1ea7u h\u1ebft c\u00e1c s\u1ea3n ph\u1ea9m l\u00e0 2 n\u0103m, c\u1eaft d\u00e2y v\u00e0 ch\u1ee5p m\u1ed9t s\u1ed1 h\u00ecnh \u1ea3nh.<\/p>\n<p>&nbsp;<\/p>\n<p>Q4. \u0110i\u1ec1u kho\u1ea3n thanh to\u00e1n c\u1ee7a b\u1ea1n l\u00e0 g\u00ec?<\/p>\n<p>A: T\/T, L\/C.<\/p>\n<p>&nbsp;<\/p>\n<p>Q5. L\u00e0m th\u1ebf n\u00e0o \u0111\u1ec3 thi\u1ebft l\u1eadp m\u1ed1i quan h\u1ec7 kinh doanh l\u00e2u d\u00e0i gi\u1eefa ch\u00fang ta?<\/p>\n<p>Tr\u1ea3 l\u1eddi: Ch\u00fang t\u00f4i cung c\u1ea5p ch\u1ea5t l\u01b0\u1ee3ng cao c\u1ee7a s\u1ea3n ph\u1ea9m v\u00e0 gi\u00e1 c\u1ea3 r\u1ea5t c\u1ea1nh tranh \u0111\u1ec3 \u0111\u1ea3m b\u1ea3o l\u1ee3i nhu\u1eadn c\u1ee7a kh\u00e1ch h\u00e0ng.<\/p>\n<p>&nbsp;<\/p>\n<p>Q6. Nh\u1eefng \u0111i\u1ec1u kho\u1ea3n v\u1eadn chuy\u1ec3n n\u00e0o ch\u00fang ta c\u00f3 th\u1ec3 ch\u1ecdn?<\/p>\n<p>A: C\u00f3 b\u1eb1ng \u0111\u01b0\u1eddng bi\u1ec3n, b\u1eb1ng \u0111\u01b0\u1eddng h\u00e0ng kh\u00f4ng, b\u1eb1ng c\u00e1ch giao h\u00e0ng nhanh cho c\u00e1c l\u1ef1a ch\u1ecdn c\u1ee7a b\u1ea1n.<\/p>\n<p>&nbsp;<\/p>\n<p>Q7. B\u1ea1n c\u00f3 ki\u1ec3m tra t\u1ea5t c\u1ea3 c\u00e1c s\u1ea3n ph\u1ea9m tr\u01b0\u1edbc khi giao h\u00e0ng?<\/p>\n<p>Tr\u1ea3 l\u1eddi: C\u00f3, ch\u00fang t\u00f4i ki\u1ec3m tra 100% s\u1ea3n ph\u1ea9m tr\u01b0\u1edbc khi giao h\u00e0ng, gi\u1eef cho c\u00e1c s\u1ea3n ph\u1ea9m 100% ho\u1ea1t \u0111\u1ed9ng b\u00ecnh th\u01b0\u1eddng.<\/p>\n<p>Q8. C\u00f3 th\u1ec3 s\u1ea3n ph\u1ea9m c\u1ee7a b\u1ea1n in logo c\u1ee7a kh\u00e1ch?<\/p>\n<p>Tr\u1ea3 l\u1eddi: C\u00f3, kh\u00e1ch cung c\u1ea5p logo, ch\u00fang t\u00f4i c\u00f3 th\u1ec3 in tr\u00ean s\u1ea3n ph\u1ea9m.<\/p>\n<p>&nbsp;<\/p>\n<p>Q9. B\u1ea1n \u0111\u00e3 v\u01b0\u1ee3t qua ki\u1ec3m to\u00e1n tr\u00e1ch nhi\u1ec7m x\u00e3 h\u1ed9i n\u00e0o?<\/p>\n<p>A: V\u00e2ng, ch\u00fang t\u00f4i c\u00f3 BSCI, Sedex.<\/p>\n<p>&nbsp;<\/p>\n<p>Q10. Gi\u00e1 c\u1ee7a b\u1ea1n l\u00e0 g\u00ec?<\/p>\n<p>Tr\u1ea3 l\u1eddi: Gi\u00e1 c\u1ee7a ch\u00fang t\u00f4i c\u00f3 th\u1ec3 thay \u0111\u1ed5i t\u00f9y thu\u1ed9c v\u00e0o ngu\u1ed3n cung v\u00e0 c\u00e1c y\u1ebfu t\u1ed1 th\u1ecb tr\u01b0\u1eddng kh\u00e1c.<br \/>\nCh\u00fang t\u00f4i s\u1ebd g\u1eedi cho b\u1ea1n v\u00e0 c\u1eadp nh\u1eadt b\u1ea3ng gi\u00e1 sau khi Conmany c\u1ee7a b\u1ea1n li\u00ean h\u1ec7 v\u1edbi ch\u00fang t\u00f4i \u0111\u1ec3 bi\u1ebft th\u00eam th\u00f4ng tin.<\/p>","protected":false},"excerpt":{"rendered":"<p>L\u1eafp r\u00e1p ph\u00edch c\u1eafm &amp; \u1ed5 c\u1eafm<br \/>\nDIY d\u1ec5 d\u00e0ng<\/p>\n<p>Kh\u1ea3 n\u0103ng cung c\u1ea5p<br \/>\nKh\u1ea3 n\u0103ng cung c\u1ea5p: 100000\/mi\u1ebfng m\u1ed7i th\u00e1ng<\/p>","protected":false},"featured_media":543,"template":"","meta":[],"product_cat":[24],"product_tag":[],"class_list":{"0":"post-250","1":"product","2":"type-product","3":"status-publish","4":"has-post-thumbnail","6":"product_cat-socketplug","8":"first","9":"instock","10":"shipping-taxable","11":"product-type-simple"},"_links":{"self":[{"href":"https:\/\/www.soyang-group.com\/vi\/wp-json\/wp\/v2\/product\/250","targetHints":{"allow":["GET"]}}],"collection":[{"href":"https:\/\/www.soyang-group.com\/vi\/wp-json\/wp\/v2\/product"}],"about":[{"href":"https:\/\/www.soyang-group.com\/vi\/wp-json\/wp\/v2\/types\/product"}],"version-history":[{"count":2,"href":"https:\/\/www.soyang-group.com\/vi\/wp-json\/wp\/v2\/product\/250\/revisions"}],"predecessor-version":[{"id":544,"href":"https:\/\/www.soyang-group.com\/vi\/wp-json\/wp\/v2\/product\/250\/revisions\/544"}],"wp:featuredmedia":[{"embeddable":true,"href":"https:\/\/www.soyang-group.com\/vi\/wp-json\/wp\/v2\/media\/543"}],"wp:attachment":[{"href":"https:\/\/www.soyang-group.com\/vi\/wp-json\/wp\/v2\/media?parent=250"}],"wp:term":[{"taxonomy":"product_cat","embeddable":true,"href":"https:\/\/www.soyang-group.com\/vi\/wp-json\/wp\/v2\/product_cat?post=250"},{"taxonomy":"product_tag","embeddable":true,"href":"https:\/\/www.soyang-group.com\/vi\/wp-json\/wp\/v2\/product_tag?post=250"}],"curies":[{"name":"wp","href":"https:\/\/api.w.org\/{rel}","templated":true}]}}