{"id":257,"date":"2024-12-12T13:06:21","date_gmt":"2024-12-12T05:06:21","guid":{"rendered":"https:\/\/shuangy.gg12.globaldeepsea.site\/?post_type=product&#038;p=257"},"modified":"2025-01-10T17:53:46","modified_gmt":"2025-01-10T09:53:46","slug":"cee-5-pin-16a-6h-plug","status":"publish","type":"product","link":"https:\/\/www.soyang-group.com\/vi\/san-pham\/cee-5-pin-16a-6h-plug\/","title":{"rendered":"CEE 5-pin 16a 6h ph\u00edch c\u1eafm"},"content":{"rendered":"<p><strong>T\u1ed5ng quan<\/strong><\/p>\n<p><strong>Chi ti\u1ebft nhanh ch\u00f3ng<\/strong><br \/>\n\u0110\u1ecba \u0111i\u1ec3m xu\u1ea5t x\u1ee9: Chi\u1ebft Giang, Trung Qu\u1ed1c T\u00ean th\u01b0\u01a1ng hi\u1ec7u: Shuangyang<br \/>\nS\u1ed1 m\u00f4 h\u00ecnh: gp55 Lo\u1ea1i: ph\u00edch c\u1eafm<br \/>\nGrounding: \u0110i\u1ec7n \u00e1p \u0111\u1ecbnh m\u1ee9c c\u0103n c\u1ee9 ti\u00eau chu\u1ea9n: 200\/346-240\/415V<br \/>\nX\u1ebfp h\u1ea1ng hi\u1ec7n t\u1ea1i: 16A \u1ee8ng d\u1ee5ng: C\u00f4ng nghi\u1ec7p<br \/>\nCh\u1ee9ng nh\u1eadn: Giao di\u1ec7n CE: 2p+e<br \/>\nIP:44<\/p>\n<p><strong>Kh\u1ea3 n\u0103ng cung c\u1ea5p<\/strong><br \/>\nKh\u1ea3 n\u0103ng cung c\u1ea5p: 100000\/mi\u1ebfng m\u1ed7i th\u00e1ng<\/p>\n<p><strong>Bao b\u00ec &amp; giao h\u00e0ng<\/strong><br \/>\nChi ti\u1ebft \u0111\u00f3ng g\u00f3i: \u0110\u00f3ng g\u00f3i xu\u1ea5t kh\u1ea9u ti\u00eau chu\u1ea9n ho\u1eb7c theo y\u00eau c\u1ea7u c\u1ee7a kh\u00e1ch h\u00e0ng<br \/>\nC\u1ea3ng: Ningbo, Th\u01b0\u1ee3ng H\u1ea3i<br \/>\nTh\u1eddi gian d\u1eabn: Ph\u1ee5 thu\u1ed9c v\u00e0o s\u1ed1 l\u01b0\u1ee3ng \u0111\u1eb7t h\u00e0ng c\u1ee7a b\u1ea1n<\/p>\n<p>&nbsp;<\/p>\n<p><strong>M\u00f4 t\u1ea3 chi ti\u1ebft v\u1ec1 s\u1ea3n ph\u1ea9m<\/strong><\/p>\n<p><strong>M\u00f4 t\u1ea3 &amp; t\u00ednh n\u0103ng<\/strong><br \/>\nN\u01a1i xu\u1ea5t x\u1ee9: Chi\u1ebft Giang Trung Qu\u1ed1c (\u0110\u1ea1i l\u1ee5c)<br \/>\nS\u1ed1 m\u00f4 h\u00ecnh: gp55<br \/>\nGrounding: Grounding ti\u00eau chu\u1ea9n<br \/>\n\u0110i\u1ec7n \u00e1p \u0111\u1ecbnh m\u1ee9c: 200\/346-240\/415V<br \/>\nX\u1ebfp h\u1ea1ng hi\u1ec7n t\u1ea1i: 16a-6h<br \/>\n\u1ee8ng d\u1ee5ng: ph\u00edch c\u1eafm c\u00f4ng nghi\u1ec7p<br \/>\nKh\u00f4ng th\u1ea5m n\u01b0\u1edbc: IP44 Splashproof<br \/>\nC\u1ef1c: 3p+n+e<br \/>\nM\u00e0u s\u1eafc: M\u00e0u \u0111\u1ecf<br \/>\nKh\u1ea3 n\u0103ng cung c\u1ea5p: 5000000 mi\u1ebfng\/mi\u1ebfng m\u1ed7i th\u00e1ng h\u1eb9n gi\u1edd<\/p>\n<p><strong>\u0110\u1eb7c \u0111i\u1ec3m k\u1ef9 thu\u1eadt<\/strong><br \/>\nG\u00f3i: T\u00fai PP c\u00f3 th\u1ebb<br \/>\nqty\/ctn: 100pcs<br \/>\nGW: 12kg<br \/>\nNW: 11kg<br \/>\nK\u00edch th\u01b0\u1edbc carton: 60x29x24,6 cm<br \/>\nQTY\/20: 63.000 PC<br \/>\nCh\u1ee9ng nh\u1eadn: CE, ROHS, Reach, PAHS<\/p>\n<p><strong>Xem<\/strong><br \/>\nC\u00f4ng ty TNHH T\u1eadp \u0111o\u00e0n Shuangyang, Ltd lu\u00f4n g\u1eafn b\u00f3 v\u1edbi ch\u1ea5t l\u01b0\u1ee3ng &amp; d\u1ecbch v\u1ee5,<br \/>\nCh\u00fang t\u00f4i kh\u00f4ng ch\u1ec9 cung c\u1ea5p ch\u1ea5t l\u01b0\u1ee3ng cao, m\u00e0 c\u00f2n ch\u00fa \u00fd \u0111\u1ebfn vi\u1ec7c b\u1ea3o v\u1ec7 m\u00f4i tr\u01b0\u1eddng v\u00e0 s\u1ef1 an to\u00e0n c\u1ee7a con ng\u01b0\u1eddi.<br \/>\nKh\u00f4ng ng\u1eebng c\u1ea3i thi\u1ec7n ch\u1ea5t l\u01b0\u1ee3ng cu\u1ed9c s\u1ed1ng c\u1ee7a con ng\u01b0\u1eddi l\u00e0 m\u1ee5c ti\u00eau cu\u1ed1i c\u00f9ng c\u1ee7a ch\u00fang t\u00f4i.<\/p>\n<p><img decoding=\"async\" src=\"https:\/\/sc01.alicdn.com\/kf\/HTB1XAGrIFXXXXX8XVXXq6xXFXXXD\/1942321\/HTB1XAGrIFXXXXX8XVXXq6xXFXXXD.jpg_.webp\" alt=\"\" \/><\/p>\n<p><strong>D\u00f2ng s\u1ea3n ph\u1ea9m<\/strong><\/p>\n<p><img decoding=\"async\" src=\"https:\/\/sc01.alicdn.com\/kf\/HTB1FM3uIFXXXXXxXVXXq6xXFXXXK\/1942321\/HTB1FM3uIFXXXXXxXVXXq6xXFXXXK.jpg_.webp\" alt=\"\" \/><\/p>\n<p>&nbsp;<\/p>\n<p><strong>D\u1ecbch v\u1ee5 c\u1ee7a ch\u00fang t\u00f4i<\/strong><\/p>\n<p>V\u1eadn chuy\u1ec3n v\u00e0o<\/p>\n<p><img decoding=\"async\" src=\"https:\/\/sc01.alicdn.com\/kf\/HTB19FIlJFXXXXXkXVXXq6xXFXXXv\/1942321\/HTB19FIlJFXXXXXkXVXXq6xXFXXXv.jpg_.webp\" alt=\"\" \/><\/p>\n<p>Ch\u00fang t\u00f4i c\u00f3 th\u1ec3 ch\u1ea5p nh\u1eadn c\u00f4ng ty v\u1eadn chuy\u1ec3n \u0111\u01b0\u1ee3c ch\u1ec9 \u0111\u1ecbnh ho\u1eb7c \u0111\u1eb7t h\u00e0ng cho kh\u00e1ch h\u00e0ng, theo d\u00f5i c\u00e1c container cho \u0111\u1ebfn khi kh\u00e1ch h\u00e0ng nh\u1eadn \u0111\u01b0\u1ee3c h\u00e0ng h\u00f3a<br \/>\nN\u1ebfu b\u1ea1n mu\u1ed1n bi\u1ebft th\u00eam th\u00f4ng tin, xin vui l\u00f2ng li\u00ean h\u1ec7 v\u1edbi ch\u00fang t\u00f4i m\u00e0 kh\u00f4ng do d\u1ef1.<\/p>\n<p><strong>C\u00e2u h\u1ecfi th\u01b0\u1eddng g\u1eb7p\u00a0<\/strong><\/p>\n<p>Q1. C\u00f3 th\u1ec3 s\u1ea3n ph\u1ea9m c\u1ee7a b\u1ea1n in logo c\u1ee7a kh\u00e1ch?<\/p>\n<p>Tr\u1ea3 l\u1eddi: C\u00f3, kh\u00e1ch cung c\u1ea5p logo, ch\u00fang t\u00f4i c\u00f3 th\u1ec3 in tr\u00ean s\u1ea3n ph\u1ea9m.<\/p>\n<p>&nbsp;<\/p>\n<p>q2. l\u00e0m th\u1ebf n\u00e0o \u0111\u1ec3 thi\u1ebft l\u1eadp m\u1ed1i quan h\u1ec7 kinh doanh l\u00e2u d\u00e0i gi\u1eefa ch\u00fang ta?<\/p>\n<p>Tr\u1ea3 l\u1eddi: Ch\u00fang t\u00f4i cung c\u1ea5p ch\u1ea5t l\u01b0\u1ee3ng cao c\u1ee7a s\u1ea3n ph\u1ea9m v\u00e0 gi\u00e1 c\u1ea3 r\u1ea5t c\u1ea1nh tranh \u0111\u1ec3 \u0111\u1ea3m b\u1ea3o l\u1ee3i nhu\u1eadn c\u1ee7a kh\u00e1ch h\u00e0ng.<\/p>\n<p>&nbsp;<\/p>\n<p>Q3. Nh\u1eefng \u0111i\u1ec1u kho\u1ea3n v\u1eadn chuy\u1ec3n n\u00e0o ch\u00fang ta c\u00f3 th\u1ec3 ch\u1ecdn?<\/p>\n<p>A: C\u00f3 b\u1eb1ng \u0111\u01b0\u1eddng bi\u1ec3n, b\u1eb1ng \u0111\u01b0\u1eddng h\u00e0ng kh\u00f4ng, b\u1eb1ng c\u00e1ch giao h\u00e0ng nhanh cho c\u00e1c l\u1ef1a ch\u1ecdn c\u1ee7a b\u1ea1n.<\/p>","protected":false},"excerpt":{"rendered":"<p>Nh\u1ecf 5Pin 16A c\u00f4ng nghi\u1ec7p<\/p>\n<p>Kh\u1ea3 n\u0103ng cung c\u1ea5p: 100000\/mi\u1ebfng m\u1ed7i th\u00e1ng<\/p>\n<p>Chi ti\u1ebft bao b\u00ec: T\u00fai PE<br \/>\nC\u1ea3ng: Ningbo\/Th\u01b0\u1ee3ng H\u1ea3i<br \/>\nTh\u1eddi gian d\u1eabn \u0111\u1ea7u :<br \/>\nS\u1ed1 l\u01b0\u1ee3ng (m\u1ea3nh) 1 - 10000&gt; 10000<br \/>\nEst. Th\u1eddi gian (ng\u00e0y) 60 s\u1ebd \u0111\u01b0\u1ee3c \u0111\u00e0m ph\u00e1n<\/p>","protected":false},"featured_media":541,"template":"","meta":[],"product_cat":[24],"product_tag":[],"class_list":{"0":"post-257","1":"product","2":"type-product","3":"status-publish","4":"has-post-thumbnail","6":"product_cat-socketplug","8":"first","9":"instock","10":"shipping-taxable","11":"product-type-simple"},"_links":{"self":[{"href":"https:\/\/www.soyang-group.com\/vi\/wp-json\/wp\/v2\/product\/257","targetHints":{"allow":["GET"]}}],"collection":[{"href":"https:\/\/www.soyang-group.com\/vi\/wp-json\/wp\/v2\/product"}],"about":[{"href":"https:\/\/www.soyang-group.com\/vi\/wp-json\/wp\/v2\/types\/product"}],"version-history":[{"count":1,"href":"https:\/\/www.soyang-group.com\/vi\/wp-json\/wp\/v2\/product\/257\/revisions"}],"predecessor-version":[{"id":542,"href":"https:\/\/www.soyang-group.com\/vi\/wp-json\/wp\/v2\/product\/257\/revisions\/542"}],"wp:featuredmedia":[{"embeddable":true,"href":"https:\/\/www.soyang-group.com\/vi\/wp-json\/wp\/v2\/media\/541"}],"wp:attachment":[{"href":"https:\/\/www.soyang-group.com\/vi\/wp-json\/wp\/v2\/media?parent=257"}],"wp:term":[{"taxonomy":"product_cat","embeddable":true,"href":"https:\/\/www.soyang-group.com\/vi\/wp-json\/wp\/v2\/product_cat?post=257"},{"taxonomy":"product_tag","embeddable":true,"href":"https:\/\/www.soyang-group.com\/vi\/wp-json\/wp\/v2\/product_tag?post=257"}],"curies":[{"name":"wp","href":"https:\/\/api.w.org\/{rel}","templated":true}]}}