{"id":259,"date":"2024-12-12T13:08:15","date_gmt":"2024-12-12T05:08:15","guid":{"rendered":"https:\/\/shuangy.gg12.globaldeepsea.site\/?post_type=product&#038;p=259"},"modified":"2025-01-10T17:52:59","modified_gmt":"2025-01-10T09:52:59","slug":"industrial-socket","status":"publish","type":"product","link":"https:\/\/www.soyang-group.com\/vi\/san-pham\/industrial-socket\/","title":{"rendered":"\u1ed4 c\u1eafm c\u00f4ng nghi\u1ec7p"},"content":{"rendered":"<div class=\"fl-col-group fl-node-5ea1012f9e458\" data-node=\"5ea1012f9e458\">\n<div class=\"fl-col fl-node-5ea1012f9e87c\" data-node=\"5ea1012f9e87c\">\n<div class=\"fl-col-content fl-node-content\">\n<div class=\"fl-module fl-module-rich-text fl-node-5ea1012f9e180\" data-node=\"5ea1012f9e180\" data-animation-delay=\"0.0\">\n<div class=\"fl-module-content fl-node-content\">\n<div class=\"fl-rich-text\">\n<p><b>Th\u00f4ng tin c\u01a1 b\u1ea3n<\/b><b><\/b><br \/>\nM\u00f4 h\u00ecnh s\u1ed1: CEE CEE CEE c\u00f4ng nghi\u1ec7p<br \/>\nT\u00ean th\u01b0\u01a1ng hi\u1ec7u: Shuangyang<br \/>\nV\u1eadt li\u1ec7u v\u1ecf: nylon &amp; \u0111\u1ed3ng<br \/>\nS\u1eed d\u1ee5ng: K\u1ebft n\u1ed1i v\u1edbi c\u00e1p<br \/>\nWarly: 1 n\u0103m<br \/>\nGi\u1ea5y ch\u1ee9ng nh\u1eadn: CE, Rohs, Reach, PAHS<\/p>\n<\/div>\n<\/div>\n<\/div>\n<\/div>\n<\/div>\n<\/div>\n<div class=\"fl-col-group fl-node-5ea10128c6e2f\" data-node=\"5ea10128c6e2f\">\n<div class=\"fl-col fl-node-5ea10128c71e0\" data-node=\"5ea10128c71e0\">\n<div class=\"fl-col-content fl-node-content\">\n<div class=\"fl-module fl-module-rich-text fl-node-5ea10174f2dbe\" data-node=\"5ea10174f2dbe\" data-animation-delay=\"0.0\">\n<div class=\"fl-module-content fl-node-content\">\n<div class=\"fl-rich-text\">\n<p><b>Chi ti\u1ebft s\u1ea3n ph\u1ea9m:<\/b><br \/>\n<b>\u00a0(1)<\/b><b>CEE 16A 6H \u1ed4 c\u1eafm<\/b><br \/>\nS\u1ed1 m\u00f4 h\u00ecnh: EZ53<br \/>\nT\u00ean th\u01b0\u01a1ng hi\u1ec7u: Shuangyang<br \/>\nS\u1eed d\u1ee5ng: \u1ed5 c\u1eafm CEE<br \/>\nGrounding: Grounding ti\u00eau chu\u1ea9n<br \/>\nL\u00fd thuy\u1ebft: C\u00f4ng nghi\u1ec7p<br \/>\n<b>M\u00f4 t\u1ea3 &amp; t\u00ednh n\u0103ng<\/b><b><\/b><br \/>\n1.Voltage: 200-250V AC<br \/>\n2. X\u1ebfp h\u1ea1ng hi\u1ec7n t\u1ea1i: 16a ~ 6h<br \/>\n3. WAERPROOF: IP44<br \/>\n4.Poles: 2p+e<br \/>\n5.color:blue<br \/>\n6. Kh\u1ea3 n\u0103ng cung c\u1ea5p: 5000000 m\u1ea3nh\/mi\u1ebfng m\u1ed7i th\u00e1ng h\u1eb9n gi\u1edd<br \/>\n<b><\/b><b>\u0110\u1eb7c \u0111i\u1ec3m k\u1ef9 thu\u1eadt<\/b><br \/>\nG\u00f3i: T\u00fai PP c\u00f3 th\u1ebb<br \/>\nqty\/ctn: 100pcs<br \/>\nGW: 15kg<br \/>\nT\u00e2y B\u1eafc: 14kg<br \/>\nK\u00edch th\u01b0\u1edbc carton: 75x29x26 cm<br \/>\nQty\/20: 47.700 PC<br \/>\nCh\u1ee9ng nh\u1eadn: CE, ROHS, Reach, PAHS<br \/>\n<img decoding=\"async\" src=\"https:\/\/www.soyanggroup.com\/uploads\/693988eb.png\" alt=\"ccc\" \/><\/p>\n<\/div>\n<\/div>\n<\/div>\n<\/div>\n<\/div>\n<div class=\"fl-col fl-node-5ea10128c7236 fl-col-small\" data-node=\"5ea10128c7236\">\n<div class=\"fl-col-content fl-node-content\">\n<div class=\"fl-module fl-module-rich-text fl-node-5ea101f4d563e\" data-node=\"5ea101f4d563e\" data-animation-delay=\"0.0\">\n<div class=\"fl-module-content fl-node-content\">\n<div class=\"fl-rich-text\">\n<p><a class=\"fancybox\" href=\"https:\/\/www.soyanggroup.com\/uploads\/d9a4f57d.png\" target=\"_blank\" rel=\"noopener\"><img decoding=\"async\" src=\"https:\/\/www.soyanggroup.com\/uploads\/d9a4f57d.png\" alt=\"\u1ed4 c\u1eafm c\u00f4ng nghi\u1ec7p341\" \/><\/a><\/p>\n<\/div>\n<\/div>\n<\/div>\n<\/div>\n<\/div>\n<\/div>\n<div class=\"fl-col-group fl-node-5ea1026852090\" data-node=\"5ea1026852090\">\n<div class=\"fl-col fl-node-5ea1026852489\" data-node=\"5ea1026852489\">\n<div class=\"fl-col-content fl-node-content\">\n<div class=\"fl-module fl-module-rich-text fl-node-5ea1026c09741\" data-node=\"5ea1026c09741\" data-animation-delay=\"0.0\">\n<div class=\"fl-module-content fl-node-content\">\n<div class=\"fl-rich-text\">\n<p><b>(2) CEE 16A 6H\u00a0<\/b><b>\u1ed5 c\u1eafm<\/b><br \/>\n<b><\/b>S\u1ed1 m\u00f4 h\u00ecnh: EZ54<br \/>\nT\u00ean th\u01b0\u01a1ng hi\u1ec7u: Shuangyang<br \/>\nS\u1eed d\u1ee5ng: \u1ed5 c\u1eafm CEE<br \/>\nGrounding: Grounding ti\u00eau chu\u1ea9n<br \/>\nL\u00fd thuy\u1ebft: C\u00f4ng nghi\u1ec7p<br \/>\n<b>M\u00f4 t\u1ea3 &amp; t\u00ednh n\u0103ng<\/b><b><\/b><br \/>\n1.Voltage: 100-130V AC<br \/>\n2. X\u1ebfp h\u1ea1ng hi\u1ec7n t\u1ea1i: 16a ~ 4h<br \/>\n3. WAERPROOF: IP44<br \/>\n4.Poles: 2p+e<br \/>\n5.color:yellow<br \/>\n6. Kh\u1ea3 n\u0103ng cung c\u1ea5p: 5000000 m\u1ea3nh\/mi\u1ebfng m\u1ed7i th\u00e1ng h\u1eb9n gi\u1edd<br \/>\n<b>\u0110\u1eb7c \u0111i\u1ec3m k\u1ef9 thu\u1eadt<\/b><br \/>\nG\u00f3i: T\u00fai PP c\u00f3 th\u1ebb<br \/>\nqty\/ctn: 100pcs<br \/>\nGW: 15kg<br \/>\nT\u00e2y B\u1eafc: 14kg<br \/>\nK\u00edch th\u01b0\u1edbc carton: 75x29x26 cm<br \/>\nQty\/20: 47.700 PC<br \/>\nCh\u1ee9ng nh\u1eadn: CE, ROHS, Reach, PAHS<br \/>\n<img decoding=\"async\" src=\"https:\/\/www.soyanggroup.com\/uploads\/693988eb.png\" alt=\"ccc\" \/><\/p>\n<\/div>\n<\/div>\n<\/div>\n<\/div>\n<\/div>\n<div class=\"fl-col fl-node-5ea10268524f6 fl-col-small\" data-node=\"5ea10268524f6\">\n<div class=\"fl-col-content fl-node-content\">\n<div class=\"fl-module fl-module-rich-text fl-node-5ea102e0f2ccb\" data-node=\"5ea102e0f2ccb\" data-animation-delay=\"0.0\">\n<div class=\"fl-module-content fl-node-content\">\n<div class=\"fl-rich-text\">\n<p><a class=\"fancybox\" href=\"https:\/\/www.soyanggroup.com\/uploads\/57ee1dc1.png\" target=\"_blank\" rel=\"noopener\"><img decoding=\"async\" src=\"https:\/\/www.soyanggroup.com\/uploads\/57ee1dc1.png\" alt=\"\u1ed4 c\u1eafm c\u00f4ng nghi\u1ec7p1163\" \/><\/a><\/p>\n<\/div>\n<\/div>\n<\/div>\n<\/div>\n<\/div>\n<\/div>\n<div class=\"fl-col-group fl-node-5ea102fe5d748\" data-node=\"5ea102fe5d748\">\n<div class=\"fl-col fl-node-5ea102fe5da3f\" data-node=\"5ea102fe5da3f\">\n<div class=\"fl-col-content fl-node-content\">\n<div class=\"fl-module fl-module-rich-text fl-node-5ea102fe5d574\" data-node=\"5ea102fe5d574\" data-animation-delay=\"0.0\">\n<div class=\"fl-module-content fl-node-content\">\n<div class=\"fl-rich-text\">\n<p><b>(3)CEE\u00a0<\/b><b>5-pin\u00a0<\/b><b>16a 6h\u00a0<\/b><b>\u1ed5 c\u1eafm<\/b><br \/>\n<b><\/b>S\u1ed1 m\u00f4 h\u00ecnh: EZ55<br \/>\nT\u00ean th\u01b0\u01a1ng hi\u1ec7u: Shuangyang<br \/>\nS\u1eed d\u1ee5ng: CEE ph\u00edch c\u1eafm<br \/>\nGrounding: Grounding ti\u00eau chu\u1ea9n<br \/>\nL\u00fd thuy\u1ebft: C\u00f4ng nghi\u1ec7p<br \/>\n<b>M\u00f4 t\u1ea3 &amp; t\u00ednh n\u0103ng<\/b><b><\/b><br \/>\n1.Voltage: 200\/346-240\/415V AC<br \/>\n2. X\u1ebfp h\u1ea1ng hi\u1ec7n t\u1ea1i: 16a ~ 6h<br \/>\n3. WAERPROOF: IP44<br \/>\n4.Poles: 3p+n+e<br \/>\n5.color:Red<br \/>\n6. Kh\u1ea3 n\u0103ng cung c\u1ea5p: 5000000 m\u1ea3nh\/mi\u1ebfng m\u1ed7i th\u00e1ng h\u1eb9n gi\u1edd<br \/>\n<b>\u0110\u1eb7c \u0111i\u1ec3m k\u1ef9 thu\u1eadt<\/b><br \/>\nG\u00f3i: T\u00fai PP c\u00f3 th\u1ebb<br \/>\nqty\/ctn: 100pcs<br \/>\nGW: 16kg<br \/>\nT\u00e2y B\u1eafc: 15kg<br \/>\nK\u00edch th\u01b0\u1edbc carton: 75x29x26 cm<br \/>\nQty\/20: 47.700 PC<br \/>\nCh\u1ee9ng nh\u1eadn: CE, ROHS, Reach, PAHS<br \/>\n<img decoding=\"async\" src=\"https:\/\/www.soyanggroup.com\/uploads\/693988eb.png\" alt=\"ccc\" \/><\/p>\n<\/div>\n<\/div>\n<\/div>\n<\/div>\n<\/div>\n<div class=\"fl-col fl-node-5ea103ab2c643 fl-col-small\" data-node=\"5ea103ab2c643\">\n<div class=\"fl-col-content fl-node-content\">\n<div class=\"fl-module fl-module-rich-text fl-node-5ea103ab2bfc1\" data-node=\"5ea103ab2bfc1\" data-animation-delay=\"0.0\">\n<div class=\"fl-module-content fl-node-content\">\n<div class=\"fl-rich-text\">\n<p><a class=\"fancybox\" href=\"https:\/\/www.soyanggroup.com\/uploads\/000d6979.png\" target=\"_blank\" rel=\"noopener\"><img decoding=\"async\" src=\"https:\/\/www.soyanggroup.com\/uploads\/000d6979.png\" alt=\"\u1ed4 c\u1eafm c\u00f4ng nghi\u1ec7p1993\" \/><\/a><\/p>\n<\/div>\n<\/div>\n<\/div>\n<\/div>\n<\/div>\n<\/div>\n<div class=\"fl-col-group fl-node-5ea536c393e80\" data-node=\"5ea536c393e80\">\n<div class=\"fl-col fl-node-5ea536c39425e\" data-node=\"5ea536c39425e\">\n<div class=\"fl-col-content fl-node-content\">\n<div class=\"fl-module fl-module-rich-text fl-node-5ea536c393c70\" data-node=\"5ea536c393c70\" data-animation-delay=\"0.0\">\n<div class=\"fl-module-content fl-node-content\">\n<div class=\"fl-rich-text\">\n<p><b>C\u00e1c b\u01b0\u1edbc x\u1eed l\u00fd:<\/b><\/p>\n<\/div>\n<\/div>\n<\/div>\n<\/div>\n<\/div>\n<\/div>\n<div class=\"fl-col-group fl-node-5ea10438dfe90\" data-node=\"5ea10438dfe90\">\n<div class=\"fl-col fl-node-5ea10438e02e5 fl-col-small\" data-node=\"5ea10438e02e5\">\n<div class=\"fl-col-content fl-node-content\">\n<div class=\"fl-module fl-module-rich-text fl-node-5ea1046d58be1\" data-node=\"5ea1046d58be1\" data-animation-delay=\"0.0\">\n<div class=\"fl-module-content fl-node-content\">\n<div class=\"fl-rich-text\">\n<p>Rawm v\u1eadt li\u1ec7u (Timersockets)<\/p>\n<p><img decoding=\"async\" src=\"https:\/\/www.soyanggroup.com\/uploads\/38a0b923.png\" alt=\"1\" \/><\/p>\n<\/div>\n<\/div>\n<\/div>\n<\/div>\n<\/div>\n<div class=\"fl-col fl-node-5ea10438e033d fl-col-small\" data-node=\"5ea10438e033d\">\n<div class=\"fl-col-content fl-node-content\">\n<div class=\"fl-module fl-module-rich-text fl-node-5ea1047d56ccc\" data-node=\"5ea1047d56ccc\" data-animation-delay=\"0.0\">\n<div class=\"fl-module-content fl-node-content\">\n<div class=\"fl-rich-text\">\n<p>ti\u00eam<\/p>\n<p><img decoding=\"async\" src=\"https:\/\/www.soyanggroup.com\/uploads\/8d9d4c2f.png\" alt=\"2\" \/><\/p>\n<\/div>\n<\/div>\n<\/div>\n<\/div>\n<\/div>\n<div class=\"fl-col fl-node-5ea10438e038e fl-col-small\" data-node=\"5ea10438e038e\">\n<div class=\"fl-col-content fl-node-content\">\n<div class=\"fl-module fl-module-rich-text fl-node-5ea104b265427\" data-node=\"5ea104b265427\" data-animation-delay=\"0.0\">\n<div class=\"fl-module-content fl-node-content\">\n<div class=\"fl-rich-text\">\n<p>h\u1ea5p d\u1eabn<\/p>\n<p><img decoding=\"async\" src=\"https:\/\/www.soyanggroup.com\/uploads\/7e4b5ce22.png\" alt=\"3\" \/><\/p>\n<\/div>\n<\/div>\n<\/div>\n<\/div>\n<\/div>\n<\/div>\n<div class=\"fl-col-group fl-node-5ea1043dae44c\" data-node=\"5ea1043dae44c\">\n<div class=\"fl-col fl-node-5ea1043dae8ae fl-col-small\" data-node=\"5ea1043dae8ae\">\n<div class=\"fl-col-content fl-node-content\">\n<div class=\"fl-module fl-module-rich-text fl-node-5ea104e2d9e57\" data-node=\"5ea104e2d9e57\" data-animation-delay=\"0.0\">\n<div class=\"fl-module-content fl-node-content\">\n<div class=\"fl-rich-text\">\n<p>l\u1eafp r\u00e1p<br \/>\n<img decoding=\"async\" src=\"https:\/\/www.soyanggroup.com\/uploads\/79a2f3e7.png\" alt=\"4\" \/><\/p>\n<\/div>\n<\/div>\n<\/div>\n<\/div>\n<\/div>\n<div class=\"fl-col fl-node-5ea1043dae903 fl-col-small\" data-node=\"5ea1043dae903\">\n<div class=\"fl-col-content fl-node-content\">\n<div class=\"fl-module fl-module-rich-text fl-node-5ea104ffd3975\" data-node=\"5ea104ffd3975\" data-animation-delay=\"0.0\">\n<div class=\"fl-module-content fl-node-content\">\n<div class=\"fl-rich-text\">\n<p>ki\u1ec3m tra<br \/>\n<img decoding=\"async\" src=\"https:\/\/www.soyanggroup.com\/uploads\/7fbbce23.png\" alt=\"5\" \/><\/p>\n<\/div>\n<\/div>\n<\/div>\n<\/div>\n<\/div>\n<div class=\"fl-col fl-node-5ea1043dae953 fl-col-small\" data-node=\"5ea1043dae953\">\n<div class=\"fl-col-content fl-node-content\">\n<div class=\"fl-module fl-module-rich-text fl-node-5ea1051578e1b\" data-node=\"5ea1051578e1b\" data-animation-delay=\"0.0\">\n<div class=\"fl-module-content fl-node-content\">\n<div class=\"fl-rich-text\">\n<p>kho<br \/>\n<img decoding=\"async\" src=\"https:\/\/www.soyanggroup.com\/uploads\/1c5a880f.png\" alt=\"6\" \/><\/p>\n<\/div>\n<\/div>\n<\/div>\n<\/div>\n<\/div>\n<\/div>\n<div class=\"fl-col-group fl-node-5ea103c700bbf\" data-node=\"5ea103c700bbf\">\n<div class=\"fl-col fl-node-5ea103c700ea5\" data-node=\"5ea103c700ea5\">\n<div class=\"fl-col-content fl-node-content\">\n<div class=\"fl-module fl-module-rich-text fl-node-5ea103c7009b3\" data-node=\"5ea103c7009b3\" data-animation-delay=\"0.0\">\n<div class=\"fl-module-content fl-node-content\">\n<div class=\"fl-rich-text\">\n<p><strong>L\u1ee3i th\u1ebf<\/strong><\/p>\n<p>\u25cf B\u1ed9 ph\u1eadn t\u00ean th\u01b0\u01a1ng hi\u1ec7u<br \/>\n\u25cf \u0110\u1ea5t n\u01b0\u1edbc xu\u1ea5t x\u1ee9<br \/>\n\u25cf Ph\u00e2n ph\u1ed1i \u0111\u01b0\u1ee3c cung c\u1ea5p<br \/>\n\u25cf Nh\u00e2n vi\u00ean c\u00f3 kinh nghi\u1ec7m<br \/>\n\u25cf T\u1ea1o th\u00e0nh a<br \/>\n\u25cf S\u1ea3n ph\u1ea9m xanh<br \/>\n\u25cf \u0110\u1ea3m b\u1ea3o\/b\u1ea3o h\u00e0nh<br \/>\n\u25cf Ph\u00ea duy\u1ec7t qu\u1ed1c t\u1ebf<br \/>\n\u25cf Bao b\u00ec<br \/>\n\u25cf Gi\u00e1<br \/>\n\u25cf T\u00ednh n\u0103ng s\u1ea3n ph\u1ea9m<br \/>\n\u25cf Hi\u1ec7u su\u1ea5t s\u1ea3n ph\u1ea9m<br \/>\n\u25cf Giao h\u00e0ng nhanh ch\u00f3ng<br \/>\n\u25cf Ph\u00ea duy\u1ec7t ch\u1ea5t l\u01b0\u1ee3ng<br \/>\n\u25cf Danh ti\u1ebfng<br \/>\n\u25cf D\u1ecbch v\u1ee5<br \/>\n\u25cf \u0110\u01a1n \u0111\u1eb7t h\u00e0ng nh\u1ecf \u0111\u01b0\u1ee3c ch\u1ea5p nh\u1eadn<br \/>\n\u25cf D\u1ecbch v\u1ee5 OEM v\u00e0 ODM \u0111\u01b0\u1ee3c cung c\u1ea5p<br \/>\n\u25cf Ch\u1ea5t l\u01b0\u1ee3ng cao<\/p>\n<p><b>C\u00e1c s\u1ea3n ph\u1ea9m t\u01b0\u01a1ng t\u1ef1<\/b><\/p>\n<p><img decoding=\"async\" src=\"https:\/\/www.soyanggroup.com\/uploads\/7c8bcc9a.png\" alt=\"GGGGG\" \/><\/p>\n<p><b>Bao b\u00ec &amp; Thanh to\u00e1n &amp; Shippment<br \/>\n<\/b><b>Chi ti\u1ebft \u0111\u00f3ng g\u00f3i:\u00a0<\/b><b>T\u00fai PP c\u00f3 th\u1ebb<br \/>\n<\/b><b>Ph\u01b0\u01a1ng th\u1ee9c thanh to\u00e1n: T\u0103ng d\u1ea7n TT, T\/T, L\/C<br \/>\n<\/b><b>Giao h\u00e0ng: 30-45 ng\u00e0y sau khi nh\u1eadn \u0111\u01b0\u1ee3c Deposite<br \/>\n<\/b><b>C\u1ea3ng: Ningbo ho\u1eb7c Th\u01b0\u1ee3ng H\u1ea3i<\/b><\/p>\n<p><strong>H\u1ed3 s\u01a1 c\u00f4ng ty:<\/strong><br \/>\n1. Lo\u1ea1i kinh doanh: Nh\u00e0 s\u1ea3n xu\u1ea5t, c\u00f4ng ty th\u01b0\u01a1ng m\u1ea1i<br \/>\n2. S\u1ea3n ph\u1ea9m: \u1ed4 c\u1eafm h\u1eb9n gi\u1edd, c\u00e1p, cu\u1ed9n c\u00e1p, \u00e1nh s\u00e1ng<br \/>\n3. T\u1ed5ng s\u1ed1 nh\u00e2n vi\u00ean: 501 - 1000 ng\u01b0\u1eddi<br \/>\n4. Th\u00e0nh l\u1eadp: 1994<br \/>\n5. Ch\u1ee9ng nh\u1eadn h\u1ec7 th\u1ed1ng qu\u1ea3n l\u00fd: ISO9001, ISO14001, OHSAS18001<br \/>\n6. Qu\u1ed1c gia \/ khu v\u1ef1c: Chi\u1ebft Giang, Trung Qu\u1ed1c<br \/>\n7. S\u1ef1 s\u1edf h\u1eefu: Ch\u1ee7 s\u1edf h\u1eefu t\u01b0 nh\u00e2n<br \/>\n8. Th\u1ecb tr\u01b0\u1eddng ch\u00ednh:<\/p>\n<p>\u0110\u00f4ng \u00c2u 39.00%<br \/>\nB\u1eafc \u00c2u 30.00%<br \/>\nT\u00e2y \u00c2u 16.00%<br \/>\nTh\u1ecb tr\u01b0\u1eddng trong n\u01b0\u1edbc: 7%<br \/>\nMid East: 5%<br \/>\nNam M\u1ef9: 3%<\/p>\n<p><strong>C\u00e2u h\u1ecfi th\u01b0\u1eddng g\u1eb7p:<\/strong><br \/>\n1. C\u00f3 th\u1ec3 s\u1ea3n ph\u1ea9m c\u1ee7a b\u1ea1n in logo c\u1ee7a kh\u00e1ch kh\u00f4ng?<br \/>\nC\u00f3, kh\u00e1ch cung c\u1ea5p logo, ch\u00fang t\u00f4i c\u00f3 th\u1ec3 in tr\u00ean s\u1ea3n ph\u1ea9m.<br \/>\n2. B\u1ea1n \u0111\u00e3 v\u01b0\u1ee3t qua ki\u1ec3m to\u00e1n tr\u00e1ch nhi\u1ec7m x\u00e3 h\u1ed9i n\u00e0o?<br \/>\nV\u00e2ng, ch\u00fang t\u00f4i c\u00f3 BSCI, Sedex.<br \/>\n3. Gi\u00e1 c\u1ee7a b\u1ea1n l\u00e0 bao nhi\u00eau?<br \/>\nGi\u00e1 c\u1ee7a ch\u00fang t\u00f4i c\u00f3 th\u1ec3 thay \u0111\u1ed5i t\u00f9y thu\u1ed9c v\u00e0o ngu\u1ed3n cung v\u00e0 c\u00e1c y\u1ebfu t\u1ed1 th\u1ecb tr\u01b0\u1eddng kh\u00e1c. Ch\u00fang t\u00f4i s\u1ebd g\u1eedi cho b\u1ea1n v\u00e0 c\u1eadp nh\u1eadt b\u1ea3ng gi\u00e1 sau khi Conmany c\u1ee7a b\u1ea1n li\u00ean h\u1ec7 v\u1edbi ch\u00fang t\u00f4i \u0111\u1ec3 bi\u1ebft th\u00eam th\u00f4ng tin.<\/p>\n<\/div>\n<\/div>\n<\/div>\n<\/div>\n<\/div>\n<\/div>","protected":false},"excerpt":{"rendered":"<p>\u0110\u1ea7u n\u1ed1i n\u0103ng l\u01b0\u1ee3ng c\u00f4ng nghi\u1ec7p 2P+E<\/p>\n<p>IP44<\/p>","protected":false},"featured_media":539,"template":"","meta":[],"product_cat":[24],"product_tag":[],"class_list":{"0":"post-259","1":"product","2":"type-product","3":"status-publish","4":"has-post-thumbnail","6":"product_cat-socketplug","8":"first","9":"instock","10":"shipping-taxable","11":"product-type-simple"},"_links":{"self":[{"href":"https:\/\/www.soyang-group.com\/vi\/wp-json\/wp\/v2\/product\/259","targetHints":{"allow":["GET"]}}],"collection":[{"href":"https:\/\/www.soyang-group.com\/vi\/wp-json\/wp\/v2\/product"}],"about":[{"href":"https:\/\/www.soyang-group.com\/vi\/wp-json\/wp\/v2\/types\/product"}],"version-history":[{"count":1,"href":"https:\/\/www.soyang-group.com\/vi\/wp-json\/wp\/v2\/product\/259\/revisions"}],"predecessor-version":[{"id":540,"href":"https:\/\/www.soyang-group.com\/vi\/wp-json\/wp\/v2\/product\/259\/revisions\/540"}],"wp:featuredmedia":[{"embeddable":true,"href":"https:\/\/www.soyang-group.com\/vi\/wp-json\/wp\/v2\/media\/539"}],"wp:attachment":[{"href":"https:\/\/www.soyang-group.com\/vi\/wp-json\/wp\/v2\/media?parent=259"}],"wp:term":[{"taxonomy":"product_cat","embeddable":true,"href":"https:\/\/www.soyang-group.com\/vi\/wp-json\/wp\/v2\/product_cat?post=259"},{"taxonomy":"product_tag","embeddable":true,"href":"https:\/\/www.soyang-group.com\/vi\/wp-json\/wp\/v2\/product_tag?post=259"}],"curies":[{"name":"wp","href":"https:\/\/api.w.org\/{rel}","templated":true}]}}