{"id":266,"date":"2024-12-12T13:10:17","date_gmt":"2024-12-12T05:10:17","guid":{"rendered":"https:\/\/shuangy.gg12.globaldeepsea.site\/?post_type=product&#038;p=266"},"modified":"2024-12-12T13:10:17","modified_gmt":"2024-12-12T05:10:17","slug":"2-1a-usb-socket","status":"publish","type":"product","link":"https:\/\/www.soyang-group.com\/vi\/san-pham\/2-1a-usb-socket\/","title":{"rendered":"\u1ed4 c\u1eafm USB 2.1A"},"content":{"rendered":"<p><strong>T\u1ed5ng quan<\/strong><\/p>\n<p><strong>Chi ti\u1ebft nhanh ch\u00f3ng<\/strong><br \/>\nN\u01a1i xu\u1ea5t x\u1ee9: Chi\u1ebft Giang, Trung Qu\u1ed1c<br \/>\nT\u00ean th\u01b0\u01a1ng hi\u1ec7u: \u0110\u1eadu n\u00e0nh<br \/>\nS\u1ed1 m\u00f4 h\u00ecnh: USB-D2<br \/>\nDC: 5V AC<br \/>\nMax:2.1A<br \/>\nM\u00e0u s\u1eafc: Tr\u1eafng<br \/>\n\u1ee8ng d\u1ee5ng: C\u00f4ng t\u1eafc h\u1eb9n gi\u1edd<\/p>\n<p><strong>Kh\u1ea3 n\u0103ng cung c\u1ea5p<\/strong><br \/>\nKh\u1ea3 n\u0103ng cung c\u1ea5p: 100000\/mi\u1ebfng m\u1ed7i th\u00e1ng<\/p>\n<p><strong>Bao b\u00ec &amp; giao h\u00e0ng<\/strong><br \/>\nChi ti\u1ebft bao b\u00ec: v\u1ec9 \u0111\u00f4i, 10 c\u00e1i\/ h\u1ed9p b\u00ean trong, 60 chi\u1ebfc\/ th\u00f9ng b\u00ean ngo\u00e0i<br \/>\nC\u1ea3ng: Ningbo\/Th\u01b0\u1ee3ng H\u1ea3i<br \/>\nTh\u1eddi gian d\u1eabn \u0111\u1ea7u :<br \/>\nS\u1ed1 l\u01b0\u1ee3ng (m\u1ea3nh) 1 - 10000&gt; 10000<br \/>\nEst. Th\u1eddi gian (ng\u00e0y) 60 s\u1ebd \u0111\u01b0\u1ee3c \u0111\u00e0m ph\u00e1n<\/p>\n<p>&nbsp;<\/p>\n<p><strong>M\u00f4 t\u1ea3 chi ti\u1ebft v\u1ec1 s\u1ea3n ph\u1ea9m<\/strong><\/p>\n<p><strong>\u1ed4 c\u1eafm USB 2.1A<\/strong><br \/>\nS\u1ed1 m\u00f4 h\u00ecnh: USB-D2<br \/>\nPhi\u00ean b\u1ea3n \u0110\u1ee9c<br \/>\nT\u00ean th\u01b0\u01a1ng hi\u1ec7u: Shuangyang<br \/>\nS\u1eed d\u1ee5ng: \u1ed4 c\u1eafm b\u1ed9 s\u1ea1c<br \/>\nL\u00fd thuy\u1ebft: C\u01a1 h\u1ecdc<br \/>\nM\u00f4 t\u1ea3 &amp; t\u00ednh n\u0103ng<br \/>\n1.Max: 2.1a<br \/>\n2.DC: 5V<br \/>\n3. K\u00edch th\u01b0\u1edbc \u0111\u01a1n v\u1ecb:<\/p>\n<p><a class=\"fancybox\" href=\"https:\/\/www.soyanggroup.com\/uploads\/125.jpg\" target=\"_blank\" rel=\"noopener\"><img decoding=\"async\" class=\"alignnone size-full wp-image-4344\" src=\"https:\/\/www.soyanggroup.com\/uploads\/125.jpg\" alt=\"1\" \/><\/a><\/p>\n<p>4. Kh\u1ea3 n\u0103ng cung c\u1ea5p: 1000000 mi\u1ebfng\/mi\u1ebfng m\u1ed7i th\u00e1ng h\u1eb9n gi\u1edd<br \/>\n5. Kh\u1ea3 n\u0103ng c\u00f3 s\u1eb5n cho m\u1ed9t thi\u1ebft k\u1ebf kh\u00e1c: Phi\u00ean b\u1ea3n Gemany, Phi\u00ean b\u1ea3n \u0110an M\u1ea1ch, Phi\u00ean b\u1ea3n Ph\u00e1p<\/p>\n<p>&nbsp;<\/p>\n<p><strong>\u0110\u1eb7c \u0111i\u1ec3m k\u1ef9 thu\u1eadt<\/strong><br \/>\nG\u00f3i: B\u1ec7nh v\u1ec9 \u0111\u00f4i<br \/>\nQTY\/H\u1ed9p: 10pcs<br \/>\nQty\/ctn: 60pcs<br \/>\nGW: 5,8kg<br \/>\nT\u00e2y B\u1eafc: 4,8kg<br \/>\nK\u00edch th\u01b0\u1edbc carton: 38*73*23cm<br \/>\nQty\/20: 23.040pcs<br \/>\nCh\u1ee9ng nh\u1eadn: GS, CE, ROHS, Reach, PAHS<\/p>\n<p>&nbsp;<\/p>\n<p><strong>\u0110i\u1ec3m b\u00e1n h\u00e0ng<\/strong><br \/>\n1. Ch\u1ea5t l\u01b0\u1ee3ng cao<br \/>\n2. Gi\u00e1 c\u00f3 th\u1ec3 th\u1ef1c hi\u1ec7n \u0111\u01b0\u1ee3c<br \/>\n3. \u0110a s\u1ea3n ph\u1ea9m \u0111a d\u1ea1ng<br \/>\n4. Thi\u1ebft k\u1ebf h\u1ea5p d\u1eabn<br \/>\n5. C\u00f4ng ngh\u1ec7 th\u00e2n thi\u1ec7n v\u1edbi m\u00f4i tr\u01b0\u1eddng<br \/>\n6.OEM v\u00e0 d\u1ecbch v\u1ee5 ODM \u0111\u01b0\u1ee3c cung c\u1ea5p<\/p>\n<p>&nbsp;<\/p>\n<p><strong>Bao b\u00ec &amp; Thanh to\u00e1n &amp; Shippment<\/strong><br \/>\nChi ti\u1ebft \u0111\u00f3ng g\u00f3i: H\u1ed9p tr\u1eafng<br \/>\nPh\u01b0\u01a1ng th\u1ee9c thanh to\u00e1n: T\u0103ng d\u1ea7n TT, T\/T, L\/C<br \/>\nGiao h\u00e0ng: 30-45 ng\u00e0y sau khi nh\u1eadn \u0111\u01b0\u1ee3c Deposite<br \/>\nC\u1ea3ng: Ningbo ho\u1eb7c Th\u01b0\u1ee3ng H\u1ea3i<\/p>\n<p>&nbsp;<\/p>\n<p><strong>D\u1ecbch v\u1ee5 c\u1ee7a ch\u00fang t\u00f4i<\/strong><br \/>\n1. Sau khi nh\u1eadn \u0111\u01b0\u1ee3c tin nh\u1eafn c\u1ee7a b\u1ea1n, ch\u00fang t\u00f4i s\u1ebd tr\u1ea3 l\u1eddi b\u1ea1n sau 24 gi\u1edd<br \/>\n2. Ch\u00fang t\u00f4i c\u00f3 \u0111\u1ed9i ng\u0169 b\u00e1n h\u00e0ng chuy\u00ean nghi\u1ec7p \u0111\u1ec3 cung c\u1ea5p d\u1ecbch v\u1ee5 cho b\u1ea1n<br \/>\n3. Cung c\u1ea5p 2 n\u0103m l\u00e0m d\u1ecbch v\u1ee5 th\u1eddi gian b\u1ea3o h\u00e0nh v\u00e0 sau b\u00e1n h\u00e0ng<\/p>\n<p>&nbsp;<\/p>\n<p><strong>Th\u00f4ng tin c\u00f4ng ty<\/strong><\/p>\n<p>Zhejiang Shuangyang Group Co.ltd. \u0111\u01b0\u1ee3c th\u00e0nh l\u1eadp v\u00e0o n\u0103m 1986, l\u00e0 m\u1ed9t doanh nghi\u1ec7p thu\u1ed9c s\u1edf h\u1eefu t\u01b0 nh\u00e2n, m\u1ed9t trong nh\u1eefng ng\u00f4i sao doanh nghi\u1ec7p c\u1ee7a Ningbo City v\u00e0o n\u0103m 1998, v\u00e0 \u0111\u01b0\u1ee3c ph\u00ea duy\u1ec7t b\u1edfi ISO9001\/14000\/18000. Ch\u00fang t\u00f4i \u1edf Cixi, Ningbo City, ch\u1ec9 c\u00e1ch C\u1ea3ng Ningbo v\u00e0 s\u00e2n bay, v\u00e0 hai gi\u1edd \u0111\u1ebfn Th\u01b0\u1ee3ng H\u1ea3i.<\/p>\n<p><a class=\"fancybox\" href=\"https:\/\/www.soyanggroup.com\/uploads\/11.jpg\" target=\"_blank\" rel=\"noopener\"><img decoding=\"async\" class=\"alignnone size-full wp-image-4014\" src=\"https:\/\/www.soyanggroup.com\/uploads\/11.jpg\" alt=\"\u00c4\u00da\u00d2\u00b3\u00d0\u00a7\u00b9\u00fb-1\" \/><\/a><br \/>\nCho \u0111\u1ebfn b\u00e2y gi\u1edd, v\u1ed1n \u0111\u00e3 \u0111\u0103ng k\u00fd l\u00e0 h\u01a1n 16 tri\u1ec7u USD. Di\u1ec7n t\u00edch s\u00e0n c\u1ee7a ch\u00fang t\u00f4i l\u00e0 kho\u1ea3ng 120.000 m2 v\u00e0 di\u1ec7n t\u00edch x\u00e2y d\u1ef1ng l\u00e0 kho\u1ea3ng 85.000 m2. Trong n\u0103m 2018, t\u1ed5ng s\u1ed1 l\u1ea7n chuy\u1ec3n c\u1ee7a ch\u00fang t\u00f4i l\u00e0 80 tri\u1ec7u USD. Ch\u00fang t\u00f4i c\u00f3 m\u01b0\u1eddi ng\u01b0\u1eddi R &amp; D v\u00e0 h\u01a1n 100 QC \u0111\u1ec3 \u0111\u1ea3m b\u1ea3o ch\u1ea5t l\u01b0\u1ee3ng, m\u1ed7i n\u0103m, ch\u00fang t\u00f4i thi\u1ebft k\u1ebf v\u00e0 ph\u00e1t tri\u1ec3n h\u01a1n m\u01b0\u1eddi s\u1ea3n ph\u1ea9m m\u1edbi ho\u1ea1t \u0111\u1ed9ng nh\u01b0 m\u1ed9t nh\u00e0 s\u1ea3n xu\u1ea5t ch\u00ednh.<\/p>\n<p>C\u00e1c s\u1ea3n ph\u1ea9m ch\u00ednh c\u1ee7a ch\u00fang t\u00f4i l\u00e0 b\u1ed9 h\u1eb9n gi\u1edd, \u1ed5 c\u1eafm, c\u00e1p linh ho\u1ea1t, d\u00e2y \u0111i\u1ec7n, ph\u00edch c\u1eafm, \u1ed5 c\u1eafm m\u1edf r\u1ed9ng, cu\u1ed9n c\u00e1p v\u00e0 \u0111\u00e8n. Ch\u00fang t\u00f4i c\u00f3 th\u1ec3 cung c\u1ea5p nhi\u1ec1u lo\u1ea1i h\u1eb9n gi\u1edd nh\u01b0 b\u1ed9 h\u1eb9n gi\u1edd h\u00e0ng ng\u00e0y, b\u1ed9 h\u1eb9n gi\u1edd c\u01a1 h\u1ecdc v\u00e0 k\u1ef9 thu\u1eadt s\u1ed1, \u0111\u1ebfm ng\u01b0\u1ee3c b\u1ed9 h\u1eb9n gi\u1edd, h\u1eb9n gi\u1edd c\u00f4ng nghi\u1ec7p v\u1edbi t\u1ea5t c\u1ea3 c\u00e1c lo\u1ea1i \u1ed5 c\u1eafm. Th\u1ecb tr\u01b0\u1eddng m\u1ee5c ti\u00eau c\u1ee7a ch\u00fang t\u00f4i l\u00e0 th\u1ecb tr\u01b0\u1eddng ch\u00e2u \u00c2u v\u00e0 th\u1ecb tr\u01b0\u1eddng M\u1ef9. C\u00e1c s\u1ea3n ph\u1ea9m c\u1ee7a ch\u00fang t\u00f4i \u0111\u01b0\u1ee3c ph\u00ea duy\u1ec7t b\u1edfi CE, GS, D, N, S, NF, ETL, VDE, ROHS, Reach, PAHs, v.v.<\/p>\n<p>Ch\u00fang t\u00f4i c\u00f3 m\u1ed9t danh ti\u1ebfng t\u1ed1t trong s\u1ed1 c\u00e1c kh\u00e1ch h\u00e0ng c\u1ee7a ch\u00fang t\u00f4i. Ch\u00fang t\u00f4i lu\u00f4n t\u1eadp trung v\u00e0o vi\u1ec7c b\u1ea3o v\u1ec7 m\u00f4i tr\u01b0\u1eddng v\u00e0 s\u1ef1 an to\u00e0n c\u1ee7a con ng\u01b0\u1eddi. C\u1ea3i thi\u1ec7n ch\u1ea5t l\u01b0\u1ee3ng cu\u1ed9c s\u1ed1ng l\u00e0 m\u1ee5c \u0111\u00edch cu\u1ed1i c\u00f9ng c\u1ee7a ch\u00fang t\u00f4i.<\/p>\n<p>D\u00e2y \u0111i\u1ec7n, d\u00e2y m\u1edf r\u1ed9ng v\u00e0 cu\u1ed9n c\u00e1p l\u00e0 ho\u1ea1t \u0111\u1ed9ng kinh doanh ch\u00ednh c\u1ee7a ch\u00fang t\u00f4i, ch\u00fang t\u00f4i l\u00e0 nh\u00e0 s\u1ea3n xu\u1ea5t ch\u00ednh c\u1ee7a c\u00e1c \u0111\u01a1n \u0111\u1eb7t h\u00e0ng khuy\u1ebfn m\u00e3i t\u1eeb th\u1ecb tr\u01b0\u1eddng ch\u00e2u \u00c2u h\u00e0ng n\u0103m. Ch\u00fang t\u00f4i l\u00e0 nh\u00e0 s\u1ea3n xu\u1ea5t h\u00e0ng \u0111\u1ea7u h\u1ee3p t\u00e1c v\u1edbi d\u1ecbch v\u1ee5 VDE Global \u1edf \u0110\u1ee9c \u0111\u1ec3 b\u1ea3o v\u1ec7 nh\u00e3n hi\u1ec7u.<\/p>\n<p>\u0110\u01b0\u1ee3c ch\u00e0o \u0111\u00f3n n\u1ed3ng nhi\u1ec7t \u0111\u1ec3 h\u1ee3p t\u00e1c v\u1edbi t\u1ea5t c\u1ea3 c\u00e1c kh\u00e1ch h\u00e0ng v\u00ec l\u1ee3i \u00edch chung v\u00e0 t\u01b0\u01a1ng lai t\u01b0\u01a1i s\u00e1ng.<\/p>\n<p>&nbsp;<\/p>\n<p><strong>C\u00e2u h\u1ecfi th\u01b0\u1eddng g\u1eb7p<\/strong><br \/>\nQ1. B\u1ea1n c\u00f3 th\u1ec3 ch\u1ea5p nh\u1eadn \u0111\u1eb7t h\u00e0ng m\u1eabu kh\u00f4ng?<\/p>\n<p>A: V\u00e2ng, ch\u1eafc ch\u1eafn, ch\u00fang t\u00f4i ch\u1ea5p nh\u1eadn \u0111\u01a1n \u0111\u1eb7t h\u00e0ng m\u1eabu.<\/p>\n<p>&nbsp;<\/p>\n<p>Q2. L\u00e0m th\u1ebf n\u00e0o \u0111\u1ec3 k\u00fd h\u1ee3p \u0111\u1ed3ng v\u1edbi ch\u00fang t\u00f4i?<\/p>\n<p>A: B\u1ea1n c\u00f3 th\u1ec3 g\u1eedi th\u01b0 cho ch\u00fang t\u00f4i ho\u1eb7c g\u1ecdi.<\/p>","protected":false},"excerpt":{"rendered":"<p>Trang ch\u1ee7 USB s\u1ea1c s\u1ea1c mini<br \/>\nThi\u1ebft b\u1ecb iOS v\u00e0 Android t\u01b0\u01a1ng th\u00edch,<br \/>\nH\u1ed7 tr\u1ee3 hai thi\u1ebft b\u1ecb \u0111\u1ec3 s\u1ea1c l\u1ea1i v\u1edbi nhau gi\u1ea3i quy\u1ebft v\u1ea5n \u0111\u1ec1 s\u1ea1c kh\u00f3 kh\u0103n<\/p>","protected":false},"featured_media":270,"template":"","meta":[],"product_cat":[24],"product_tag":[],"class_list":{"0":"post-266","1":"product","2":"type-product","3":"status-publish","4":"has-post-thumbnail","6":"product_cat-socketplug","8":"first","9":"instock","10":"shipping-taxable","11":"product-type-simple"},"_links":{"self":[{"href":"https:\/\/www.soyang-group.com\/vi\/wp-json\/wp\/v2\/product\/266","targetHints":{"allow":["GET"]}}],"collection":[{"href":"https:\/\/www.soyang-group.com\/vi\/wp-json\/wp\/v2\/product"}],"about":[{"href":"https:\/\/www.soyang-group.com\/vi\/wp-json\/wp\/v2\/types\/product"}],"version-history":[{"count":0,"href":"https:\/\/www.soyang-group.com\/vi\/wp-json\/wp\/v2\/product\/266\/revisions"}],"wp:featuredmedia":[{"embeddable":true,"href":"https:\/\/www.soyang-group.com\/vi\/wp-json\/wp\/v2\/media\/270"}],"wp:attachment":[{"href":"https:\/\/www.soyang-group.com\/vi\/wp-json\/wp\/v2\/media?parent=266"}],"wp:term":[{"taxonomy":"product_cat","embeddable":true,"href":"https:\/\/www.soyang-group.com\/vi\/wp-json\/wp\/v2\/product_cat?post=266"},{"taxonomy":"product_tag","embeddable":true,"href":"https:\/\/www.soyang-group.com\/vi\/wp-json\/wp\/v2\/product_tag?post=266"}],"curies":[{"name":"wp","href":"https:\/\/api.w.org\/{rel}","templated":true}]}}