{"id":278,"date":"2024-12-12T13:12:57","date_gmt":"2024-12-12T05:12:57","guid":{"rendered":"https:\/\/shuangy.gg12.globaldeepsea.site\/?post_type=product&#038;p=278"},"modified":"2024-12-12T13:12:57","modified_gmt":"2024-12-12T05:12:57","slug":"industry-extension-cord","status":"publish","type":"product","link":"https:\/\/www.soyang-group.com\/vi\/san-pham\/industry-extension-cord\/","title":{"rendered":"D\u00e2y m\u1edf r\u1ed9ng c\u00f4ng nghi\u1ec7p"},"content":{"rendered":"<p><strong>T\u1ed5ng quan<\/strong><br \/>\n<strong>Chi ti\u1ebft nhanh ch\u00f3ng<\/strong><br \/>\nN\u01a1i xu\u1ea5t x\u1ee9: Chi\u1ebft Giang, Trung Qu\u1ed1c<br \/>\nT\u00ean th\u01b0\u01a1ng hi\u1ec7u: Sy<br \/>\nS\u1ed1 m\u00f4 h\u00ecnh: EZ54\/GP52<br \/>\nLo\u1ea1i: \u1ed4 c\u1eafm m\u1edf r\u1ed9ng v\u1edbi ph\u00edch c\u1eafm c\u00f4ng nghi\u1ec7p<br \/>\nGrounding: Grounding ti\u00eau chu\u1ea9n<br \/>\n\u0110i\u1ec7n \u00e1p \u0111\u1ecbnh m\u1ee9c: 16a<br \/>\nX\u1ebfp h\u1ea1ng hi\u1ec7n t\u1ea1i: 250V<br \/>\n\u1ee8ng d\u1ee5ng: Khu d\u00e2n c\u01b0 \/ m\u1ee5c \u0111\u00edch chung<br \/>\nCh\u1ee9ng nh\u1eadn: CE, s<br \/>\nKi\u1ec3u c\u00e1p: VDE c\u00e1p cao su<br \/>\nCh\u1ee9ng minh n\u01b0\u1edbc: IP44<br \/>\nChi\u1ec1u d\u00e0i c\u00e1p: Theo kh\u00e1ch h\u00e0ng\u2019<\/p>\n<p><a class=\"fancybox\" href=\"https:\/\/www.soyanggroup.com\/uploads\/135.jpg\" target=\"_blank\" rel=\"noopener\"><img fetchpriority=\"high\" decoding=\"async\" class=\"alignnone  wp-image-4903\" src=\"https:\/\/www.soyanggroup.com\/uploads\/135.jpg\" alt=\"13\" width=\"434\" height=\"298\" \/><\/a><\/p>\n<p><strong>Kh\u1ea3 n\u0103ng cung c\u1ea5p<\/strong><br \/>\nKh\u1ea3 n\u0103ng cung c\u1ea5p: 500000 m\u1ea3nh\/m\u1ea3nh m\u1ed7i th\u00e1ng<\/p>\n<p><strong>Bao b\u00ec &amp; giao h\u00e0ng<\/strong><br \/>\nChi ti\u1ebft \u0111\u00f3ng g\u00f3i: T\u00fai PE c\u00f3 th\u1ebb<br \/>\nC\u1ed5ng: Ningbo<br \/>\nTh\u1eddi gian d\u1eabn \u0111\u1ea7u: 25 ng\u00e0y sau khi nh\u1eadn \u0111\u01b0\u1ee3c Deposite<\/p>\n<p>&nbsp;<\/p>\n<p><strong>M\u00f4 t\u1ea3 &amp; t\u00ednh n\u0103ng<\/strong><br \/>\n1. CEE CEE:<br \/>\n\u0110i\u1ec7n \u00e1p: 100-130VAC<br \/>\nHi\u1ec7n t\u1ea1i: 16a- 4h<br \/>\nC\u1ef1c: 2p+e<br \/>\nWater-proof:IP44<\/p>\n<p>2. \u1ed4 c\u1eafm CEE:<br \/>\n\u0110i\u1ec7n \u00e1p: 100-130VAC<br \/>\nHi\u1ec7n t\u1ea1i: 16a- 4h<br \/>\nC\u1ef1c: 2p+e<br \/>\nWater-proof:IP44<\/p>\n<p>3.color:yellow<\/p>\n<p>4.Match C\u00e1p nh\u01b0 sau: H05VV-F 3G1.5\/2.5,<br \/>\nH05RR-F 3G1,5\/2.5,<br \/>\nH07RN-F 3G1,5\/2.5.<\/p>\n<p>5. \u0110\u1ed9 d\u00e0i c\u1ee7a c\u00e1p c\u00f3 th\u1ec3 theo y\u00eau c\u1ea7u c\u1ee7a kh\u00e1ch h\u00e0ng. V\u00ed d\u1ee5: 10m, 25m, 50m.<\/p>\n<p>6. c\u00f3 th\u1ec3 theo y\u00eau c\u1ea7u c\u1ee7a kh\u00e1ch h\u00e0ng.<\/p>\n<p>7. Kh\u1ea3 n\u0103ng cung c\u1ea5p: 9000000 m\u00e9t\/m\u00e9t m\u1ed7i th\u00e1ng d\u00e2y m\u1edf r\u1ed9ng ch\u00e2u \u00c2u<br \/>\n<strong>\u0110\u1eb7c \u0111i\u1ec3m k\u1ef9 thu\u1eadt<\/strong><br \/>\nG\u00f3i: T\u00fai PE c\u00f3 th\u1ebb<br \/>\nCh\u1ee9ng nh\u1eadn: CE, ROHS, Reach, PAHS<\/p>\n<p><img decoding=\"async\" src=\"https:\/\/sc01.alicdn.com\/kf\/HTB1eXO6JFXXXXbAXFXXq6xXFXXX1\/1942321\/HTB1eXO6JFXXXXbAXFXXq6xXFXXX1.jpg\" alt=\"\" width=\"639\" height=\"469\" \/><br \/>\n<strong>Xem<\/strong><br \/>\nC\u00f4ng ty TNHH T\u1eadp \u0111o\u00e0n Shuangyang Group, Ltd lu\u00f4n g\u1eafn b\u00f3 v\u1edbi ch\u1ea5t l\u01b0\u1ee3ng &amp; d\u1ecbch v\u1ee5, ch\u00fang t\u00f4i kh\u00f4ng ch\u1ec9 cung c\u1ea5p ch\u1ea5t l\u01b0\u1ee3ng cao,<br \/>\nnh\u01b0ng c\u0169ng ch\u00fa \u00fd \u0111\u1ebfn vi\u1ec7c b\u1ea3o v\u1ec7 m\u00f4i tr\u01b0\u1eddng v\u00e0 s\u1ef1 an to\u00e0n c\u1ee7a con ng\u01b0\u1eddi.<br \/>\nKh\u00f4ng ng\u1eebng c\u1ea3i thi\u1ec7n ch\u1ea5t l\u01b0\u1ee3ng cu\u1ed9c s\u1ed1ng c\u1ee7a con ng\u01b0\u1eddi l\u00e0 m\u1ee5c ti\u00eau cu\u1ed1i c\u00f9ng c\u1ee7a ch\u00fang t\u00f4i.<\/p>\n<p><a class=\"fancybox\" href=\"https:\/\/www.soyanggroup.com\/uploads\/1211.jpg\" target=\"_blank\" rel=\"noopener\"><img decoding=\"async\" class=\"alignnone  wp-image-4900\" src=\"https:\/\/www.soyanggroup.com\/uploads\/1211.jpg\" alt=\"12\" width=\"269\" height=\"196\" \/><\/a>\u00a0 \u00a0<img loading=\"lazy\" decoding=\"async\" class=\"wp-image-4904 alignnone\" src=\"https:\/\/www.soyanggroup.com\/uploads\/1212.jpg\" alt=\"12\" width=\"301\" height=\"175\" \/><\/p>\n<p>&nbsp;<\/p>\n<p><strong>L\u1ee3i th\u1ebf<\/strong><br \/>\n1. B\u1ed9 ph\u1eadn t\u00ean t\u00ean<br \/>\n2.Country of Origin<br \/>\n3. Ph\u00e2n ph\u1ed1i cung c\u1ea5p<br \/>\n4. Nh\u00e2n vi\u00ean kinh nghi\u1ec7m<br \/>\n5. H\u00ecnh th\u00e0nh a<br \/>\n6. Metreen S\u1ea3n ph\u1ea9m<br \/>\n7.Guarantee\/Warranty<br \/>\n8. Ph\u00ea duy\u1ec7t qu\u1ed1c t\u1ebf<br \/>\n9.Packaging<br \/>\n10.Price<br \/>\n11. T\u00ednh n\u0103ng s\u1ea3n ph\u1ea9m<br \/>\n12. Hi\u1ec7u su\u1ea5t s\u1ea3n ph\u1ea9m<br \/>\n13. Giao h\u00e0ng<br \/>\n14. Quan h\u1ec7 ph\u00ea duy\u1ec7t<br \/>\n15.Reputation<br \/>\n16.Service<br \/>\n17.Small \u0111\u01a1n \u0111\u1eb7t h\u00e0ng \u0111\u01b0\u1ee3c ch\u1ea5p nh\u1eadn<br \/>\n18.OEM v\u00e0 d\u1ecbch v\u1ee5 ODM \u0111\u01b0\u1ee3c cung c\u1ea5p<br \/>\n19. Ch\u1ea5t l\u01b0\u1ee3ng cao<br \/>\n<strong>Th\u1ecb tr\u01b0\u1eddng ph\u1ed5 bi\u1ebfn: Ch\u00e2u \u00c2u<\/strong><strong><br \/>\n<\/strong><\/p>\n<p><img decoding=\"async\" src=\"https:\/\/sc01.alicdn.com\/kf\/HTB1.scCIFXXXXXVXpXXq6xXFXXX6\/1942321\/HTB1.scCIFXXXXXVXpXXq6xXFXXX6.jpg_.webp\" alt=\"\" \/><\/p>\n<p>&nbsp;<\/p>\n<p><strong>Li\u00ean h\u1ec7<\/strong><br \/>\nCh\u00fang t\u00f4i s\u1ebd tr\u1ea3 l\u1eddi email ho\u1eb7c fax c\u1ee7a b\u1ea1n trong v\u00f2ng 24 gi\u1edd<br \/>\nB\u1ea1n c\u00f3 th\u1ec3 g\u1ecdi cho ch\u00fang t\u00f4i b\u1ea5t c\u1ee9 l\u00fac n\u00e0o n\u1ebfu c\u00f3 b\u1ea5t k\u1ef3 c\u00e2u h\u1ecfi n\u00e0o v\u1ec1 s\u1ea3n xu\u1ea5t c\u1ee7a ch\u00fang t\u00f4i<\/p>\n<p>&nbsp;<\/p>\n<p><strong>V\u1eadn chuy\u1ec3n v\u00e0o<\/strong><br \/>\nCh\u00fang t\u00f4i c\u00f3 th\u1ec3 ch\u1ea5p nh\u1eadn c\u00f4ng ty v\u1eadn chuy\u1ec3n \u0111\u01b0\u1ee3c ch\u1ec9 \u0111\u1ecbnh ho\u1eb7c \u0111\u1eb7t h\u00e0ng cho kh\u00e1ch h\u00e0ng, theo d\u00f5i c\u00e1c container cho \u0111\u1ebfn khi kh\u00e1ch h\u00e0ng nh\u1eadn \u0111\u01b0\u1ee3c h\u00e0ng h\u00f3a<\/p>\n<p><img decoding=\"async\" src=\"https:\/\/sc01.alicdn.com\/kf\/HTB19FIlJFXXXXXkXVXXq6xXFXXXv\/1942321\/HTB19FIlJFXXXXXkXVXXq6xXFXXXv.jpg_.webp\" alt=\"\" \/><br \/>\n<strong>N\u1ebfu b\u1ea1n mu\u1ed1n bi\u1ebft th\u00eam th\u00f4ng tin, xin vui l\u00f2ng li\u00ean h\u1ec7 v\u1edbi ch\u00fang t\u00f4i m\u00e0 kh\u00f4ng do d\u1ef1<\/strong><\/p>","protected":false},"excerpt":{"rendered":"<p>\u0110\u1ed9 d\u00e0i c\u1ee7a c\u00e1p c\u00f3 th\u1ec3 theo y\u00eau c\u1ea7u c\u1ee7a kh\u00e1ch h\u00e0ng.<br \/>\nV\u00ed d\u1ee5: 10m, 25m, 50m.<\/p>\n<p>Bao b\u00ec &amp; giao h\u00e0ng<br \/>\nChi ti\u1ebft bao b\u00ec: T\u00fai PE<br \/>\nC\u1ea3ng: Ningbo\/Th\u01b0\u1ee3ng H\u1ea3i<br \/>\nTh\u1eddi gian d\u1eabn \u0111\u1ea7u :<br \/>\nS\u1ed1 l\u01b0\u1ee3ng (m\u1ea3nh) 1 - 10000&gt; 10000<br \/>\nEst. Th\u1eddi gian (ng\u00e0y) 60 s\u1ebd \u0111\u01b0\u1ee3c \u0111\u00e0m ph\u00e1n<\/p>","protected":false},"featured_media":279,"template":"","meta":[],"product_cat":[25],"product_tag":[],"class_list":{"0":"post-278","1":"product","2":"type-product","3":"status-publish","4":"has-post-thumbnail","6":"product_cat-extension-cord","8":"first","9":"instock","10":"shipping-taxable","11":"product-type-simple"},"_links":{"self":[{"href":"https:\/\/www.soyang-group.com\/vi\/wp-json\/wp\/v2\/product\/278","targetHints":{"allow":["GET"]}}],"collection":[{"href":"https:\/\/www.soyang-group.com\/vi\/wp-json\/wp\/v2\/product"}],"about":[{"href":"https:\/\/www.soyang-group.com\/vi\/wp-json\/wp\/v2\/types\/product"}],"version-history":[{"count":0,"href":"https:\/\/www.soyang-group.com\/vi\/wp-json\/wp\/v2\/product\/278\/revisions"}],"wp:featuredmedia":[{"embeddable":true,"href":"https:\/\/www.soyang-group.com\/vi\/wp-json\/wp\/v2\/media\/279"}],"wp:attachment":[{"href":"https:\/\/www.soyang-group.com\/vi\/wp-json\/wp\/v2\/media?parent=278"}],"wp:term":[{"taxonomy":"product_cat","embeddable":true,"href":"https:\/\/www.soyang-group.com\/vi\/wp-json\/wp\/v2\/product_cat?post=278"},{"taxonomy":"product_tag","embeddable":true,"href":"https:\/\/www.soyang-group.com\/vi\/wp-json\/wp\/v2\/product_tag?post=278"}],"curies":[{"name":"wp","href":"https:\/\/api.w.org\/{rel}","templated":true}]}}