{"id":281,"date":"2024-12-12T13:16:19","date_gmt":"2024-12-12T05:16:19","guid":{"rendered":"https:\/\/shuangy.gg12.globaldeepsea.site\/?post_type=product&#038;p=281"},"modified":"2024-12-12T13:16:20","modified_gmt":"2024-12-12T05:16:20","slug":"uk-indoor-extension-cord","status":"publish","type":"product","link":"https:\/\/www.soyang-group.com\/vi\/san-pham\/uk-indoor-extension-cord\/","title":{"rendered":"D\u00e2y m\u1edf r\u1ed9ng trong nh\u00e0 c\u1ee7a V\u01b0\u01a1ng qu\u1ed1c Anh"},"content":{"rendered":"<p><strong>T\u1ed5ng quan<\/strong><br \/>\n<strong>Chi ti\u1ebft nhanh ch\u00f3ng<\/strong><br \/>\nN\u01a1i xu\u1ea5t x\u1ee9: Chi\u1ebft Giang, Trung Qu\u1ed1c<br \/>\nT\u00ean th\u01b0\u01a1ng hi\u1ec7u: Shunchi<br \/>\nS\u1ed1 m\u00f4 h\u00ecnh: SY-28\/SY-CZ-28<br \/>\nLo\u1ea1i: D\u00e2y m\u1edf r\u1ed9ng<br \/>\nGi\u1ea5y ch\u1ee9ng nh\u1eadn: CE Rohs \u0111\u1ea1t PAHS<\/p>\n<p><strong>Kh\u1ea3 n\u0103ng cung c\u1ea5p<\/strong><br \/>\nKh\u1ea3 n\u0103ng cung c\u1ea5p: 9000000 m\u00e9t\/m\u00e9t m\u1ed7i th\u00e1ng d\u00e2y m\u1edf r\u1ed9ng ch\u00e2u \u00c2u<\/p>\n<p><strong>Bao b\u00ec &amp; giao h\u00e0ng<\/strong><br \/>\nChi ti\u1ebft \u0111\u00f3ng g\u00f3i: T\u00fai PE c\u00f3 th\u1ebb<br \/>\nC\u1ed5ng: Ningbo<br \/>\nTh\u1eddi gian d\u1eabn \u0111\u1ea7u: 25 ng\u00e0y sau khi nh\u1eadn \u0111\u01b0\u1ee3c Deposite<br \/>\nD\u00e2y m\u1edf r\u1ed9ng V\u01b0\u01a1ng qu\u1ed1c Anh<br \/>\n<strong>M\u00f4 t\u1ea3 chi ti\u1ebft v\u1ec1 s\u1ea3n ph\u1ea9m<\/strong><br \/>\nN\u01a1i xu\u1ea5t x\u1ee9: Chi\u1ebft Giang Trung Qu\u1ed1c (\u0110\u1ea1i l\u1ee5c)<br \/>\nT\u00ean th\u01b0\u01a1ng hi\u1ec7u: Shuangyang<br \/>\nS\u1ed1 m\u00f4 h\u00ecnh: SY-28\/SY-CZ-28<br \/>\nLo\u1ea1i: D\u00e2y m\u1edf r\u1ed9ng<br \/>\n\u1ee8ng d\u1ee5ng: Thi\u1ebft b\u1ecb gia d\u1ee5ng<br \/>\n<strong>Xem<\/strong><br \/>\nC\u00f4ng ty TNHH T\u1eadp \u0111o\u00e0n Shuangyang Group, Ltd lu\u00f4n g\u1eafn b\u00f3 v\u1edbi ch\u1ea5t l\u01b0\u1ee3ng &amp; d\u1ecbch v\u1ee5, ch\u00fang t\u00f4i kh\u00f4ng ch\u1ec9 cung c\u1ea5p ch\u1ea5t l\u01b0\u1ee3ng cao,<br \/>\nnh\u01b0ng c\u0169ng ch\u00fa \u00fd \u0111\u1ebfn vi\u1ec7c b\u1ea3o v\u1ec7 m\u00f4i tr\u01b0\u1eddng v\u00e0 s\u1ef1 an to\u00e0n c\u1ee7a con ng\u01b0\u1eddi.<br \/>\nKh\u00f4ng ng\u1eebng c\u1ea3i thi\u1ec7n ch\u1ea5t l\u01b0\u1ee3ng cu\u1ed9c s\u1ed1ng c\u1ee7a con ng\u01b0\u1eddi l\u00e0 m\u1ee5c ti\u00eau cu\u1ed1i c\u00f9ng c\u1ee7a ch\u00fang t\u00f4i.<\/p>\n<p><img decoding=\"async\" src=\"https:\/\/sc01.alicdn.com\/kf\/He5ba632c74e44a68a587403dde671c5eH\/1942321\/He5ba632c74e44a68a587403dde671c5eH.png_.webp\" alt=\"\" \/><br \/>\n<strong>M\u00f4 t\u1ea3 &amp; t\u00ednh n\u0103ng<\/strong><br \/>\n1.Match C\u00e1p nh\u01b0 sau: H05VV-F 3G1.0\/1.5, H05RN-F 3G1.0, H05RR-F 3G1.0\/1.5, H07RN-F 3G1.0\/1.5.<br \/>\n2. \u0110\u1ed9 d\u00e0i c\u1ee7a c\u00e1p c\u00f3 th\u1ec3 theo y\u00eau c\u1ea7u c\u1ee7a kh\u00e1ch h\u00e0ng. V\u00ed d\u1ee5: 10m, 25m, 50m.<br \/>\n3. c\u00f3 th\u1ec3 theo y\u00eau c\u1ea7u c\u1ee7a kh\u00e1ch h\u00e0ng.<br \/>\n<strong>Th\u1ecb tr\u01b0\u1eddng ph\u1ed5 bi\u1ebfn: Ch\u00e2u \u00c2u<\/strong><br \/>\n<strong><br \/>\n<\/strong><\/p>\n<p><img decoding=\"async\" src=\"https:\/\/sc01.alicdn.com\/kf\/HTB1.scCIFXXXXXVXpXXq6xXFXXX6\/1942321\/HTB1.scCIFXXXXXVXpXXq6xXFXXX6.jpg_.webp\" alt=\"\" \/><br \/>\n<strong>Li\u00ean h\u1ec7<\/strong><br \/>\nCh\u00fang t\u00f4i s\u1ebd tr\u1ea3 l\u1eddi email ho\u1eb7c fax c\u1ee7a b\u1ea1n trong v\u00f2ng 24 gi\u1edd<br \/>\nB\u1ea1n c\u00f3 th\u1ec3 g\u1ecdi cho ch\u00fang t\u00f4i b\u1ea5t c\u1ee9 l\u00fac n\u00e0o n\u1ebfu c\u00f3 b\u1ea5t k\u1ef3 c\u00e2u h\u1ecfi n\u00e0o v\u1ec1 s\u1ea3n xu\u1ea5t c\u1ee7a ch\u00fang t\u00f4i<br \/>\n<strong>V\u1eadn chuy\u1ec3n v\u00e0o<\/strong><br \/>\nCh\u00fang t\u00f4i c\u00f3 th\u1ec3 ch\u1ea5p nh\u1eadn c\u00f4ng ty v\u1eadn chuy\u1ec3n \u0111\u01b0\u1ee3c ch\u1ec9 \u0111\u1ecbnh ho\u1eb7c \u0111\u1eb7t h\u00e0ng cho kh\u00e1ch h\u00e0ng, theo d\u00f5i c\u00e1c container cho \u0111\u1ebfn khi kh\u00e1ch h\u00e0ng nh\u1eadn \u0111\u01b0\u1ee3c h\u00e0ng h\u00f3a<\/p>\n<p><img decoding=\"async\" src=\"https:\/\/sc01.alicdn.com\/kf\/HTB19FIlJFXXXXXkXVXXq6xXFXXXv\/1942321\/HTB19FIlJFXXXXXkXVXXq6xXFXXXv.jpg_.webp\" alt=\"\" \/><br \/>\n<strong><br \/>\n<\/strong><\/p>\n<p><strong>C\u00e2u h\u1ecfi th\u01b0\u1eddng g\u1eb7p<\/strong><\/p>\n<p>Q1. Nh\u1eefng \u0111i\u1ec1u kho\u1ea3n v\u1eadn chuy\u1ec3n n\u00e0o ch\u00fang ta c\u00f3 th\u1ec3 ch\u1ecdn?<\/p>\n<p>A: C\u00f3 b\u1eb1ng \u0111\u01b0\u1eddng bi\u1ec3n, b\u1eb1ng \u0111\u01b0\u1eddng h\u00e0ng kh\u00f4ng, b\u1eb1ng c\u00e1ch giao h\u00e0ng nhanh cho c\u00e1c l\u1ef1a ch\u1ecdn c\u1ee7a b\u1ea1n.<\/p>\n<p>&nbsp;<\/p>\n<p>Q2. B\u1ea1n c\u00f3 ki\u1ec3m tra t\u1ea5t c\u1ea3 c\u00e1c s\u1ea3n ph\u1ea9m tr\u01b0\u1edbc khi giao h\u00e0ng?<\/p>\n<p>Tr\u1ea3 l\u1eddi: C\u00f3, ch\u00fang t\u00f4i ki\u1ec3m tra 100% s\u1ea3n ph\u1ea9m tr\u01b0\u1edbc khi giao h\u00e0ng, gi\u1eef cho c\u00e1c s\u1ea3n ph\u1ea9m 100% ho\u1ea1t \u0111\u1ed9ng b\u00ecnh th\u01b0\u1eddng.<\/p>\n<p>Q3. C\u00f3 th\u1ec3 s\u1ea3n ph\u1ea9m c\u1ee7a b\u1ea1n in logo c\u1ee7a kh\u00e1ch?<\/p>\n<p>Tr\u1ea3 l\u1eddi: C\u00f3, kh\u00e1ch cung c\u1ea5p logo, ch\u00fang t\u00f4i c\u00f3 th\u1ec3 in tr\u00ean s\u1ea3n ph\u1ea9m.<\/p>","protected":false},"excerpt":{"rendered":"<p>IP20<br \/>\n\u0110\u1ed9 d\u00e0i c\u1ee7a c\u00e1p c\u00f3 th\u1ec3 theo y\u00eau c\u1ea7u c\u1ee7a kh\u00e1ch h\u00e0ng.<br \/>\nPhi\u00ean b\u1ea3n V\u01b0\u01a1ng qu\u1ed1c Anh<\/p>","protected":false},"featured_media":282,"template":"","meta":[],"product_cat":[25],"product_tag":[],"class_list":{"0":"post-281","1":"product","2":"type-product","3":"status-publish","4":"has-post-thumbnail","6":"product_cat-extension-cord","8":"first","9":"instock","10":"shipping-taxable","11":"product-type-simple"},"_links":{"self":[{"href":"https:\/\/www.soyang-group.com\/vi\/wp-json\/wp\/v2\/product\/281","targetHints":{"allow":["GET"]}}],"collection":[{"href":"https:\/\/www.soyang-group.com\/vi\/wp-json\/wp\/v2\/product"}],"about":[{"href":"https:\/\/www.soyang-group.com\/vi\/wp-json\/wp\/v2\/types\/product"}],"version-history":[{"count":0,"href":"https:\/\/www.soyang-group.com\/vi\/wp-json\/wp\/v2\/product\/281\/revisions"}],"wp:featuredmedia":[{"embeddable":true,"href":"https:\/\/www.soyang-group.com\/vi\/wp-json\/wp\/v2\/media\/282"}],"wp:attachment":[{"href":"https:\/\/www.soyang-group.com\/vi\/wp-json\/wp\/v2\/media?parent=281"}],"wp:term":[{"taxonomy":"product_cat","embeddable":true,"href":"https:\/\/www.soyang-group.com\/vi\/wp-json\/wp\/v2\/product_cat?post=281"},{"taxonomy":"product_tag","embeddable":true,"href":"https:\/\/www.soyang-group.com\/vi\/wp-json\/wp\/v2\/product_tag?post=281"}],"curies":[{"name":"wp","href":"https:\/\/api.w.org\/{rel}","templated":true}]}}