{"id":285,"date":"2024-12-12T13:29:04","date_gmt":"2024-12-12T05:29:04","guid":{"rendered":"https:\/\/shuangy.gg12.globaldeepsea.site\/?post_type=product&#038;p=285"},"modified":"2024-12-12T13:29:04","modified_gmt":"2024-12-12T05:29:04","slug":"steel-plate-indoor-50m-cable-reel","status":"publish","type":"product","link":"https:\/\/www.soyang-group.com\/vi\/san-pham\/steel-plate-indoor-50m-cable-reel\/","title":{"rendered":"T\u1ea5m th\u00e9p trong nh\u00e0 50m cu\u1ed9n d\u00e2y c\u00e1p"},"content":{"rendered":"<p><strong>(1) Th\u00f4ng tin c\u01a1 b\u1ea3n<\/strong><br \/>\nM\u00f4 h\u00ecnh s\u1ed1: Cu\u1ed9n d\u00e2y c\u00e1p 50m<br \/>\nT\u00ean th\u01b0\u01a1ng hi\u1ec7u: Shuangyang<br \/>\nV\u1eadt li\u1ec7u v\u1ecf: PVC &amp; \u0111\u1ed3ng<br \/>\nS\u1eed d\u1ee5ng: K\u1ebft n\u1ed1i cung c\u1ea5p \u0111i\u1ec7n v\u1edbi c\u00e1c thi\u1ebft b\u1ecb \u0111i\u1ec7n<br \/>\nWarly: 1 n\u0103m<\/p>\n<p><strong>(2) Chi ti\u1ebft s\u1ea3n ph\u1ea9m:<\/strong><br \/>\nS\u1ed1 m\u00f4 h\u00ecnh: XP17-D1<br \/>\nPhi\u00ean b\u1ea3n \u0110\u1ee9c<\/p>\n<p><strong>M\u00f4 t\u1ea3 &amp; t\u00ednh n\u0103ng<\/strong><br \/>\n1.Voltage: 230V AC<br \/>\n2. T\u1ea7n su\u1ea5t: 50Hz<br \/>\n3. S\u1ee9c m\u1ea1nh m\u1ee9c t\u1ed1i \u0111a: 1000W (Quay l\u1ea1i \u0111\u1ea7y \u0111\u1ee7), 2300W (ch\u01b0a \u0111\u01b0\u1ee3c \u0111\u01b0a ra)<br \/>\nC\u00e1p ph\u00f9 h\u1ee3p: H05VV-F 3G1.0mm2 (t\u1ed1i \u0111a 40 m\u00e9t)<\/p>\n<p>\u0110\u1ecbnh m\u1ee9c t\u1ed1i \u0111a)<br \/>\nC\u00e1p ph\u00f9 h\u1ee3p: H05VV-F 3G1,5mm2 (t\u1ed1i \u0111a 50 m\u00e9t)<\/p>\n<p><a class=\"fancybox\" href=\"https:\/\/www.soyanggroup.com\/uploads\/H05VV-F%E5%89%AF%E6%9C%AC.jpg\" target=\"_blank\" rel=\"noopener\"><img fetchpriority=\"high\" decoding=\"async\" class=\"alignnone  wp-image-4757\" src=\"https:\/\/www.soyanggroup.com\/uploads\/H05VV-F%E5%89%AF%E6%9C%AC.jpg\" alt=\"B\u1ea3n sao H05VV-F\" width=\"443\" height=\"170\" \/><\/a><\/p>\n<p>4.color:black<br \/>\n5.outer dia. (Mm): \u03c6280<br \/>\n6. B\u1ea3o m\u1eadt nhi\u1ec7t<br \/>\n7. \u0110\u1ed9 d\u00e0i c\u1ee7a c\u00e1p c\u00f3 th\u1ec3 theo y\u00eau c\u1ea7u c\u1ee7a kh\u00e1ch h\u00e0ng. V\u00ed d\u1ee5: 10m, 25m, 50m.<br \/>\n8. c\u00f3 th\u1ec3 theo y\u00eau c\u1ea7u c\u1ee7a kh\u00e1ch h\u00e0ng.<br \/>\n9. Kh\u1ea3 n\u0103ng cung c\u1ea5p: 50000 m\u1ea3nh\/m\u1ea3nh m\u1ed7i th\u00e1ng cu\u1ed9n c\u00e1p<br \/>\n10. Kh\u1ea3 n\u0103ng c\u00f3 s\u1eb5n cho m\u1ed9t thi\u1ebft k\u1ebf kh\u00e1c: Phi\u00ean b\u1ea3n Ph\u00e1p, Phi\u00ean b\u1ea3n \u0110an M\u1ea1ch, Phi\u00ean b\u1ea3n Anh<\/p>\n<p><img decoding=\"async\" src=\"https:\/\/www.soyanggroup.com\/uploads\/614af031.png\" alt=\"\" \/><img decoding=\"async\" src=\"https:\/\/www.soyanggroup.com\/uploads\/3197aa1d.png\" alt=\"\" \/><img decoding=\"async\" src=\"https:\/\/www.soyanggroup.com\/uploads\/2d8fa21d.png\" alt=\"\" \/><\/p>\n<p>&nbsp;<\/p>\n<p><strong>\u0110\u1eb7c \u0111i\u1ec3m k\u1ef9 thu\u1eadt<\/strong><br \/>\nG\u00f3i: 1pcs\/h\u1ed9p m\u00e0u<br \/>\nK\u00edch th\u01b0\u1edbc carton: 29*21*37cm<br \/>\nCh\u1ee9ng nh\u1eadn: S, GS, CE, Rohs, Reach, PAHS<\/p>\n<p><a class=\"fancybox\" href=\"https:\/\/www.soyanggroup.com\/uploads\/2.png\" target=\"_blank\" rel=\"noopener\"><img decoding=\"async\" class=\"alignnone size-full wp-image-4430\" src=\"https:\/\/www.soyanggroup.com\/uploads\/2.png\" alt=\"2\" \/><\/a><\/p>\n<p>&nbsp;<\/p>\n<p><strong>L\u1ee3i th\u1ebf<\/strong><br \/>\n1. B\u1ed9 ph\u1eadn t\u00ean t\u00ean<br \/>\n2.Country of Origin<br \/>\n3. Ph\u00e2n ph\u1ed1i cung c\u1ea5p<br \/>\n4. Nh\u00e2n vi\u00ean kinh nghi\u1ec7m<br \/>\n5. H\u00ecnh th\u00e0nh a<br \/>\n6. Metreen S\u1ea3n ph\u1ea9m<br \/>\n7.Guarantee\/Warranty<br \/>\n8. Ph\u00ea duy\u1ec7t qu\u1ed1c t\u1ebf<\/p>\n<p>&nbsp;<\/p>\n<p><strong>Th\u00f4ng tin h\u00e0i h\u01b0\u1edbc<\/strong><\/p>\n<p><img decoding=\"async\" src=\"https:\/\/sc01.alicdn.com\/kf\/HTB1XAGrIFXXXXX8XVXXq6xXFXXXD\/1942321\/HTB1XAGrIFXXXXX8XVXXq6xXFXXXD.jpg_.webp\" alt=\"\" \/><\/p>\n<p><strong>Th\u1ecb tr\u01b0\u1eddng ph\u1ed5 bi\u1ebfn<\/strong><\/p>\n<p><img decoding=\"async\" src=\"https:\/\/sc01.alicdn.com\/kf\/HTB1.scCIFXXXXXVXpXXq6xXFXXX6\/1942321\/HTB1.scCIFXXXXXVXpXXq6xXFXXX6.jpg_.webp\" alt=\"\" \/><\/p>\n<p>&nbsp;<\/p>\n<p><strong>C\u00e2u h\u1ecfi th\u01b0\u1eddng g\u1eb7p<\/strong><\/p>\n<p>Q1. B\u1ea1n c\u00f3 th\u1ec3 ch\u1ea5p nh\u1eadn \u0111\u1eb7t h\u00e0ng m\u1eabu kh\u00f4ng?<\/p>\n<p>A: V\u00e2ng, ch\u1eafc ch\u1eafn, ch\u00fang t\u00f4i ch\u1ea5p nh\u1eadn \u0111\u01a1n \u0111\u1eb7t h\u00e0ng m\u1eabu.<\/p>\n<p>&nbsp;<\/p>\n<p>Q2. L\u00e0m th\u1ebf n\u00e0o v\u1ec1 th\u1eddi gian b\u1ea3o h\u00e0nh v\u00e0 c\u00e1c s\u1ea3n ph\u1ea9m b\u1ea3o h\u00e0nh?<\/p>\n<p>Tr\u1ea3 l\u1eddi: H\u1ea7u h\u1ebft c\u00e1c s\u1ea3n ph\u1ea9m l\u00e0 2 n\u0103m, c\u1eaft d\u00e2y v\u00e0 ch\u1ee5p m\u1ed9t s\u1ed1 h\u00ecnh \u1ea3nh.<\/p>\n<p>&nbsp;<\/p>\n<p>Q3. L\u00e0m th\u1ebf n\u00e0o \u0111\u1ec3 thi\u1ebft l\u1eadp m\u1ed1i quan h\u1ec7 kinh doanh l\u00e2u d\u00e0i gi\u1eefa ch\u00fang ta?<\/p>\n<p>Tr\u1ea3 l\u1eddi: Ch\u00fang t\u00f4i cung c\u1ea5p ch\u1ea5t l\u01b0\u1ee3ng cao c\u1ee7a s\u1ea3n ph\u1ea9m v\u00e0 gi\u00e1 c\u1ea3 r\u1ea5t c\u1ea1nh tranh \u0111\u1ec3 \u0111\u1ea3m b\u1ea3o l\u1ee3i nhu\u1eadn c\u1ee7a kh\u00e1ch h\u00e0ng.<\/p>\n<p>&nbsp;<\/p>\n<p>Q4. B\u1ea1n c\u00f3 ki\u1ec3m tra t\u1ea5t c\u1ea3 c\u00e1c s\u1ea3n ph\u1ea9m tr\u01b0\u1edbc khi giao h\u00e0ng?<\/p>\n<p>Tr\u1ea3 l\u1eddi: C\u00f3, ch\u00fang t\u00f4i ki\u1ec3m tra 100% s\u1ea3n ph\u1ea9m tr\u01b0\u1edbc khi giao h\u00e0ng, gi\u1eef cho c\u00e1c s\u1ea3n ph\u1ea9m 100% ho\u1ea1t \u0111\u1ed9ng b\u00ecnh th\u01b0\u1eddng.<\/p>\n<p>&nbsp;<\/p>\n<p>Q5. B\u1ea1n \u0111\u00e3 v\u01b0\u1ee3t qua ki\u1ec3m to\u00e1n tr\u00e1ch nhi\u1ec7m x\u00e3 h\u1ed9i n\u00e0o?<\/p>\n<p>A: V\u00e2ng, ch\u00fang t\u00f4i c\u00f3 BSCI, Sedex.<\/p>","protected":false},"excerpt":{"rendered":"<p>Th\u00e9p trong nh\u00e0 50m<br \/>\n\u0110\u1ed9 d\u00e0i c\u1ee7a c\u00e1p c\u00f3 th\u1ec3 theo y\u00eau c\u1ea7u c\u1ee7a kh\u00e1ch h\u00e0ng.<br \/>\nV\u00ed d\u1ee5: 10m, 25m, 50m.<\/p>","protected":false},"featured_media":286,"template":"","meta":[],"product_cat":[26],"product_tag":[],"class_list":{"0":"post-285","1":"product","2":"type-product","3":"status-publish","4":"has-post-thumbnail","6":"product_cat-cable-reel","8":"first","9":"instock","10":"shipping-taxable","11":"product-type-simple"},"_links":{"self":[{"href":"https:\/\/www.soyang-group.com\/vi\/wp-json\/wp\/v2\/product\/285","targetHints":{"allow":["GET"]}}],"collection":[{"href":"https:\/\/www.soyang-group.com\/vi\/wp-json\/wp\/v2\/product"}],"about":[{"href":"https:\/\/www.soyang-group.com\/vi\/wp-json\/wp\/v2\/types\/product"}],"version-history":[{"count":0,"href":"https:\/\/www.soyang-group.com\/vi\/wp-json\/wp\/v2\/product\/285\/revisions"}],"wp:featuredmedia":[{"embeddable":true,"href":"https:\/\/www.soyang-group.com\/vi\/wp-json\/wp\/v2\/media\/286"}],"wp:attachment":[{"href":"https:\/\/www.soyang-group.com\/vi\/wp-json\/wp\/v2\/media?parent=285"}],"wp:term":[{"taxonomy":"product_cat","embeddable":true,"href":"https:\/\/www.soyang-group.com\/vi\/wp-json\/wp\/v2\/product_cat?post=285"},{"taxonomy":"product_tag","embeddable":true,"href":"https:\/\/www.soyang-group.com\/vi\/wp-json\/wp\/v2\/product_tag?post=285"}],"curies":[{"name":"wp","href":"https:\/\/api.w.org\/{rel}","templated":true}]}}