{"id":287,"date":"2024-12-12T13:31:12","date_gmt":"2024-12-12T05:31:12","guid":{"rendered":"https:\/\/shuangy.gg12.globaldeepsea.site\/?post_type=product&#038;p=287"},"modified":"2024-12-12T13:31:12","modified_gmt":"2024-12-12T05:31:12","slug":"industrial-equipment-ip44-european-cable-reel","status":"publish","type":"product","link":"https:\/\/www.soyang-group.com\/vi\/san-pham\/industrial-equipment-ip44-european-cable-reel\/","title":{"rendered":"Thi\u1ebft b\u1ecb c\u00f4ng nghi\u1ec7p IP44 C\u00e1p ch\u00e2u \u00c2u"},"content":{"rendered":"<p><strong>Th\u00f4ng tin c\u01a1 b\u1ea3n<\/strong><br \/>\nM\u00f4 h\u00ecnh s\u1ed1: cu\u1ed9n c\u00e1p c\u00f4ng nghi\u1ec7p<br \/>\nT\u00ean th\u01b0\u01a1ng hi\u1ec7u: Shuangyang<br \/>\nV\u1eadt li\u1ec7u v\u1ecf: Cao su &amp; \u0110\u1ed3ng<br \/>\nVi\u1ec7c s\u1eed d\u1ee5ng: K\u1ebft n\u1ed1i ngu\u1ed3n \u0111i\u1ec7n v\u1edbi \u0111i\u1ec7n<br \/>\nthi\u1ebft b\u1ecb<br \/>\nWarly: 1 n\u0103m<br \/>\nGi\u1ea5y ch\u1ee9ng nh\u1eadn: CE, GS, S, Rohs, Reach, PAHS<\/p>\n<p>&nbsp;<\/p>\n<p><strong>Ng\u00e0nh c\u00f4ng nghi\u1ec7p\u00a0<a title=\"Xem t\u1ea5t c\u1ea3 c\u00e1c b\u00e0i vi\u1ebft trong cu\u1ed9n c\u00e1p\" href=\"https:\/\/www.soyanggroup.com\/cable-reel\/\" target=\"_blank\" rel=\"noopener\">Cu\u1ed9n c\u00e1p<\/a><\/strong><br \/>\nS\u1ed1 m\u00f4 h\u00ecnh: XP03-SY6H<br \/>\nT\u00ean th\u01b0\u01a1ng hi\u1ec7u: Shuangyang<br \/>\nS\u1eed d\u1ee5ng: K\u1ebft n\u1ed1i cung c\u1ea5p \u0111i\u1ec7n v\u1edbi c\u00e1c thi\u1ebft b\u1ecb \u0111i\u1ec7n<\/p>\n<p><strong>M\u00f4 t\u1ea3 &amp; t\u00ednh n\u0103ng<\/strong><br \/>\n1.Voltage: 230V AC<br \/>\n2. T\u1ea7n su\u1ea5t: 50Hz<br \/>\n3. Kh\u00f4ng c\u00f3 n\u01b0\u1edbc: IP44<br \/>\n4. \u0110\u1ecbnh m\u1ee9c t\u1ed1i \u0111a: 720W (Quay l\u1ea1i \u0111\u1ea7y \u0111\u1ee7), 3680W (kh\u00f4ng \u0111\u01b0\u1ee3c \u0111\u01b0a ra)<br \/>\nC\u00e1p ph\u00f9 h\u1ee3p: H05VV-F 3G1,5mm2 (t\u1ed1i \u0111a 50 m\u00e9t)<br \/>\nH05RR-F 3G1.5\/ H07RN-F 3G1.5mm2 (t\u1ed1i \u0111a 25Meters)<\/p>\n<p>5.Color: \u0110en<br \/>\n6.outer dia. (Mm): \u03c6280<br \/>\n7. B\u1ea3o m\u1eadt nhi\u1ec7t<br \/>\n8. \u0110\u1ed9 d\u00e0i c\u1ee7a c\u00e1p c\u00f3 th\u1ec3 theo y\u00eau c\u1ea7u c\u1ee7a kh\u00e1ch h\u00e0ng. V\u00ed d\u1ee5: 10m, 25m, 50m.<br \/>\n9. c\u00f3 th\u1ec3 theo y\u00eau c\u1ea7u c\u1ee7a kh\u00e1ch h\u00e0ng.<br \/>\n10. Kh\u1ea3 n\u0103ng cung c\u1ea5p: 50000 m\u1ea3nh\/m\u1ea3nh m\u1ed7i th\u00e1ng cu\u1ed9n c\u00e1p<\/p>\n<p>&nbsp;<\/p>\n<p><strong>\u0110\u1eb7c \u0111i\u1ec3m k\u1ef9 thu\u1eadt<\/strong><br \/>\nG\u00f3i: 1pcs\/h\u1ed9p m\u00e0u<br \/>\n2pcs\/carton b\u00ean ngo\u00e0i<br \/>\nK\u00edch th\u01b0\u1edbc carton: 46*31,5*40cm<br \/>\nCh\u1ee9ng nh\u1eadn: CE, ROHS, Reach, PAHS<\/p>\n<p><img decoding=\"async\" src=\"https:\/\/www.soyanggroup.com\/uploads\/38a0b92314.jpg\" alt=\"\" \/><\/p>\n<p>&nbsp;<\/p>\n<p><strong>L\u1ee3i th\u1ebf<\/strong><br \/>\n1. B\u1ed9 ph\u1eadn t\u00ean t\u00ean<br \/>\n2.Country of Origin<br \/>\n3. Ph\u00e2n ph\u1ed1i cung c\u1ea5p<br \/>\n4. Nh\u00e2n vi\u00ean kinh nghi\u1ec7m<br \/>\n5. H\u00ecnh th\u00e0nh a<br \/>\n6. Metreen S\u1ea3n ph\u1ea9m<br \/>\n7.Guarantee\/Warranty<br \/>\n8. Ph\u00ea duy\u1ec7t qu\u1ed1c t\u1ebf<br \/>\n9.Packaging<br \/>\n10.Price<br \/>\n11. T\u00ednh n\u0103ng s\u1ea3n ph\u1ea9m<br \/>\n12. Hi\u1ec7u su\u1ea5t s\u1ea3n ph\u1ea9m<br \/>\n13. Giao h\u00e0ng<br \/>\n14. Quan h\u1ec7 ph\u00ea duy\u1ec7t<br \/>\n15.Reputation<br \/>\n16.Service<br \/>\n17.Small \u0111\u01a1n \u0111\u1eb7t h\u00e0ng \u0111\u01b0\u1ee3c ch\u1ea5p nh\u1eadn<br \/>\n18.OEM v\u00e0 d\u1ecbch v\u1ee5 ODM \u0111\u01b0\u1ee3c cung c\u1ea5p<br \/>\n19. Ch\u1ea5t l\u01b0\u1ee3ng cao<\/p>\n<p>&nbsp;<\/p>\n<p>&nbsp;<\/p>\n<p><strong>Th\u00f4ng tin c\u00f4ng ty<\/strong><\/p>\n<p>Zhejiang Shuangyang Group Co.ltd. \u0111\u01b0\u1ee3c th\u00e0nh l\u1eadp v\u00e0o n\u0103m 1986, l\u00e0 m\u1ed9t doanh nghi\u1ec7p thu\u1ed9c s\u1edf h\u1eefu t\u01b0 nh\u00e2n, m\u1ed9t trong nh\u1eefng ng\u00f4i sao doanh nghi\u1ec7p c\u1ee7a Ningbo City v\u00e0o n\u0103m 1998, v\u00e0 \u0111\u01b0\u1ee3c ph\u00ea duy\u1ec7t b\u1edfi ISO9001\/14000\/18000. Ch\u00fang t\u00f4i \u1edf Cixi, Ningbo City, ch\u1ec9 c\u00e1ch C\u1ea3ng Ningbo v\u00e0 s\u00e2n bay, v\u00e0 hai gi\u1edd \u0111\u1ebfn Th\u01b0\u1ee3ng H\u1ea3i.<\/p>\n<p><img decoding=\"async\" src=\"https:\/\/sc01.alicdn.com\/kf\/He5ba632c74e44a68a587403dde671c5eH\/1942321\/He5ba632c74e44a68a587403dde671c5eH.png_.webp\" alt=\"\" \/><br \/>\nCho \u0111\u1ebfn b\u00e2y gi\u1edd, v\u1ed1n \u0111\u00e3 \u0111\u0103ng k\u00fd l\u00e0 h\u01a1n 16 tri\u1ec7u USD. Di\u1ec7n t\u00edch s\u00e0n c\u1ee7a ch\u00fang t\u00f4i l\u00e0 kho\u1ea3ng 120.000 m2 v\u00e0 di\u1ec7n t\u00edch x\u00e2y d\u1ef1ng l\u00e0 kho\u1ea3ng 85.000 m2. Trong n\u0103m 2018, t\u1ed5ng s\u1ed1 l\u1ea7n chuy\u1ec3n c\u1ee7a ch\u00fang t\u00f4i l\u00e0 80 tri\u1ec7u USD. Ch\u00fang t\u00f4i c\u00f3 m\u01b0\u1eddi ng\u01b0\u1eddi R &amp; D v\u00e0 h\u01a1n 100 QC \u0111\u1ec3 \u0111\u1ea3m b\u1ea3o ch\u1ea5t l\u01b0\u1ee3ng, m\u1ed7i n\u0103m, ch\u00fang t\u00f4i thi\u1ebft k\u1ebf v\u00e0 ph\u00e1t tri\u1ec3n h\u01a1n m\u01b0\u1eddi s\u1ea3n ph\u1ea9m m\u1edbi ho\u1ea1t \u0111\u1ed9ng nh\u01b0 m\u1ed9t nh\u00e0 s\u1ea3n xu\u1ea5t ch\u00ednh.<\/p>\n<p>C\u00e1c s\u1ea3n ph\u1ea9m ch\u00ednh c\u1ee7a ch\u00fang t\u00f4i l\u00e0 b\u1ed9 h\u1eb9n gi\u1edd, \u1ed5 c\u1eafm, c\u00e1p linh ho\u1ea1t, d\u00e2y \u0111i\u1ec7n, ph\u00edch c\u1eafm, \u1ed5 c\u1eafm m\u1edf r\u1ed9ng, cu\u1ed9n c\u00e1p v\u00e0 \u0111\u00e8n. Ch\u00fang t\u00f4i c\u00f3 th\u1ec3 cung c\u1ea5p nhi\u1ec1u lo\u1ea1i h\u1eb9n gi\u1edd nh\u01b0 b\u1ed9 h\u1eb9n gi\u1edd h\u00e0ng ng\u00e0y, b\u1ed9 h\u1eb9n gi\u1edd c\u01a1 h\u1ecdc v\u00e0 k\u1ef9 thu\u1eadt s\u1ed1, \u0111\u1ebfm ng\u01b0\u1ee3c b\u1ed9 h\u1eb9n gi\u1edd, h\u1eb9n gi\u1edd c\u00f4ng nghi\u1ec7p v\u1edbi t\u1ea5t c\u1ea3 c\u00e1c lo\u1ea1i \u1ed5 c\u1eafm. Th\u1ecb tr\u01b0\u1eddng m\u1ee5c ti\u00eau c\u1ee7a ch\u00fang t\u00f4i l\u00e0 th\u1ecb tr\u01b0\u1eddng ch\u00e2u \u00c2u v\u00e0 th\u1ecb tr\u01b0\u1eddng M\u1ef9. C\u00e1c s\u1ea3n ph\u1ea9m c\u1ee7a ch\u00fang t\u00f4i \u0111\u01b0\u1ee3c ph\u00ea duy\u1ec7t b\u1edfi CE, GS, D, N, S, NF, ETL, VDE, ROHS, Reach, PAHs, v.v.<\/p>\n<p>Ch\u00fang t\u00f4i c\u00f3 m\u1ed9t danh ti\u1ebfng t\u1ed1t trong s\u1ed1 c\u00e1c kh\u00e1ch h\u00e0ng c\u1ee7a ch\u00fang t\u00f4i. Ch\u00fang t\u00f4i lu\u00f4n t\u1eadp trung v\u00e0o vi\u1ec7c b\u1ea3o v\u1ec7 m\u00f4i tr\u01b0\u1eddng v\u00e0 s\u1ef1 an to\u00e0n c\u1ee7a con ng\u01b0\u1eddi. C\u1ea3i thi\u1ec7n ch\u1ea5t l\u01b0\u1ee3ng cu\u1ed9c s\u1ed1ng l\u00e0 m\u1ee5c \u0111\u00edch cu\u1ed1i c\u00f9ng c\u1ee7a ch\u00fang t\u00f4i.<\/p>\n<p>D\u00e2y \u0111i\u1ec7n, d\u00e2y m\u1edf r\u1ed9ng v\u00e0 cu\u1ed9n c\u00e1p l\u00e0 ho\u1ea1t \u0111\u1ed9ng kinh doanh ch\u00ednh c\u1ee7a ch\u00fang t\u00f4i, ch\u00fang t\u00f4i l\u00e0 nh\u00e0 s\u1ea3n xu\u1ea5t ch\u00ednh c\u1ee7a c\u00e1c \u0111\u01a1n \u0111\u1eb7t h\u00e0ng khuy\u1ebfn m\u00e3i t\u1eeb th\u1ecb tr\u01b0\u1eddng ch\u00e2u \u00c2u h\u00e0ng n\u0103m. Ch\u00fang t\u00f4i l\u00e0 nh\u00e0 s\u1ea3n xu\u1ea5t h\u00e0ng \u0111\u1ea7u h\u1ee3p t\u00e1c v\u1edbi D\u1ecbch v\u1ee5 to\u00e0n c\u1ea7u VDE \u1edf \u0110\u1ee9c \u0111\u1ec3 b\u1ea3o v\u1ec7 nh\u00e3n hi\u1ec7u. Ch\u00e0o m\u1eebng b\u1ea1n \u0111\u1ebfn v\u1edbi t\u1ea5t c\u1ea3 c\u00e1c kh\u00e1ch h\u00e0ng v\u00ec l\u1ee3i \u00edch chung v\u00e0 t\u01b0\u01a1ng lai t\u01b0\u01a1i s\u00e1ng.<\/p>\n<p>&nbsp;<\/p>\n<p><strong>D\u00f2ng s\u1ea3n ph\u1ea9m<\/strong><\/p>\n<p><img decoding=\"async\" src=\"https:\/\/sc02.alicdn.com\/kf\/HTB17nDwaFqZBuNjt_jqq6ymzpXa2\/1942321\/HTB17nDwaFqZBuNjt_jqq6ymzpXa2.jpg_.webp\" alt=\"\" \/><\/p>\n<p><strong>Ph\u00ea duy\u1ec7t<\/strong><\/p>\n<p><img decoding=\"async\" src=\"https:\/\/sc01.alicdn.com\/kf\/HTB1mMxLgOQnBKNjSZFmq6AApVXab\/1942321\/HTB1mMxLgOQnBKNjSZFmq6AApVXab.jpg_.webp\" alt=\"\" \/><\/p>\n<p><strong>C\u00e2u h\u1ecfi th\u01b0\u1eddng g\u1eb7p<\/strong><\/p>\n<p>Q1. L\u00e0m th\u1ebf n\u00e0o \u0111\u1ec3 k\u00fd h\u1ee3p \u0111\u1ed3ng v\u1edbi ch\u00fang t\u00f4i?<\/p>\n<p>A: B\u1ea1n c\u00f3 th\u1ec3 g\u1eedi th\u01b0 cho ch\u00fang t\u00f4i ho\u1eb7c g\u1ecdi.<\/p>\n<p>&nbsp;<\/p>\n<p>Q2. \u0110i\u1ec1u kho\u1ea3n thanh to\u00e1n c\u1ee7a b\u1ea1n l\u00e0 g\u00ec?<\/p>\n<p>A: T\/T, L\/C.<\/p>","protected":false},"excerpt":{"rendered":"<p>IP44 C\u00f4ng nghi\u1ec7p Cable C\u00e1p<br \/>\n\u0110\u1ed9 d\u00e0i c\u1ee7a c\u00e1p c\u00f3 th\u1ec3 theo y\u00eau c\u1ea7u c\u1ee7a kh\u00e1ch h\u00e0ng.<br \/>\nV\u00ed d\u1ee5: 10m, 25m, 40m, 50m.<br \/>\n1000 m\u1ea3nh\/m\u1ea3nh c\u00e1p ch\u00e2u \u00c2u (Min. \u0110\u1eb7t h\u00e0ng)<\/p>","protected":false},"featured_media":288,"template":"","meta":[],"product_cat":[26],"product_tag":[],"class_list":{"0":"post-287","1":"product","2":"type-product","3":"status-publish","4":"has-post-thumbnail","6":"product_cat-cable-reel","8":"first","9":"instock","10":"shipping-taxable","11":"product-type-simple"},"_links":{"self":[{"href":"https:\/\/www.soyang-group.com\/vi\/wp-json\/wp\/v2\/product\/287","targetHints":{"allow":["GET"]}}],"collection":[{"href":"https:\/\/www.soyang-group.com\/vi\/wp-json\/wp\/v2\/product"}],"about":[{"href":"https:\/\/www.soyang-group.com\/vi\/wp-json\/wp\/v2\/types\/product"}],"version-history":[{"count":0,"href":"https:\/\/www.soyang-group.com\/vi\/wp-json\/wp\/v2\/product\/287\/revisions"}],"wp:featuredmedia":[{"embeddable":true,"href":"https:\/\/www.soyang-group.com\/vi\/wp-json\/wp\/v2\/media\/288"}],"wp:attachment":[{"href":"https:\/\/www.soyang-group.com\/vi\/wp-json\/wp\/v2\/media?parent=287"}],"wp:term":[{"taxonomy":"product_cat","embeddable":true,"href":"https:\/\/www.soyang-group.com\/vi\/wp-json\/wp\/v2\/product_cat?post=287"},{"taxonomy":"product_tag","embeddable":true,"href":"https:\/\/www.soyang-group.com\/vi\/wp-json\/wp\/v2\/product_tag?post=287"}],"curies":[{"name":"wp","href":"https:\/\/api.w.org\/{rel}","templated":true}]}}