{"id":289,"date":"2024-12-12T13:32:55","date_gmt":"2024-12-12T05:32:55","guid":{"rendered":"https:\/\/shuangy.gg12.globaldeepsea.site\/?post_type=product&#038;p=289"},"modified":"2025-01-10T17:52:13","modified_gmt":"2025-01-10T09:52:13","slug":"ce-retractable-waterproof-ip44-power-cable-reel","status":"publish","type":"product","link":"https:\/\/www.soyang-group.com\/vi\/san-pham\/ce-retractable-waterproof-ip44-power-cable-reel\/","title":{"rendered":"CE c\u00f3 th\u1ec3 thu h\u1ed3i \u0111\u01b0\u1ee3c IP44 Power C\u00e1p \u0111i\u1ec7n"},"content":{"rendered":"<p><strong>T\u1ed5ng quan<\/strong><\/p>\n<p><strong>Chi ti\u1ebft nhanh ch\u00f3ng<\/strong><br \/>\n\u0110\u1ecba \u0111i\u1ec3m xu\u1ea5t x\u1ee9: Chi\u1ebft Giang, Trung Qu\u1ed1c T\u00ean th\u01b0\u01a1ng hi\u1ec7u: Shuangyang<br \/>\nS\u1ed1 m\u00f4 h\u00ecnh: XP06-4D Lo\u1ea1i: cu\u1ed9n c\u00e1p, c\u00e1ch \u0111i\u1ec7n<br \/>\n\u1ee8ng d\u1ee5ng: Thi\u1ebft b\u1ecb c\u00f4ng nghi\u1ec7p IP: 44<br \/>\nCh\u1ee9ng nh\u1eadn: CE GS Rohs Ch\u1ea5t d\u1eabn \u0111i\u1ec7n: \u0110\u1ed3ng<br \/>\nV\u1eadt li\u1ec7u c\u00e1ch nhi\u1ec7t: D\u00e2y d\u1eabn cao su Lo\u1ea1i: B\u1ecb m\u1eafc k\u1eb9t<\/p>\n<p><strong>Kh\u1ea3 n\u0103ng cung c\u1ea5p<\/strong><br \/>\nKh\u1ea3 n\u0103ng cung c\u1ea5p: 100000\/mi\u1ebfng m\u1ed7i th\u00e1ng<\/p>\n<p><strong>Bao b\u00ec &amp; giao h\u00e0ng<\/strong><br \/>\nChi ti\u1ebft \u0111\u00f3ng g\u00f3i: \u0110\u00f3ng g\u00f3i xu\u1ea5t kh\u1ea9u ti\u00eau chu\u1ea9n ho\u1eb7c theo y\u00eau c\u1ea7u c\u1ee7a kh\u00e1ch h\u00e0ng<br \/>\nC\u1ea3ng: Ningbo, Th\u01b0\u1ee3ng H\u1ea3i<br \/>\nTh\u1eddi gian d\u1eabn: Ph\u1ee5 thu\u1ed9c v\u00e0o s\u1ed1 l\u01b0\u1ee3ng \u0111\u1eb7t h\u00e0ng c\u1ee7a b\u1ea1n<\/p>\n<p>&nbsp;<\/p>\n<p><strong>M\u00f4 t\u1ea3 chi ti\u1ebft v\u1ec1 s\u1ea3n ph\u1ea9m<\/strong><\/p>\n<p><strong>Cu\u1ed9n c\u00e1p kim lo\u1ea1i ngo\u00e0i tr\u1eddi<\/strong><br \/>\nS\u1ed1 m\u00f4 h\u00ecnh: XP16-NN<br \/>\nT\u00ean th\u01b0\u01a1ng hi\u1ec7u: Shuangyang<br \/>\nS\u1eed d\u1ee5ng: K\u1ebft n\u1ed1i cung c\u1ea5p \u0111i\u1ec7n v\u1edbi c\u00e1c thi\u1ebft b\u1ecb \u0111i\u1ec7n<\/p>\n<p><strong>\u00a0\u0110\u1eb7c tr\u01b0ng:<\/strong><br \/>\n1.Voltage: 230V AC<br \/>\n2. T\u1ea7n su\u1ea5t: 50Hz<br \/>\n3. Kh\u00f4ng c\u00f3 n\u01b0\u1edbc: IP44<br \/>\n4 .. \u0110\u1ecbnh m\u1ee9c t\u1ed1i \u0111a: 1000W (Quay l\u1ea1i \u0111\u1ea7y \u0111\u1ee7), 2300W (ch\u01b0a \u0111\u01b0\u1ee3c \u0111\u01b0a ra)<br \/>\nC\u00e1p kh\u1edbp: H05RR-F 3G1.0\/H05RN-F 3G1.0mm2)<br \/>\n5. \u0110\u1ecbnh m\u1ee9c t\u1ed1i \u0111a: 1000W (Quay l\u1ea1i \u0111\u1ea7y \u0111\u1ee7), 3000W (ch\u01b0a \u0111\u01b0\u1ee3c \u0111\u01b0a ra)<br \/>\nC\u00e1p kh\u1edbp: H05RR-F 3G1.5\/H07RN-F 3G1.5mm2)<br \/>\n6 .. \u0110\u1ecbnh m\u1ee9c t\u1ed1i \u0111a: 1200W (Quay l\u1ea1i \u0111\u1ea7y \u0111\u1ee7), 3600W (ch\u01b0a \u0111\u01b0\u1ee3c \u0111\u01b0a ra)<br \/>\nC\u00e1p kh\u1edbp: H05RR-F 3G2.5\/H07RN-F 3G2.5mm2)<\/p>\n<p><a class=\"fancybox\" href=\"https:\/\/www.soyanggroup.com\/uploads\/315.jpg\" target=\"_blank\" rel=\"noopener\"><img decoding=\"async\" class=\"alignnone size-full wp-image-4446\" src=\"https:\/\/www.soyanggroup.com\/uploads\/315.jpg\" alt=\"3\" \/><\/a><\/p>\n<p>7.color:black<br \/>\n8. Oouth dia. (MM): \u03c6280<br \/>\n9. An ninh nhi\u1ec7t<br \/>\n10. \u0110\u1ed9 d\u00e0i c\u1ee7a c\u00e1p c\u00f3 th\u1ec3 theo y\u00eau c\u1ea7u c\u1ee7a kh\u00e1ch h\u00e0ng. V\u00ed d\u1ee5: 10m, 25m, 50m.<br \/>\n11. c\u00f3 th\u1ec3 theo y\u00eau c\u1ea7u c\u1ee7a kh\u00e1ch h\u00e0ng.<br \/>\n12. Kh\u1ea3 n\u0103ng cung c\u1ea5p: 50000 m\u1ea3nh\/m\u1ea3nh m\u1ed7i th\u00e1ng cu\u1ed9n c\u00e1p<br \/>\n13. Kh\u1ea3 n\u0103ng c\u00f3 s\u1eb5n cho m\u1ed9t thi\u1ebft k\u1ebf kh\u00e1c: Phi\u00ean b\u1ea3n Ph\u00e1p, phi\u00ean b\u1ea3n \u0110an M\u1ea1ch<\/p>\n<p><a class=\"fancybox\" href=\"https:\/\/www.soyanggroup.com\/uploads\/121.png\" target=\"_blank\" rel=\"noopener\"><img decoding=\"async\" class=\"alignnone size-full wp-image-4447\" src=\"https:\/\/www.soyanggroup.com\/uploads\/121.png\" alt=\"12\" \/><\/a><a class=\"fancybox\" href=\"https:\/\/www.soyanggroup.com\/uploads\/1.png\" target=\"_blank\" rel=\"noopener\"><img decoding=\"async\" class=\"alignnone size-full wp-image-4429\" src=\"https:\/\/www.soyanggroup.com\/uploads\/1.png\" alt=\"1\" \/><\/a><\/p>\n<p>&nbsp;<\/p>\n<p><strong>\u0110\u1eb7c \u0111i\u1ec3m k\u1ef9 thu\u1eadt<\/strong><br \/>\nG\u00f3i: 1pcs\/h\u1ed9p m\u00e0u<br \/>\n2pcs\/carton b\u00ean ngo\u00e0i<br \/>\nK\u00edch th\u01b0\u1edbc carton: 44*31,5*44cm<br \/>\nCh\u1ee9ng nh\u1eadn: S, NF, GS, CE, Rohs, Reach, PAHS<\/p>\n<p><a class=\"fancybox\" href=\"https:\/\/www.soyanggroup.com\/uploads\/13.png\" target=\"_blank\" rel=\"noopener\"><img decoding=\"async\" class=\"alignnone size-full wp-image-4437\" src=\"https:\/\/www.soyanggroup.com\/uploads\/13.png\" alt=\"13\" \/><\/a><\/p>\n<p>&nbsp;<\/p>\n<p><strong>H\u1ed3 s\u01a1 c\u00f4ng ty:<\/strong><br \/>\n1. Lo\u1ea1i kinh doanh: Nh\u00e0 s\u1ea3n xu\u1ea5t, c\u00f4ng ty th\u01b0\u01a1ng m\u1ea1i<br \/>\n2. S\u1ea3n ph\u1ea9m: \u1ed4 c\u1eafm h\u1eb9n gi\u1edd, c\u00e1p, cu\u1ed9n c\u00e1p, \u00e1nh s\u00e1ng<br \/>\n3. T\u1ed5ng s\u1ed1 nh\u00e2n vi\u00ean: 501 - 1000 ng\u01b0\u1eddi<br \/>\n4. Th\u00e0nh l\u1eadp: 1994<br \/>\n5. Ch\u1ee9ng nh\u1eadn h\u1ec7 th\u1ed1ng qu\u1ea3n l\u00fd: ISO9001, ISO14001, OHSAS18001<br \/>\n6. Qu\u1ed1c gia \/ khu v\u1ef1c: Chi\u1ebft Giang, Trung Qu\u1ed1c<br \/>\n7. S\u1ef1 s\u1edf h\u1eefu: Ch\u1ee7 s\u1edf h\u1eefu t\u01b0 nh\u00e2n<br \/>\n8. Th\u1ecb tr\u01b0\u1eddng ch\u00ednh: \u0110\u00f4ng \u00c2u 39,00%<br \/>\nB\u1eafc \u00c2u 30.00%<br \/>\nT\u00e2y \u00c2u 16.00%<br \/>\nTh\u1ecb tr\u01b0\u1eddng trong n\u01b0\u1edbc: 7%<br \/>\nMid East: 5%<br \/>\nNam M\u1ef9: 3%<\/p>\n<p>&nbsp;<\/p>\n<p><strong>D\u00f2ng s\u1ea3n ph\u1ea9m<\/strong><\/p>\n<p><img decoding=\"async\" src=\"https:\/\/sc02.alicdn.com\/kf\/HTB17nDwaFqZBuNjt_jqq6ymzpXa2\/1942321\/HTB17nDwaFqZBuNjt_jqq6ymzpXa2.jpg_.webp\" alt=\"\" \/><\/p>\n<p><strong>Ph\u00ea duy\u1ec7t<\/strong><\/p>\n<p><img decoding=\"async\" src=\"https:\/\/sc01.alicdn.com\/kf\/HTB1mMxLgOQnBKNjSZFmq6AApVXab\/1942321\/HTB1mMxLgOQnBKNjSZFmq6AApVXab.jpg_.webp\" alt=\"\" \/><\/p>\n<p><strong>C\u00e2u h\u1ecfi th\u01b0\u1eddng g\u1eb7p<\/strong><\/p>\n<p>Q1. L\u00e0m th\u1ebf n\u00e0o \u0111\u1ec3 k\u00fd h\u1ee3p \u0111\u1ed3ng v\u1edbi ch\u00fang t\u00f4i?<\/p>\n<p>A: B\u1ea1n c\u00f3 th\u1ec3 g\u1eedi th\u01b0 cho ch\u00fang t\u00f4i ho\u1eb7c g\u1ecdi.<\/p>\n<p>&nbsp;<\/p>\n<p>Q2. \u0110i\u1ec1u kho\u1ea3n thanh to\u00e1n c\u1ee7a b\u1ea1n l\u00e0 g\u00ec?<\/p>\n<p>A: T\/T, L\/C.<\/p>\n<p>&nbsp;<\/p>\n<p>Q3. Nh\u1eefng \u0111i\u1ec1u kho\u1ea3n v\u1eadn chuy\u1ec3n n\u00e0o ch\u00fang ta c\u00f3 th\u1ec3 ch\u1ecdn?<\/p>\n<p>A: C\u00f3 b\u1eb1ng \u0111\u01b0\u1eddng bi\u1ec3n, b\u1eb1ng \u0111\u01b0\u1eddng h\u00e0ng kh\u00f4ng, b\u1eb1ng c\u00e1ch giao h\u00e0ng nhanh cho c\u00e1c l\u1ef1a ch\u1ecdn c\u1ee7a b\u1ea1n.<br \/>\nQ4. C\u00f3 th\u1ec3 s\u1ea3n ph\u1ea9m c\u1ee7a b\u1ea1n in logo c\u1ee7a kh\u00e1ch?<\/p>\n<p>Tr\u1ea3 l\u1eddi: C\u00f3, kh\u00e1ch cung c\u1ea5p logo, ch\u00fang t\u00f4i c\u00f3 th\u1ec3 in tr\u00ean s\u1ea3n ph\u1ea9m.<\/p>","protected":false},"excerpt":{"rendered":"<p>T\u1ed5ng quan Chi ti\u1ebft nhanh V\u1ecb tr\u00ed xu\u1ea5t x\u1ee9: Chi\u1ebft Giang, Trung Qu\u1ed1c T\u00ean th\u01b0\u01a1ng hi\u1ec7u: Shuangyang S\u1ed1 m\u1eabu\u00a0 \u00a0 [\u2026]<\/p>","protected":false},"featured_media":537,"template":"","meta":[],"product_cat":[26],"product_tag":[],"class_list":{"0":"post-289","1":"product","2":"type-product","3":"status-publish","4":"has-post-thumbnail","6":"product_cat-cable-reel","8":"first","9":"instock","10":"shipping-taxable","11":"product-type-simple"},"_links":{"self":[{"href":"https:\/\/www.soyang-group.com\/vi\/wp-json\/wp\/v2\/product\/289","targetHints":{"allow":["GET"]}}],"collection":[{"href":"https:\/\/www.soyang-group.com\/vi\/wp-json\/wp\/v2\/product"}],"about":[{"href":"https:\/\/www.soyang-group.com\/vi\/wp-json\/wp\/v2\/types\/product"}],"version-history":[{"count":1,"href":"https:\/\/www.soyang-group.com\/vi\/wp-json\/wp\/v2\/product\/289\/revisions"}],"predecessor-version":[{"id":538,"href":"https:\/\/www.soyang-group.com\/vi\/wp-json\/wp\/v2\/product\/289\/revisions\/538"}],"wp:featuredmedia":[{"embeddable":true,"href":"https:\/\/www.soyang-group.com\/vi\/wp-json\/wp\/v2\/media\/537"}],"wp:attachment":[{"href":"https:\/\/www.soyang-group.com\/vi\/wp-json\/wp\/v2\/media?parent=289"}],"wp:term":[{"taxonomy":"product_cat","embeddable":true,"href":"https:\/\/www.soyang-group.com\/vi\/wp-json\/wp\/v2\/product_cat?post=289"},{"taxonomy":"product_tag","embeddable":true,"href":"https:\/\/www.soyang-group.com\/vi\/wp-json\/wp\/v2\/product_tag?post=289"}],"curies":[{"name":"wp","href":"https:\/\/api.w.org\/{rel}","templated":true}]}}