{"id":301,"date":"2024-12-12T13:49:52","date_gmt":"2024-12-12T05:49:52","guid":{"rendered":"https:\/\/shuangy.gg12.globaldeepsea.site\/?post_type=product&#038;p=301"},"modified":"2024-12-12T13:49:52","modified_gmt":"2024-12-12T05:49:52","slug":"distribution-box","status":"publish","type":"product","link":"https:\/\/www.soyang-group.com\/vi\/san-pham\/distribution-box\/","title":{"rendered":"H\u1ed9p ph\u00e2n ph\u1ed1i"},"content":{"rendered":"<div class=\"fl-col-group fl-node-5ea14fb3ab9ad\" data-node=\"5ea14fb3ab9ad\">\n<div class=\"fl-col fl-node-5ea14fb3abc58 fl-col-has-cols\" data-node=\"5ea14fb3abc58\">\n<div class=\"fl-col-content fl-node-content\">\n<div class=\"fl-module fl-module-rich-text fl-node-5ea14fb85e291\" data-node=\"5ea14fb85e291\" data-animation-delay=\"0.0\">\n<div class=\"fl-module-content fl-node-content\">\n<div class=\"fl-rich-text\">\n<p><b>Th\u00f4ng tin c\u01a1 b\u1ea3n<\/b><br \/>\nM\u00f4 h\u00ecnh s\u1ed1: H\u1ed9p ph\u00e2n ph\u1ed1i<br \/>\nT\u00ean th\u01b0\u01a1ng hi\u1ec7u: Shuangyang<br \/>\nV\u1eadt li\u1ec7u: Cao su, \u0111\u1ed3ng, kim lo\u1ea1i\u2026<br \/>\nVi\u1ec7c s\u1eed d\u1ee5ng: K\u1ebft n\u1ed1i ngu\u1ed3n \u0111i\u1ec7n v\u1edbi \u0111i\u1ec7n<br \/>\nthi\u1ebft b\u1ecb<br \/>\nWarly: 1 n\u0103m<br \/>\nGi\u1ea5y ch\u1ee9ng nh\u1eadn: CE, Rohs, Reach, PAHS<\/p>\n<\/div>\n<\/div>\n<\/div>\n<div class=\"fl-col-group fl-node-5ea14fe4a5132 fl-col-group-nested\" data-node=\"5ea14fe4a5132\">\n<div class=\"fl-col fl-node-5ea14fe4a56a8\" data-node=\"5ea14fe4a56a8\">\n<div class=\"fl-col-content fl-node-content\">\n<div class=\"fl-module fl-module-rich-text fl-node-5ea14ff2d0279\" data-node=\"5ea14ff2d0279\" data-animation-delay=\"0.0\">\n<div class=\"fl-module-content fl-node-content\">\n<div class=\"fl-rich-text\">\n<p><strong>Chi ti\u1ebft s\u1ea3n ph\u1ea9m:<\/strong><br \/>\n<b>(1) Lo\u1ea1i 1<\/b><br \/>\nS\u1ed1 m\u00f4 h\u00ecnh: GJX01B-KM-D<br \/>\nT\u00ean th\u01b0\u01a1ng hi\u1ec7u: Shuangyang<br \/>\nS\u1eed d\u1ee5ng: K\u1ebft n\u1ed1i cung c\u1ea5p \u0111i\u1ec7n v\u1edbi c\u00e1c thi\u1ebft b\u1ecb \u0111i\u1ec7n<br \/>\n<b>M\u00f4 t\u1ea3 &amp; t\u00ednh n\u0103ng<\/b><br \/>\n1. C\u00f4ng su\u1ea5t \u0111a n\u0103ng: 3.680W<br \/>\n2.VOLTAGE: 250V AC<br \/>\n3. T\u1ea7n su\u1ea5t: 50Hz<br \/>\n4. Ti\u1ec1n: 16a<br \/>\n5.Water-proof:IP44<br \/>\n6.Poles: 3p+n+e<br \/>\n7. K\u00edch th\u01b0\u1edbc: 362.5x195x215mm<br \/>\n8.Match C\u00e1p nh\u01b0 sau: H05RN-F 3G0,75\/1.0,<br \/>\nH05RR-F 3G0,75\/1.0\/1.5\/2.5<br \/>\nH07RN-F 3G1.0\/1.5\/2.5<br \/>\n9. \u0110\u1ed9 d\u00e0i c\u1ee7a c\u00e1p c\u00f3 th\u1ec3 theo y\u00eau c\u1ea7u c\u1ee7a kh\u00e1ch h\u00e0ng. V\u00ed d\u1ee5: 10m, 25m, 50m.<br \/>\n10.Can theo kh\u00e1ch h\u00e0ng y\u00eau c\u1ea7u \u0111\u00f3ng g\u00f3i.<br \/>\n11. Kh\u1ea3 n\u0103ng cung c\u1ea5p: 500000 m\u00e9t\/m\u00e9t m\u1ed7i th\u00e1ng d\u00e2y m\u1edf r\u1ed9ng ch\u00e2u \u00c2u<br \/>\n<b>\u0110\u1eb7c \u0111i\u1ec3m k\u1ef9 thu\u1eadt<\/b><br \/>\nG\u00f3i: H\u1ed9p tr\u1eafng<br \/>\nCh\u1ee9ng nh\u1eadn: CE, ROHS, Reach, PAHS<br \/>\n<a class=\"fancybox\" href=\"https:\/\/www.soyanggroup.com\/uploads\/deac14ab.png\" target=\"_blank\" rel=\"noopener\"><img decoding=\"async\" src=\"https:\/\/www.soyanggroup.com\/uploads\/deac14ab.png\" alt=\"Ph\u00e2n ph\u1ed1i Box1468\" \/><\/a><img decoding=\"async\" src=\"https:\/\/www.soyanggroup.com\/uploads\/589df2ee.png\" alt=\"Ph\u00e2n ph\u1ed1i Box1507\" \/><\/p>\n<\/div>\n<\/div>\n<\/div>\n<\/div>\n<\/div>\n<div class=\"fl-col fl-node-5ea14fe4a570b fl-col-small\" data-node=\"5ea14fe4a570b\">\n<div class=\"fl-col-content fl-node-content\">\n<div class=\"fl-module fl-module-rich-text fl-node-5ea15099c5cf1\" data-node=\"5ea15099c5cf1\" data-animation-delay=\"0.0\">\n<div class=\"fl-module-content fl-node-content\">\n<div class=\"fl-rich-text\">\n<p><a class=\"fancybox\" href=\"https:\/\/www.soyanggroup.com\/uploads\/8eeafddf.png\" target=\"_blank\" rel=\"noopener\"><img decoding=\"async\" src=\"https:\/\/www.soyanggroup.com\/uploads\/8eeafddf.png\" alt=\"Ph\u00e2n ph\u1ed1i Box0\" \/><\/a><\/p>\n<\/div>\n<\/div>\n<\/div>\n<\/div>\n<\/div>\n<\/div>\n<\/div>\n<\/div>\n<\/div>\n<div class=\"fl-col-group fl-node-5ea150bb27b8c\" data-node=\"5ea150bb27b8c\">\n<div class=\"fl-col fl-node-5ea150bb27f3b\" data-node=\"5ea150bb27f3b\">\n<div class=\"fl-col-content fl-node-content\">\n<div class=\"fl-module fl-module-rich-text fl-node-5ea150d1c667b\" data-node=\"5ea150d1c667b\" data-animation-delay=\"0.0\">\n<div class=\"fl-module-content fl-node-content\">\n<div class=\"fl-rich-text\">\n<p><b>(2) Lo\u1ea1i 2<\/b><br \/>\n<b><\/b>S\u1ed1 m\u00f4 h\u00ecnh: GJX01B-K3-F<br \/>\nT\u00ean th\u01b0\u01a1ng hi\u1ec7u: Shuangyang<br \/>\nS\u1eed d\u1ee5ng: K\u1ebft n\u1ed1i cung c\u1ea5p \u0111i\u1ec7n v\u1edbi c\u00e1c thi\u1ebft b\u1ecb \u0111i\u1ec7n<br \/>\n<b>M\u00f4 t\u1ea3 &amp; t\u00ednh n\u0103ng<\/b><br \/>\n<b><\/b>1. C\u00f4ng su\u1ea5t \u0111a n\u0103ng: 3.680W<br \/>\n2.VOLTAGE: 250V AC<br \/>\n3. T\u1ea7n su\u1ea5t: 50Hz<br \/>\n4. Ti\u1ec1n: 16a<br \/>\n5.Water-proof:IP44<br \/>\n6.Poles: 3p+n+e<br \/>\n7. K\u00edch th\u01b0\u1edbc: 362.5x195x215mm<br \/>\n8.Match C\u00e1p nh\u01b0 sau: H05RN-F 3G1.0,<br \/>\nH05RR-F 3G1.0\/1.5,<br \/>\nH07RN-F 3G1.0\/1.5\/2.5.<br \/>\n9. \u0110\u1ed9 d\u00e0i c\u1ee7a c\u00e1p c\u00f3 th\u1ec3 theo y\u00eau c\u1ea7u c\u1ee7a kh\u00e1ch h\u00e0ng. V\u00ed d\u1ee5: 10m, 25m, 50m.<br \/>\n10.Can theo kh\u00e1ch h\u00e0ng y\u00eau c\u1ea7u \u0111\u00f3ng g\u00f3i.<br \/>\n11. Kh\u1ea3 n\u0103ng cung c\u1ea5p: 500000 m\u00e9t\/m\u00e9t m\u1ed7i th\u00e1ng d\u00e2y m\u1edf r\u1ed9ng ch\u00e2u \u00c2u<br \/>\n<b>\u0110\u1eb7c \u0111i\u1ec3m k\u1ef9 thu\u1eadt<\/b><br \/>\nG\u00f3i: H\u1ed9p tr\u1eafng<br \/>\nCh\u1ee9ng nh\u1eadn: CE, ROHS, Reach, PAHS<br \/>\n<a class=\"fancybox\" href=\"https:\/\/www.soyanggroup.com\/uploads\/deac14ab.png\" target=\"_blank\" rel=\"noopener\"><img decoding=\"async\" src=\"https:\/\/www.soyanggroup.com\/uploads\/deac14ab.png\" alt=\"Ph\u00e2n ph\u1ed1i Box1468\" \/><\/a><img decoding=\"async\" src=\"https:\/\/www.soyanggroup.com\/uploads\/589df2ee.png\" alt=\"Ph\u00e2n ph\u1ed1i Box1507\" \/><\/p>\n<\/div>\n<\/div>\n<\/div>\n<\/div>\n<\/div>\n<div class=\"fl-col fl-node-5ea150bb27f93 fl-col-small\" data-node=\"5ea150bb27f93\">\n<div class=\"fl-col-content fl-node-content\">\n<div class=\"fl-module fl-module-rich-text fl-node-5ea15165e56d6\" data-node=\"5ea15165e56d6\" data-animation-delay=\"0.0\">\n<div class=\"fl-module-content fl-node-content\">\n<div class=\"fl-rich-text\">\n<p><a class=\"fancybox\" href=\"https:\/\/www.soyanggroup.com\/uploads\/56c4eff2.png\" target=\"_blank\" rel=\"noopener\"><img decoding=\"async\" src=\"https:\/\/www.soyanggroup.com\/uploads\/56c4eff2.png\" alt=\"Ph\u00e2n ph\u1ed1i Box1524\" \/><\/a><\/p>\n<\/div>\n<\/div>\n<\/div>\n<\/div>\n<\/div>\n<\/div>\n<div class=\"fl-col-group fl-node-5ea1519aa3814\" data-node=\"5ea1519aa3814\">\n<div class=\"fl-col fl-node-5ea1519aa3dcb\" data-node=\"5ea1519aa3dcb\">\n<div class=\"fl-col-content fl-node-content\">\n<div class=\"fl-module fl-module-rich-text fl-node-5ea151a22ca94\" data-node=\"5ea151a22ca94\" data-animation-delay=\"0.0\">\n<div class=\"fl-module-content fl-node-content\">\n<div class=\"fl-rich-text\">\n<p><b>(3) Lo\u1ea1i 3<\/b><br \/>\nS\u1ed1 m\u00f4 h\u00ecnh: GJX01C-55-E<br \/>\nT\u00ean th\u01b0\u01a1ng hi\u1ec7u: Shuangyang<br \/>\nS\u1eed d\u1ee5ng: K\u1ebft n\u1ed1i cung c\u1ea5p \u0111i\u1ec7n v\u1edbi c\u00e1c thi\u1ebft b\u1ecb \u0111i\u1ec7n<br \/>\n<b>M\u00f4 t\u1ea3 &amp; t\u00ednh n\u0103ng<\/b><br \/>\n1. C\u00f4ng su\u1ea5t \u0111a n\u0103ng: 3.680W<br \/>\n2.VOLTAGE: 250V AC<br \/>\n3. T\u1ea7n su\u1ea5t: 50Hz<br \/>\n4. Ti\u1ec1n: 16a<br \/>\n5.Water-proof:IP44<br \/>\n6.Poles: 2p+e<br \/>\n7. K\u00edch th\u01b0\u1edbc: 362.5x195x215mm<br \/>\n8.Match C\u00e1p nh\u01b0 sau: H05RN-F3G1.0,<br \/>\nH05RR-F3G1.0\/1.5,<br \/>\nH05RN-F3G1.0\/1.5<br \/>\n9. \u0110\u1ed9 d\u00e0i c\u1ee7a c\u00e1p c\u00f3 th\u1ec3 theo y\u00eau c\u1ea7u c\u1ee7a kh\u00e1ch h\u00e0ng. V\u00ed d\u1ee5: 10m, 25m, 50m.<br \/>\n10.Can theo kh\u00e1ch h\u00e0ng y\u00eau c\u1ea7u \u0111\u00f3ng g\u00f3i.<br \/>\n11. Kh\u1ea3 n\u0103ng cung c\u1ea5p: 500000 m\u00e9t\/m\u00e9t m\u1ed7i th\u00e1ng d\u00e2y m\u1edf r\u1ed9ng ch\u00e2u \u00c2u<br \/>\n<b><\/b><b>\u0110\u1eb7c \u0111i\u1ec3m k\u1ef9 thu\u1eadt<\/b><br \/>\nG\u00f3i: H\u1ed9p tr\u1eafng<br \/>\nCh\u1ee9ng nh\u1eadn: CE, ROHS, Reach, PAHS<br \/>\n<a class=\"fancybox\" href=\"https:\/\/www.soyanggroup.com\/uploads\/deac14ab.png\" target=\"_blank\" rel=\"noopener\"><img decoding=\"async\" src=\"https:\/\/www.soyanggroup.com\/uploads\/deac14ab.png\" alt=\"Ph\u00e2n ph\u1ed1i Box1468\" \/><\/a><img decoding=\"async\" src=\"https:\/\/www.soyanggroup.com\/uploads\/589df2ee.png\" alt=\"Ph\u00e2n ph\u1ed1i Box1507\" \/><\/p>\n<\/div>\n<\/div>\n<\/div>\n<\/div>\n<\/div>\n<div class=\"fl-col fl-node-5ea1519aa3e2f fl-col-small\" data-node=\"5ea1519aa3e2f\">\n<div class=\"fl-col-content fl-node-content\">\n<div class=\"fl-module fl-module-rich-text fl-node-5ea1523994a88\" data-node=\"5ea1523994a88\" data-animation-delay=\"0.0\">\n<div class=\"fl-module-content fl-node-content\">\n<div class=\"fl-rich-text\">\n<p><a class=\"fancybox\" href=\"https:\/\/www.soyanggroup.com\/uploads\/c91cae20.png\" target=\"_blank\" rel=\"noopener\"><img decoding=\"async\" src=\"https:\/\/www.soyanggroup.com\/uploads\/c91cae20.png\" alt=\"Ph\u00e2n ph\u1ed1i Box2542\" \/><\/a><\/p>\n<\/div>\n<\/div>\n<\/div>\n<\/div>\n<\/div>\n<\/div>\n<div class=\"fl-col-group fl-node-5ea1524aab91c\" data-node=\"5ea1524aab91c\">\n<div class=\"fl-col fl-node-5ea1524aabd28\" data-node=\"5ea1524aabd28\">\n<div class=\"fl-col-content fl-node-content\">\n<div class=\"fl-module fl-module-rich-text fl-node-5ea1525722ea5\" data-node=\"5ea1525722ea5\" data-animation-delay=\"0.0\">\n<div class=\"fl-module-content fl-node-content\">\n<div class=\"fl-rich-text\">\n<p><b>(4) Lo\u1ea1i 4<\/b><br \/>\n<b><\/b>S\u1ed1 m\u00f4 h\u00ecnh: GJX01B-33-D<br \/>\nT\u00ean th\u01b0\u01a1ng hi\u1ec7u: Shuangyang<br \/>\nS\u1eed d\u1ee5ng: K\u1ebft n\u1ed1i cung c\u1ea5p \u0111i\u1ec7n v\u1edbi c\u00e1c thi\u1ebft b\u1ecb \u0111i\u1ec7n<br \/>\n<b>M\u00f4 t\u1ea3 &amp; t\u00ednh n\u0103ng<\/b><br \/>\n<b><\/b>1. C\u00f4ng su\u1ea5t \u0111a n\u0103ng: 3.680W<br \/>\n2.VOLTAGE: 250V AC<br \/>\n3. T\u1ea7n su\u1ea5t: 50Hz<br \/>\n4. Ti\u1ec1n: 16a<br \/>\n5.Water-proof:IP44<br \/>\n6.Poles: 3p+n+e<br \/>\n7. K\u00edch th\u01b0\u1edbc: 362.5x195x215mm<br \/>\n8.Match C\u00e1p nh\u01b0 sau: H05RN-F3G1.0,<br \/>\nH05RR-F3G1.0\/1.5,<br \/>\nH05RN-F3G1.0\/1.5<br \/>\n9. \u0110\u1ed9 d\u00e0i c\u1ee7a c\u00e1p c\u00f3 th\u1ec3 theo y\u00eau c\u1ea7u c\u1ee7a kh\u00e1ch h\u00e0ng. V\u00ed d\u1ee5: 10m, 25m, 50m.<br \/>\n10.Can theo kh\u00e1ch h\u00e0ng y\u00eau c\u1ea7u \u0111\u00f3ng g\u00f3i.<br \/>\n11. Kh\u1ea3 n\u0103ng cung c\u1ea5p: 500000 m\u00e9t\/m\u00e9t m\u1ed7i th\u00e1ng d\u00e2y m\u1edf r\u1ed9ng ch\u00e2u \u00c2u<br \/>\n<b>\u00a0<\/b><b>\u0110\u1eb7c \u0111i\u1ec3m k\u1ef9 thu\u1eadt<\/b><br \/>\nG\u00f3i: H\u1ed9p tr\u1eafng<br \/>\nCh\u1ee9ng nh\u1eadn: CE, ROHS, Reach, PAHS<br \/>\n<a class=\"fancybox\" href=\"https:\/\/www.soyanggroup.com\/uploads\/deac14ab.png\" target=\"_blank\" rel=\"noopener\"><img decoding=\"async\" src=\"https:\/\/www.soyanggroup.com\/uploads\/deac14ab.png\" alt=\"Ph\u00e2n ph\u1ed1i Box1468\" \/><\/a><img decoding=\"async\" src=\"https:\/\/www.soyanggroup.com\/uploads\/589df2ee.png\" alt=\"Ph\u00e2n ph\u1ed1i Box1507\" \/><\/p>\n<\/div>\n<\/div>\n<\/div>\n<\/div>\n<\/div>\n<div class=\"fl-col fl-node-5ea1524aabd80 fl-col-small\" data-node=\"5ea1524aabd80\">\n<div class=\"fl-col-content fl-node-content\">\n<div class=\"fl-module fl-module-rich-text fl-node-5ea152cf1c159\" data-node=\"5ea152cf1c159\" data-animation-delay=\"0.0\">\n<div class=\"fl-module-content fl-node-content\">\n<div class=\"fl-rich-text\">\n<p><a class=\"fancybox\" href=\"https:\/\/www.soyanggroup.com\/uploads\/23ba4296.png\" target=\"_blank\" rel=\"noopener\"><img decoding=\"async\" src=\"https:\/\/www.soyanggroup.com\/uploads\/23ba4296.png\" alt=\"Ph\u00e2n ph\u1ed1i Box3556\" \/><\/a><\/p>\n<\/div>\n<\/div>\n<\/div>\n<\/div>\n<\/div>\n<\/div>\n<div class=\"fl-col-group fl-node-5ea53407d9dd4\" data-node=\"5ea53407d9dd4\">\n<div class=\"fl-col fl-node-5ea53407da14a\" data-node=\"5ea53407da14a\">\n<div class=\"fl-col-content fl-node-content\">\n<div class=\"fl-module fl-module-rich-text fl-node-5ea53407d9ba2\" data-node=\"5ea53407d9ba2\" data-animation-delay=\"0.0\">\n<div class=\"fl-module-content fl-node-content\">\n<div class=\"fl-rich-text\">\n<h3><b>D\u00f2ng s\u1ea3n xu\u1ea5t:<\/b><b><\/b><\/h3>\n<\/div>\n<\/div>\n<\/div>\n<\/div>\n<\/div>\n<\/div>\n<div class=\"fl-col-group fl-node-5ea153048e3c7\" data-node=\"5ea153048e3c7\">\n<div class=\"fl-col fl-node-5ea153048e7b4 fl-col-small\" data-node=\"5ea153048e7b4\">\n<div class=\"fl-col-content fl-node-content\">\n<div class=\"fl-module fl-module-rich-text fl-node-5ea15335d577c\" data-node=\"5ea15335d577c\" data-animation-delay=\"0.0\">\n<div class=\"fl-module-content fl-node-content\">\n<div class=\"fl-rich-text\">\n<div data-node=\"5e9fbed61f05c\" data-animation-delay=\"0.0\">\n<div>\n<div>\n<p>T\u1eddi (c\u00e1p, cu\u1ed9n c\u00e1p)<\/p>\n<\/div>\n<\/div>\n<\/div>\n<div data-node=\"5e9fccd7af26e\" data-animation-delay=\"0.0\">\n<div>\n<div>\n<div><img decoding=\"async\" src=\"https:\/\/www.soyanggroup.com\/uploads\/60f9d174.png\" alt=\"ghgsssdf1\" \/><\/div>\n<\/div>\n<\/div>\n<\/div>\n<\/div>\n<\/div>\n<\/div>\n<\/div>\n<\/div>\n<div class=\"fl-col fl-node-5ea153048e80b fl-col-small\" data-node=\"5ea153048e80b\">\n<div class=\"fl-col-content fl-node-content\">\n<div class=\"fl-module fl-module-rich-text fl-node-5ea153408bd88\" data-node=\"5ea153408bd88\" data-animation-delay=\"0.0\">\n<div class=\"fl-module-content fl-node-content\">\n<div class=\"fl-rich-text\">\n<div data-node=\"5e9fbf1740fb0\" data-animation-delay=\"0.0\">\n<div>\n<div>\n<p>\u0110\u00f9n ra<\/p>\n<\/div>\n<\/div>\n<\/div>\n<div data-node=\"5e9fcd0852b28\" data-animation-delay=\"0.0\">\n<div>\n<div>\n<div><img decoding=\"async\" src=\"https:\/\/www.soyanggroup.com\/uploads\/24ee4d75.png\" alt=\"DFGSHGHG\" \/><\/div>\n<\/div>\n<\/div>\n<\/div>\n<\/div>\n<\/div>\n<\/div>\n<\/div>\n<\/div>\n<div class=\"fl-col fl-node-5ea153048e85b fl-col-small\" data-node=\"5ea153048e85b\">\n<div class=\"fl-col-content fl-node-content\">\n<div class=\"fl-module fl-module-rich-text fl-node-5ea1536154831\" data-node=\"5ea1536154831\" data-animation-delay=\"0.0\">\n<div class=\"fl-module-content fl-node-content\">\n<div class=\"fl-rich-text\">\n<div data-node=\"5e9fbf3f1e188\" data-animation-delay=\"0.0\">\n<div>\n<div>\n<p>Treo<\/p>\n<\/div>\n<\/div>\n<\/div>\n<div data-node=\"5e9fcd2e1e520\" data-animation-delay=\"0.0\">\n<div>\n<div>\n<div><img decoding=\"async\" src=\"https:\/\/www.soyanggroup.com\/uploads\/206e152b.png\" alt=\"adfdgagfddfgfh\" \/><\/div>\n<\/div>\n<\/div>\n<\/div>\n<\/div>\n<\/div>\n<\/div>\n<\/div>\n<\/div>\n<\/div>\n<div class=\"fl-col-group fl-node-5ea15309dcff4\" data-node=\"5ea15309dcff4\">\n<div class=\"fl-col fl-node-5ea15309dd3df fl-col-small\" data-node=\"5ea15309dd3df\">\n<div class=\"fl-col-content fl-node-content\">\n<div class=\"fl-module fl-module-rich-text fl-node-5ea153784f2d4\" data-node=\"5ea153784f2d4\" data-animation-delay=\"0.0\">\n<div class=\"fl-module-content fl-node-content\">\n<div class=\"fl-rich-text\">\n<div data-node=\"5e9fbf5d1cea7\" data-animation-delay=\"0.0\">\n<div>\n<div>\n<p>H\u1ea5p d\u1eabn<\/p>\n<\/div>\n<\/div>\n<\/div>\n<div data-node=\"5e9fcd50178d1\" data-animation-delay=\"0.0\">\n<div>\n<div>\n<div><img decoding=\"async\" src=\"https:\/\/www.soyanggroup.com\/uploads\/b1c754db.png\" alt=\"DSGFHGHGFH\" \/><\/div>\n<\/div>\n<\/div>\n<\/div>\n<\/div>\n<\/div>\n<\/div>\n<\/div>\n<\/div>\n<div class=\"fl-col fl-node-5ea15309dd435 fl-col-small\" data-node=\"5ea15309dd435\">\n<div class=\"fl-col-content fl-node-content\">\n<div class=\"fl-module fl-module-rich-text fl-node-5ea15389aaf31\" data-node=\"5ea15389aaf31\" data-animation-delay=\"0.0\">\n<div class=\"fl-module-content fl-node-content\">\n<div class=\"fl-rich-text\">\n<div data-node=\"5e9fbf5549745\" data-animation-delay=\"0.0\">\n<div>\n<div>\n<p>C\u1eafm m\u0169i<\/p>\n<\/div>\n<\/div>\n<\/div>\n<div data-node=\"5e9fcd69139bc\" data-animation-delay=\"0.0\">\n<div>\n<div>\n<div><img decoding=\"async\" src=\"https:\/\/www.soyanggroup.com\/uploads\/69323a26.png\" alt=\"AFDFSDFDS\" \/><\/div>\n<\/div>\n<\/div>\n<\/div>\n<\/div>\n<\/div>\n<\/div>\n<\/div>\n<\/div>\n<div class=\"fl-col fl-node-5ea15309dd482 fl-col-small\" data-node=\"5ea15309dd482\">\n<div class=\"fl-col-content fl-node-content\">\n<div class=\"fl-module fl-module-rich-text fl-node-5ea1539f6fdcd\" data-node=\"5ea1539f6fdcd\" data-animation-delay=\"0.0\">\n<div class=\"fl-module-content fl-node-content\">\n<div class=\"fl-rich-text\">\n<div data-node=\"5e9fbf5a19e43\" data-animation-delay=\"0.0\">\n<div>\n<div>\n<p>L\u1eafp r\u00e1p<\/p>\n<\/div>\n<\/div>\n<\/div>\n<div data-node=\"5e9fcd7a14001\" data-animation-delay=\"0.0\">\n<div>\n<div>\n<div><img decoding=\"async\" src=\"https:\/\/www.soyanggroup.com\/uploads\/f0374276.png\" alt=\"dgdfgdfh\" \/><\/div>\n<\/div>\n<\/div>\n<\/div>\n<\/div>\n<\/div>\n<\/div>\n<\/div>\n<\/div>\n<\/div>\n<div class=\"fl-col-group fl-node-5ea1530df0ad5\" data-node=\"5ea1530df0ad5\">\n<div class=\"fl-col fl-node-5ea1530df0ecb fl-col-small\" data-node=\"5ea1530df0ecb\">\n<div class=\"fl-col-content fl-node-content\">\n<div class=\"fl-module fl-module-rich-text fl-node-5ea153b349553\" data-node=\"5ea153b349553\" data-animation-delay=\"0.0\">\n<div class=\"fl-module-content fl-node-content\">\n<div class=\"fl-rich-text\">\n<div data-node=\"5e9fbf5b91d70\" data-animation-delay=\"0.0\">\n<div>\n<div>\n<p>Ki\u1ec3m tra<\/p>\n<\/div>\n<\/div>\n<\/div>\n<div data-node=\"5e9fcd9359f7b\" data-animation-delay=\"0.0\">\n<div>\n<div>\n<div><img decoding=\"async\" src=\"https:\/\/www.soyanggroup.com\/uploads\/fb597fa3.png\" alt=\"ADFAGFG\" \/><\/div>\n<\/div>\n<\/div>\n<\/div>\n<\/div>\n<\/div>\n<\/div>\n<\/div>\n<\/div>\n<div class=\"fl-col fl-node-5ea1530df0f22 fl-col-small\" data-node=\"5ea1530df0f22\">\n<div class=\"fl-col-content fl-node-content\">\n<div class=\"fl-module fl-module-rich-text fl-node-5ea153ca7ad93\" data-node=\"5ea153ca7ad93\" data-animation-delay=\"0.0\">\n<div class=\"fl-module-content fl-node-content\">\n<div class=\"fl-rich-text\">\n<div data-node=\"5e9fbf588c875\" data-animation-delay=\"0.0\">\n<div>\n<div>\n<p>Bao b\u00ec<\/p>\n<\/div>\n<\/div>\n<\/div>\n<div data-node=\"5e9fcda981a7a\" data-animation-delay=\"0.0\">\n<div>\n<div>\n<div><img decoding=\"async\" src=\"https:\/\/www.soyanggroup.com\/uploads\/b0d9a9c0.png\" alt=\"fdgdfgfdhgf\" \/><\/div>\n<\/div>\n<\/div>\n<\/div>\n<\/div>\n<\/div>\n<\/div>\n<\/div>\n<\/div>\n<div class=\"fl-col fl-node-5ea1530df0f72 fl-col-small\" data-node=\"5ea1530df0f72\">\n<div class=\"fl-col-content fl-node-content\">\n<div class=\"fl-module fl-module-rich-text fl-node-5ea153dceeab3\" data-node=\"5ea153dceeab3\" data-animation-delay=\"0.0\">\n<div class=\"fl-module-content fl-node-content\">\n<div class=\"fl-rich-text\">\n<div data-node=\"5e9fbf571ae6e\" data-animation-delay=\"0.0\">\n<div>\n<div>\n<p>Kho<\/p>\n<\/div>\n<\/div>\n<\/div>\n<div data-node=\"5e9fcdba739ab\" data-animation-delay=\"0.0\">\n<div>\n<div>\n<div><img decoding=\"async\" src=\"https:\/\/www.soyanggroup.com\/uploads\/2497ad44.png\" alt=\"ADFAGDFSD\" \/><\/div>\n<\/div>\n<\/div>\n<\/div>\n<\/div>\n<\/div>\n<\/div>\n<\/div>\n<\/div>\n<\/div>\n<div class=\"fl-col-group fl-node-5ea153132afbe\" data-node=\"5ea153132afbe\">\n<div class=\"fl-col fl-node-5ea153132b428\" data-node=\"5ea153132b428\">\n<div class=\"fl-col-content fl-node-content\">\n<div class=\"fl-module fl-module-rich-text fl-node-5ea153132ad76\" data-node=\"5ea153132ad76\" data-animation-delay=\"0.0\">\n<div class=\"fl-module-content fl-node-content\">\n<div class=\"fl-rich-text\">\n<p><strong>L\u1ee3i th\u1ebf<\/strong><\/p>\n<p>\u25cf B\u1ed9 ph\u1eadn t\u00ean th\u01b0\u01a1ng hi\u1ec7u<br \/>\n\u25cf \u0110\u1ea5t n\u01b0\u1edbc xu\u1ea5t x\u1ee9<br \/>\n\u25cf Ph\u00e2n ph\u1ed1i \u0111\u01b0\u1ee3c cung c\u1ea5p<br \/>\n\u25cf Nh\u00e2n vi\u00ean c\u00f3 kinh nghi\u1ec7m<br \/>\n\u25cf T\u1ea1o th\u00e0nh a<br \/>\n\u25cf S\u1ea3n ph\u1ea9m xanh<br \/>\n\u25cf \u0110\u1ea3m b\u1ea3o\/b\u1ea3o h\u00e0nh<br \/>\n\u25cf Ph\u00ea duy\u1ec7t qu\u1ed1c t\u1ebf<br \/>\n\u25cf Bao b\u00ec<br \/>\n\u25cf Gi\u00e1<br \/>\n\u25cf T\u00ednh n\u0103ng s\u1ea3n ph\u1ea9m<br \/>\n\u25cf Hi\u1ec7u su\u1ea5t s\u1ea3n ph\u1ea9m<br \/>\n\u25cf Giao h\u00e0ng nhanh ch\u00f3ng<br \/>\n\u25cf Ph\u00ea duy\u1ec7t ch\u1ea5t l\u01b0\u1ee3ng<br \/>\n\u25cf Danh ti\u1ebfng<br \/>\n\u25cf D\u1ecbch v\u1ee5<br \/>\n\u25cf \u0110\u01a1n \u0111\u1eb7t h\u00e0ng nh\u1ecf \u0111\u01b0\u1ee3c ch\u1ea5p nh\u1eadn<br \/>\n\u25cf D\u1ecbch v\u1ee5 OEM v\u00e0 ODM \u0111\u01b0\u1ee3c cung c\u1ea5p<br \/>\n\u25cf Ch\u1ea5t l\u01b0\u1ee3ng cao<\/p>\n<p><b>Bao b\u00ec &amp; Thanh to\u00e1n &amp; Shippment<\/b><br \/>\n<b>Chi ti\u1ebft \u0111\u00f3ng g\u00f3i: T\u00fai PP c\u00f3 nh\u00e3n<br \/>\n<\/b><b>Ph\u01b0\u01a1ng th\u1ee9c thanh to\u00e1n: T\u0103ng d\u1ea7n TT, T\/T, L\/C<br \/>\n<\/b><b>Giao h\u00e0ng: 30-45 ng\u00e0y sau khi nh\u1eadn \u0111\u01b0\u1ee3c Deposite<br \/>\n<\/b><b>C\u1ea3ng: Ningbo ho\u1eb7c Th\u01b0\u1ee3ng H\u1ea3i<\/b><\/p>\n<p><strong>H\u1ed3 s\u01a1 c\u00f4ng ty:<\/strong><br \/>\n1. Lo\u1ea1i kinh doanh: Nh\u00e0 s\u1ea3n xu\u1ea5t, c\u00f4ng ty th\u01b0\u01a1ng m\u1ea1i<br \/>\n2. S\u1ea3n ph\u1ea9m: \u1ed4 c\u1eafm h\u1eb9n gi\u1edd, c\u00e1p, cu\u1ed9n c\u00e1p, \u00e1nh s\u00e1ng<br \/>\n3. T\u1ed5ng s\u1ed1 nh\u00e2n vi\u00ean: 501 - 1000 ng\u01b0\u1eddi<br \/>\n4. Th\u00e0nh l\u1eadp: 1994<br \/>\n5. Ch\u1ee9ng nh\u1eadn h\u1ec7 th\u1ed1ng qu\u1ea3n l\u00fd: ISO9001, ISO14001, OHSAS18001<br \/>\n6. Qu\u1ed1c gia \/ khu v\u1ef1c: Chi\u1ebft Giang, Trung Qu\u1ed1c<br \/>\n7. S\u1ef1 s\u1edf h\u1eefu: Ch\u1ee7 s\u1edf h\u1eefu t\u01b0 nh\u00e2n<br \/>\n8. Th\u1ecb tr\u01b0\u1eddng ch\u00ednh:<\/p>\n<p>\u0110\u00f4ng \u00c2u 39.00%<br \/>\nB\u1eafc \u00c2u 30.00%<br \/>\nT\u00e2y \u00c2u 16.00%<br \/>\nTh\u1ecb tr\u01b0\u1eddng trong n\u01b0\u1edbc: 7%<br \/>\nMid East: 5%<br \/>\nNam M\u1ef9: 3%<\/p>\n<p><strong>C\u00e2u h\u1ecfi th\u01b0\u1eddng g\u1eb7p:<\/strong><br \/>\n1. C\u00f3 th\u1ec3 s\u1ea3n ph\u1ea9m c\u1ee7a b\u1ea1n in logo c\u1ee7a kh\u00e1ch kh\u00f4ng?<br \/>\nC\u00f3, kh\u00e1ch cung c\u1ea5p logo, ch\u00fang t\u00f4i c\u00f3 th\u1ec3 in tr\u00ean s\u1ea3n ph\u1ea9m.<br \/>\n2. B\u1ea1n \u0111\u00e3 v\u01b0\u1ee3t qua ki\u1ec3m to\u00e1n tr\u00e1ch nhi\u1ec7m x\u00e3 h\u1ed9i n\u00e0o?<br \/>\nV\u00e2ng, ch\u00fang t\u00f4i c\u00f3 BSCI, Sedex.<br \/>\n3. Gi\u00e1 c\u1ee7a b\u1ea1n l\u00e0 bao nhi\u00eau?<br \/>\nGi\u00e1 c\u1ee7a ch\u00fang t\u00f4i c\u00f3 th\u1ec3 thay \u0111\u1ed5i t\u00f9y thu\u1ed9c v\u00e0o ngu\u1ed3n cung v\u00e0 c\u00e1c y\u1ebfu t\u1ed1 th\u1ecb tr\u01b0\u1eddng kh\u00e1c. Ch\u00fang t\u00f4i s\u1ebd g\u1eedi cho b\u1ea1n v\u00e0 c\u1eadp nh\u1eadt b\u1ea3ng gi\u00e1 sau khi Conmany c\u1ee7a b\u1ea1n li\u00ean h\u1ec7 v\u1edbi ch\u00fang t\u00f4i \u0111\u1ec3 bi\u1ebft th\u00eam th\u00f4ng tin.<\/p>\n<\/div>\n<\/div>\n<\/div>\n<\/div>\n<\/div>\n<\/div>","protected":false},"excerpt":{"rendered":"<p>H\u1ed9p ph\u00e2n ph\u1ed1i IP44<\/p>\n<p>Nhi\u1ec1u lo\u1ea1i c\u00f4ng su\u1ea5t t\u00f9y ch\u1ec9nh<\/p>\n<p>\u0110\u1ed9 d\u00e0i c\u1ee7a c\u00e1p c\u00f3 th\u1ec3 theo y\u00eau c\u1ea7u c\u1ee7a kh\u00e1ch h\u00e0ng.<\/p>\n<p>V\u00ed d\u1ee5: 10m, 25m, 50m.<\/p>","protected":false},"featured_media":302,"template":"","meta":[],"product_cat":[28],"product_tag":[],"class_list":{"0":"post-301","1":"product","2":"type-product","3":"status-publish","4":"has-post-thumbnail","6":"product_cat-distribution-box","8":"first","9":"instock","10":"shipping-taxable","11":"product-type-simple"},"_links":{"self":[{"href":"https:\/\/www.soyang-group.com\/vi\/wp-json\/wp\/v2\/product\/301","targetHints":{"allow":["GET"]}}],"collection":[{"href":"https:\/\/www.soyang-group.com\/vi\/wp-json\/wp\/v2\/product"}],"about":[{"href":"https:\/\/www.soyang-group.com\/vi\/wp-json\/wp\/v2\/types\/product"}],"version-history":[{"count":0,"href":"https:\/\/www.soyang-group.com\/vi\/wp-json\/wp\/v2\/product\/301\/revisions"}],"wp:featuredmedia":[{"embeddable":true,"href":"https:\/\/www.soyang-group.com\/vi\/wp-json\/wp\/v2\/media\/302"}],"wp:attachment":[{"href":"https:\/\/www.soyang-group.com\/vi\/wp-json\/wp\/v2\/media?parent=301"}],"wp:term":[{"taxonomy":"product_cat","embeddable":true,"href":"https:\/\/www.soyang-group.com\/vi\/wp-json\/wp\/v2\/product_cat?post=301"},{"taxonomy":"product_tag","embeddable":true,"href":"https:\/\/www.soyang-group.com\/vi\/wp-json\/wp\/v2\/product_tag?post=301"}],"curies":[{"name":"wp","href":"https:\/\/api.w.org\/{rel}","templated":true}]}}