{"id":303,"date":"2024-12-12T13:52:00","date_gmt":"2024-12-12T05:52:00","guid":{"rendered":"https:\/\/shuangy.gg12.globaldeepsea.site\/?post_type=product&#038;p=303"},"modified":"2024-12-12T13:52:00","modified_gmt":"2024-12-12T05:52:00","slug":"3ways-extension-sockets","status":"publish","type":"product","link":"https:\/\/www.soyang-group.com\/vi\/san-pham\/3ways-extension-sockets\/","title":{"rendered":"C\u00f4ng c\u1ee5 m\u1edf r\u1ed9ng 3ways"},"content":{"rendered":"<p><strong>T\u1ed5ng quan<\/strong><\/p>\n<p><strong>Chi ti\u1ebft nhanh ch\u00f3ng<\/strong><br \/>\nN\u01a1i xu\u1ea5t x\u1ee9: Chi\u1ebft Giang, Trung Qu\u1ed1c<br \/>\nT\u00ean th\u01b0\u01a1ng hi\u1ec7u: Shuangyang<br \/>\nS\u1ed1 m\u00f4 h\u00ecnh: TXB-3-D<br \/>\nLo\u1ea1i: \u1ed4 c\u1eafm m\u1edf r\u1ed9ng<br \/>\nCh\u1ee9ng ch\u1ec9: S NF GS CE<\/p>\n<p><strong>Kh\u1ea3 n\u0103ng cung c\u1ea5p<\/strong><br \/>\nKh\u1ea3 n\u0103ng cung c\u1ea5p: 9000000 m\u00e9t\/m\u00e9t m\u1ed7i th\u00e1ng d\u00e2y m\u1edf r\u1ed9ng ch\u00e2u \u00c2u<\/p>\n<p><strong>Bao b\u00ec &amp; giao h\u00e0ng<\/strong><br \/>\nChi ti\u1ebft bao b\u00ec: T\u00fai PE c\u00f3 nh\u00e3n<br \/>\nC\u1ed5ng: Ningbo<br \/>\nTh\u1eddi gian d\u1eabn \u0111\u1ea7u: 25 ng\u00e0y sau khi nh\u1eadn \u0111\u01b0\u1ee3c Deposite<br \/>\nD\u00e2y m\u1edf r\u1ed9ng \u0110\u1ee9c<\/p>\n<p>&nbsp;<\/p>\n<p><strong>M\u00f4 t\u1ea3 chi ti\u1ebft v\u1ec1 s\u1ea3n ph\u1ea9m<\/strong><\/p>\n<p><strong>\u1ed4 c\u1eafm m\u1edf r\u1ed9ng d\u00e2n c\u01b0<\/strong><br \/>\nS\u1ed1 m\u00f4 h\u00ecnh: TXB-3-D<br \/>\nT\u00ean th\u01b0\u01a1ng hi\u1ec7u: Shuangyang<br \/>\nGrounding: Grounding ti\u00eau chu\u1ea9n<\/p>\n<p><strong>M\u00f4 t\u1ea3 &amp; t\u00ednh n\u0103ng<\/strong><br \/>\n1.Voltage: 250V AC<br \/>\n2. X\u1ebfp h\u1ea1ng hi\u1ec7n t\u1ea1i: 16a<br \/>\n3. Kh\u00f4ng th\u1ea5m n\u01b0\u1edbc: IP44<br \/>\n4. V\u1edbi kh\u00f3a an to\u00e0n cho tr\u1ebb em<br \/>\n5.Color: \u0110en<br \/>\n6.Match C\u00e1p nh\u01b0 sau: H05RN-F 3G1.0<br \/>\nH05RR-F 3G1.5<br \/>\nH07RN-F 3G1.0\/1.5\/2.5<br \/>\n7. \u0110\u1ed9 d\u00e0i c\u1ee7a c\u00e1p c\u00f3 th\u1ec3 theo y\u00eau c\u1ea7u c\u1ee7a kh\u00e1ch h\u00e0ng. V\u00ed d\u1ee5: 10m, 25m, 50m.<br \/>\n8. c\u00f3 th\u1ec3 theo y\u00eau c\u1ea7u c\u1ee7a kh\u00e1ch h\u00e0ng.<br \/>\n9. Kh\u1ea3 n\u0103ng cung c\u1ea5p: 5000000 m\u1ea3nh\/mi\u1ebfng m\u1ed7i th\u00e1ng h\u1eb9n gi\u1edd<br \/>\n10. Kh\u1ea3 n\u0103ng c\u00f3 s\u1eb5n cho m\u1ed9t thi\u1ebft k\u1ebf kh\u00e1c: Phi\u00ean b\u1ea3n Ph\u00e1p, Phi\u00ean b\u1ea3n \u0110\u1ee9c<\/p>\n<p><img decoding=\"async\" src=\"https:\/\/www.soyanggroup.com\/uploads\/dc719d6c.png\" alt=\"\" \/><img decoding=\"async\" src=\"https:\/\/www.soyanggroup.com\/uploads\/d4047062.png\" alt=\"\" \/><\/p>\n<p><strong>\u0110\u1eb7c \u0111i\u1ec3m k\u1ef9 thu\u1eadt<\/strong><br \/>\nG\u00f3i: T\u00fai PP c\u00f3 th\u1ebb<br \/>\nCh\u1ee9ng nh\u1eadn: S, GS, CE, Rohs, Reach, PAHS<\/p>\n<p><img decoding=\"async\" src=\"https:\/\/www.soyanggroup.com\/uploads\/38a0b92314.jpg\" alt=\"\" \/><\/p>\n<p>&nbsp;<\/p>\n<p><strong>Th\u00f4ng tin c\u00f4ng ty<\/strong><\/p>\n<p>Zhejiang Shuangyang Group Co.ltd. \u0111\u01b0\u1ee3c th\u00e0nh l\u1eadp v\u00e0o n\u0103m 1986, l\u00e0 m\u1ed9t doanh nghi\u1ec7p thu\u1ed9c s\u1edf h\u1eefu t\u01b0 nh\u00e2n, m\u1ed9t trong nh\u1eefng ng\u00f4i sao doanh nghi\u1ec7p c\u1ee7a Ningbo City v\u00e0o n\u0103m 1998, v\u00e0 \u0111\u01b0\u1ee3c ph\u00ea duy\u1ec7t b\u1edfi ISO9001\/14000\/18000. Ch\u00fang t\u00f4i \u1edf Cixi, Ningbo City, ch\u1ec9 c\u00e1ch C\u1ea3ng Ningbo v\u00e0 s\u00e2n bay, v\u00e0 hai gi\u1edd \u0111\u1ebfn Th\u01b0\u1ee3ng H\u1ea3i.<\/p>\n<p><img decoding=\"async\" src=\"https:\/\/sc01.alicdn.com\/kf\/He5ba632c74e44a68a587403dde671c5eH\/1942321\/He5ba632c74e44a68a587403dde671c5eH.png_.webp\" alt=\"\" \/><br \/>\nCho \u0111\u1ebfn b\u00e2y gi\u1edd, v\u1ed1n \u0111\u00e3 \u0111\u0103ng k\u00fd l\u00e0 h\u01a1n 16 tri\u1ec7u USD. Di\u1ec7n t\u00edch s\u00e0n c\u1ee7a ch\u00fang t\u00f4i l\u00e0 kho\u1ea3ng 120.000 m2 v\u00e0 di\u1ec7n t\u00edch x\u00e2y d\u1ef1ng l\u00e0 kho\u1ea3ng 85.000 m2. Trong n\u0103m 2018, t\u1ed5ng s\u1ed1 l\u1ea7n chuy\u1ec3n c\u1ee7a ch\u00fang t\u00f4i l\u00e0 80 tri\u1ec7u USD. Ch\u00fang t\u00f4i c\u00f3 m\u01b0\u1eddi ng\u01b0\u1eddi R &amp; D v\u00e0 h\u01a1n 100 QC \u0111\u1ec3 \u0111\u1ea3m b\u1ea3o ch\u1ea5t l\u01b0\u1ee3ng, m\u1ed7i n\u0103m, ch\u00fang t\u00f4i thi\u1ebft k\u1ebf v\u00e0 ph\u00e1t tri\u1ec3n h\u01a1n m\u01b0\u1eddi s\u1ea3n ph\u1ea9m m\u1edbi ho\u1ea1t \u0111\u1ed9ng nh\u01b0 m\u1ed9t nh\u00e0 s\u1ea3n xu\u1ea5t ch\u00ednh.<\/p>\n<p>C\u00e1c s\u1ea3n ph\u1ea9m ch\u00ednh c\u1ee7a ch\u00fang t\u00f4i l\u00e0 b\u1ed9 h\u1eb9n gi\u1edd, \u1ed5 c\u1eafm, c\u00e1p linh ho\u1ea1t, d\u00e2y \u0111i\u1ec7n, ph\u00edch c\u1eafm, \u1ed5 c\u1eafm m\u1edf r\u1ed9ng, cu\u1ed9n c\u00e1p v\u00e0 \u0111\u00e8n. Ch\u00fang t\u00f4i c\u00f3 th\u1ec3 cung c\u1ea5p nhi\u1ec1u lo\u1ea1i h\u1eb9n gi\u1edd nh\u01b0 b\u1ed9 h\u1eb9n gi\u1edd h\u00e0ng ng\u00e0y, b\u1ed9 h\u1eb9n gi\u1edd c\u01a1 h\u1ecdc v\u00e0 k\u1ef9 thu\u1eadt s\u1ed1, \u0111\u1ebfm ng\u01b0\u1ee3c b\u1ed9 h\u1eb9n gi\u1edd, h\u1eb9n gi\u1edd c\u00f4ng nghi\u1ec7p v\u1edbi t\u1ea5t c\u1ea3 c\u00e1c lo\u1ea1i \u1ed5 c\u1eafm. Th\u1ecb tr\u01b0\u1eddng m\u1ee5c ti\u00eau c\u1ee7a ch\u00fang t\u00f4i l\u00e0 th\u1ecb tr\u01b0\u1eddng ch\u00e2u \u00c2u v\u00e0 th\u1ecb tr\u01b0\u1eddng M\u1ef9. C\u00e1c s\u1ea3n ph\u1ea9m c\u1ee7a ch\u00fang t\u00f4i \u0111\u01b0\u1ee3c ph\u00ea duy\u1ec7t b\u1edfi CE, GS, D, N, S, NF, ETL, VDE, ROHS, Reach, PAHs, v.v.<\/p>\n<p>Ch\u00fang t\u00f4i c\u00f3 m\u1ed9t danh ti\u1ebfng t\u1ed1t trong s\u1ed1 c\u00e1c kh\u00e1ch h\u00e0ng c\u1ee7a ch\u00fang t\u00f4i. Ch\u00fang t\u00f4i lu\u00f4n t\u1eadp trung v\u00e0o vi\u1ec7c b\u1ea3o v\u1ec7 m\u00f4i tr\u01b0\u1eddng v\u00e0 s\u1ef1 an to\u00e0n c\u1ee7a con ng\u01b0\u1eddi. C\u1ea3i thi\u1ec7n ch\u1ea5t l\u01b0\u1ee3ng cu\u1ed9c s\u1ed1ng l\u00e0 m\u1ee5c \u0111\u00edch cu\u1ed1i c\u00f9ng c\u1ee7a ch\u00fang t\u00f4i.<\/p>\n<p>D\u00e2y \u0111i\u1ec7n, d\u00e2y m\u1edf r\u1ed9ng v\u00e0 cu\u1ed9n c\u00e1p l\u00e0 ho\u1ea1t \u0111\u1ed9ng kinh doanh ch\u00ednh c\u1ee7a ch\u00fang t\u00f4i, ch\u00fang t\u00f4i l\u00e0 nh\u00e0 s\u1ea3n xu\u1ea5t ch\u00ednh c\u1ee7a c\u00e1c \u0111\u01a1n \u0111\u1eb7t h\u00e0ng khuy\u1ebfn m\u00e3i t\u1eeb th\u1ecb tr\u01b0\u1eddng ch\u00e2u \u00c2u h\u00e0ng n\u0103m. Ch\u00fang t\u00f4i l\u00e0 nh\u00e0 s\u1ea3n xu\u1ea5t h\u00e0ng \u0111\u1ea7u h\u1ee3p t\u00e1c v\u1edbi d\u1ecbch v\u1ee5 VDE Global \u1edf \u0110\u1ee9c \u0111\u1ec3 b\u1ea3o v\u1ec7 nh\u00e3n hi\u1ec7u.<\/p>\n<p>\u0110\u01b0\u1ee3c ch\u00e0o \u0111\u00f3n n\u1ed3ng nhi\u1ec7t \u0111\u1ec3 h\u1ee3p t\u00e1c v\u1edbi t\u1ea5t c\u1ea3 c\u00e1c kh\u00e1ch h\u00e0ng v\u00ec l\u1ee3i \u00edch chung v\u00e0 t\u01b0\u01a1ng lai t\u01b0\u01a1i s\u00e1ng.<\/p>\n<p>&nbsp;<\/p>\n<p><strong>C\u00e2u h\u1ecfi th\u01b0\u1eddng g\u1eb7p<\/strong><\/p>\n<p>Q1. L\u00e0m th\u1ebf n\u00e0o v\u1ec1 th\u1eddi gian b\u1ea3o h\u00e0nh v\u00e0 c\u00e1c s\u1ea3n ph\u1ea9m b\u1ea3o h\u00e0nh?<\/p>\n<p>Tr\u1ea3 l\u1eddi: H\u1ea7u h\u1ebft c\u00e1c s\u1ea3n ph\u1ea9m l\u00e0 2 n\u0103m, c\u1eaft d\u00e2y v\u00e0 ch\u1ee5p m\u1ed9t s\u1ed1 h\u00ecnh \u1ea3nh.<\/p>\n<p>&nbsp;<\/p>\n<p>Q2. \u0110i\u1ec1u kho\u1ea3n thanh to\u00e1n c\u1ee7a b\u1ea1n l\u00e0 g\u00ec?<\/p>\n<p>A: T\/T, L\/C.<\/p>\n<p>&nbsp;<\/p>\n<p>Q3. B\u1ea1n c\u00f3 ki\u1ec3m tra t\u1ea5t c\u1ea3 c\u00e1c s\u1ea3n ph\u1ea9m tr\u01b0\u1edbc khi giao h\u00e0ng?<\/p>\n<p>Tr\u1ea3 l\u1eddi: C\u00f3, ch\u00fang t\u00f4i ki\u1ec3m tra 100% s\u1ea3n ph\u1ea9m tr\u01b0\u1edbc khi giao h\u00e0ng, gi\u1eef cho c\u00e1c s\u1ea3n ph\u1ea9m 100% ho\u1ea1t \u0111\u1ed9ng b\u00ecnh th\u01b0\u1eddng.<\/p>\n<p>&nbsp;<\/p>\n<p>Q4. B\u1ea1n \u0111\u00e3 v\u01b0\u1ee3t qua ki\u1ec3m to\u00e1n tr\u00e1ch nhi\u1ec7m x\u00e3 h\u1ed9i n\u00e0o?<\/p>\n<p>A: V\u00e2ng, ch\u00fang t\u00f4i c\u00f3 BSCI, Sedex.<\/p>","protected":false},"excerpt":{"rendered":"<p>1.wires: H05RN-F 3G1.0, H05RR-F 3G1.0\/1.5, H07RN-F 3G1.0\/1.5.<br \/>\n2. \u0110\u1ed9 d\u00e0i c\u1ee7a c\u00e1p c\u00f3 th\u1ec3 theo y\u00eau c\u1ea7u c\u1ee7a kh\u00e1ch h\u00e0ng. V\u00ed d\u1ee5: 1m, 3m, 10m.<br \/>\n3. c\u00f3 th\u1ec3 theo y\u00eau c\u1ea7u c\u1ee7a kh\u00e1ch h\u00e0ng<\/p>\n<p>Th\u1eddi gian d\u1eabn \u0111\u1ea7u :<br \/>\nS\u1ed1 l\u01b0\u1ee3ng (m\u1ea3nh) 1 - 10000&gt; 10000<br \/>\nEst. Th\u1eddi gian (ng\u00e0y) 60 s\u1ebd \u0111\u01b0\u1ee3c \u0111\u00e0m ph\u00e1n<\/p>","protected":false},"featured_media":304,"template":"","meta":[],"product_cat":[29],"product_tag":[],"class_list":{"0":"post-303","1":"product","2":"type-product","3":"status-publish","4":"has-post-thumbnail","6":"product_cat-extension-sockets","8":"first","9":"instock","10":"shipping-taxable","11":"product-type-simple"},"_links":{"self":[{"href":"https:\/\/www.soyang-group.com\/vi\/wp-json\/wp\/v2\/product\/303","targetHints":{"allow":["GET"]}}],"collection":[{"href":"https:\/\/www.soyang-group.com\/vi\/wp-json\/wp\/v2\/product"}],"about":[{"href":"https:\/\/www.soyang-group.com\/vi\/wp-json\/wp\/v2\/types\/product"}],"version-history":[{"count":0,"href":"https:\/\/www.soyang-group.com\/vi\/wp-json\/wp\/v2\/product\/303\/revisions"}],"wp:featuredmedia":[{"embeddable":true,"href":"https:\/\/www.soyang-group.com\/vi\/wp-json\/wp\/v2\/media\/304"}],"wp:attachment":[{"href":"https:\/\/www.soyang-group.com\/vi\/wp-json\/wp\/v2\/media?parent=303"}],"wp:term":[{"taxonomy":"product_cat","embeddable":true,"href":"https:\/\/www.soyang-group.com\/vi\/wp-json\/wp\/v2\/product_cat?post=303"},{"taxonomy":"product_tag","embeddable":true,"href":"https:\/\/www.soyang-group.com\/vi\/wp-json\/wp\/v2\/product_tag?post=303"}],"curies":[{"name":"wp","href":"https:\/\/api.w.org\/{rel}","templated":true}]}}