{"id":305,"date":"2024-12-12T13:53:58","date_gmt":"2024-12-12T05:53:58","guid":{"rendered":"https:\/\/shuangy.gg12.globaldeepsea.site\/?post_type=product&#038;p=305"},"modified":"2024-12-12T13:53:58","modified_gmt":"2024-12-12T05:53:58","slug":"ip44-garden-sockets","status":"publish","type":"product","link":"https:\/\/www.soyang-group.com\/vi\/san-pham\/ip44-garden-sockets\/","title":{"rendered":"\u1ed4 c\u1eafm v\u01b0\u1eddn IP44"},"content":{"rendered":"<p><strong>1) Th\u00f4ng tin c\u01a1 b\u1ea3n<\/strong><br \/>\nM\u00f4 h\u00ecnh s\u1ed1: \u1ed4 c\u1eafm v\u01b0\u1eddn<br \/>\nT\u00ean th\u01b0\u01a1ng hi\u1ec7u: Shuangyang<br \/>\nV\u1eadt li\u1ec7u: Cao su &amp; \u0110\u1ed3ng<br \/>\nS\u1eed d\u1ee5ng: K\u1ebft n\u1ed1i cung c\u1ea5p \u0111i\u1ec7n v\u1edbi c\u00e1c thi\u1ebft b\u1ecb \u0111i\u1ec7n<br \/>\nWarly: 1 n\u0103m<br \/>\nGi\u1ea5y ch\u1ee9ng nh\u1eadn: CE, GS, S, Rohs, Reach, PAHS<\/p>\n<p>&nbsp;<\/p>\n<p><strong>(2) Chi ti\u1ebft s\u1ea3n ph\u1ea9m:<\/strong><br \/>\n\u1ed4 c\u1eafm v\u01b0\u1eddn IP44<br \/>\nS\u1ed1 m\u00f4 h\u00ecnh: SYH05-D<br \/>\n\u1ed4 c\u1eafm 2 chi\u1ec1u v\u1edbi b\u1ed9 \u0111\u1ebfm th\u1eddi gian 24 gi\u1edd \u1edf m\u1eb7t sau<br \/>\nT\u00ean th\u01b0\u01a1ng hi\u1ec7u: Shuangyang<br \/>\nS\u1eed d\u1ee5ng: K\u1ebft n\u1ed1i cung c\u1ea5p \u0111i\u1ec7n v\u1edbi c\u00e1c thi\u1ebft b\u1ecb \u0111i\u1ec7n<br \/>\nPhi\u00ean b\u1ea3n \u0110\u1ee9c<\/p>\n<p><strong>M\u00f4 t\u1ea3 &amp; t\u00ednh n\u0103ng<\/strong><br \/>\n1. C\u00f4ng su\u1ea5t \u0111a n\u0103ng: 3.680W<br \/>\n2.VOLTAGE: 250V AC<br \/>\n3. T\u1ea7n su\u1ea5t: 50Hz<br \/>\n4. Ti\u1ec1n: 16a<br \/>\n5.Water-proof:IP44<br \/>\n6.color:black<br \/>\n7.Match C\u00e1p nh\u01b0 sau: H05RR-F 3G1.5<br \/>\nH07RN-F 3G1,5\/2.5<br \/>\n8. \u0110\u1ed9 d\u00e0i c\u1ee7a c\u00e1p c\u00f3 th\u1ec3 theo y\u00eau c\u1ea7u c\u1ee7a kh\u00e1ch h\u00e0ng. V\u00ed d\u1ee5: 10m, 25m, 50m.<br \/>\n9. c\u00f3 th\u1ec3 theo y\u00eau c\u1ea7u c\u1ee7a kh\u00e1ch h\u00e0ng.<br \/>\n10. Kh\u1ea3 n\u0103ng cung c\u1ea5p: 9000000 m\u00e9t\/m\u00e9t m\u1ed7i th\u00e1ng d\u00e2y m\u1edf r\u1ed9ng ch\u00e2u \u00c2u<br \/>\n11.<\/p>\n<p><img decoding=\"async\" src=\"https:\/\/www.soyanggroup.com\/uploads\/6f376e2b.png\" alt=\"\" \/><img decoding=\"async\" src=\"https:\/\/www.soyanggroup.com\/uploads\/f9847a52.png\" alt=\"\" \/><img decoding=\"async\" src=\"https:\/\/www.soyanggroup.com\/uploads\/38ebe9c8.png\" alt=\"\" \/><\/p>\n<p><strong>\u0110\u1eb7c \u0111i\u1ec3m k\u1ef9 thu\u1eadt<\/strong><br \/>\nG\u00f3i: H\u1ed9p tr\u1eafng<br \/>\nCh\u1ee9ng nh\u1eadn: S, GS, CE, Rohs, Reach, PAHS<\/p>\n<p><img decoding=\"async\" src=\"https:\/\/www.soyanggroup.com\/uploads\/fa9c9669.png\" alt=\"\" \/><br \/>\n<strong>\u0110i\u1ec3m b\u00e1n h\u00e0ng<\/strong><br \/>\n1. Ch\u1ea5t l\u01b0\u1ee3ng cao<br \/>\n2. Gi\u00e1 c\u00f3 th\u1ec3 th\u1ef1c hi\u1ec7n \u0111\u01b0\u1ee3c<br \/>\n3. \u0110a s\u1ea3n ph\u1ea9m \u0111a d\u1ea1ng<br \/>\n4. Thi\u1ebft k\u1ebf h\u1ea5p d\u1eabn<br \/>\n5. C\u00f4ng ngh\u1ec7 th\u00e2n thi\u1ec7n v\u1edbi m\u00f4i tr\u01b0\u1eddng<br \/>\n6.OEM v\u00e0 d\u1ecbch v\u1ee5 ODM \u0111\u01b0\u1ee3c cung c\u1ea5p<\/p>\n<p>&nbsp;<\/p>\n<p><strong>Xem<\/strong><br \/>\nC\u00f4ng ty TNHH T\u1eadp \u0111o\u00e0n Shuangyang Group, Ltd lu\u00f4n g\u1eafn b\u00f3 v\u1edbi ch\u1ea5t l\u01b0\u1ee3ng &amp; d\u1ecbch v\u1ee5, ch\u00fang t\u00f4i kh\u00f4ng ch\u1ec9 cung c\u1ea5p ch\u1ea5t l\u01b0\u1ee3ng cao,<br \/>\nnh\u01b0ng c\u0169ng ch\u00fa \u00fd \u0111\u1ebfn vi\u1ec7c b\u1ea3o v\u1ec7 m\u00f4i tr\u01b0\u1eddng v\u00e0 s\u1ef1 an to\u00e0n c\u1ee7a con ng\u01b0\u1eddi.<br \/>\nKh\u00f4ng ng\u1eebng c\u1ea3i thi\u1ec7n ch\u1ea5t l\u01b0\u1ee3ng cu\u1ed9c s\u1ed1ng c\u1ee7a con ng\u01b0\u1eddi l\u00e0 m\u1ee5c ti\u00eau cu\u1ed1i c\u00f9ng c\u1ee7a ch\u00fang t\u00f4i.<\/p>\n<p><img decoding=\"async\" src=\"https:\/\/sc02.alicdn.com\/kf\/HTB1sKohk5OYBuNjSsD4q6zSkFXaQ\/1942321\/HTB1sKohk5OYBuNjSsD4q6zSkFXaQ.jpg_.webp\" alt=\"\" \/><\/p>\n<p>&nbsp;<\/p>\n<p><strong>C\u00e2u h\u1ecfi th\u01b0\u1eddng g\u1eb7p<\/strong><br \/>\nQ1. B\u1ea1n c\u00f3 th\u1ec3 ch\u1ea5p nh\u1eadn \u0111\u1eb7t h\u00e0ng m\u1eabu kh\u00f4ng?<\/p>\n<p>A: V\u00e2ng, ch\u1eafc ch\u1eafn, ch\u00fang t\u00f4i ch\u1ea5p nh\u1eadn \u0111\u01a1n \u0111\u1eb7t h\u00e0ng m\u1eabu.<\/p>\n<p>&nbsp;<\/p>\n<p>Q2. L\u00e0m th\u1ebf n\u00e0o \u0111\u1ec3 k\u00fd h\u1ee3p \u0111\u1ed3ng v\u1edbi ch\u00fang t\u00f4i?<\/p>\n<p>A: B\u1ea1n c\u00f3 th\u1ec3 g\u1eedi th\u01b0 cho ch\u00fang t\u00f4i ho\u1eb7c g\u1ecdi.<\/p>\n<p>&nbsp;<\/p>\n<p>Q3. L\u00e0m th\u1ebf n\u00e0o v\u1ec1 th\u1eddi gian b\u1ea3o h\u00e0nh v\u00e0 c\u00e1c s\u1ea3n ph\u1ea9m b\u1ea3o h\u00e0nh?<\/p>\n<p>Tr\u1ea3 l\u1eddi: H\u1ea7u h\u1ebft c\u00e1c s\u1ea3n ph\u1ea9m l\u00e0 2 n\u0103m, c\u1eaft d\u00e2y v\u00e0 ch\u1ee5p m\u1ed9t s\u1ed1 h\u00ecnh \u1ea3nh.<\/p>\n<p>&nbsp;<\/p>\n<p>Q4. \u0110i\u1ec1u kho\u1ea3n thanh to\u00e1n c\u1ee7a b\u1ea1n l\u00e0 g\u00ec?<\/p>\n<p>A: T\/T, L\/C.<\/p>\n<p>&nbsp;<\/p>\n<p>Q5. L\u00e0m th\u1ebf n\u00e0o \u0111\u1ec3 thi\u1ebft l\u1eadp m\u1ed1i quan h\u1ec7 kinh doanh l\u00e2u d\u00e0i gi\u1eefa ch\u00fang ta?<\/p>\n<p>Tr\u1ea3 l\u1eddi: Ch\u00fang t\u00f4i cung c\u1ea5p ch\u1ea5t l\u01b0\u1ee3ng cao c\u1ee7a s\u1ea3n ph\u1ea9m v\u00e0 gi\u00e1 c\u1ea3 r\u1ea5t c\u1ea1nh tranh \u0111\u1ec3 \u0111\u1ea3m b\u1ea3o l\u1ee3i nhu\u1eadn c\u1ee7a kh\u00e1ch h\u00e0ng.<\/p>\n<p>&nbsp;<\/p>\n<p>Q6. Nh\u1eefng \u0111i\u1ec1u kho\u1ea3n v\u1eadn chuy\u1ec3n n\u00e0o ch\u00fang ta c\u00f3 th\u1ec3 ch\u1ecdn?<\/p>\n<p>A: C\u00f3 b\u1eb1ng \u0111\u01b0\u1eddng bi\u1ec3n, b\u1eb1ng \u0111\u01b0\u1eddng h\u00e0ng kh\u00f4ng, b\u1eb1ng c\u00e1ch giao h\u00e0ng nhanh cho c\u00e1c l\u1ef1a ch\u1ecdn c\u1ee7a b\u1ea1n.<\/p>\n<p>&nbsp;<\/p>","protected":false},"excerpt":{"rendered":"<p>\u1ed4 c\u1eafm v\u01b0\u1eddn<br \/>\nIP44<br \/>\n\u0110\u1ed9 d\u00e0i c\u1ee7a c\u00e1p c\u00f3 th\u1ec3 theo y\u00eau c\u1ea7u c\u1ee7a kh\u00e1ch h\u00e0ng.<br \/>\nV\u00ed d\u1ee5: 10m, 25m, 50m.<\/p>","protected":false},"featured_media":306,"template":"","meta":[],"product_cat":[30],"product_tag":[],"class_list":{"0":"post-305","1":"product","2":"type-product","3":"status-publish","4":"has-post-thumbnail","6":"product_cat-gardenspike-sockets","8":"first","9":"instock","10":"shipping-taxable","11":"product-type-simple"},"_links":{"self":[{"href":"https:\/\/www.soyang-group.com\/vi\/wp-json\/wp\/v2\/product\/305","targetHints":{"allow":["GET"]}}],"collection":[{"href":"https:\/\/www.soyang-group.com\/vi\/wp-json\/wp\/v2\/product"}],"about":[{"href":"https:\/\/www.soyang-group.com\/vi\/wp-json\/wp\/v2\/types\/product"}],"version-history":[{"count":1,"href":"https:\/\/www.soyang-group.com\/vi\/wp-json\/wp\/v2\/product\/305\/revisions"}],"predecessor-version":[{"id":307,"href":"https:\/\/www.soyang-group.com\/vi\/wp-json\/wp\/v2\/product\/305\/revisions\/307"}],"wp:featuredmedia":[{"embeddable":true,"href":"https:\/\/www.soyang-group.com\/vi\/wp-json\/wp\/v2\/media\/306"}],"wp:attachment":[{"href":"https:\/\/www.soyang-group.com\/vi\/wp-json\/wp\/v2\/media?parent=305"}],"wp:term":[{"taxonomy":"product_cat","embeddable":true,"href":"https:\/\/www.soyang-group.com\/vi\/wp-json\/wp\/v2\/product_cat?post=305"},{"taxonomy":"product_tag","embeddable":true,"href":"https:\/\/www.soyang-group.com\/vi\/wp-json\/wp\/v2\/product_tag?post=305"}],"curies":[{"name":"wp","href":"https:\/\/api.w.org\/{rel}","templated":true}]}}