{"id":308,"date":"2024-12-12T13:58:07","date_gmt":"2024-12-12T05:58:07","guid":{"rendered":"https:\/\/shuangy.gg12.globaldeepsea.site\/?post_type=product&#038;p=308"},"modified":"2024-12-12T13:58:07","modified_gmt":"2024-12-12T05:58:07","slug":"water-proof-box","status":"publish","type":"product","link":"https:\/\/www.soyang-group.com\/vi\/san-pham\/water-proof-box\/","title":{"rendered":"H\u1ed9p ch\u1ed1ng n\u01b0\u1edbc"},"content":{"rendered":"<div class=\"fl-row fl-row-full-width fl-row-bg-none fl-node-5e997254d129b\" data-node=\"5e997254d129b\">\n<div class=\"fl-row-content-wrap\">\n<div class=\"fl-row-content fl-row-full-width fl-node-content\">\n<div class=\"fl-col-group fl-node-5e997254d1bad\" data-node=\"5e997254d1bad\">\n<div class=\"fl-col fl-node-5e997254d1c02 fl-col-has-cols\" data-node=\"5e997254d1c02\">\n<div class=\"fl-col-content fl-node-content\">\n<div class=\"fl-col-group fl-node-5e9f9a3977ba2 fl-col-group-nested\" data-node=\"5e9f9a3977ba2\">\n<div class=\"fl-col fl-node-5e9f9a39780e0 fl-col-small\" data-node=\"5e9f9a39780e0\">\n<div class=\"fl-col-content fl-node-content\">\n<div class=\"fl-module fl-module-rich-text fl-node-5e997254d1d2f\" data-node=\"5e997254d1d2f\" data-animation-delay=\"0.0\">\n<div class=\"fl-module-content fl-node-content\">\n<div class=\"fl-rich-text\">\n<p><b>Chi ti\u1ebft s\u1ea3n ph\u1ea9m:<\/b><b><\/b><\/p>\n<p><b><\/b><b>(1) H\u1ed9p ch\u1ed1ng n\u01b0\u1edbc mini<\/b>\u00a0<b><\/b><br \/>\nS\u1ed1 m\u00f4 h\u00ecnh: FSH-01<br \/>\nT\u00ean th\u01b0\u01a1ng hi\u1ec7u: Shuangyang<br \/>\nTepy: Mini<\/p>\n<\/div>\n<\/div>\n<\/div>\n<\/div>\n<\/div>\n<div class=\"fl-col fl-node-5e9f9a3978138\" data-node=\"5e9f9a3978138\">\n<div class=\"fl-col-content fl-node-content\">\n<div class=\"fl-module fl-module-photo fl-node-5e997254d1dc0\" data-node=\"5e997254d1dc0\" data-animation-delay=\"0.0\">\n<div class=\"fl-module-content fl-node-content\">\n<div class=\"fl-photo fl-photo-align-center\">\n<div class=\"fl-photo-content fl-photo-img-png\"><img decoding=\"async\" class=\"fl-photo-img wp-image-1695 size-thumbnail\" src=\"https:\/\/www.soyanggroup.com\/uploads\/38a0b92310-300x217.png\" alt=\"1\" \/><\/div>\n<\/div>\n<\/div>\n<\/div>\n<\/div>\n<\/div>\n<\/div>\n<\/div>\n<\/div>\n<\/div>\n<div class=\"fl-col-group fl-node-5e997254d1e08\" data-node=\"5e997254d1e08\">\n<div class=\"fl-col fl-node-5e997254d1e50\" data-node=\"5e997254d1e50\">\n<div class=\"fl-col-content fl-node-content\">\n<div class=\"fl-module fl-module-rich-text fl-node-5e997254d1e98\" data-node=\"5e997254d1e98\" data-animation-delay=\"0.0\">\n<div class=\"fl-module-content fl-node-content\">\n<div class=\"fl-rich-text\">\n<p><b>M\u00f4 t\u1ea3 &amp; t\u00ednh n\u0103ng<\/b><\/p>\n<p>1. Dia ngo\u00e0i (mm): 6.5 -11<br \/>\n2. WAERPROOF: IP44<br \/>\n3.color:red<br \/>\n4. K\u00edch th\u01b0\u1edbc con: 216x87x85mm<br \/>\n<img decoding=\"async\" class=\"alignnone size-full wp-image-1689\" src=\"https:\/\/www.soyanggroup.com\/uploads\/8d9d4c2f10.png\" alt=\"2\" \/><br \/>\n5.Usage:<br \/>\n<img decoding=\"async\" class=\"alignnone size-full wp-image-1690\" src=\"https:\/\/www.soyanggroup.com\/uploads\/7e4b5ce26.png\" alt=\"3\" \/><br \/>\n6. Kh\u1ea3 n\u0103ng cung c\u1ea5p: 10.000.000 m\u1ea9u\/mi\u1ebfng m\u1ed7i th\u00e1ng h\u1eb9n gi\u1edd<\/p>\n<p><b>\u0110\u1eb7c \u0111i\u1ec3m k\u1ef9 thu\u1eadt<\/b><\/p>\n<p>G\u00f3i: T\u00fai PP c\u00f3 nh\u00e3n<br \/>\nQTY\/CTN: 50pcs<br \/>\nGW: 9,7kg<br \/>\nT\u00e2y B\u1eafc: 8,8kg<br \/>\nK\u00edch th\u01b0\u1edbc carton: 45x39x42 cm<br \/>\nQty\/20: 18.300 chi\u1ebfc<br \/>\nCh\u1ee9ng nh\u1eadn: CE, ROHS, Reach, PAHS<\/p>\n<\/div>\n<\/div>\n<\/div>\n<\/div>\n<\/div>\n<\/div>\n<\/div>\n<\/div>\n<\/div>\n<div class=\"fl-row fl-row-fixed-width fl-row-bg-none fl-node-5e99710fb8431\" data-node=\"5e99710fb8431\">\n<div class=\"fl-row-content-wrap\">\n<div class=\"fl-row-content fl-row-fixed-width fl-node-content\">\n<div class=\"fl-col-group fl-node-5e99710fbb6e8\" data-node=\"5e99710fbb6e8\">\n<div class=\"fl-col fl-node-5e99710fbb9e7\" data-node=\"5e99710fbb9e7\">\n<div class=\"fl-col-content fl-node-content\">\n<div class=\"fl-module fl-module-photo fl-node-5e99710fb808f\" data-node=\"5e99710fb808f\" data-animation-delay=\"0.0\">\n<div class=\"fl-module-content fl-node-content\">\n<div class=\"fl-photo fl-photo-align-left\">\n<div class=\"fl-photo-content fl-photo-img-png\"><img decoding=\"async\" class=\"fl-photo-img wp-image-1694 size-full\" src=\"https:\/\/www.soyanggroup.com\/uploads\/a19d8a122.png\" alt=\"111\" \/><\/div>\n<\/div>\n<\/div>\n<\/div>\n<\/div>\n<\/div>\n<\/div>\n<\/div>\n<\/div>\n<\/div>\n<div class=\"fl-row fl-row-full-width fl-row-bg-none fl-node-5e996dfb42b4a\" data-node=\"5e996dfb42b4a\">\n<div class=\"fl-row-content-wrap\">\n<div class=\"fl-row-content fl-row-full-width fl-node-content\">\n<div class=\"fl-col-group fl-node-5e9f9a5c13dd8\" data-node=\"5e9f9a5c13dd8\">\n<div class=\"fl-col fl-node-5e9f9a5c1429a fl-col-small\" data-node=\"5e9f9a5c1429a\">\n<div class=\"fl-col-content fl-node-content\">\n<div class=\"fl-module fl-module-rich-text fl-node-5e996e3b1e028\" data-node=\"5e996e3b1e028\" data-animation-delay=\"0.0\">\n<div class=\"fl-module-content fl-node-content\">\n<div class=\"fl-rich-text\">\n<p><b>(2)CEE\u00a0<\/b><b>H\u1ed9p ch\u1ed1ng n\u01b0\u1edbc<\/b>\u00a0<b><\/b><\/p>\n<p>S\u1ed1 m\u00f4 h\u00ecnh: FSH-02<br \/>\nT\u00ean th\u01b0\u01a1ng hi\u1ec7u: Shuangyang<br \/>\nL\u00fd thuy\u1ebft: C\u00f4ng nghi\u1ec7p<\/p>\n<\/div>\n<\/div>\n<\/div>\n<\/div>\n<\/div>\n<div class=\"fl-col fl-node-5e9f9a5c142f3\" data-node=\"5e9f9a5c142f3\">\n<div class=\"fl-col-content fl-node-content\">\n<div class=\"fl-module fl-module-photo fl-node-5e996e6e3cbb6\" data-node=\"5e996e6e3cbb6\" data-animation-delay=\"0.0\">\n<div class=\"fl-module-content fl-node-content\">\n<div class=\"fl-photo fl-photo-align-center\">\n<div class=\"fl-photo-content fl-photo-img-png\"><img decoding=\"async\" class=\"fl-photo-img wp-image-1696 size-thumbnail\" src=\"https:\/\/www.soyanggroup.com\/uploads\/38a0b92311-300x249.png\" alt=\"1\" \/><\/div>\n<\/div>\n<\/div>\n<\/div>\n<\/div>\n<\/div>\n<\/div>\n<div class=\"fl-col-group fl-node-5e996ea8cefcb\" data-node=\"5e996ea8cefcb\">\n<div class=\"fl-col fl-node-5e996ea8cf27e fl-col-has-cols\" data-node=\"5e996ea8cf27e\">\n<div class=\"fl-col-content fl-node-content\">\n<div class=\"fl-module fl-module-rich-text fl-node-5e996ea8cee06\" data-node=\"5e996ea8cee06\" data-animation-delay=\"0.0\">\n<div class=\"fl-module-content fl-node-content\">\n<div class=\"fl-rich-text\">\n<p><b>M\u00f4 t\u1ea3 &amp; t\u00ednh n\u0103ng<\/b><\/p>\n<p>1. Dia ngo\u00e0i (mm): 6.5 -12<br \/>\n2. Kh\u00f4ng th\u1ea5m n\u01b0\u1edbc: IP44<br \/>\n3.Color:Blue<br \/>\n4.Unit K\u00edch th\u01b0\u1edbc: 367x90x103mm<\/p>\n<\/div>\n<\/div>\n<\/div>\n<div class=\"fl-col-group fl-node-5e9fabf342e33 fl-col-group-nested\" data-node=\"5e9fabf342e33\">\n<div class=\"fl-col fl-node-5e9fabf34342d\" data-node=\"5e9fabf34342d\">\n<div class=\"fl-col-content fl-node-content\">\n<div class=\"fl-module fl-module-photo fl-node-5e99734426101\" data-node=\"5e99734426101\" data-animation-delay=\"0.0\">\n<div class=\"fl-module-content fl-node-content\">\n<div class=\"fl-photo fl-photo-align-center\">\n<div class=\"fl-photo-content fl-photo-img-png\"><img decoding=\"async\" class=\"fl-photo-img wp-image-1697 size-full\" src=\"https:\/\/www.soyanggroup.com\/uploads\/8d9d4c2f11.png\" alt=\"2\" \/><\/div>\n<\/div>\n<\/div>\n<\/div>\n<\/div>\n<\/div>\n<div class=\"fl-col fl-node-5e9fabf343484 fl-col-small\" data-node=\"5e9fabf343484\">\n<div class=\"fl-col-content fl-node-content\"><\/div>\n<\/div>\n<\/div>\n<\/div>\n<\/div>\n<\/div>\n<div class=\"fl-col-group fl-node-5e99735e7a0b0\" data-node=\"5e99735e7a0b0\">\n<div class=\"fl-col fl-node-5e99735e7a50c\" data-node=\"5e99735e7a50c\">\n<div class=\"fl-col-content fl-node-content\">\n<div class=\"fl-module fl-module-rich-text fl-node-5e99735a8f4df\" data-node=\"5e99735a8f4df\" data-animation-delay=\"0.0\">\n<div class=\"fl-module-content fl-node-content\">\n<div class=\"fl-rich-text\">\n<p>5.Usage<\/p>\n<\/div>\n<\/div>\n<\/div>\n<\/div>\n<\/div>\n<\/div>\n<div class=\"fl-col-group fl-node-5e9fac35bc8f0\" data-node=\"5e9fac35bc8f0\">\n<div class=\"fl-col fl-node-5e9fac35bce94\" data-node=\"5e9fac35bce94\">\n<div class=\"fl-col-content fl-node-content\">\n<div class=\"fl-module fl-module-photo fl-node-5e99737fb1d36\" data-node=\"5e99737fb1d36\" data-animation-delay=\"0.0\">\n<div class=\"fl-module-content fl-node-content\">\n<div class=\"fl-photo fl-photo-align-center\">\n<div class=\"fl-photo-content fl-photo-img-png\"><img decoding=\"async\" class=\"fl-photo-img wp-image-1699\" src=\"http:\/\/c517.quanqiusou.cn\/uploads\/7e4b5ce28.png\" alt=\"3\" \/><\/div>\n<\/div>\n<\/div>\n<\/div>\n<\/div>\n<\/div>\n<div class=\"fl-col fl-node-5e9fac35bceed fl-col-small\" data-node=\"5e9fac35bceed\">\n<div class=\"fl-col-content fl-node-content\"><\/div>\n<\/div>\n<\/div>\n<div class=\"fl-col-group fl-node-5e9973a0c1e72\" data-node=\"5e9973a0c1e72\">\n<div class=\"fl-col fl-node-5e9973a0c2306\" data-node=\"5e9973a0c2306\">\n<div class=\"fl-col-content fl-node-content\">\n<div class=\"fl-module fl-module-rich-text fl-node-5e99739cda354\" data-node=\"5e99739cda354\" data-animation-delay=\"0.0\">\n<div class=\"fl-module-content fl-node-content\">\n<div class=\"fl-rich-text\">\n<p>6. Kh\u1ea3 n\u0103ng cung c\u1ea5p: 10.000.000 m\u1ea9u\/mi\u1ebfng m\u1ed7i th\u00e1ng h\u1eb9n gi\u1edd<\/p>\n<p><b>\u0110\u1eb7c \u0111i\u1ec3m k\u1ef9 thu\u1eadt<\/b><\/p>\n<p>G\u00f3i: T\u00fai PP c\u00f3 th\u1ebb<br \/>\nQty\/ctn: 10pcs<br \/>\nGW: 3,9kg<br \/>\nT\u00e2y B\u1eafc: 2,9kg<br \/>\nK\u00edch th\u01b0\u1edbc carton: 46x37x21 cm<br \/>\nQty\/20: 7.550 PC<br \/>\nCh\u1ee9ng nh\u1eadn: CE, ROHS, Reach, PAHS<\/p>\n<\/div>\n<\/div>\n<\/div>\n<\/div>\n<\/div>\n<\/div>\n<\/div>\n<\/div>\n<\/div>\n<div class=\"fl-row fl-row-fixed-width fl-row-bg-none fl-node-5e9973c6a10f6\" data-node=\"5e9973c6a10f6\">\n<div class=\"fl-row-content-wrap\">\n<div class=\"fl-row-content fl-row-fixed-width fl-node-content\">\n<div class=\"fl-col-group fl-node-5e9973c6a1578\" data-node=\"5e9973c6a1578\">\n<div class=\"fl-col fl-node-5e9973c6a15c8\" data-node=\"5e9973c6a15c8\">\n<div class=\"fl-col-content fl-node-content\">\n<div class=\"fl-module fl-module-photo fl-node-5e9973c6a1615\" data-node=\"5e9973c6a1615\" data-animation-delay=\"0.0\">\n<div class=\"fl-module-content fl-node-content\">\n<div class=\"fl-photo fl-photo-align-left\">\n<div class=\"fl-photo-content fl-photo-img-png\"><img decoding=\"async\" class=\"fl-photo-img wp-image-1694 size-full\" src=\"https:\/\/www.soyanggroup.com\/uploads\/a19d8a122.png\" alt=\"111\" \/><\/div>\n<\/div>\n<\/div>\n<\/div>\n<\/div>\n<\/div>\n<\/div>\n<\/div>\n<\/div>\n<\/div>\n<div class=\"fl-row fl-row-fixed-width fl-row-bg-none fl-node-5e9973e722fd7\" data-node=\"5e9973e722fd7\">\n<div class=\"fl-row-content-wrap\">\n<div class=\"fl-row-content fl-row-fixed-width fl-node-content\">\n<div class=\"fl-col-group fl-node-5ea53002ddc48\" data-node=\"5ea53002ddc48\">\n<div class=\"fl-col fl-node-5ea53002de02e\" data-node=\"5ea53002de02e\">\n<div class=\"fl-col-content fl-node-content\">\n<div class=\"fl-module fl-module-rich-text fl-node-5ea53002dd9ae\" data-node=\"5ea53002dd9ae\" data-animation-delay=\"0.0\">\n<div class=\"fl-module-content fl-node-content\">\n<div class=\"fl-rich-text\">\n<h3><b>D\u00f2ng s\u1ea3n xu\u1ea5t:<\/b><b><\/b><\/h3>\n<\/div>\n<\/div>\n<\/div>\n<\/div>\n<\/div>\n<\/div>\n<div class=\"fl-col-group fl-node-5e9973e729e0e\" data-node=\"5e9973e729e0e\">\n<div class=\"fl-col fl-node-5e9973e72a1b7 fl-col-small\" data-node=\"5e9973e72a1b7\">\n<div class=\"fl-col-content fl-node-content\">\n<div class=\"fl-module fl-module-heading fl-node-5e9974ae31156\" data-node=\"5e9974ae31156\" data-animation-delay=\"0.0\">\n<div class=\"fl-module-content fl-node-content\">\n<h3 class=\"fl-heading\"><span class=\"fl-heading-text\">Rawm v\u1eadt li\u1ec7u (Timersockets)<\/span><\/h3>\n<\/div>\n<\/div>\n<div class=\"fl-module fl-module-photo fl-node-5e9974220fab4\" data-node=\"5e9974220fab4\" data-animation-delay=\"0.0\">\n<div class=\"fl-module-content fl-node-content\">\n<div class=\"fl-photo fl-photo-align-center\">\n<div class=\"fl-photo-content fl-photo-img-png\"><img decoding=\"async\" class=\"fl-photo-img wp-image-1700 size-full\" src=\"https:\/\/www.soyanggroup.com\/uploads\/38a0b92312.png\" alt=\"1\" \/><\/div>\n<\/div>\n<\/div>\n<\/div>\n<\/div>\n<\/div>\n<div class=\"fl-col fl-node-5e9973e72a20f fl-col-small\" data-node=\"5e9973e72a20f\">\n<div class=\"fl-col-content fl-node-content\">\n<div class=\"fl-module fl-module-heading fl-node-5e99746f5c869\" data-node=\"5e99746f5c869\" data-animation-delay=\"0.0\">\n<div class=\"fl-module-content fl-node-content\">\n<h3 class=\"fl-heading\"><span class=\"fl-heading-text\">ti\u00eam<\/span><\/h3>\n<\/div>\n<\/div>\n<div class=\"fl-module fl-module-photo fl-node-5e99740fd34d5\" data-node=\"5e99740fd34d5\" data-animation-delay=\"0.0\">\n<div class=\"fl-module-content fl-node-content\">\n<div class=\"fl-photo fl-photo-align-center\">\n<div class=\"fl-photo-content fl-photo-img-png\"><img decoding=\"async\" class=\"fl-photo-img wp-image-1701 size-full\" src=\"https:\/\/www.soyanggroup.com\/uploads\/8d9d4c2f12.png\" alt=\"2\" \/><\/div>\n<\/div>\n<\/div>\n<\/div>\n<\/div>\n<\/div>\n<div class=\"fl-col fl-node-5e9973e72a262 fl-col-small\" data-node=\"5e9973e72a262\">\n<div class=\"fl-col-content fl-node-content\">\n<div class=\"fl-module fl-module-heading fl-node-5e9974b62b77d\" data-node=\"5e9974b62b77d\" data-animation-delay=\"0.0\">\n<div class=\"fl-module-content fl-node-content\">\n<h3 class=\"fl-heading\"><span class=\"fl-heading-text\">h\u1ea5p d\u1eabn<\/span><\/h3>\n<\/div>\n<\/div>\n<div class=\"fl-module fl-module-photo fl-node-5e997423b7a10\" data-node=\"5e997423b7a10\" data-animation-delay=\"0.0\">\n<div class=\"fl-module-content fl-node-content\">\n<div class=\"fl-photo fl-photo-align-center\">\n<div class=\"fl-photo-content fl-photo-img-png\"><img decoding=\"async\" class=\"fl-photo-img wp-image-1703 size-full\" src=\"https:\/\/www.soyanggroup.com\/uploads\/7e4b5ce210.png\" alt=\"3\" \/><\/div>\n<\/div>\n<\/div>\n<\/div>\n<\/div>\n<\/div>\n<\/div>\n<\/div>\n<\/div>\n<\/div>\n<div class=\"fl-row fl-row-fixed-width fl-row-bg-none fl-node-5e9974e84048d\" data-node=\"5e9974e84048d\">\n<div class=\"fl-row-content-wrap\">\n<div class=\"fl-row-content fl-row-fixed-width fl-node-content\">\n<div class=\"fl-col-group fl-node-5e9974e840ef3\" data-node=\"5e9974e840ef3\">\n<div class=\"fl-col fl-node-5e9974e840f47 fl-col-small\" data-node=\"5e9974e840f47\">\n<div class=\"fl-col-content fl-node-content\">\n<div class=\"fl-module fl-module-heading fl-node-5e9974e840f9c\" data-node=\"5e9974e840f9c\" data-animation-delay=\"0.0\">\n<div class=\"fl-module-content fl-node-content\">\n<h3 class=\"fl-heading\"><span class=\"fl-heading-text\">l\u1eafp r\u00e1p<\/span><\/h3>\n<\/div>\n<\/div>\n<div class=\"fl-module fl-module-photo fl-node-5e9974e840ff7\" data-node=\"5e9974e840ff7\" data-animation-delay=\"0.0\">\n<div class=\"fl-module-content fl-node-content\">\n<div class=\"fl-photo fl-photo-align-center\">\n<div class=\"fl-photo-content fl-photo-img-png\"><img decoding=\"async\" class=\"fl-photo-img wp-image-1704\" src=\"http:\/\/c517.quanqiusou.cn\/uploads\/79a2f3e72.png\" alt=\"4\" \/><\/div>\n<\/div>\n<\/div>\n<\/div>\n<\/div>\n<\/div>\n<div class=\"fl-col fl-node-5e9974e841044 fl-col-small\" data-node=\"5e9974e841044\">\n<div class=\"fl-col-content fl-node-content\">\n<div class=\"fl-module fl-module-heading fl-node-5e9974e84108e\" data-node=\"5e9974e84108e\" data-animation-delay=\"0.0\">\n<div class=\"fl-module-content fl-node-content\">\n<h3 class=\"fl-heading\"><span class=\"fl-heading-text\">ki\u1ec3m tra<\/span><\/h3>\n<\/div>\n<\/div>\n<div class=\"fl-module fl-module-photo fl-node-5e9974e8410d7\" data-node=\"5e9974e8410d7\" data-animation-delay=\"0.0\">\n<div class=\"fl-module-content fl-node-content\">\n<div class=\"fl-photo fl-photo-align-center\">\n<div class=\"fl-photo-content fl-photo-img-png\"><img decoding=\"async\" class=\"fl-photo-img wp-image-1705\" src=\"http:\/\/c517.quanqiusou.cn\/uploads\/7fbbce231.png\" alt=\"5\" \/><\/div>\n<\/div>\n<\/div>\n<\/div>\n<\/div>\n<\/div>\n<div class=\"fl-col fl-node-5e9974e841122 fl-col-small\" data-node=\"5e9974e841122\">\n<div class=\"fl-col-content fl-node-content\">\n<div class=\"fl-module fl-module-heading fl-node-5e9974e841172\" data-node=\"5e9974e841172\" data-animation-delay=\"0.0\">\n<div class=\"fl-module-content fl-node-content\">\n<h3 class=\"fl-heading\"><span class=\"fl-heading-text\">kho<\/span><\/h3>\n<\/div>\n<\/div>\n<div class=\"fl-module fl-module-photo fl-node-5e9974e8411cb\" data-node=\"5e9974e8411cb\" data-animation-delay=\"0.0\">\n<div class=\"fl-module-content fl-node-content\">\n<div class=\"fl-photo fl-photo-align-center\">\n<div class=\"fl-photo-content fl-photo-img-png\"><img decoding=\"async\" class=\"fl-photo-img wp-image-1706\" src=\"http:\/\/c517.quanqiusou.cn\/uploads\/1c5a880f1.png\" alt=\"6\" \/><\/div>\n<\/div>\n<\/div>\n<\/div>\n<\/div>\n<\/div>\n<\/div>\n<\/div>\n<\/div>\n<\/div>\n<div class=\"fl-row fl-row-fixed-width fl-row-bg-none fl-node-5e9975353b2b5\" data-node=\"5e9975353b2b5\">\n<div class=\"fl-row-content-wrap\">\n<div class=\"fl-row-content fl-row-fixed-width fl-node-content\">\n<div class=\"fl-col-group fl-node-5e9975354602f\" data-node=\"5e9975354602f\">\n<div class=\"fl-col fl-node-5e99753546455\" data-node=\"5e99753546455\">\n<div class=\"fl-col-content fl-node-content\">\n<div class=\"fl-module fl-module-rich-text fl-node-5e9975353a998\" data-node=\"5e9975353a998\" data-animation-delay=\"0.0\">\n<div class=\"fl-module-content fl-node-content\">\n<div class=\"fl-rich-text\">\n<p><b>L\u1ee3i th\u1ebf<\/b><b><\/b><\/p>\n<ul>\n<li>B\u1ed9 ph\u1eadn t\u00ean th\u01b0\u01a1ng hi\u1ec7u<\/li>\n<li>\u0110\u1ea5t n\u01b0\u1edbc xu\u1ea5t x\u1ee9<\/li>\n<li>Ph\u00e2n ph\u1ed1i \u0111\u01b0\u1ee3c cung c\u1ea5p<\/li>\n<li>Nh\u00e2n vi\u00ean c\u00f3 kinh nghi\u1ec7m<\/li>\n<li>T\u1ea1o th\u00e0nh a<\/li>\n<li>S\u1ea3n ph\u1ea9m xanh<\/li>\n<li>\u0110\u1ea3m b\u1ea3o\/b\u1ea3o h\u00e0nh<\/li>\n<li>Ph\u00ea duy\u1ec7t qu\u1ed1c t\u1ebf<\/li>\n<li>Bao b\u00ec<\/li>\n<li>Gi\u00e1<\/li>\n<li>T\u00ednh n\u0103ng s\u1ea3n ph\u1ea9m<\/li>\n<li>Hi\u1ec7u su\u1ea5t s\u1ea3n ph\u1ea9m<\/li>\n<li>Giao h\u00e0ng nhanh ch\u00f3ng<\/li>\n<li>Ph\u00ea duy\u1ec7t ch\u1ea5t l\u01b0\u1ee3ng<\/li>\n<li>Danh ti\u1ebfng<\/li>\n<li>D\u1ecbch v\u1ee5<\/li>\n<li>\u0110\u01a1n \u0111\u1eb7t h\u00e0ng nh\u1ecf \u0111\u01b0\u1ee3c ch\u1ea5p nh\u1eadn<\/li>\n<li>D\u1ecbch v\u1ee5 OEM v\u00e0 ODM \u0111\u01b0\u1ee3c cung c\u1ea5p<\/li>\n<li>Ch\u1ea5t l\u01b0\u1ee3ng cao<\/li>\n<\/ul>\n<\/div>\n<\/div>\n<\/div>\n<\/div>\n<\/div>\n<\/div>\n<\/div>\n<\/div>\n<\/div>\n<div class=\"fl-row fl-row-fixed-width fl-row-bg-none fl-node-5e99755ec0ded\" data-node=\"5e99755ec0ded\">\n<div class=\"fl-row-content-wrap\">\n<div class=\"fl-row-content fl-row-fixed-width fl-node-content\">\n<div class=\"fl-col-group fl-node-5e99755ec12f3\" data-node=\"5e99755ec12f3\">\n<div class=\"fl-col fl-node-5e99755ec1343\" data-node=\"5e99755ec1343\">\n<div class=\"fl-col-content fl-node-content\">\n<div class=\"fl-module fl-module-rich-text fl-node-5e99755ec138e\" data-node=\"5e99755ec138e\" data-animation-delay=\"0.0\">\n<div class=\"fl-module-content fl-node-content\">\n<div class=\"fl-rich-text\">\n<p><b>Bao b\u00ec &amp; Thanh to\u00e1n &amp; Shippment<\/b><br \/>\n<strong>Chi ti\u1ebft \u0111\u00f3ng g\u00f3i: T\u00fai PP c\u00f3 nh\u00e3n<\/strong><br \/>\n<strong>Ph\u01b0\u01a1ng th\u1ee9c thanh to\u00e1n: T\u0103ng d\u1ea7n TT, T\/T, L\/C<\/strong><br \/>\n<strong>Giao h\u00e0ng: 30-35 ng\u00e0y sau khi nh\u1eadn \u0111\u01b0\u1ee3c Deposite<\/strong><br \/>\n<strong>C\u1ea3ng: Ningbo ho\u1eb7c Th\u01b0\u1ee3ng H\u1ea3i<\/strong><\/p>\n<p><b>H\u1ed3 s\u01a1 c\u00f4ng ty:<\/b><b><\/b><br \/>\n1. Lo\u1ea1i kinh doanh: Nh\u00e0 s\u1ea3n xu\u1ea5t, c\u00f4ng ty th\u01b0\u01a1ng m\u1ea1i<br \/>\n2. S\u1ea3n ph\u1ea9m: \u1ed4 c\u1eafm h\u1eb9n gi\u1edd, c\u00e1p, cu\u1ed9n c\u00e1p, \u00e1nh s\u00e1ng<br \/>\n3. T\u1ed5ng s\u1ed1 nh\u00e2n vi\u00ean: 501 - 1000 ng\u01b0\u1eddi<br \/>\n4. Th\u00e0nh l\u1eadp: 1994<br \/>\n5. Ch\u1ee9ng nh\u1eadn h\u1ec7 th\u1ed1ng qu\u1ea3n l\u00fd: ISO9001, ISO14001, OHSAS18001<br \/>\n6. Qu\u1ed1c gia \/ khu v\u1ef1c: Chi\u1ebft Giang, Trung Qu\u1ed1c<br \/>\n7. S\u1ef1 s\u1edf h\u1eefu: Ch\u1ee7 s\u1edf h\u1eefu t\u01b0 nh\u00e2n<br \/>\n8. Th\u1ecb tr\u01b0\u1eddng ch\u00ednh:<\/p>\n<p>\u0110\u00f4ng \u00c2u 39.00%<br \/>\nB\u1eafc \u00c2u 30.00%<br \/>\nT\u00e2y \u00c2u 16.00%<br \/>\nTh\u1ecb tr\u01b0\u1eddng trong n\u01b0\u1edbc: 7%<br \/>\nMid East: 5%<br \/>\nNam M\u1ef9: 3%<\/p>\n<p>&nbsp;<\/p>\n<p><b>C\u00e2u h\u1ecfi th\u01b0\u1eddng g\u1eb7p:<\/b><br \/>\n1. C\u00f3 th\u1ec3 s\u1ea3n ph\u1ea9m c\u1ee7a b\u1ea1n in logo c\u1ee7a kh\u00e1ch kh\u00f4ng?<br \/>\nC\u00f3, kh\u00e1ch cung c\u1ea5p logo, ch\u00fang t\u00f4i c\u00f3 th\u1ec3 in tr\u00ean s\u1ea3n ph\u1ea9m.<br \/>\n2. B\u1ea1n \u0111\u00e3 v\u01b0\u1ee3t qua ki\u1ec3m to\u00e1n tr\u00e1ch nhi\u1ec7m x\u00e3 h\u1ed9i n\u00e0o?<br \/>\nV\u00e2ng, ch\u00fang t\u00f4i c\u00f3 BSCI, Sedex.<br \/>\n3. Gi\u00e1 c\u1ee7a b\u1ea1n l\u00e0 bao nhi\u00eau?<br \/>\nGi\u00e1 c\u1ee7a ch\u00fang t\u00f4i c\u00f3 th\u1ec3 thay \u0111\u1ed5i t\u00f9y thu\u1ed9c v\u00e0o ngu\u1ed3n cung v\u00e0 c\u00e1c y\u1ebfu t\u1ed1 th\u1ecb tr\u01b0\u1eddng kh\u00e1c. Ch\u00fang t\u00f4i s\u1ebd g\u1eedi cho b\u1ea1n v\u00e0 c\u1eadp nh\u1eadt b\u1ea3ng gi\u00e1 sau khi Conmany c\u1ee7a b\u1ea1n li\u00ean h\u1ec7 v\u1edbi ch\u00fang t\u00f4i \u0111\u1ec3 bi\u1ebft th\u00eam th\u00f4ng tin.<\/p>\n<\/div>\n<\/div>\n<\/div>\n<\/div>\n<\/div>\n<\/div>\n<\/div>\n<\/div>\n<\/div>","protected":false},"excerpt":{"rendered":"<p>M\u00f4 h\u00ecnh s\u1ed1: H\u1ed9p ch\u1ed1ng n\u01b0\u1edbc<\/p>\n<p>T\u00ean th\u01b0\u01a1ng hi\u1ec7u: Shuangyang<\/p>\n<p>V\u1eadt li\u1ec7u v\u1ecf: PP<\/p>\n<p>S\u1eed d\u1ee5ng: Ch\u1ee9ng minh n\u01b0\u1edbc<\/p>\n<p>Warly: 1 n\u0103m<\/p>\n<p>Gi\u1ea5y ch\u1ee9ng nh\u1eadn: CE, Rohs, Reach, PAHS<\/p>","protected":false},"featured_media":309,"template":"","meta":[],"product_cat":[31],"product_tag":[32],"class_list":{"0":"post-308","1":"product","2":"type-product","3":"status-publish","4":"has-post-thumbnail","6":"product_cat-wate-proof-box","7":"product_tag-water-proof-box","9":"first","10":"instock","11":"shipping-taxable","12":"product-type-simple"},"_links":{"self":[{"href":"https:\/\/www.soyang-group.com\/vi\/wp-json\/wp\/v2\/product\/308","targetHints":{"allow":["GET"]}}],"collection":[{"href":"https:\/\/www.soyang-group.com\/vi\/wp-json\/wp\/v2\/product"}],"about":[{"href":"https:\/\/www.soyang-group.com\/vi\/wp-json\/wp\/v2\/types\/product"}],"version-history":[{"count":0,"href":"https:\/\/www.soyang-group.com\/vi\/wp-json\/wp\/v2\/product\/308\/revisions"}],"wp:featuredmedia":[{"embeddable":true,"href":"https:\/\/www.soyang-group.com\/vi\/wp-json\/wp\/v2\/media\/309"}],"wp:attachment":[{"href":"https:\/\/www.soyang-group.com\/vi\/wp-json\/wp\/v2\/media?parent=308"}],"wp:term":[{"taxonomy":"product_cat","embeddable":true,"href":"https:\/\/www.soyang-group.com\/vi\/wp-json\/wp\/v2\/product_cat?post=308"},{"taxonomy":"product_tag","embeddable":true,"href":"https:\/\/www.soyang-group.com\/vi\/wp-json\/wp\/v2\/product_tag?post=308"}],"curies":[{"name":"wp","href":"https:\/\/api.w.org\/{rel}","templated":true}]}}