{"id":266,"date":"2024-12-12T13:10:17","date_gmt":"2024-12-12T05:10:17","guid":{"rendered":"https:\/\/shuangy.gg12.globaldeepsea.site\/?post_type=product&#038;p=266"},"modified":"2024-12-12T13:10:17","modified_gmt":"2024-12-12T05:10:17","slug":"2-1a-usb-socket","status":"publish","type":"product","link":"https:\/\/www.soyang-group.com\/zh\/product\/2-1a-usb-socket\/","title":{"rendered":"2.1A USB\u63d2\u5ea7"},"content":{"rendered":"<p><strong>\u6982\u8ff0<\/strong><\/p>\n<p><strong>\u5feb\u901f\u8a73\u7d30\u4fe1\u606f<\/strong><br \/>\n\u539f\u7522\u5730\uff1a\u4e2d\u570b\u912d\u5b89\u683c<br \/>\n\u54c1\u724c\u540d\u7a31\uff1aSoyang<br \/>\n\u578b\u865f\uff1aUSB-D2<br \/>\nDC\uff1a5V AC<br \/>\nMax:2.1A<br \/>\n\u984f\u8272\uff1a\u767d\u8272<br \/>\n\u61c9\u7528\u7a0b\u5e8f\uff1a\u8a08\u6642\u5668\u958b\u95dc<\/p>\n<p><strong>\u4f9b\u61c9\u80fd\u529b<\/strong><br \/>\n\u4f9b\u61c9\u80fd\u529b\uff1a\u6bcf\u6708100000\u4ef6\/\u4ef6<\/p>\n<p><strong>\u5305\u88dd\u548c\u4ea4\u4ed8<\/strong><br \/>\n\u5305\u88dd\u8a73\u7d30\u4fe1\u606f\uff1a\u96d9\u6c34\u6ce1\uff0c10\uff05\/\u5167\u76d2\uff0c60pcs\/ carton<br \/>\n\u6e2f\u53e3\uff1a\u5be7\u6ce2\/\u4e0a\u6d77<br \/>\n\u4ea4\u8ca8\u6642\u9593 :<br \/>\n\u6578\u91cf\uff08\u96f6\u4ef6\uff091  -  10000&gt; 10000<br \/>\nEst\u3002\u6642\u9593\uff08\u5e7e\u5929\uff0960\u9032\u884c\u8ac7\u5224<\/p>\n<p>&nbsp;<\/p>\n<p><strong>\u8a73\u7d30\u7522\u54c1\u63cf\u8ff0<\/strong><\/p>\n<p><strong>2.1A USB\u63d2\u5ea7<\/strong><br \/>\n\u578b\u865f\uff1aUSB-D2<br \/>\n\u5fb7\u570b\u7248\u672c<br \/>\n\u54c1\u724c\u540d\u7a31\uff1aShuangyang<br \/>\n\u7528\u6cd5\uff1a\u5145\u96fb\u5668\u63d2\u5ea7<br \/>\n\u7406\u8ad6\uff1a\u6a5f\u68b0<br \/>\n\u63cf\u8ff0\u548c\u529f\u80fd<br \/>\n1.max\uff1a2.1a<br \/>\n2.DC\uff1a5V<br \/>\n3.\u55ae\u4f4d\u5c3a\u5bf8:<\/p>\n<p><a class=\"fancybox\" href=\"https:\/\/www.soyanggroup.com\/uploads\/125.jpg\" target=\"_blank\" rel=\"noopener\"><img decoding=\"async\" class=\"alignnone size-full wp-image-4344\" src=\"https:\/\/www.soyanggroup.com\/uploads\/125.jpg\" alt=\"1\" \/><\/a><\/p>\n<p>4\u3002\u4f9b\u61c9\u80fd\u529b\uff1a\u6bcf\u6708\u8a08\u6642\u56681000000\u4ef6\/\u96f6\u4ef6<br \/>\n5\u3002\u53e6\u4e00\u7a2e\u8a2d\u8a08\u7684\u53ef\u7528\u5bb9\u91cf\uff1aGemany\u7248\u672c\uff0c\u4e39\u9ea5\u7248\u672c\uff0c\u6cd5\u570b\u7248\u672c<\/p>\n<p>&nbsp;<\/p>\n<p><strong>\u898f\u683c<\/strong><br \/>\n\u8edf\u4ef6\u5305\uff1a\u96d9\u6c34\u6ce1<br \/>\n\u6578\u91cf\/\u76d2\u5b50\uff1a10pcs<br \/>\n\u6578\u91cf\/CTN\uff1a60pcs<br \/>\nGW\uff1a5.8\u516c\u65a4<br \/>\nNW\uff1a4.8\u516c\u65a4<br \/>\n\u7d19\u7bb1\u5927\u5c0f\uff1a38*73*23cm<br \/>\n\u6578\u91cf\/20'\uff1a23,040pcs<br \/>\n\u8a8d\u8b49\uff1aGS\uff0cCE\uff0cROHS\uff0cREACH\uff0cPAHS<\/p>\n<p>&nbsp;<\/p>\n<p><strong>\u92b7\u552e\u9ede<\/strong><br \/>\n1.\u9ad8\u54c1\u8cea<br \/>\n2.\u512a\u60e0\u7684\u50f9\u683c<br \/>\n3.\u7a2e\u985e\u7e41\u591a\u7684\u7522\u54c1<br \/>\n4.\u5438\u5f15\u8a2d\u8a08<br \/>\n5.\u74b0\u5883\u53cb\u597d\u7684\u6280\u8853<br \/>\n6.EEM\u548cODM\u670d\u52d9<\/p>\n<p>&nbsp;<\/p>\n<p><strong>\u5305\u88dd\u548c\u4ed8\u6b3e\u548c\u6258\u904b<\/strong><br \/>\n\u5305\u88dd\u8a73\u7d30\u4fe1\u606f\uff1a\u767d\u76d2<br \/>\n\u4ed8\u6b3e\u65b9\u5f0f\uff1a\u9810\u5148TT\uff0cT\/T\uff0cL\/C<br \/>\n\u4ea4\u8ca8\uff1a\u6536\u5230\u6c89\u7a4d\u7269\u5f8c30-45\u5929<br \/>\n\u6e2f\u53e3\uff1a\u5be7\u6ce2\u6216\u4e0a\u6d77<\/p>\n<p>&nbsp;<\/p>\n<p><strong>\u6211\u5011\u7684\u670d\u52d9<\/strong><br \/>\n1\u3002\u6536\u5230\u60a8\u7684\u6d88\u606f\u5f8c\uff0c\u6211\u5011\u5c07\u572824\u5c0f\u6642\u5167\u56de\u590d\u60a8<br \/>\n2\u3002\u6211\u5011\u6709\u5c08\u696d\u92b7\u552e\u5718\u968a\u70ba\u60a8\u63d0\u4f9b\u670d\u52d9<br \/>\n3\u3002\u63d0\u4f9b2\u5e74\u4f5c\u70ba\u4fdd\u4fee\u6642\u9593\u548c\u552e\u5f8c\u670d\u52d9<\/p>\n<p>&nbsp;<\/p>\n<p><strong>\u516c\u53f8\u4fe1\u606f<\/strong><\/p>\n<p>Zhejiang Shuangyang Group Co.ltd\u3002\u6210\u7acb\u65bc1986\u5e74\uff0c\u662f\u4e00\u5bb6\u79c1\u4eba\u4f01\u696d\uff0c\u662f1998\u5e74\u7684\u5be7\u6ce2\u5e02\u661f\u969b\u4f01\u696d\u4e4b\u4e00\uff0c\u4e26\u7531ISO9001\/14000\/18000\u6279\u51c6\u3002\u6211\u5011\u4f4d\u65bc\u5be7\u6ce2\u5e02Cixi\uff0c\u8ddd\u5be7\u6ce2\u6e2f\u548c\u6a5f\u5834\u50c5\u4e00\u5c0f\u6642\uff0c\u9084\u6709\u5169\u500b\u5c0f\u6642\u7684\u4e0a\u6d77\u3002<\/p>\n<p><a class=\"fancybox\" href=\"https:\/\/www.soyanggroup.com\/uploads\/11.jpg\" target=\"_blank\" rel=\"noopener\"><img decoding=\"async\" class=\"alignnone size-full wp-image-4014\" src=\"https:\/\/www.soyanggroup.com\/uploads\/11.jpg\" alt=\"\u00c4\u00da\u00d2\u00b3\u00d0\u00a7\u00b9\u00fb-1\" \/><\/a><br \/>\n\u5230\u73fe\u5728\u70ba\u6b62\uff0c\u8a3b\u518a\u8cc7\u672c\u8d85\u904e1600\u842c\u7f8e\u5143\u3002\u6211\u5011\u7684\u5730\u677f\u5340\u57df\u7d04\u70ba120.000\u5e73\u65b9\u7c73\uff0c\u5efa\u7bc9\u9762\u7a4d\u7d04\u70ba85,000\u5e73\u65b9\u7c73\u3002\u57282018\u5e74\uff0c\u6211\u5011\u7684\u7e3d\u8f49\u7b97\u70ba8000\u842c\u7f8e\u5143\u3002\u6211\u5011\u6709\u5341\u500b\u7814\u767c\u4eba\u54e1\u548c100\u591a\u500bQC\uff0c\u53ef\u4ee5\u4fdd\u8b49\u6bcf\u5e74\u7684\u8cea\u91cf\uff0c\u6211\u5011\u8a2d\u8a08\u4e26\u958b\u767c\u4e8610\u591a\u7a2e\u65b0\u7522\u54c1\uff0c\u4f5c\u70ba\u9996\u5e2d\u88fd\u9020\u5546\u3002<\/p>\n<p>\u6211\u5011\u7684\u4e3b\u8981\u7522\u54c1\u662f\u8a08\u6642\u5668\uff0c\u63d2\u5ea7\uff0c\u67d4\u6027\u96fb\u7e9c\uff0c\u96fb\u6e90\u7dda\uff0c\u63d2\u982d\uff0c\u5ef6\u9577\u63d2\u5ea7\uff0c\u96fb\u7e9c\u6372\u8ef8\u548c\u7167\u660e\u3002\u6211\u5011\u53ef\u4ee5\u63d0\u4f9b\u591a\u7a2e\u8a08\u6642\u5668\uff0c\u4f8b\u5982\u6bcf\u65e5\u8a08\u6642\u5668\uff0c\u6a5f\u68b0\u548c\u6578\u5b57\u8a08\u6642\u5668\uff0c\u8a08\u7b97\u5404\u7a2e\u63d2\u5ea7\u7684\u884c\u696d\u8a08\u6642\u5668\uff0c\u884c\u696d\u8a08\u6642\u5668\u3002\u6211\u5011\u7684\u76ee\u6a19\u5e02\u5834\u662f\u6b50\u6d32\u5e02\u5834\u548c\u7f8e\u570b\u5e02\u5834\u3002\u6211\u5011\u7684\u7522\u54c1\u7531CE\uff0cGS\uff0cD\uff0cN\uff0cS\uff0cNF\uff0cETL\uff0cVDE\uff0cROHS\uff0cREACH\uff0cPAHS\u7b49\u6279\u51c6\u3002<\/p>\n<p>\u6211\u5011\u5728\u5ba2\u6236\u4e2d\u4eab\u6709\u826f\u597d\u7684\u8072\u8b7d\u3002\u6211\u5011\u59cb\u7d42\u5c08\u6ce8\u65bc\u4fdd\u8b77\u74b0\u5883\u548c\u4eba\u985e\u5b89\u5168\u3002\u63d0\u9ad8\u751f\u6d3b\u8cea\u91cf\u662f\u6211\u5011\u7684\u6700\u7d42\u76ee\u7684\u3002<\/p>\n<p>\u96fb\u6e90\u7dda\uff0c\u64f4\u5c55\u7dda\u548c\u96fb\u7e9c\u6372\u8ef8\u662f\u6211\u5011\u7684\u4e3b\u8981\u696d\u52d9\uff0c\u6211\u5011\u662f\u6b50\u6d32\u5e02\u5834\u4fc3\u92b7\u8a02\u55ae\u7684\u4e3b\u8981\u88fd\u9020\u5546\u3002\u6211\u5011\u662f\u8207\u5fb7\u570bVDE Global Service\u5408\u4f5c\u7684\u6700\u9ad8\u88fd\u9020\u5546\uff0c\u4ee5\u4fdd\u8b77\u5546\u6a19\u3002<\/p>\n<p>\u71b1\u70c8\u6b61\u8fce\u8207\u6240\u6709\u5ba2\u6236\u5408\u4f5c\uff0c\u4ee5\u7372\u5f97\u4e92\u60e0\u4e92\u5229\u548c\u5149\u660e\u7684\u672a\u4f86\u3002<\/p>\n<p>&nbsp;<\/p>\n<p><strong>\u5e38\u554f\u554f\u984c<\/strong><br \/>\nQ1\u3002\u60a8\u53ef\u4ee5\u63a5\u53d7\u6a23\u54c1\u8a02\u55ae\u55ce\uff1f<\/p>\n<p>\u7b54\uff1a\u662f\u7684\uff0c\u7576\u7136\uff0c\u6211\u5011\u63a5\u53d7\u6a23\u672c\u9806\u5e8f\u3002<\/p>\n<p>&nbsp;<\/p>\n<p>Q2\u3002\u5982\u4f55\u6536\u7e2e\u6211\u5011\uff1f<\/p>\n<p>\u7b54\uff1a\u60a8\u53ef\u4ee5\u5c07\u90f5\u4ef6\u767c\u9001\u7d66\u6211\u5011\u6216\u81f4\u96fb\u3002<\/p>","protected":false},"excerpt":{"rendered":"<p>\u4e3b\u9801USB\u5145\u96fb\u5668\u8ff7\u4f60\u63d2\u5ea7\u63d2\u982d<br \/>\niOS\u548cAndroid\u8a2d\u5099\u517c\u5bb9\uff0c<br \/>\n\u652f\u6301\u5169\u500b\u8a2d\u5099\u5145\u96fb\u5171\u540c\u89e3\u6c7a\u56f0\u96e3\u5145\u96fb\u7684\u554f\u984c<\/p>","protected":false},"featured_media":270,"template":"","meta":[],"product_cat":[24],"product_tag":[],"class_list":{"0":"post-266","1":"product","2":"type-product","3":"status-publish","4":"has-post-thumbnail","6":"product_cat-socketplug","8":"first","9":"instock","10":"shipping-taxable","11":"product-type-simple"},"_links":{"self":[{"href":"https:\/\/www.soyang-group.com\/zh\/wp-json\/wp\/v2\/product\/266","targetHints":{"allow":["GET"]}}],"collection":[{"href":"https:\/\/www.soyang-group.com\/zh\/wp-json\/wp\/v2\/product"}],"about":[{"href":"https:\/\/www.soyang-group.com\/zh\/wp-json\/wp\/v2\/types\/product"}],"version-history":[{"count":0,"href":"https:\/\/www.soyang-group.com\/zh\/wp-json\/wp\/v2\/product\/266\/revisions"}],"wp:featuredmedia":[{"embeddable":true,"href":"https:\/\/www.soyang-group.com\/zh\/wp-json\/wp\/v2\/media\/270"}],"wp:attachment":[{"href":"https:\/\/www.soyang-group.com\/zh\/wp-json\/wp\/v2\/media?parent=266"}],"wp:term":[{"taxonomy":"product_cat","embeddable":true,"href":"https:\/\/www.soyang-group.com\/zh\/wp-json\/wp\/v2\/product_cat?post=266"},{"taxonomy":"product_tag","embeddable":true,"href":"https:\/\/www.soyang-group.com\/zh\/wp-json\/wp\/v2\/product_tag?post=266"}],"curies":[{"name":"wp","href":"https:\/\/api.w.org\/{rel}","templated":true}]}}